{"id":1338,"date":"2016-01-02T11:35:02","date_gmt":"2016-01-02T11:35:02","guid":{"rendered":"http:\/\/magdaumer.pl\/home\/?page_id=1338"},"modified":"2016-02-29T21:51:52","modified_gmt":"2016-02-29T21:51:52","slug":"milosc-w-wieku-delete","status":"publish","type":"page","link":"https:\/\/magdaumer.pl\/home\/spiewnik\/milosc-w-wieku-delete\/","title":{"rendered":"Mi\u0142o\u015b\u0107 w wieku delete"},"content":{"rendered":"<p><span style=\"font-family: verdana, geneva, sans-serif;\"><b><span style=\"color: #000080; font-size: 14pt;\">Mi\u0142o\u015b\u0107 w wieku delete<\/span><br \/> <span style=\"color: #6699ff; font-size: small;\">(s\u0142. A. Poniedzielski, muz. filmowa &#8222;Emmanuele&#8221;)<\/span><span style=\"color: #3399ff; font-size: small;\"><br \/> <\/span><br \/> <\/b><span style=\"color: #333333;\"><br \/> Czemu ty nie piszesz, to\u017c nie zmieni\u0142 mi si\u0119 mail<br \/> Napisz mi \u017ce s\u0142owa trzy<br \/> Ka\u017cdy m\u00f3j opuszek czeka dzi\u015b na tw\u00f3j e-mail<br \/> I nad klawiatur\u0105 dr\u017cy<\/span><\/span><\/p>\n<p><span style=\"font-family: verdana, geneva, sans-serif; color: #333333;\">Nie mam na \u017cal, nie mam na \u017cel<\/span><br \/><span style=\"font-family: verdana, geneva, sans-serif; color: #333333;\"> Ca\u0142y real po\u017car\u0142 e-mail<\/span><br \/><span style=\"font-family: verdana, geneva, sans-serif; color: #333333;\"> Czuj\u0119 delete dla moich marze\u0144<\/span><br \/><span style=\"font-family: verdana, geneva, sans-serif; color: #333333;\"> \u017be zetkn\u0105 si\u0119 nasze wiza\u017ce<\/span><\/p>\n<p><span style=\"font-family: verdana, geneva, sans-serif; color: #333333;\">Czemu ty nie piszesz, to\u017c nie zmieni\u0142 mi si\u0119 mail<\/span><br \/><span style=\"font-family: verdana, geneva, sans-serif; color: #333333;\"> Napisz mi \u017ce s\u0142owa trzy<\/span><br \/><span style=\"font-family: verdana, geneva, sans-serif; color: #333333;\"> Ca\u0142y tw\u00f3j opuszek czeka wci\u0105\u017c na m\u00f3j e-mail<\/span><br \/><span style=\"font-family: verdana, geneva, sans-serif; color: #333333;\"> A ma klawiatura dr\u017cy<\/span><\/p>\n<p><span style=\"font-family: verdana, geneva, sans-serif; color: #333333;\">Umila mur ogrodu wzrusze\u0144<\/span><br \/><span style=\"font-family: verdana, geneva, sans-serif; color: #333333;\"> A\u017cur reklam kompotu z gruszek<\/span><\/p>\n<p><span style=\"font-family: verdana, geneva, sans-serif; color: #333333;\">Nie mam na \u017cal, nie mam na \u017cel<\/span><br \/><span style=\"font-family: verdana, geneva, sans-serif; color: #333333;\"> Nasz baleja\u017c: TY, JA i MAIL<\/span><\/p>\n<p><span style=\"font-family: verdana, geneva, sans-serif; color: #333333;\">Kocha\u0107 ci\u0119 nie musz\u0119 a do wzrusze\u0144 mam e-mail<\/span><br \/><span style=\"font-family: verdana, geneva, sans-serif; color: #333333;\"> Nie mu\u015b, ale troch\u0119 chciej<\/span><br \/><span style=\"font-family: verdana, geneva, sans-serif; color: #333333;\"> Kocha\u0107 ci\u0119 nie musz\u0119, myszk\u0105 rusz\u0119, mam e-mail<\/span><br \/><span style=\"font-family: verdana, geneva, sans-serif; color: #333333;\"> Czym chcesz ruszaj, ale chciej<\/span><br \/><span style=\"font-family: verdana, geneva, sans-serif; color: #333333;\"> O.K.<\/span><\/p>\n<p>&nbsp;<\/p>\n<audio class=\"wp-audio-shortcode\" id=\"audio-1338-1\" preload=\"none\" style=\"width: 100%;\" controls=\"controls\"><source type=\"audio\/mpeg\" src=\"http:\/\/magdaumer.pl\/home\/wp-content\/uploads\/2014\/12\/miloscwwiekudelete.mp3?_=1\" \/><a href=\"http:\/\/magdaumer.pl\/home\/wp-content\/uploads\/2014\/12\/miloscwwiekudelete.mp3\">http:\/\/magdaumer.pl\/home\/wp-content\/uploads\/2014\/12\/miloscwwiekudelete.mp3<\/a><\/audio>\n","protected":false},"excerpt":{"rendered":"<p>Mi\u0142o\u015b\u0107 w wieku delete (s\u0142. A. Poniedzielski, muz. filmowa &#8222;Emmanuele&#8221;) Czemu ty nie piszesz, to\u017c nie zmieni\u0142 mi si\u0119 mail Napisz mi \u017ce s\u0142owa trzy Ka\u017cdy m\u00f3j opuszek czeka dzi\u015b na tw\u00f3j e-mail I nad klawiatur\u0105 dr\u017cy Nie mam na \u017cal, nie mam na \u017cel Ca\u0142y real po\u017car\u0142 e-mail Czuj\u0119 delete dla moich marze\u0144 \u017be &hellip; <a href=\"https:\/\/magdaumer.pl\/home\/spiewnik\/milosc-w-wieku-delete\/\" class=\"more-link\">Czytaj dalej <span class=\"screen-reader-text\">Mi\u0142o\u015b\u0107 w wieku delete<\/span> <span class=\"meta-nav\">&rarr;<\/span><\/a><\/p>\n","protected":false},"author":1,"featured_media":0,"parent":29,"menu_order":64,"comment_status":"closed","ping_status":"closed","template":"","meta":{"footnotes":""},"class_list":["post-1338","page","type-page","status-publish","hentry"],"_links":{"self":[{"href":"https:\/\/magdaumer.pl\/home\/wp-json\/wp\/v2\/pages\/1338","targetHints":{"allow":["GET"]}}],"collection":[{"href":"https:\/\/magdaumer.pl\/home\/wp-json\/wp\/v2\/pages"}],"about":[{"href":"https:\/\/magdaumer.pl\/home\/wp-json\/wp\/v2\/types\/page"}],"author":[{"embeddable":true,"href":"https:\/\/magdaumer.pl\/home\/wp-json\/wp\/v2\/users\/1"}],"replies":[{"embeddable":true,"href":"https:\/\/magdaumer.pl\/home\/wp-json\/wp\/v2\/comments?post=1338"}],"version-history":[{"count":3,"href":"https:\/\/magdaumer.pl\/home\/wp-json\/wp\/v2\/pages\/1338\/revisions"}],"predecessor-version":[{"id":2060,"href":"https:\/\/magdaumer.pl\/home\/wp-json\/wp\/v2\/pages\/1338\/revisions\/2060"}],"up":[{"embeddable":true,"href":"https:\/\/magdaumer.pl\/home\/wp-json\/wp\/v2\/pages\/29"}],"wp:attachment":[{"href":"https:\/\/magdaumer.pl\/home\/wp-json\/wp\/v2\/media?parent=1338"}],"curies":[{"name":"wp","href":"https:\/\/api.w.org\/{rel}","templated":true}]}}