{"id":1334,"date":"2016-01-02T11:34:00","date_gmt":"2016-01-02T11:34:00","guid":{"rendered":"http:\/\/magdaumer.pl\/home\/?page_id=1334"},"modified":"2016-02-29T21:45:26","modified_gmt":"2016-02-29T21:45:26","slug":"milosc-do-panny-przedwojennej","status":"publish","type":"page","link":"https:\/\/magdaumer.pl\/home\/spiewnik\/milosc-do-panny-przedwojennej\/","title":{"rendered":"Mi\u0142o\u015b\u0107 do panny przedwojennej"},"content":{"rendered":"<p><span style=\"font-family: verdana, geneva, sans-serif;\"><b><span style=\"color: #000080; font-size: 14pt;\">Mi\u0142o\u015b\u0107 do panny przedwojennej<\/span><br \/> <span style=\"color: #6699ff; font-size: small;\">(s\u0142. J. Przybora, muz. A. S\u0142awi\u0144ski)<\/span><span style=\"color: #3399ff; font-size: small;\"><br \/> <\/span><br \/> <span style=\"color: #666666;\"><br \/> <\/span><\/b><span style=\"color: #333333;\">Oboje byli przedwojenni<br \/> on zakochany, ona nie tak<br \/> Nie chcia\u0142a mu si\u0119 odwzajemni\u0107<br \/> Zacz\u0105\u0142 wi\u0119c on jej grozi\u0107 biedak<br \/> \u017be si\u0119 zastrzeli bo ma do\u015b\u0107<br \/> A ona na to mu na z\u0142o\u015b\u0107:<br \/> Zabierz ten wzrok z mych ust i piersi<br \/> Zr\u00f3b raczej to, czym grozisz &#8211; wszystko:<br \/> Zastrzel si\u0119, otruj, z czego\u015b wyskocz&#8230;<br \/> A ja pokocham ci\u0119 po \u015bmierci<br \/> Przynios\u0119 kwiaty ci na gr\u00f3b<br \/> I p\u0142acz\u0105c z\u0142o\u017c\u0119 u twych st\u00f3p<br \/> Kocha\u0142a b\u0119d\u0119 ci\u0119 po \u015bmierci<br \/> Po \u015bmierci b\u0119d\u0119 kocha\u0107 ci\u0119<\/span><\/span><\/p>\n<p><span style=\"font-family: verdana, geneva, sans-serif; color: #333333;\">O romans z pann\u0105 przedwojenn\u0105<\/span><br \/><span style=\"font-family: verdana, geneva, sans-serif; color: #333333;\"> Nie by\u0142o \u0142atwo, jak z dzisiejsz\u0105<\/span><br \/><span style=\"font-family: verdana, geneva, sans-serif; color: #333333;\"> Lecz ten, kto zdoby\u0142 raz wzajemno\u015b\u0107<\/span><br \/><span style=\"font-family: verdana, geneva, sans-serif; color: #333333;\"> Zdobywa\u0142 wierno\u015b\u0107 te\u017c nie mniejsz\u0105<\/span><br \/><span style=\"font-family: verdana, geneva, sans-serif; color: #333333;\"> Niepewna acz czy on jej wart<\/span><br \/><span style=\"font-family: verdana, geneva, sans-serif; color: #333333;\"> Wci\u0105\u017c powtarza\u0142a mu ten \u017cart:<\/span><\/p>\n<p><span style=\"font-family: verdana, geneva, sans-serif; color: #333333;\">Zabierz ten wzrok z mych ust i piersi<\/span><br \/><span style=\"font-family: verdana, geneva, sans-serif; color: #333333;\"> Zr\u00f3b raczej to czym grozisz &#8211; wszystko:<\/span><br \/><span style=\"font-family: verdana, geneva, sans-serif; color: #333333;\"> Zastrzel si\u0119, otruj, z czego\u015b wyskocz<\/span><br \/><span style=\"font-family: verdana, geneva, sans-serif; color: #333333;\"> A ja pokocham ci\u0119 po \u015bmierci<\/span><br \/><span style=\"font-family: verdana, geneva, sans-serif; color: #333333;\"> Przynios\u0119 kwiaty ci na gr\u00f3b<\/span><br \/><span style=\"font-family: verdana, geneva, sans-serif; color: #333333;\"> I p\u0142acz\u0105c z\u0142o\u017c\u0119 u twych st\u00f3p<\/span><br \/><span style=\"font-family: verdana, geneva, sans-serif; color: #333333;\"> Kocha\u0142a b\u0119d\u0119 ci\u0119 po \u015bmierci<\/span><br \/><span style=\"font-family: verdana, geneva, sans-serif; color: #333333;\"> Po \u015bmierci b\u0119d\u0119 kocha\u0107 ci\u0119<\/span><\/p>\n<p><span style=\"font-family: verdana, geneva, sans-serif; color: #333333;\">A\u017c czas ponury nadszed\u0142 w kt\u00f3rym<\/span><br \/><span style=\"font-family: verdana, geneva, sans-serif; color: #333333;\"> los m\u0119ski nie by\u0142 pannom obcy<\/span><br \/><span style=\"font-family: verdana, geneva, sans-serif; color: #333333;\"> Pomimo kruchej swej struktury<\/span><br \/><span style=\"font-family: verdana, geneva, sans-serif; color: #333333;\"> gin\u0119\u0142y cz\u0119sto tak jak ch\u0142opcy<\/span><br \/><span style=\"font-family: verdana, geneva, sans-serif; color: #333333;\"> i jej te\u017c wpi\u0119\u0142a m\u0119ska \u015bmier\u0107<\/span><br \/><span style=\"font-family: verdana, geneva, sans-serif; color: #333333;\"> czerwony kwiat w dziewcz\u0119c\u0105 pier\u015b<\/span><br \/><span style=\"font-family: verdana, geneva, sans-serif; color: #333333;\"> Wzrokiem ci ledwo muska\u0142 piersi<\/span><br \/><span style=\"font-family: verdana, geneva, sans-serif; color: #333333;\"> Z rozpaczy grozi\u0142 samob\u00f3jstwem<\/span><br \/><span style=\"font-family: verdana, geneva, sans-serif; color: #333333;\"> Lecz cho\u0107 nie spe\u0142ni\u0142 gro\u017aby pustej<\/span><br \/><span style=\"font-family: verdana, geneva, sans-serif; color: #333333;\"> Czy teraz kochasz go&#8230;? po \u015bmierci&#8230;?<\/span><br \/><span style=\"font-family: verdana, geneva, sans-serif; color: #333333;\"> Przynosi kwiaty ci na gr\u00f3b<\/span><br \/><span style=\"font-family: verdana, geneva, sans-serif; color: #333333;\"> I p\u0142acz\u0105c kl\u0119czy u twych st\u00f3p<\/span><br \/><span style=\"font-family: verdana, geneva, sans-serif; color: #333333;\"> Czy teraz kochasz go&#8230; po \u015bmierci?<\/span><br \/><span style=\"font-family: verdana, geneva, sans-serif; color: #333333;\"> Czy teraz wreszcie kochasz go?<\/span><\/p>\n<p>&nbsp;<\/p>\n<audio class=\"wp-audio-shortcode\" id=\"audio-1334-1\" preload=\"none\" style=\"width: 100%;\" controls=\"controls\"><source type=\"audio\/mpeg\" src=\"http:\/\/magdaumer.pl\/home\/wp-content\/uploads\/2014\/12\/miloscdopannyprzedwojennej.mp3?_=1\" \/><a href=\"http:\/\/magdaumer.pl\/home\/wp-content\/uploads\/2014\/12\/miloscdopannyprzedwojennej.mp3\">http:\/\/magdaumer.pl\/home\/wp-content\/uploads\/2014\/12\/miloscdopannyprzedwojennej.mp3<\/a><\/audio>\n","protected":false},"excerpt":{"rendered":"<p>Mi\u0142o\u015b\u0107 do panny przedwojennej (s\u0142. J. Przybora, muz. A. S\u0142awi\u0144ski) Oboje byli przedwojenni on zakochany, ona nie tak Nie chcia\u0142a mu si\u0119 odwzajemni\u0107 Zacz\u0105\u0142 wi\u0119c on jej grozi\u0107 biedak \u017be si\u0119 zastrzeli bo ma do\u015b\u0107 A ona na to mu na z\u0142o\u015b\u0107: Zabierz ten wzrok z mych ust i piersi Zr\u00f3b raczej to, czym grozisz &hellip; <a href=\"https:\/\/magdaumer.pl\/home\/spiewnik\/milosc-do-panny-przedwojennej\/\" class=\"more-link\">Czytaj dalej <span class=\"screen-reader-text\">Mi\u0142o\u015b\u0107 do panny przedwojennej<\/span> <span class=\"meta-nav\">&rarr;<\/span><\/a><\/p>\n","protected":false},"author":1,"featured_media":0,"parent":29,"menu_order":62,"comment_status":"closed","ping_status":"closed","template":"","meta":{"footnotes":""},"class_list":["post-1334","page","type-page","status-publish","hentry"],"_links":{"self":[{"href":"https:\/\/magdaumer.pl\/home\/wp-json\/wp\/v2\/pages\/1334","targetHints":{"allow":["GET"]}}],"collection":[{"href":"https:\/\/magdaumer.pl\/home\/wp-json\/wp\/v2\/pages"}],"about":[{"href":"https:\/\/magdaumer.pl\/home\/wp-json\/wp\/v2\/types\/page"}],"author":[{"embeddable":true,"href":"https:\/\/magdaumer.pl\/home\/wp-json\/wp\/v2\/users\/1"}],"replies":[{"embeddable":true,"href":"https:\/\/magdaumer.pl\/home\/wp-json\/wp\/v2\/comments?post=1334"}],"version-history":[{"count":3,"href":"https:\/\/magdaumer.pl\/home\/wp-json\/wp\/v2\/pages\/1334\/revisions"}],"predecessor-version":[{"id":2057,"href":"https:\/\/magdaumer.pl\/home\/wp-json\/wp\/v2\/pages\/1334\/revisions\/2057"}],"up":[{"embeddable":true,"href":"https:\/\/magdaumer.pl\/home\/wp-json\/wp\/v2\/pages\/29"}],"wp:attachment":[{"href":"https:\/\/magdaumer.pl\/home\/wp-json\/wp\/v2\/media?parent=1334"}],"curies":[{"name":"wp","href":"https:\/\/api.w.org\/{rel}","templated":true}]}}