{"id":1320,"date":"2016-01-02T11:28:37","date_gmt":"2016-01-02T11:28:37","guid":{"rendered":"http:\/\/magdaumer.pl\/home\/?page_id=1320"},"modified":"2016-02-28T22:29:23","modified_gmt":"2016-02-28T22:29:23","slug":"list-nieortograficzny","status":"publish","type":"page","link":"https:\/\/magdaumer.pl\/home\/spiewnik\/list-nieortograficzny\/","title":{"rendered":"List nieortograficzny"},"content":{"rendered":"<p><span style=\"font-family: verdana, geneva, sans-serif;\"><b><span style=\"color: #000080; font-size: 14pt;\">List nieortograficzny<\/span><br \/> <span style=\"color: #6699ff; font-size: small;\">(s\u0142. J. Przybora, muz. J. Derfel)<\/span><span style=\"color: #3399ff; font-size: small;\"><br \/> <\/span><br \/> <span style=\"color: #666666;\"><br \/> <\/span><\/b><span style=\"color: #333333;\">Zbudzi\u0142em si\u0119 pod niebem jasnym<br \/> jak namiot z b\u0142\u0119kitnego p\u0142\u00f3tna &#8211;<br \/> pogodny maj by\u0142, dzie\u0144 dwunasty<br \/> i jedna rzecz w tym dniu przesmutna:<\/span><\/span><\/p>\n<p><span style=\"font-family: verdana, geneva, sans-serif; color: #333333;\">Jej list, list nieortograficzny,<\/span><br \/><span style=\"font-family: verdana, geneva, sans-serif; color: #333333;\"> co &#8211; niby ob\u0142ok pe\u0142en b\u0142\u0119d\u00f3w &#8211;<\/span><br \/><span style=\"font-family: verdana, geneva, sans-serif; color: #333333;\"> zawisn\u0105\u0142 na mym niebie \u015blicznym<\/span><br \/><span style=\"font-family: verdana, geneva, sans-serif; color: #333333;\"> rozpaczy chmur\u0105 dla mnie b\u0119d\u0105c.<\/span><br \/><span style=\"font-family: verdana, geneva, sans-serif; color: #333333;\"> Przez samo &#8222;h&#8221; w nim &#8222;odhodzi\u0142a&#8221;<\/span><br \/><span style=\"font-family: verdana, geneva, sans-serif; color: #333333;\"> &#8222;rzyczy\u0142a&#8221; zdrowia przez &#8222;rz&#8221; mi,<\/span><br \/><span style=\"font-family: verdana, geneva, sans-serif; color: #333333;\"> gosposi\u0105 tylko dla mnie by\u0142a,<\/span><br \/><span style=\"font-family: verdana, geneva, sans-serif; color: #333333;\"> a bez niej wiosna zbrzyd\u0142a wnet mi.<\/span><br \/><span style=\"font-family: verdana, geneva, sans-serif; color: #333333;\"> A bez niej wiosna zbrzyd\u0142a wnet mi.<\/span><\/p>\n<p><span style=\"font-family: verdana, geneva, sans-serif; color: #333333;\">Jej adres da\u0142a mi kuzynka<\/span><br \/><span style=\"font-family: verdana, geneva, sans-serif; color: #333333;\"> nazajutrz po zerwaniu z Zosi\u0105.<\/span><br \/><span style=\"font-family: verdana, geneva, sans-serif; color: #333333;\"> Wi\u0119c napisa\u0142em do Zegrzynka<\/span><br \/><span style=\"font-family: verdana, geneva, sans-serif; color: #333333;\"> i wkr\u00f3tce nadszed\u0142 wraz z rado\u015bci\u0105:<\/span><\/p>\n<p><span style=\"font-family: verdana, geneva, sans-serif; color: #333333;\">Jej list, list nieortograficzny,<\/span><br \/><span style=\"font-family: verdana, geneva, sans-serif; color: #333333;\"> co niby ob\u0142ok pe\u0142en b\u0142\u0119d\u00f3w<\/span><br \/><span style=\"font-family: verdana, geneva, sans-serif; color: #333333;\"> na moim niebie nostalgicznym<\/span><br \/><span style=\"font-family: verdana, geneva, sans-serif; color: #333333;\"> otuch\u0105 zawis\u0142 i zach\u0119t\u0105.<\/span><br \/><span style=\"font-family: verdana, geneva, sans-serif; color: #333333;\"> Pisa\u0142a w nim przez &#8222;u&#8221;, \u017ce &#8222;wkrutce&#8221;<\/span><br \/><span style=\"font-family: verdana, geneva, sans-serif; color: #333333;\"> przez &#8222;\u017c&#8221; &#8222;przepie\u017ce&#8221;, ugotuje &#8211;<\/span><br \/><span style=\"font-family: verdana, geneva, sans-serif; color: #333333;\"> pod tym warunkiem, \u017ce ja w &#8222;wutce&#8221;<\/span><br \/><span style=\"font-family: verdana, geneva, sans-serif; color: #333333;\"> (przez &#8222;u&#8221; i &#8222;t&#8221;) zbyt nie gustuj\u0119 &#8211;<\/span><br \/><span style=\"font-family: verdana, geneva, sans-serif; color: #333333;\"> \u017ce w w\u00f3dce nazbyt nie gustuj\u0119.<\/span><\/p>\n<p><span style=\"font-family: verdana, geneva, sans-serif; color: #333333;\">Sze\u015b\u0107 lat min\u0119\u0142o jak idylla &#8211;<\/span><br \/><span style=\"font-family: verdana, geneva, sans-serif; color: #333333;\"> ta w domu czysto\u015b\u0107, te obiady.<\/span><br \/><span style=\"font-family: verdana, geneva, sans-serif; color: #333333;\"> A\u017c przysz\u0142a bezlitosna chwila<\/span><br \/><span style=\"font-family: verdana, geneva, sans-serif; color: #333333;\"> i list, na kt\u00f3ry nie ma rady:<\/span><\/p>\n<p><span style=\"font-family: verdana, geneva, sans-serif; color: #333333;\">Jej list, list nieortograficzny<\/span><br \/><span style=\"font-family: verdana, geneva, sans-serif; color: #333333;\"> co &#8211; niby ob\u0142ok pe\u0142en b\u0142\u0119d\u00f3w &#8211;<\/span><br \/><span style=\"font-family: verdana, geneva, sans-serif; color: #333333;\"> zawisn\u0105\u0142 gdzie\u015b na niebie \u015blicznym<\/span><br \/><span style=\"font-family: verdana, geneva, sans-serif; color: #333333;\"> rozpaczy chmur\u0105 Panu b\u0119d\u0105c.<\/span><br \/><span style=\"font-family: verdana, geneva, sans-serif; color: #333333;\"> Przez samo &#8222;h&#8221; w nim &#8222;odhodzi\u0142a&#8221;<\/span><br \/><span style=\"font-family: verdana, geneva, sans-serif; color: #333333;\"> &#8222;rzyczy\u0142a&#8221; zdrowia przez &#8222;rz&#8221; i<\/span><br \/><span style=\"font-family: verdana, geneva, sans-serif; color: #333333;\"> chocia\u017c gosposi\u0105 tylko by\u0142a,<\/span><br \/><span style=\"font-family: verdana, geneva, sans-serif; color: #333333;\"> to wiosna zbrzyd\u0142a Panu bez niej.<\/span><br \/><span style=\"font-family: verdana, geneva, sans-serif; color: #333333;\"> Zbrzyd\u0142a, zbrzyd\u0142a wiosna bez niej.<\/span><\/p>\n<p>&nbsp;<\/p>\n<audio class=\"wp-audio-shortcode\" id=\"audio-1320-1\" preload=\"none\" style=\"width: 100%;\" controls=\"controls\"><source type=\"audio\/mpeg\" src=\"http:\/\/magdaumer.pl\/home\/wp-content\/uploads\/2014\/12\/listnieortograficzny.mp3?_=1\" \/><a href=\"http:\/\/magdaumer.pl\/home\/wp-content\/uploads\/2014\/12\/listnieortograficzny.mp3\">http:\/\/magdaumer.pl\/home\/wp-content\/uploads\/2014\/12\/listnieortograficzny.mp3<\/a><\/audio>\n","protected":false},"excerpt":{"rendered":"<p>List nieortograficzny (s\u0142. J. Przybora, muz. J. Derfel) Zbudzi\u0142em si\u0119 pod niebem jasnym jak namiot z b\u0142\u0119kitnego p\u0142\u00f3tna &#8211; pogodny maj by\u0142, dzie\u0144 dwunasty i jedna rzecz w tym dniu przesmutna: Jej list, list nieortograficzny, co &#8211; niby ob\u0142ok pe\u0142en b\u0142\u0119d\u00f3w &#8211; zawisn\u0105\u0142 na mym niebie \u015blicznym rozpaczy chmur\u0105 dla mnie b\u0119d\u0105c. Przez samo &#8222;h&#8221; &hellip; <a href=\"https:\/\/magdaumer.pl\/home\/spiewnik\/list-nieortograficzny\/\" class=\"more-link\">Czytaj dalej <span class=\"screen-reader-text\">List nieortograficzny<\/span> <span class=\"meta-nav\">&rarr;<\/span><\/a><\/p>\n","protected":false},"author":1,"featured_media":0,"parent":29,"menu_order":56,"comment_status":"closed","ping_status":"closed","template":"","meta":{"footnotes":""},"class_list":["post-1320","page","type-page","status-publish","hentry"],"_links":{"self":[{"href":"https:\/\/magdaumer.pl\/home\/wp-json\/wp\/v2\/pages\/1320","targetHints":{"allow":["GET"]}}],"collection":[{"href":"https:\/\/magdaumer.pl\/home\/wp-json\/wp\/v2\/pages"}],"about":[{"href":"https:\/\/magdaumer.pl\/home\/wp-json\/wp\/v2\/types\/page"}],"author":[{"embeddable":true,"href":"https:\/\/magdaumer.pl\/home\/wp-json\/wp\/v2\/users\/1"}],"replies":[{"embeddable":true,"href":"https:\/\/magdaumer.pl\/home\/wp-json\/wp\/v2\/comments?post=1320"}],"version-history":[{"count":4,"href":"https:\/\/magdaumer.pl\/home\/wp-json\/wp\/v2\/pages\/1320\/revisions"}],"predecessor-version":[{"id":1941,"href":"https:\/\/magdaumer.pl\/home\/wp-json\/wp\/v2\/pages\/1320\/revisions\/1941"}],"up":[{"embeddable":true,"href":"https:\/\/magdaumer.pl\/home\/wp-json\/wp\/v2\/pages\/29"}],"wp:attachment":[{"href":"https:\/\/magdaumer.pl\/home\/wp-json\/wp\/v2\/media?parent=1320"}],"curies":[{"name":"wp","href":"https:\/\/api.w.org\/{rel}","templated":true}]}}