{"id":1311,"date":"2016-01-02T11:24:51","date_gmt":"2016-01-02T11:24:51","guid":{"rendered":"http:\/\/magdaumer.pl\/home\/?page_id=1311"},"modified":"2016-02-28T22:22:45","modified_gmt":"2016-02-28T22:22:45","slug":"kolysanka-dla-okruszka","status":"publish","type":"page","link":"https:\/\/magdaumer.pl\/home\/spiewnik\/kolysanka-dla-okruszka\/","title":{"rendered":"Ko\u0142ysanka dla okruszka"},"content":{"rendered":"<p><span style=\"font-family: verdana, geneva, sans-serif;\"><b><span style=\"color: #000080; font-size: 14pt;\">Ko\u0142ysanka dla okruszka<\/span><br \/> <span style=\"color: #6699ff; font-size: small;\">(s\u0142. A. Osiecka, muz. S. Krajewski)<\/span><span style=\"color: #3399ff; font-size: small;\"><br \/> <\/span><br \/> <span style=\"color: #666666;\"><br \/> <\/span><\/b><span style=\"color: #333333;\">Kr\u00f3lu m\u00f3j, ty \u015bpij, ty \u015bpij, a ja<br \/> kr\u00f3lu m\u00f3j, nie b\u0119d\u0119 dzisiaj spa\u0142<br \/> Kiedy\u015b tam b\u0119dziesz mia\u0142 doros\u0142\u0105 dusz\u0119<br \/> kiedy\u015b tam, kiedy\u015b tam<br \/> ale dzi\u015b jeste\u015b ma\u0142y jak okruszek<br \/> kt\u00f3ry los rzuci\u0142 nam<\/span><\/span><\/p>\n<p><span style=\"font-family: verdana, geneva, sans-serif; color: #333333;\">Kr\u00f3lu m\u00f3j, ty \u015bpij, ty \u015bpij, a ja<\/span><br \/><span style=\"font-family: verdana, geneva, sans-serif; color: #333333;\"> kr\u00f3lu m\u00f3j, nie b\u0119d\u0119 dzisiaj spa\u0142<\/span><br \/><span style=\"font-family: verdana, geneva, sans-serif; color: #333333;\"> Kiedy\u015b tam b\u0119dziesz spodnie mia\u0142 na szelkach<\/span><br \/><span style=\"font-family: verdana, geneva, sans-serif; color: #333333;\"> kiedy\u015b tam, kiedy\u015b tam<\/span><br \/><span style=\"font-family: verdana, geneva, sans-serif; color: #333333;\"> ale dzi\u015b jeste\u015b ma\u0142y jak muszelka<\/span><br \/><span style=\"font-family: verdana, geneva, sans-serif; color: #333333;\"> kt\u00f3r\u0105 los rzuci\u0142 nam<\/span><\/p>\n<p>&nbsp;<\/p>\n<audio class=\"wp-audio-shortcode\" id=\"audio-1311-1\" preload=\"none\" style=\"width: 100%;\" controls=\"controls\"><source type=\"audio\/mpeg\" src=\"http:\/\/magdaumer.pl\/home\/wp-content\/uploads\/2014\/12\/kolysankadlaokruszka.mp3?_=1\" \/><a href=\"http:\/\/magdaumer.pl\/home\/wp-content\/uploads\/2014\/12\/kolysankadlaokruszka.mp3\">http:\/\/magdaumer.pl\/home\/wp-content\/uploads\/2014\/12\/kolysankadlaokruszka.mp3<\/a><\/audio>\n","protected":false},"excerpt":{"rendered":"<p>Ko\u0142ysanka dla okruszka (s\u0142. A. Osiecka, muz. S. Krajewski) Kr\u00f3lu m\u00f3j, ty \u015bpij, ty \u015bpij, a ja kr\u00f3lu m\u00f3j, nie b\u0119d\u0119 dzisiaj spa\u0142 Kiedy\u015b tam b\u0119dziesz mia\u0142 doros\u0142\u0105 dusz\u0119 kiedy\u015b tam, kiedy\u015b tam ale dzi\u015b jeste\u015b ma\u0142y jak okruszek kt\u00f3ry los rzuci\u0142 nam Kr\u00f3lu m\u00f3j, ty \u015bpij, ty \u015bpij, a ja kr\u00f3lu m\u00f3j, nie b\u0119d\u0119 &hellip; <a href=\"https:\/\/magdaumer.pl\/home\/spiewnik\/kolysanka-dla-okruszka\/\" class=\"more-link\">Czytaj dalej <span class=\"screen-reader-text\">Ko\u0142ysanka dla okruszka<\/span> <span class=\"meta-nav\">&rarr;<\/span><\/a><\/p>\n","protected":false},"author":1,"featured_media":0,"parent":29,"menu_order":51,"comment_status":"closed","ping_status":"closed","template":"","meta":{"footnotes":""},"class_list":["post-1311","page","type-page","status-publish","hentry"],"_links":{"self":[{"href":"https:\/\/magdaumer.pl\/home\/wp-json\/wp\/v2\/pages\/1311","targetHints":{"allow":["GET"]}}],"collection":[{"href":"https:\/\/magdaumer.pl\/home\/wp-json\/wp\/v2\/pages"}],"about":[{"href":"https:\/\/magdaumer.pl\/home\/wp-json\/wp\/v2\/types\/page"}],"author":[{"embeddable":true,"href":"https:\/\/magdaumer.pl\/home\/wp-json\/wp\/v2\/users\/1"}],"replies":[{"embeddable":true,"href":"https:\/\/magdaumer.pl\/home\/wp-json\/wp\/v2\/comments?post=1311"}],"version-history":[{"count":2,"href":"https:\/\/magdaumer.pl\/home\/wp-json\/wp\/v2\/pages\/1311\/revisions"}],"predecessor-version":[{"id":1933,"href":"https:\/\/magdaumer.pl\/home\/wp-json\/wp\/v2\/pages\/1311\/revisions\/1933"}],"up":[{"embeddable":true,"href":"https:\/\/magdaumer.pl\/home\/wp-json\/wp\/v2\/pages\/29"}],"wp:attachment":[{"href":"https:\/\/magdaumer.pl\/home\/wp-json\/wp\/v2\/media?parent=1311"}],"curies":[{"name":"wp","href":"https:\/\/api.w.org\/{rel}","templated":true}]}}