{"id":926,"date":"2015-01-05T17:48:00","date_gmt":"2015-01-05T17:48:00","guid":{"rendered":"http:\/\/magdaumer.pl\/home\/?page_id=926"},"modified":"2016-02-27T00:47:30","modified_gmt":"2016-02-27T00:47:30","slug":"juz-za-daleko","status":"publish","type":"page","link":"http:\/\/magdaumer.pl\/home\/spiewnik\/juz-za-daleko\/","title":{"rendered":"Ju\u017c za daleko"},"content":{"rendered":"<p><span style=\"font-family: verdana, geneva, sans-serif;\"><b><span style=\"color: #000080; font-size: 14pt;\">Ju\u017c za daleko<\/span><br \/> <span style=\"color: #6699ff; font-size: small;\">(s\u0142. J. Wilner, muz. J. Satanowski)<\/span><span style=\"color: #3399ff; font-size: small;\"><br \/> <\/span><br \/> <span style=\"color: #666666;\"><br \/> <\/span><\/b><span style=\"color: #333333;\">A za dzie\u0144 ju\u017c si\u0119 nie spotkamy<br \/> A za tydzie\u0144 ju\u017c nie pozdrowimy si\u0119<br \/> A za miesi\u0105c ju\u017c si\u0119 zapomnimy<br \/> A za rok ju\u017c si\u0119 nie poznamy<br \/> A dzi\u015b krzykiem noc jak czarn\u0105 rzek\u0119<br \/> Podwa\u017cy\u0142am niby trumny wieko<br \/> S\u0142uchaj, ratuj mnie!<br \/> S\u0142yszysz? Kocham ci\u0119<br \/> S\u0142uchaj!<br \/> Ju\u017c za daleko&#8230;<\/span><\/span><\/p>\n<p>&nbsp;<\/p>\n<audio class=\"wp-audio-shortcode\" id=\"audio-926-1\" preload=\"none\" style=\"width: 100%;\" controls=\"controls\"><source type=\"audio\/mpeg\" src=\"http:\/\/magdaumer.pl\/home\/wp-content\/uploads\/2014\/12\/juzzadaleko.mp3?_=1\" \/><a href=\"http:\/\/magdaumer.pl\/home\/wp-content\/uploads\/2014\/12\/juzzadaleko.mp3\">http:\/\/magdaumer.pl\/home\/wp-content\/uploads\/2014\/12\/juzzadaleko.mp3<\/a><\/audio>\n","protected":false},"excerpt":{"rendered":"<p>Ju\u017c za daleko (s\u0142. J. Wilner, muz. J. Satanowski) A za dzie\u0144 ju\u017c si\u0119 nie spotkamy A za tydzie\u0144 ju\u017c nie pozdrowimy si\u0119 A za miesi\u0105c ju\u017c si\u0119 zapomnimy A za rok ju\u017c si\u0119 nie poznamy A dzi\u015b krzykiem noc jak czarn\u0105 rzek\u0119 Podwa\u017cy\u0142am niby trumny wieko S\u0142uchaj, ratuj mnie! S\u0142yszysz? Kocham ci\u0119 S\u0142uchaj! Ju\u017c &hellip; <a href=\"http:\/\/magdaumer.pl\/home\/spiewnik\/juz-za-daleko\/\" class=\"more-link\">Czytaj dalej <span class=\"screen-reader-text\">Ju\u017c za daleko<\/span> <span class=\"meta-nav\">&rarr;<\/span><\/a><\/p>\n","protected":false},"author":1,"featured_media":0,"parent":29,"menu_order":47,"comment_status":"closed","ping_status":"closed","template":"","meta":{"footnotes":""},"class_list":["post-926","page","type-page","status-publish","hentry"],"_links":{"self":[{"href":"http:\/\/magdaumer.pl\/home\/wp-json\/wp\/v2\/pages\/926","targetHints":{"allow":["GET"]}}],"collection":[{"href":"http:\/\/magdaumer.pl\/home\/wp-json\/wp\/v2\/pages"}],"about":[{"href":"http:\/\/magdaumer.pl\/home\/wp-json\/wp\/v2\/types\/page"}],"author":[{"embeddable":true,"href":"http:\/\/magdaumer.pl\/home\/wp-json\/wp\/v2\/users\/1"}],"replies":[{"embeddable":true,"href":"http:\/\/magdaumer.pl\/home\/wp-json\/wp\/v2\/comments?post=926"}],"version-history":[{"count":4,"href":"http:\/\/magdaumer.pl\/home\/wp-json\/wp\/v2\/pages\/926\/revisions"}],"predecessor-version":[{"id":1916,"href":"http:\/\/magdaumer.pl\/home\/wp-json\/wp\/v2\/pages\/926\/revisions\/1916"}],"up":[{"embeddable":true,"href":"http:\/\/magdaumer.pl\/home\/wp-json\/wp\/v2\/pages\/29"}],"wp:attachment":[{"href":"http:\/\/magdaumer.pl\/home\/wp-json\/wp\/v2\/media?parent=926"}],"curies":[{"name":"wp","href":"https:\/\/api.w.org\/{rel}","templated":true}]}}