{"id":924,"date":"2015-01-05T17:46:33","date_gmt":"2015-01-05T17:46:33","guid":{"rendered":"http:\/\/magdaumer.pl\/home\/?page_id=924"},"modified":"2016-02-27T00:45:57","modified_gmt":"2016-02-27T00:45:57","slug":"juz-szumia-kasztany","status":"publish","type":"page","link":"http:\/\/magdaumer.pl\/home\/spiewnik\/juz-szumia-kasztany\/","title":{"rendered":"Ju\u017c szumi\u0105 kasztany"},"content":{"rendered":"<p><span style=\"font-family: verdana, geneva, sans-serif;\"><b><span style=\"color: #000080; font-size: 14pt;\">Ju\u017c szumi\u0105 kasztany<\/span><br \/> <span style=\"color: #6699ff; font-size: small;\">(s\u0142. A. Woyciechowski, muz. K. Knittel)<\/span><span style=\"color: #3399ff; font-size: small;\"><br \/> <\/span><br \/> <span style=\"color: #333333;\"><br \/> <\/span><\/b><span style=\"color: #333333;\">Ju\u017c szumi\u0105 kasztany i pachnie ju\u017c wiosn\u0105<br \/> Pami\u0119taj kochany by jak\u0105\u015b radosn\u0105<br \/> By jak\u0105\u015b radosn\u0105 na wiosn\u0119 mie\u0107 min\u0119<br \/> I wiosn\u0119 przywita\u0107 jak \u0142adn\u0105 dziewczyn\u0119<br \/> Za wszystko co by\u0142o g\u0142upie i z\u0142e<br \/> Za wszystko co by\u0142o \u2013 przepraszam ci\u0119<\/span><\/span><\/p>\n<p><span style=\"color: #333333; font-family: verdana, geneva, sans-serif;\">Nie gniewaj si\u0119 za wszystkie moje \u017cale<\/span><br \/><span style=\"color: #333333; font-family: verdana, geneva, sans-serif;\"> Zapomnij o tym, czego nie by\u0142o wcale<\/span><br \/><span style=\"color: #333333; font-family: verdana, geneva, sans-serif;\"> Zapomnij o g\u0142upich uwagach przy stole<\/span><br \/><span style=\"color: #333333; font-family: verdana, geneva, sans-serif;\"> Ju\u017c nie my\u015bl o \u017cartach zupe\u0142nie nie w por\u0119<\/span><br \/><span style=\"color: #333333; font-family: verdana, geneva, sans-serif;\"> Przepraszam za s\u0142o\u0144ce, przepraszam za deszcz<\/span><br \/><span style=\"color: #333333; font-family: verdana, geneva, sans-serif;\"> Za wszystko, za co tylko chcesz<\/span><\/p>\n<p><span style=\"color: #333333; font-family: verdana, geneva, sans-serif;\">Ju\u017c szumi\u0105 kasztany, kasztany i bzy<\/span><br \/><span style=\"color: #333333; font-family: verdana, geneva, sans-serif;\"> Pami\u0119taj kochany, pami\u0119taj, \u017ce ty<\/span><br \/><span style=\"color: #333333; font-family: verdana, geneva, sans-serif;\"> \u017be w zwi\u0105zku z t\u0105 wiosn\u0105, co mo\u017ce przyj\u015b\u0107 jutro<\/span><br \/><span style=\"color: #333333; font-family: verdana, geneva, sans-serif;\"> U\u015bmiechnij si\u0119 troch\u0119 i nie patrz tak smutno<\/span><br \/><span style=\"color: #333333; font-family: verdana, geneva, sans-serif;\"> O wszystkim, co by\u0142o g\u0142upie i z\u0142e<\/span><br \/><span style=\"color: #333333; font-family: verdana, geneva, sans-serif;\"> Zapomnij, zapomnij przepraszam ci\u0119<\/span><\/p>\n<p><span style=\"color: #333333; font-family: verdana, geneva, sans-serif;\">Nie gniewaj si\u0119 za wszystkie moje \u017cale<\/span><br \/><span style=\"color: #333333; font-family: verdana, geneva, sans-serif;\"> Zapomnij o tym, czego nie by\u0142o wcale<\/span><br \/><span style=\"color: #333333; font-family: verdana, geneva, sans-serif;\"> Zapomnij o g\u0142upich uwagach przy stole<\/span><br \/><span style=\"color: #333333; font-family: verdana, geneva, sans-serif;\"> Ju\u017c nie my\u015bl o \u017cartach zupe\u0142nie nie w por\u0119<\/span><br \/><span style=\"color: #333333; font-family: verdana, geneva, sans-serif;\"> Przepraszam za s\u0142o\u0144ce przepraszam za deszcz<\/span><br \/><span style=\"color: #333333; font-family: verdana, geneva, sans-serif;\"> Za wszystko, za co tylko chcesz<\/span><\/p>\n<p>&nbsp;<\/p>\n<audio class=\"wp-audio-shortcode\" id=\"audio-924-1\" preload=\"none\" style=\"width: 100%;\" controls=\"controls\"><source type=\"audio\/mpeg\" src=\"http:\/\/magdaumer.pl\/home\/wp-content\/uploads\/2014\/12\/juzszumiakasztany.mp3?_=1\" \/><a href=\"http:\/\/magdaumer.pl\/home\/wp-content\/uploads\/2014\/12\/juzszumiakasztany.mp3\">http:\/\/magdaumer.pl\/home\/wp-content\/uploads\/2014\/12\/juzszumiakasztany.mp3<\/a><\/audio>\n","protected":false},"excerpt":{"rendered":"<p>Ju\u017c szumi\u0105 kasztany (s\u0142. A. Woyciechowski, muz. K. Knittel) Ju\u017c szumi\u0105 kasztany i pachnie ju\u017c wiosn\u0105 Pami\u0119taj kochany by jak\u0105\u015b radosn\u0105 By jak\u0105\u015b radosn\u0105 na wiosn\u0119 mie\u0107 min\u0119 I wiosn\u0119 przywita\u0107 jak \u0142adn\u0105 dziewczyn\u0119 Za wszystko co by\u0142o g\u0142upie i z\u0142e Za wszystko co by\u0142o \u2013 przepraszam ci\u0119 Nie gniewaj si\u0119 za wszystkie moje \u017cale &hellip; <a href=\"http:\/\/magdaumer.pl\/home\/spiewnik\/juz-szumia-kasztany\/\" class=\"more-link\">Czytaj dalej <span class=\"screen-reader-text\">Ju\u017c szumi\u0105 kasztany<\/span> <span class=\"meta-nav\">&rarr;<\/span><\/a><\/p>\n","protected":false},"author":1,"featured_media":0,"parent":29,"menu_order":46,"comment_status":"closed","ping_status":"closed","template":"","meta":{"footnotes":""},"class_list":["post-924","page","type-page","status-publish","hentry"],"_links":{"self":[{"href":"http:\/\/magdaumer.pl\/home\/wp-json\/wp\/v2\/pages\/924","targetHints":{"allow":["GET"]}}],"collection":[{"href":"http:\/\/magdaumer.pl\/home\/wp-json\/wp\/v2\/pages"}],"about":[{"href":"http:\/\/magdaumer.pl\/home\/wp-json\/wp\/v2\/types\/page"}],"author":[{"embeddable":true,"href":"http:\/\/magdaumer.pl\/home\/wp-json\/wp\/v2\/users\/1"}],"replies":[{"embeddable":true,"href":"http:\/\/magdaumer.pl\/home\/wp-json\/wp\/v2\/comments?post=924"}],"version-history":[{"count":4,"href":"http:\/\/magdaumer.pl\/home\/wp-json\/wp\/v2\/pages\/924\/revisions"}],"predecessor-version":[{"id":1915,"href":"http:\/\/magdaumer.pl\/home\/wp-json\/wp\/v2\/pages\/924\/revisions\/1915"}],"up":[{"embeddable":true,"href":"http:\/\/magdaumer.pl\/home\/wp-json\/wp\/v2\/pages\/29"}],"wp:attachment":[{"href":"http:\/\/magdaumer.pl\/home\/wp-json\/wp\/v2\/media?parent=924"}],"curies":[{"name":"wp","href":"https:\/\/api.w.org\/{rel}","templated":true}]}}