{"id":910,"date":"2015-01-05T17:42:56","date_gmt":"2015-01-05T17:42:56","guid":{"rendered":"http:\/\/magdaumer.pl\/home\/?page_id=910"},"modified":"2016-02-27T00:35:46","modified_gmt":"2016-02-27T00:35:46","slug":"jeszcze-w-zielone-gramy","status":"publish","type":"page","link":"http:\/\/magdaumer.pl\/home\/spiewnik\/jeszcze-w-zielone-gramy\/","title":{"rendered":"Jeszcze w zielone gramy"},"content":{"rendered":"<p><span style=\"font-family: verdana, geneva, sans-serif;\"><b><span style=\"color: #000080; font-size: 14pt;\">Jeszcze w zielone gramy<\/span><br \/> <span style=\"color: #6699ff; font-size: small;\">(s\u0142. W. M\u0142ynarski, muz. J. Matuszkiewicz)<\/span><span style=\"color: #3399ff; font-size: small;\"><br \/> <\/span><br \/> <span style=\"color: #666666;\"><br \/> <\/span><\/b><span style=\"color: #333333;\">Przez kolejne grudnie\u2026 maje\u2026<br \/> Ka\u017cdy goni jak szalony<br \/> A za nami pozostaje<br \/> Sto okazji przegapionych<br \/> Kto\u015b wytyka nam, co chwil\u0119<br \/> W mr\u00f3z czy upa\u0142<br \/> W zimie, w lecie<br \/> Szans niedostrze\u017conych tyle\u2026<br \/> I kto\u015b racj\u0119 ma\u2026 lecz przecie\u017c<\/span><\/span><\/p>\n<p><span style=\"color: #333333; font-family: verdana, geneva, sans-serif;\">Jeszcze w zielone gramy,<\/span><br \/><span style=\"color: #333333; font-family: verdana, geneva, sans-serif;\"> jeszcze nie umieramy<\/span><br \/><span style=\"color: #333333; font-family: verdana, geneva, sans-serif;\"> Jeszcze kt\u00f3rego\u015b rana,<\/span><br \/><span style=\"color: #333333; font-family: verdana, geneva, sans-serif;\"> odbijemy si\u0119 od \u015bciany<\/span><br \/><span style=\"color: #333333; font-family: verdana, geneva, sans-serif;\"> Jeszcze wiosenne deszcze<\/span><br \/><span style=\"color: #333333; font-family: verdana, geneva, sans-serif;\"> obudz\u0105 ru\u0144 zielon\u0105<\/span><br \/><span style=\"color: #333333; font-family: verdana, geneva, sans-serif;\"> Jeszcze zimowe \u015bmieci<\/span><br \/><span style=\"color: #333333; font-family: verdana, geneva, sans-serif;\"> na ogniskach wiosny sp\u0142on\u0105<\/span><br \/><span style=\"color: #333333; font-family: verdana, geneva, sans-serif;\"> Jeszcze w zielone gramy,<\/span><br \/><span style=\"color: #333333; font-family: verdana, geneva, sans-serif;\"> jeszcze wzrok nam si\u0119 pali<\/span><br \/><span style=\"color: #333333; font-family: verdana, geneva, sans-serif;\"> Jeszcze si\u0119 nam pok\u0142oni\u0105 ci,<\/span><br \/><span style=\"color: #333333; font-family: verdana, geneva, sans-serif;\"> co palcem wygra\u017cali<\/span><br \/><span style=\"color: #333333; font-family: verdana, geneva, sans-serif;\"> My mo\u017cemy by\u0107 w k\u0142opocie,<\/span><br \/><span style=\"color: #333333; font-family: verdana, geneva, sans-serif;\"> ale na rozpaczy dnie<\/span><br \/><span style=\"color: #333333; font-family: verdana, geneva, sans-serif;\"> Jeszcze nie, d\u0142ugo nie.<\/span><\/p>\n<p><span style=\"color: #333333; font-family: verdana, geneva, sans-serif;\">Wi\u0119c nie martwmy si\u0119, bo w ko\u0144cu<\/span><br \/><span style=\"color: #333333; font-family: verdana, geneva, sans-serif;\"> Nie nam jednym si\u0119 nie klei<\/span><br \/><span style=\"color: #333333; font-family: verdana, geneva, sans-serif;\"> Wa\u017cne by, cho\u0107 raz w miesi\u0105cu<\/span><br \/><span style=\"color: #333333; font-family: verdana, geneva, sans-serif;\"> Mie\u0107 dyktando u nadziei<\/span><br \/><span style=\"color: #333333; font-family: verdana, geneva, sans-serif;\"> \u017beby w serca kajeciku<\/span><br \/><span style=\"color: #333333; font-family: verdana, geneva, sans-serif;\"> Po literkach zanotowa\u0107<\/span><br \/><span style=\"color: #333333; font-family: verdana, geneva, sans-serif;\"> I powtarza\u0107 sobie cicho<\/span><br \/><span style=\"color: #333333; font-family: verdana, geneva, sans-serif;\"> Takie pro\u015bciute\u0144kie s\u0142owa:<\/span><\/p>\n<p><span style=\"color: #333333; font-family: verdana, geneva, sans-serif;\">Jeszcze w zielone gramy,<\/span><br \/><span style=\"color: #333333; font-family: verdana, geneva, sans-serif;\"> jeszcze nie umieramy<\/span><br \/><span style=\"color: #333333; font-family: verdana, geneva, sans-serif;\"> Jeszcze si\u0119 spe\u0142ni\u0105 nasze<\/span><br \/><span style=\"color: #333333; font-family: verdana, geneva, sans-serif;\"> pi\u0119kne sny, marzenia, plany<\/span><br \/><span style=\"color: #333333; font-family: verdana, geneva, sans-serif;\"> Tylko nie ulegajmy<\/span><br \/><span style=\"color: #333333; font-family: verdana, geneva, sans-serif;\"> przedwczesnym niepokojom<\/span><br \/><span style=\"color: #333333; font-family: verdana, geneva, sans-serif;\"> B\u0105d\u017amy jak stare wr\u00f3ble,<\/span><br \/><span style=\"color: #333333; font-family: verdana, geneva, sans-serif;\"> kt\u00f3re stracha si\u0119 nie boj\u0105<\/span><br \/><span style=\"color: #333333; font-family: verdana, geneva, sans-serif;\"> Jeszcze w zielone gramy,<\/span><br \/><span style=\"color: #333333; font-family: verdana, geneva, sans-serif;\"> cho\u0107 skro\u0144 niejedna siwa<\/span><br \/><span style=\"color: #333333; font-family: verdana, geneva, sans-serif;\"> Jeszcze s\u00f3l b\u0119dzie m\u0105dra<\/span><br \/><span style=\"color: #333333; font-family: verdana, geneva, sans-serif;\"> a oliwa sprawiedliwa<\/span><br \/><span style=\"color: #333333; font-family: verdana, geneva, sans-serif;\"> R\u00f3\u017cne drogi nas prowadz\u0105,<\/span><br \/><span style=\"color: #333333; font-family: verdana, geneva, sans-serif;\"> lecz ta, kt\u00f3ra w przepa\u015b\u0107 rwie<\/span><br \/><span style=\"color: #333333; font-family: verdana, geneva, sans-serif;\"> Jeszcze nie, d\u0142ugo nie<\/span><\/p>\n<p><span style=\"color: #333333; font-family: verdana, geneva, sans-serif;\">Jeszcze w zielone gramy,<\/span><br \/><span style=\"color: #333333; font-family: verdana, geneva, sans-serif;\"> ch\u0119\u0107 \u017cycia nam nie zbrzyd\u0142a<\/span><br \/><span style=\"color: #333333; font-family: verdana, geneva, sans-serif;\"> Jeszcze na strychu ka\u017cdy<\/span><br \/><span style=\"color: #333333; font-family: verdana, geneva, sans-serif;\"> klei po\u0142amane skrzyd\u0142a<\/span><br \/><span style=\"color: #333333; font-family: verdana, geneva, sans-serif;\"> I my\u015bli sobie Ikar,<\/span><br \/><span style=\"color: #333333; font-family: verdana, geneva, sans-serif;\"> co nieraz ju\u017c w d\u00f3\u0142 run\u0105\u0142:<\/span><br \/><span style=\"color: #333333; font-family: verdana, geneva, sans-serif;\"> \u201eJakby powia\u0142o zdrowo,<\/span><br \/><span style=\"color: #333333; font-family: verdana, geneva, sans-serif;\"> to bym jeszcze raz pofrun\u0105\u0142!\u201d<\/span><br \/><span style=\"color: #333333; font-family: verdana, geneva, sans-serif;\"> Jeszcze w zielone gramy,<\/span><br \/><span style=\"color: #333333; font-family: verdana, geneva, sans-serif;\"> cho\u0107 \u017cycie nam doskwiera<\/span><br \/><span style=\"color: #333333; font-family: verdana, geneva, sans-serif;\"> Gramy w nim swoje role,<\/span><br \/><span style=\"color: #333333; font-family: verdana, geneva, sans-serif;\"> naturszczycy bez suflera<\/span><br \/><span style=\"color: #333333; font-family: verdana, geneva, sans-serif;\"> W najr\u00f3\u017cniejszych sztukach gramy,<\/span><br \/><span style=\"color: #333333; font-family: verdana, geneva, sans-serif;\"> lecz w tej, co si\u0119 sko\u0144czy \u017ale<\/span><br \/><span style=\"color: #333333; font-family: verdana, geneva, sans-serif;\"> Jeszcze nie! D\u0142ugo nie!!<\/span><\/p>\n<p>&nbsp;<\/p>\n<audio class=\"wp-audio-shortcode\" id=\"audio-910-1\" preload=\"none\" style=\"width: 100%;\" controls=\"controls\"><source type=\"audio\/mpeg\" src=\"http:\/\/magdaumer.pl\/home\/wp-content\/uploads\/2014\/12\/jeszczewzielonegramy.mp3?_=1\" \/><a href=\"http:\/\/magdaumer.pl\/home\/wp-content\/uploads\/2014\/12\/jeszczewzielonegramy.mp3\">http:\/\/magdaumer.pl\/home\/wp-content\/uploads\/2014\/12\/jeszczewzielonegramy.mp3<\/a><\/audio>\n<p>&nbsp;<\/p>\n","protected":false},"excerpt":{"rendered":"<p>Jeszcze w zielone gramy (s\u0142. W. M\u0142ynarski, muz. J. Matuszkiewicz) Przez kolejne grudnie\u2026 maje\u2026 Ka\u017cdy goni jak szalony A za nami pozostaje Sto okazji przegapionych Kto\u015b wytyka nam, co chwil\u0119 W mr\u00f3z czy upa\u0142 W zimie, w lecie Szans niedostrze\u017conych tyle\u2026 I kto\u015b racj\u0119 ma\u2026 lecz przecie\u017c Jeszcze w zielone gramy, jeszcze nie umieramy Jeszcze &hellip; <a href=\"http:\/\/magdaumer.pl\/home\/spiewnik\/jeszcze-w-zielone-gramy\/\" class=\"more-link\">Czytaj dalej <span class=\"screen-reader-text\">Jeszcze w zielone gramy<\/span> <span class=\"meta-nav\">&rarr;<\/span><\/a><\/p>\n","protected":false},"author":1,"featured_media":0,"parent":29,"menu_order":39,"comment_status":"closed","ping_status":"closed","template":"","meta":{"footnotes":""},"class_list":["post-910","page","type-page","status-publish","hentry"],"_links":{"self":[{"href":"http:\/\/magdaumer.pl\/home\/wp-json\/wp\/v2\/pages\/910","targetHints":{"allow":["GET"]}}],"collection":[{"href":"http:\/\/magdaumer.pl\/home\/wp-json\/wp\/v2\/pages"}],"about":[{"href":"http:\/\/magdaumer.pl\/home\/wp-json\/wp\/v2\/types\/page"}],"author":[{"embeddable":true,"href":"http:\/\/magdaumer.pl\/home\/wp-json\/wp\/v2\/users\/1"}],"replies":[{"embeddable":true,"href":"http:\/\/magdaumer.pl\/home\/wp-json\/wp\/v2\/comments?post=910"}],"version-history":[{"count":4,"href":"http:\/\/magdaumer.pl\/home\/wp-json\/wp\/v2\/pages\/910\/revisions"}],"predecessor-version":[{"id":1905,"href":"http:\/\/magdaumer.pl\/home\/wp-json\/wp\/v2\/pages\/910\/revisions\/1905"}],"up":[{"embeddable":true,"href":"http:\/\/magdaumer.pl\/home\/wp-json\/wp\/v2\/pages\/29"}],"wp:attachment":[{"href":"http:\/\/magdaumer.pl\/home\/wp-json\/wp\/v2\/media?parent=910"}],"curies":[{"name":"wp","href":"https:\/\/api.w.org\/{rel}","templated":true}]}}