{"id":886,"date":"2015-01-05T14:20:53","date_gmt":"2015-01-05T14:20:53","guid":{"rendered":"http:\/\/magdaumer.pl\/home\/?page_id=886"},"modified":"2016-02-27T00:20:26","modified_gmt":"2016-02-27T00:20:26","slug":"ja-dla-ciebie","status":"publish","type":"page","link":"http:\/\/magdaumer.pl\/home\/spiewnik\/ja-dla-ciebie\/","title":{"rendered":"Ja dla Ciebie"},"content":{"rendered":"<p><span style=\"font-family: verdana, geneva, sans-serif;\"><b><span style=\"color: #000080; font-size: 14pt;\">Ja dla Ciebie<\/span><br \/> <span style=\"color: #6699ff; font-size: small;\">(s\u0142. A. Poniedzielski, muz. T. Wo\u017aniak)<\/span><span style=\"color: #3399ff; font-size: small;\"><br \/> <\/span><br \/> <span style=\"color: #666666;\"><br \/> <\/span><\/b><span style=\"color: #333333;\">Mam, tyle szcz\u0119\u015bcia ile zbior\u0119 sam<br \/> i ilu unikn\u0119 cios\u00f3w<br \/> Chc\u0119 co\u015b dopisa\u0107 swoj\u0105 r\u0119k\u0105, sam<br \/> do kart mojego losu<br \/> Wiem, \u015bcigam si\u0119 ze snem<br \/> wiem &#8211; \u017cycie miewa sen niejeden<br \/> Dzi\u015b, nagle porazi\u0142a mnie ta my\u015bl<br \/> \u017ce mog\u0142em \u017cy\u0107 bez Ciebie<br \/> Ja, cicho splatam ciemnoszar\u0105 ni\u0107<br \/> dni moich i nocy<br \/> Gdzie\u015b, w k\u0105cie wiekopomnych, wielkich spraw<br \/> wygl\u0105dam pomocy<br \/> Wiem, \u017cycie bywa snem<br \/> w\u015br\u00f3d ch\u0142odu serc i chmur na niebie<br \/> Dzi\u015b, nagle otuli\u0142a mnie ta my\u015bl<br \/> \u017ce mog\u0119 \u017cy\u0107 dla Ciebie<br \/> Gdzie\u015b, mi\u0119dzy dobrym z\u0142em a dobrem z\u0142ym<br \/> nie bia\u0142ym, nie czarnym<br \/> Cz\u0142ek, zawieszony jak podr\u0119czny rym<br \/> Rym ma\u0142y, rym marny<br \/> Wiem, \u017cycie bywa snem<br \/> \u015awiat kusi\u0142 mnie sw\u0105 Ziemi\u0105, Niebem<br \/> nim, nagle nie zjawi\u0142a si\u0119 ta my\u015bl<br \/> \u017ce mog\u0119 \u017cy\u0107 dla Ciebie<br \/> Znam tyle \u015bwiata ile w oczach mam<br \/> na ile wystarcza oczu<br \/> Dzi\u015b czuj\u0119 tamten inny, ciep\u0142y \u015bwiat<br \/> bez cienia, bez mroku<br \/> Wiem \u2013 \u017cycie bywa snem<br \/> Wiem &#8211; \u017cycie miewa sen niejeden<br \/> Dzi\u015b, kiedy otuli\u0142a mnie ta my\u015bl<br \/> \u017ce mog\u0119 \u017cy\u0107 dla Ciebie<\/span><\/span><\/p>\n<p>&nbsp;<\/p>\n<audio class=\"wp-audio-shortcode\" id=\"audio-886-1\" preload=\"none\" style=\"width: 100%;\" controls=\"controls\"><source type=\"audio\/mpeg\" src=\"http:\/\/magdaumer.pl\/home\/wp-content\/uploads\/2014\/12\/jadlaciebie.mp3?_=1\" \/><a href=\"http:\/\/magdaumer.pl\/home\/wp-content\/uploads\/2014\/12\/jadlaciebie.mp3\">http:\/\/magdaumer.pl\/home\/wp-content\/uploads\/2014\/12\/jadlaciebie.mp3<\/a><\/audio>\n","protected":false},"excerpt":{"rendered":"<p>Ja dla Ciebie (s\u0142. A. Poniedzielski, muz. T. Wo\u017aniak) Mam, tyle szcz\u0119\u015bcia ile zbior\u0119 sam i ilu unikn\u0119 cios\u00f3w Chc\u0119 co\u015b dopisa\u0107 swoj\u0105 r\u0119k\u0105, sam do kart mojego losu Wiem, \u015bcigam si\u0119 ze snem wiem &#8211; \u017cycie miewa sen niejeden Dzi\u015b, nagle porazi\u0142a mnie ta my\u015bl \u017ce mog\u0142em \u017cy\u0107 bez Ciebie Ja, cicho splatam ciemnoszar\u0105 &hellip; <a href=\"http:\/\/magdaumer.pl\/home\/spiewnik\/ja-dla-ciebie\/\" class=\"more-link\">Czytaj dalej <span class=\"screen-reader-text\">Ja dla Ciebie<\/span> <span class=\"meta-nav\">&rarr;<\/span><\/a><\/p>\n","protected":false},"author":1,"featured_media":0,"parent":29,"menu_order":28,"comment_status":"closed","ping_status":"closed","template":"","meta":{"footnotes":""},"class_list":["post-886","page","type-page","status-publish","hentry"],"_links":{"self":[{"href":"http:\/\/magdaumer.pl\/home\/wp-json\/wp\/v2\/pages\/886","targetHints":{"allow":["GET"]}}],"collection":[{"href":"http:\/\/magdaumer.pl\/home\/wp-json\/wp\/v2\/pages"}],"about":[{"href":"http:\/\/magdaumer.pl\/home\/wp-json\/wp\/v2\/types\/page"}],"author":[{"embeddable":true,"href":"http:\/\/magdaumer.pl\/home\/wp-json\/wp\/v2\/users\/1"}],"replies":[{"embeddable":true,"href":"http:\/\/magdaumer.pl\/home\/wp-json\/wp\/v2\/comments?post=886"}],"version-history":[{"count":5,"href":"http:\/\/magdaumer.pl\/home\/wp-json\/wp\/v2\/pages\/886\/revisions"}],"predecessor-version":[{"id":1892,"href":"http:\/\/magdaumer.pl\/home\/wp-json\/wp\/v2\/pages\/886\/revisions\/1892"}],"up":[{"embeddable":true,"href":"http:\/\/magdaumer.pl\/home\/wp-json\/wp\/v2\/pages\/29"}],"wp:attachment":[{"href":"http:\/\/magdaumer.pl\/home\/wp-json\/wp\/v2\/media?parent=886"}],"curies":[{"name":"wp","href":"https:\/\/api.w.org\/{rel}","templated":true}]}}