{"id":777,"date":"2014-12-18T11:11:16","date_gmt":"2014-12-18T11:11:16","guid":{"rendered":"http:\/\/magdaumer.pl\/home\/?page_id=777"},"modified":"2019-02-10T17:02:55","modified_gmt":"2019-02-10T17:02:55","slug":"gwiezdna-moc","status":"publish","type":"page","link":"http:\/\/magdaumer.pl\/home\/spiewnik\/gwiezdna-moc\/","title":{"rendered":"Gwiezdna moc"},"content":{"rendered":"<p><span style=\"font-family: verdana, geneva, sans-serif;\"><b><span style=\"color: #000080; font-size: 14pt;\">Gwiezdna moc<\/span><br \/> <span style=\"color: #6699ff; font-size: small;\">(s\u0142. I. Iredy\u0144ski, muz. J. Derfel)<\/span><span style=\"color: #3399ff; font-size: small;\"><br \/> <\/span><br \/> <span style=\"color: #666666;\"><br \/> <\/span><\/b><span style=\"color: #333333;\">On: Zdarzy\u0142o si\u0119 to w tak\u0105 noc<br \/> Gdy z g\u00f3ry p\u0142ynie gwiezdna moc<br \/> \u015awiat\u0142ami b\u0142yska\u0142 wielki w\u00f3z<br \/> Ci\u0119\u017cki \u0142adunek westchnie\u0144 wi\u00f3z\u0142<br \/> Ch\u0142opiec z dziewczyn\u0105 po\u015br\u00f3d traw<br \/> Mieli do siebie par\u0119 spraw<br \/> Tak bywa czasem w tak\u0105 noc<br \/> Gdy z g\u00f3ry p\u0142ynie gwiezdna moc<br \/> Ona: Tak bywa czasem w tak\u0105 noc<br \/> Gdy z g\u00f3ry p\u0142ynie gwiezdna moc<\/span><\/span><\/p>\n<p><span style=\"color: #333333; font-family: verdana, geneva, sans-serif;\">On: On m\u00f3wi\u0142 wierno\u015b\u0107 a\u017c po gr\u00f3b<\/span><br \/><span style=\"color: #333333; font-family: verdana, geneva, sans-serif;\"> Nie przerwie nawet jej nasz \u015blub<\/span><br \/><span style=\"color: #333333; font-family: verdana, geneva, sans-serif;\"> Ona: Nie wierz\u0119 ch\u0142opcze mi\u0142y ci<\/span><br \/><span style=\"color: #333333; font-family: verdana, geneva, sans-serif;\"> Chocia\u017c przysi\u0119gasz wierno\u015b\u0107 mi<\/span><br \/><span style=\"color: #333333; font-family: verdana, geneva, sans-serif;\"> On: Tak bywa czasem w tak\u0105 noc<\/span><br \/><span style=\"color: #333333; font-family: verdana, geneva, sans-serif;\"> Gdy z g\u00f3ry p\u0142ynie gwiezdna moc<\/span><br \/><span style=\"color: #333333; font-family: verdana, geneva, sans-serif;\"> Niech gwiazdy porw\u0105 szybko mnie<\/span><br \/><span style=\"color: #333333; font-family: verdana, geneva, sans-serif;\"> Je\u017celi ci\u0119 ok\u0142ama\u0107 chc\u0119<\/span><br \/><span style=\"color: #333333; font-family: verdana, geneva, sans-serif;\"> Ona: Niech gwiazdy porw\u0105 szybko mnie<\/span><br \/><span style=\"color: #333333; font-family: verdana, geneva, sans-serif;\"> Je\u017celi ci\u0119 ok\u0142ama\u0107 chc\u0119<\/span><\/p>\n<p><span style=\"color: #333333; font-family: verdana, geneva, sans-serif;\">On: Ch\u0142opiec natychmiast znikn\u0105 i<\/span><br \/><span style=\"color: #333333; font-family: verdana, geneva, sans-serif;\"> Na nic si\u0119 zda\u0142y pannie \u0142zy<\/span><br \/><span style=\"color: #333333; font-family: verdana, geneva, sans-serif;\"> Tak bywa czasem w tak\u0105 noc<\/span><br \/><span style=\"color: #333333; font-family: verdana, geneva, sans-serif;\"> Gdy z g\u00f3ry p\u0142ynie gwiezdna moc<\/span><br \/><span style=\"color: #333333; font-family: verdana, geneva, sans-serif;\"> Razem: A w g\u00f3rze wielki w\u00f3z si\u0119 snu\u0142<\/span><br \/><span style=\"color: #333333; font-family: verdana, geneva, sans-serif;\"> Lecz mia\u0142 tej nocy a\u017c pi\u0119\u0107 k\u00f3\u0142<\/span><br \/><span style=\"color: #333333; font-family: verdana, geneva, sans-serif;\"> Ona i on: A w g\u00f3rze wielki w\u00f3z si\u0119 snu\u0142<\/span><br \/><span style=\"color: #333333; font-family: verdana, geneva, sans-serif;\"> Lecz mia\u0142 tej nocy a\u017c pi\u0119\u0107 k\u00f3\u0142<\/span><\/p>\n<p>&nbsp;<\/p>\n<audio class=\"wp-audio-shortcode\" id=\"audio-777-1\" preload=\"none\" style=\"width: 100%;\" controls=\"controls\"><source type=\"audio\/mpeg\" src=\"http:\/\/magdaumer.pl\/home\/wp-content\/uploads\/2014\/12\/gwiezdnamoc.mp3?_=1\" \/><a href=\"http:\/\/magdaumer.pl\/home\/wp-content\/uploads\/2014\/12\/gwiezdnamoc.mp3\">http:\/\/magdaumer.pl\/home\/wp-content\/uploads\/2014\/12\/gwiezdnamoc.mp3<\/a><\/audio>\n","protected":false},"excerpt":{"rendered":"<p>Gwiezdna moc (s\u0142. I. Iredy\u0144ski, muz. J. Derfel) On: Zdarzy\u0142o si\u0119 to w tak\u0105 noc Gdy z g\u00f3ry p\u0142ynie gwiezdna moc \u015awiat\u0142ami b\u0142yska\u0142 wielki w\u00f3z Ci\u0119\u017cki \u0142adunek westchnie\u0144 wi\u00f3z\u0142 Ch\u0142opiec z dziewczyn\u0105 po\u015br\u00f3d traw Mieli do siebie par\u0119 spraw Tak bywa czasem w tak\u0105 noc Gdy z g\u00f3ry p\u0142ynie gwiezdna moc Ona: Tak bywa czasem &hellip; <a href=\"http:\/\/magdaumer.pl\/home\/spiewnik\/gwiezdna-moc\/\" class=\"more-link\">Czytaj dalej <span class=\"screen-reader-text\">Gwiezdna moc<\/span> <span class=\"meta-nav\">&rarr;<\/span><\/a><\/p>\n","protected":false},"author":1,"featured_media":0,"parent":29,"menu_order":24,"comment_status":"closed","ping_status":"closed","template":"","meta":{"footnotes":""},"class_list":["post-777","page","type-page","status-publish","hentry"],"_links":{"self":[{"href":"http:\/\/magdaumer.pl\/home\/wp-json\/wp\/v2\/pages\/777","targetHints":{"allow":["GET"]}}],"collection":[{"href":"http:\/\/magdaumer.pl\/home\/wp-json\/wp\/v2\/pages"}],"about":[{"href":"http:\/\/magdaumer.pl\/home\/wp-json\/wp\/v2\/types\/page"}],"author":[{"embeddable":true,"href":"http:\/\/magdaumer.pl\/home\/wp-json\/wp\/v2\/users\/1"}],"replies":[{"embeddable":true,"href":"http:\/\/magdaumer.pl\/home\/wp-json\/wp\/v2\/comments?post=777"}],"version-history":[{"count":4,"href":"http:\/\/magdaumer.pl\/home\/wp-json\/wp\/v2\/pages\/777\/revisions"}],"predecessor-version":[{"id":2677,"href":"http:\/\/magdaumer.pl\/home\/wp-json\/wp\/v2\/pages\/777\/revisions\/2677"}],"up":[{"embeddable":true,"href":"http:\/\/magdaumer.pl\/home\/wp-json\/wp\/v2\/pages\/29"}],"wp:attachment":[{"href":"http:\/\/magdaumer.pl\/home\/wp-json\/wp\/v2\/media?parent=777"}],"curies":[{"name":"wp","href":"https:\/\/api.w.org\/{rel}","templated":true}]}}