{"id":774,"date":"2014-12-18T10:53:26","date_gmt":"2014-12-18T10:53:26","guid":{"rendered":"http:\/\/magdaumer.pl\/home\/?page_id=774"},"modified":"2016-02-27T00:11:43","modified_gmt":"2016-02-27T00:11:43","slug":"findley","status":"publish","type":"page","link":"http:\/\/magdaumer.pl\/home\/spiewnik\/findley\/","title":{"rendered":"Findley"},"content":{"rendered":"<p><span style=\"font-family: verdana, geneva, sans-serif;\"><b><span style=\"color: #000080; font-size: 14pt;\">Findley<\/span><br \/> <span style=\"color: #6699ff; font-size: small;\">(s\u0142. R. Burns, muz. S. Syrewicz)<\/span><span style=\"color: #3399ff; font-size: small;\"><br \/> <\/span><br \/> <span style=\"color: #666666;\"><br \/> <\/span><\/b><span style=\"color: #333333;\">Kto tam u drzwi alk\u00f3wki mej?<br \/> A kt\u00f3\u017cby jak nie Findley<br \/> Wyno\u015b si\u0119 tu nie wejdziesz, hej!<br \/> A musz\u0119 wej\u015b\u0107 &#8211; rzek\u0142 Findley<\/span><\/span><\/p>\n<p><span style=\"color: #333333; font-family: verdana, geneva, sans-serif;\">Co tam jak z\u0142odziej robisz, wstyd<\/span><br \/><span style=\"color: #333333; font-family: verdana, geneva, sans-serif;\"> A zobacz, chod\u017a &#8211; rzek\u0142 Findley<\/span><br \/><span style=\"color: #333333; font-family: verdana, geneva, sans-serif;\"> Nap\u0142atasz psot nim wzejdzie \u015bwit<\/span><br \/><span style=\"color: #333333; font-family: verdana, geneva, sans-serif;\"> I jeszcze jak &#8211; rzek\u0142 Findley<\/span><\/p>\n<p><span style=\"color: #333333; font-family: verdana, geneva, sans-serif;\">Gdyby Ci\u0119 wpu\u015bci\u0107, gdyby wsta\u0107<\/span><br \/><span style=\"color: #333333; font-family: verdana, geneva, sans-serif;\"> A wpu\u015b\u0107 mnie &#8211; rzecze Findley<\/span><br \/><span style=\"color: #333333; font-family: verdana, geneva, sans-serif;\"> Narobisz zgie\u0142ku, nie dasz spa\u0107<\/span><br \/><span style=\"color: #333333; font-family: verdana, geneva, sans-serif;\"> I jeszcze jak &#8211; rzek\u0142 Findley<\/span><\/p>\n<p><span style=\"color: #333333; font-family: verdana, geneva, sans-serif;\">Gdyby\u015b w alk\u00f3wce zosta\u0142 ju\u017c<\/span><br \/><span style=\"color: #333333; font-family: verdana, geneva, sans-serif;\"> Daj zosta\u0107 mi &#8211; rzek\u0142 Findley<\/span><br \/><span style=\"color: #333333; font-family: verdana, geneva, sans-serif;\"> Boj\u0119 si\u0119, b\u0119dziesz a\u017c do z\u00f3rz<\/span><br \/><span style=\"color: #333333; font-family: verdana, geneva, sans-serif;\"> I jeszcze jak &#8211; rzek\u0142 Findley<\/span><\/p>\n<p><span style=\"color: #333333; font-family: verdana, geneva, sans-serif;\">Gdyby\u015b tu noc t\u0119 sp\u0119dzi\u0107 mia\u0142<\/span><br \/><span style=\"color: #333333; font-family: verdana, geneva, sans-serif;\"> I sp\u0119dz\u0119 j\u0105 &#8211; rzek\u0142 Findley<\/span><br \/><span style=\"color: #333333; font-family: verdana, geneva, sans-serif;\"> Ju\u017c potem drog\u0119 b\u0119dziesz zna\u0142<\/span><br \/><span style=\"color: #333333; font-family: verdana, geneva, sans-serif;\"> I jeszcze jak &#8211; rzek\u0142 Findley<\/span><\/p>\n<p><span style=\"color: #333333; font-family: verdana, geneva, sans-serif;\">Co si\u0119 w alk\u00f3wce stanie tu?<\/span><br \/><span style=\"color: #333333; font-family: verdana, geneva, sans-serif;\"> Niech stanie si\u0119 &#8211; rzek\u0142 Findley<\/span><br \/><span style=\"color: #333333; font-family: verdana, geneva, sans-serif;\"> Zamilczysz p\u00f3ki w piersiach tchu<\/span><br \/><span style=\"color: #333333; font-family: verdana, geneva, sans-serif;\"> I jeszcze jak &#8211; rzek\u0142 Findley<\/span><\/p>\n<p>&nbsp;<\/p>\n<audio class=\"wp-audio-shortcode\" id=\"audio-774-1\" preload=\"none\" style=\"width: 100%;\" controls=\"controls\"><source type=\"audio\/mpeg\" src=\"http:\/\/magdaumer.pl\/home\/wp-content\/uploads\/2014\/12\/findley.mp3?_=1\" \/><a href=\"http:\/\/magdaumer.pl\/home\/wp-content\/uploads\/2014\/12\/findley.mp3\">http:\/\/magdaumer.pl\/home\/wp-content\/uploads\/2014\/12\/findley.mp3<\/a><\/audio>\n","protected":false},"excerpt":{"rendered":"<p>Findley (s\u0142. R. Burns, muz. S. Syrewicz) Kto tam u drzwi alk\u00f3wki mej? A kt\u00f3\u017cby jak nie Findley Wyno\u015b si\u0119 tu nie wejdziesz, hej! A musz\u0119 wej\u015b\u0107 &#8211; rzek\u0142 Findley Co tam jak z\u0142odziej robisz, wstyd A zobacz, chod\u017a &#8211; rzek\u0142 Findley Nap\u0142atasz psot nim wzejdzie \u015bwit I jeszcze jak &#8211; rzek\u0142 Findley Gdyby Ci\u0119 &hellip; <a href=\"http:\/\/magdaumer.pl\/home\/spiewnik\/findley\/\" class=\"more-link\">Czytaj dalej <span class=\"screen-reader-text\">Findley<\/span> <span class=\"meta-nav\">&rarr;<\/span><\/a><\/p>\n","protected":false},"author":1,"featured_media":0,"parent":29,"menu_order":23,"comment_status":"closed","ping_status":"closed","template":"","meta":{"footnotes":""},"class_list":["post-774","page","type-page","status-publish","hentry"],"_links":{"self":[{"href":"http:\/\/magdaumer.pl\/home\/wp-json\/wp\/v2\/pages\/774","targetHints":{"allow":["GET"]}}],"collection":[{"href":"http:\/\/magdaumer.pl\/home\/wp-json\/wp\/v2\/pages"}],"about":[{"href":"http:\/\/magdaumer.pl\/home\/wp-json\/wp\/v2\/types\/page"}],"author":[{"embeddable":true,"href":"http:\/\/magdaumer.pl\/home\/wp-json\/wp\/v2\/users\/1"}],"replies":[{"embeddable":true,"href":"http:\/\/magdaumer.pl\/home\/wp-json\/wp\/v2\/comments?post=774"}],"version-history":[{"count":4,"href":"http:\/\/magdaumer.pl\/home\/wp-json\/wp\/v2\/pages\/774\/revisions"}],"predecessor-version":[{"id":1882,"href":"http:\/\/magdaumer.pl\/home\/wp-json\/wp\/v2\/pages\/774\/revisions\/1882"}],"up":[{"embeddable":true,"href":"http:\/\/magdaumer.pl\/home\/wp-json\/wp\/v2\/pages\/29"}],"wp:attachment":[{"href":"http:\/\/magdaumer.pl\/home\/wp-json\/wp\/v2\/media?parent=774"}],"curies":[{"name":"wp","href":"https:\/\/api.w.org\/{rel}","templated":true}]}}