{"id":766,"date":"2014-12-18T10:49:31","date_gmt":"2014-12-18T10:49:31","guid":{"rendered":"http:\/\/magdaumer.pl\/home\/?page_id=766"},"modified":"2016-02-27T00:05:08","modified_gmt":"2016-02-27T00:05:08","slug":"dzikie-wino","status":"publish","type":"page","link":"http:\/\/magdaumer.pl\/home\/spiewnik\/dzikie-wino\/","title":{"rendered":"Dzikie wino"},"content":{"rendered":"<p><span style=\"font-family: verdana, geneva, sans-serif;\"><b><span style=\"color: #333399; font-size: 14pt;\">Dzikie wino<\/span><br \/> <span style=\"color: #6699ff; font-size: small;\">(s\u0142. K. I. Ga\u0142czy\u0144ski, muz. W. Trzci\u0144ski)<\/span><span style=\"color: #3399ff; font-size: small;\"><br \/> <\/span><br \/> <span style=\"color: #666666;\"><br \/> <\/span><\/b><span style=\"color: #333333;\">Nad oknem,<br \/> na murze,<br \/> a li\u015bcie takie du\u017ce \u2013<\/span><\/span><\/p>\n<p><span style=\"color: #333333; font-family: verdana, geneva, sans-serif;\">zielone, zielone<\/span><br \/><span style=\"color: #333333; font-family: verdana, geneva, sans-serif;\"> dzikie wino zielone.<\/span><\/p>\n<p><span style=\"color: #333333; font-family: verdana, geneva, sans-serif;\">O ka\u017cdej<\/span><br \/><span style=\"color: #333333; font-family: verdana, geneva, sans-serif;\"> godzinie<\/span><br \/><span style=\"color: #333333; font-family: verdana, geneva, sans-serif;\"> wiatr szumi w dzikim winie \u2013<\/span><\/p>\n<p><span style=\"color: #333333; font-family: verdana, geneva, sans-serif;\">zielone, zielone,<\/span><br \/><span style=\"color: #333333; font-family: verdana, geneva, sans-serif;\"> dzikie wino zielone.<\/span><\/p>\n<p><span style=\"color: #333333; font-family: verdana, geneva, sans-serif;\">Za siedmiu<\/span><br \/><span style=\"color: #333333; font-family: verdana, geneva, sans-serif;\"> morzami<\/span><br \/><span style=\"color: #333333; font-family: verdana, geneva, sans-serif;\"> nape\u0142ni oczy \u0142zami \u2013<\/span><\/p>\n<p><span style=\"color: #333333; font-family: verdana, geneva, sans-serif;\">zielone, zielone,<\/span><br \/><span style=\"color: #333333; font-family: verdana, geneva, sans-serif;\"> dzikie wino zielone.<\/span><\/p>\n<p><span style=\"color: #333333; font-family: verdana, geneva, sans-serif;\">I we \u015bnie<\/span><br \/><span style=\"color: #333333; font-family: verdana, geneva, sans-serif;\"> przyp\u0142ynie<\/span><br \/><span style=\"color: #333333; font-family: verdana, geneva, sans-serif;\"> dom ca\u0142y w dzikim winie \u2013<\/span><\/p>\n<p><span style=\"color: #333333; font-family: verdana, geneva, sans-serif;\">zielone, zielone,<\/span><br \/><span style=\"color: #333333; font-family: verdana, geneva, sans-serif;\"> dzikie wino zielone.<\/span><\/p>\n<p><span style=\"color: #333333; font-family: verdana, geneva, sans-serif;\">I niebo,<\/span><br \/><span style=\"color: #333333; font-family: verdana, geneva, sans-serif;\"> i ksi\u0119\u017cyc,<\/span><br \/><span style=\"color: #333333; font-family: verdana, geneva, sans-serif;\"> i wino si\u0119 rozsrebrzy \u2013<\/span><\/p>\n<p><span style=\"color: #333333; font-family: verdana, geneva, sans-serif;\">zielone, zielone,<\/span><br \/><span style=\"color: #333333; font-family: verdana, geneva, sans-serif;\"> dzikie wino zielone.<\/span><\/p>\n<p><span style=\"color: #333333; font-family: verdana, geneva, sans-serif;\">Pod serce<\/span><br \/><span style=\"color: #333333; font-family: verdana, geneva, sans-serif;\"> jak nuta.<\/span><br \/><span style=\"color: #333333; font-family: verdana, geneva, sans-serif;\"> I powiesz: tak, to tutaj \u2013<\/span><\/p>\n<p><span style=\"color: #333333; font-family: verdana, geneva, sans-serif;\">zielone, zielone<\/span><br \/><span style=\"color: #333333; font-family: verdana, geneva, sans-serif;\"> dzikie wino zielone.<\/span><\/p>\n<p>&nbsp;<\/p>\n<audio class=\"wp-audio-shortcode\" id=\"audio-766-1\" preload=\"none\" style=\"width: 100%;\" controls=\"controls\"><source type=\"audio\/mpeg\" src=\"http:\/\/magdaumer.pl\/home\/wp-content\/uploads\/2014\/12\/dzikiewino.mp3?_=1\" \/><a href=\"http:\/\/magdaumer.pl\/home\/wp-content\/uploads\/2014\/12\/dzikiewino.mp3\">http:\/\/magdaumer.pl\/home\/wp-content\/uploads\/2014\/12\/dzikiewino.mp3<\/a><\/audio>\n","protected":false},"excerpt":{"rendered":"<p>Dzikie wino (s\u0142. K. I. Ga\u0142czy\u0144ski, muz. W. Trzci\u0144ski) Nad oknem, na murze, a li\u015bcie takie du\u017ce \u2013 zielone, zielone dzikie wino zielone. O ka\u017cdej godzinie wiatr szumi w dzikim winie \u2013 zielone, zielone, dzikie wino zielone. Za siedmiu morzami nape\u0142ni oczy \u0142zami \u2013 zielone, zielone, dzikie wino zielone. I we \u015bnie przyp\u0142ynie dom ca\u0142y &hellip; <a href=\"http:\/\/magdaumer.pl\/home\/spiewnik\/dzikie-wino\/\" class=\"more-link\">Czytaj dalej <span class=\"screen-reader-text\">Dzikie wino<\/span> <span class=\"meta-nav\">&rarr;<\/span><\/a><\/p>\n","protected":false},"author":1,"featured_media":0,"parent":29,"menu_order":20,"comment_status":"closed","ping_status":"closed","template":"","meta":{"footnotes":""},"class_list":["post-766","page","type-page","status-publish","hentry"],"_links":{"self":[{"href":"http:\/\/magdaumer.pl\/home\/wp-json\/wp\/v2\/pages\/766","targetHints":{"allow":["GET"]}}],"collection":[{"href":"http:\/\/magdaumer.pl\/home\/wp-json\/wp\/v2\/pages"}],"about":[{"href":"http:\/\/magdaumer.pl\/home\/wp-json\/wp\/v2\/types\/page"}],"author":[{"embeddable":true,"href":"http:\/\/magdaumer.pl\/home\/wp-json\/wp\/v2\/users\/1"}],"replies":[{"embeddable":true,"href":"http:\/\/magdaumer.pl\/home\/wp-json\/wp\/v2\/comments?post=766"}],"version-history":[{"count":5,"href":"http:\/\/magdaumer.pl\/home\/wp-json\/wp\/v2\/pages\/766\/revisions"}],"predecessor-version":[{"id":1878,"href":"http:\/\/magdaumer.pl\/home\/wp-json\/wp\/v2\/pages\/766\/revisions\/1878"}],"up":[{"embeddable":true,"href":"http:\/\/magdaumer.pl\/home\/wp-json\/wp\/v2\/pages\/29"}],"wp:attachment":[{"href":"http:\/\/magdaumer.pl\/home\/wp-json\/wp\/v2\/media?parent=766"}],"curies":[{"name":"wp","href":"https:\/\/api.w.org\/{rel}","templated":true}]}}