{"id":743,"date":"2014-12-18T10:08:36","date_gmt":"2014-12-18T10:08:36","guid":{"rendered":"http:\/\/magdaumer.pl\/home\/?page_id=743"},"modified":"2016-03-02T18:53:53","modified_gmt":"2016-03-02T18:53:53","slug":"743-2","status":"publish","type":"page","link":"http:\/\/magdaumer.pl\/home\/spiewnik\/743-2\/","title":{"rendered":"Czasem tak si\u0119 zdarza"},"content":{"rendered":"<p><span style=\"font-family: verdana, geneva, sans-serif;\"><b><span style=\"font-size: 14pt;\"><span style=\"color: #000080;\">C<\/span><span style=\"color: #000080;\">zasem tak si\u0119 zdarza<\/span><\/span><br \/> <span style=\"color: #6699ff; font-size: small;\">(s\u0142. A. Poniedzielski, muz. W. Borkowski)<\/span><span style=\"color: #3399ff; font-size: small;\"><br \/> <\/span><\/b><\/span><\/p>\n<p><span style=\"color: #333333; font-family: verdana, geneva, sans-serif;\"><br \/>Wiem<br \/> I z t\u0105 wiedz\u0105 tylko \u015bpi\u0119<br \/> Nic tak nie ko\u0142ysze mnie<br \/> Jak wiedzy tratwa &#8211; \u0142atwa<br \/> Mam<br \/> \u015awi\u0119t\u0105 pewno\u015b\u0107 dobrych ram<br \/> Obraz si\u0119 maluje sam<br \/> I b\u0119dzie to &#8211; sielanka<\/span><\/p>\n<p><span style=\"font-family: verdana, geneva, sans-serif;\">A<\/span><br \/><span style=\"font-family: verdana, geneva, sans-serif;\"> Zdarza si\u0119<\/span><br \/><span style=\"font-family: verdana, geneva, sans-serif;\"> co si\u0119 nie zdarza<\/span><br \/><span style=\"font-family: verdana, geneva, sans-serif;\"> morze kocha marynarza<\/span><br \/><span style=\"font-family: verdana, geneva, sans-serif;\"> cho\u0107 uwa\u017ca si\u0119, \u017ce on je kocha<\/span><\/p>\n<p><span style=\"font-family: verdana, geneva, sans-serif;\">Zdarza si\u0119<\/span><br \/><span style=\"font-family: verdana, geneva, sans-serif;\"> to, co nigdy si\u0119 nie zdarza, ale<\/span><br \/><span style=\"font-family: verdana, geneva, sans-serif;\"> zdarza si\u0119<\/span><br \/><span style=\"font-family: verdana, geneva, sans-serif;\"> to, co niby si\u0119 nie zdarza &#8211; wcale<\/span><br \/><span style=\"font-family: verdana, geneva, sans-serif;\"> Zdarza si\u0119<\/span><br \/><span style=\"font-family: verdana, geneva, sans-serif;\"> \u017ce zatrzyma si\u0119 we w\u0142osach wiatr<\/span><br \/><span style=\"font-family: verdana, geneva, sans-serif;\"> na co najmniej wiele, wiele dobrych lat<\/span><br \/><span style=\"font-family: verdana, geneva, sans-serif;\"> Czasem<\/span><br \/><span style=\"font-family: verdana, geneva, sans-serif;\"> tak si\u0119 zdarza<\/span><\/p>\n<p><span style=\"font-family: verdana, geneva, sans-serif;\">Wiem<\/span><br \/><span style=\"font-family: verdana, geneva, sans-serif;\"> Na samotno\u015b\u0107 maj\u0105 krem<\/span><br \/><span style=\"font-family: verdana, geneva, sans-serif;\"> Z tradycyjnie wonnych zi\u00f3\u0142<\/span><br \/><span style=\"font-family: verdana, geneva, sans-serif;\"> p\u00f3\u0142 na p\u00f3\u0142 z konwenansem<\/span><br \/><span style=\"font-family: verdana, geneva, sans-serif;\"> Mam<\/span><br \/><span style=\"font-family: verdana, geneva, sans-serif;\"> cich\u0105 pewno\u015b\u0107 takich bram<\/span><br \/><span style=\"font-family: verdana, geneva, sans-serif;\"> tak zamknietych, \u017ce i mur<\/span><br \/><span style=\"font-family: verdana, geneva, sans-serif;\"> si\u0119 od nich uczy\u0107 mo\u017ce<\/span><\/p>\n<p><span style=\"font-family: verdana, geneva, sans-serif;\">A<\/span><br \/><span style=\"font-family: verdana, geneva, sans-serif;\"> Zdarza si\u0119<\/span><br \/><span style=\"font-family: verdana, geneva, sans-serif;\"> co si\u0119 nie zdarza<\/span><br \/><span style=\"font-family: verdana, geneva, sans-serif;\"> morze kocha marynarza<\/span><br \/><span style=\"font-family: verdana, geneva, sans-serif;\"> cho\u0107 uwa\u017ca si\u0119, \u017ce on je kocha<\/span><\/p>\n<p><span style=\"font-family: verdana, geneva, sans-serif;\">Zdarza si\u0119<\/span><br \/><span style=\"font-family: verdana, geneva, sans-serif;\"> to, co nigdy si\u0119 nie zdarza, ale<\/span><br \/><span style=\"font-family: verdana, geneva, sans-serif;\"> zdarza si\u0119<\/span><br \/><span style=\"font-family: verdana, geneva, sans-serif;\"> to, co niby si\u0119 nie zdarza &#8211; wcale<\/span><br \/><span style=\"font-family: verdana, geneva, sans-serif;\"> Zdarza si\u0119<\/span><br \/><span style=\"font-family: verdana, geneva, sans-serif;\"> \u017ce zatrzyma si\u0119 i w my\u015blach wiatr<\/span><br \/><span style=\"font-family: verdana, geneva, sans-serif;\"> na co najmniej wiele, wiele dobrych lat<\/span><br \/><span style=\"font-family: verdana, geneva, sans-serif;\"> Czasem<\/span><br \/><span style=\"font-family: verdana, geneva, sans-serif;\"> tak si\u0119 zdarza<\/span><\/p>\n<p>&nbsp;<\/p>\n<audio class=\"wp-audio-shortcode\" id=\"audio-743-1\" preload=\"none\" style=\"width: 100%;\" controls=\"controls\"><source type=\"audio\/mpeg\" src=\"http:\/\/magdaumer.pl\/home\/wp-content\/uploads\/2014\/12\/czasemtaksiezdarza.mp3?_=1\" \/><a href=\"http:\/\/magdaumer.pl\/home\/wp-content\/uploads\/2014\/12\/czasemtaksiezdarza.mp3\">http:\/\/magdaumer.pl\/home\/wp-content\/uploads\/2014\/12\/czasemtaksiezdarza.mp3<\/a><\/audio>\n","protected":false},"excerpt":{"rendered":"<p>Czasem tak si\u0119 zdarza (s\u0142. A. Poniedzielski, muz. W. Borkowski) Wiem I z t\u0105 wiedz\u0105 tylko \u015bpi\u0119 Nic tak nie ko\u0142ysze mnie Jak wiedzy tratwa &#8211; \u0142atwa Mam \u015awi\u0119t\u0105 pewno\u015b\u0107 dobrych ram Obraz si\u0119 maluje sam I b\u0119dzie to &#8211; sielanka A Zdarza si\u0119 co si\u0119 nie zdarza morze kocha marynarza cho\u0107 uwa\u017ca si\u0119, \u017ce &hellip; <a href=\"http:\/\/magdaumer.pl\/home\/spiewnik\/743-2\/\" class=\"more-link\">Czytaj dalej <span class=\"screen-reader-text\">Czasem tak si\u0119 zdarza<\/span> <span class=\"meta-nav\">&rarr;<\/span><\/a><\/p>\n","protected":false},"author":1,"featured_media":0,"parent":29,"menu_order":14,"comment_status":"closed","ping_status":"closed","template":"","meta":{"footnotes":""},"class_list":["post-743","page","type-page","status-publish","hentry"],"_links":{"self":[{"href":"http:\/\/magdaumer.pl\/home\/wp-json\/wp\/v2\/pages\/743","targetHints":{"allow":["GET"]}}],"collection":[{"href":"http:\/\/magdaumer.pl\/home\/wp-json\/wp\/v2\/pages"}],"about":[{"href":"http:\/\/magdaumer.pl\/home\/wp-json\/wp\/v2\/types\/page"}],"author":[{"embeddable":true,"href":"http:\/\/magdaumer.pl\/home\/wp-json\/wp\/v2\/users\/1"}],"replies":[{"embeddable":true,"href":"http:\/\/magdaumer.pl\/home\/wp-json\/wp\/v2\/comments?post=743"}],"version-history":[{"count":4,"href":"http:\/\/magdaumer.pl\/home\/wp-json\/wp\/v2\/pages\/743\/revisions"}],"predecessor-version":[{"id":2328,"href":"http:\/\/magdaumer.pl\/home\/wp-json\/wp\/v2\/pages\/743\/revisions\/2328"}],"up":[{"embeddable":true,"href":"http:\/\/magdaumer.pl\/home\/wp-json\/wp\/v2\/pages\/29"}],"wp:attachment":[{"href":"http:\/\/magdaumer.pl\/home\/wp-json\/wp\/v2\/media?parent=743"}],"curies":[{"name":"wp","href":"https:\/\/api.w.org\/{rel}","templated":true}]}}