{"id":741,"date":"2014-12-18T10:07:41","date_gmt":"2014-12-18T10:07:41","guid":{"rendered":"http:\/\/magdaumer.pl\/home\/?page_id=741"},"modified":"2016-02-26T23:57:17","modified_gmt":"2016-02-26T23:57:17","slug":"coz-cien-sie-kladzie","status":"publish","type":"page","link":"http:\/\/magdaumer.pl\/home\/spiewnik\/coz-cien-sie-kladzie\/","title":{"rendered":"C\u00f3\u017c cie\u0144 si\u0119 k\u0142adzie"},"content":{"rendered":"<p><span style=\"font-family: verdana, geneva, sans-serif;\"><b><span style=\"color: #000080; font-size: 14pt;\">C\u00f3\u017c cie\u0144 si\u0119 k\u0142adzie<\/span><br \/> <span style=\"color: #6699ff; font-size: small;\">(s\u0142. W. Chyli\u0144ski, muz. E. Adamiak)<\/span><span style=\"color: #3399ff; font-size: small;\"><br \/> <\/span><br \/> <span style=\"color: #666666;\"><br \/> <\/span><\/b><span style=\"color: #333333;\">C\u00f3\u017c, cie\u0144 si\u0119 k\u0142adzie<br \/> mi\u0119dzy zamo\u017cnymi d\u0142o\u0144mi<br \/> i ubiera si\u0119 powieka w pi\u017cam\u0119<br \/> odmawiaj\u0105c pacierz wieczorny<\/span><\/span><\/p>\n<p><span style=\"color: #333333; font-family: verdana, geneva, sans-serif;\">Jak wczoraj zmartwienia te same<\/span><br \/><span style=\"color: #333333; font-family: verdana, geneva, sans-serif;\"> jak jutro zn\u00f3w b\u0119dzie zmartwychwstanie<\/span><br \/><span style=\"color: #333333; font-family: verdana, geneva, sans-serif;\"> Jak wczoraj zmartwienia te same<\/span><br \/><span style=\"color: #333333; font-family: verdana, geneva, sans-serif;\"> jak jutro zn\u00f3w b\u0119dzie zmartwychwstanie<\/span><\/p>\n<p><span style=\"color: #333333; font-family: verdana, geneva, sans-serif;\">\u0141\u00f3\u017cko z nocy wychodzi<\/span><br \/><span style=\"color: #333333; font-family: verdana, geneva, sans-serif;\"> By si\u0119 cokolwiek nacieszy\u0107 sztucznym \u015bwiat\u0142em<\/span><br \/><span style=\"color: #333333; font-family: verdana, geneva, sans-serif;\"> gdzie\u015b w mie\u015bcie tramwaj z piskiem wyhamowa\u0142<\/span><br \/><span style=\"color: #333333; font-family: verdana, geneva, sans-serif;\"> sw\u00f3j ostatni zakr\u0119t<\/span><\/p>\n<p><span style=\"color: #333333; font-family: verdana, geneva, sans-serif;\">Jak wczoraj zmartwienia te same<\/span><br \/><span style=\"color: #333333; font-family: verdana, geneva, sans-serif;\"> jak jutro zn\u00f3w b\u0119dzie zmartwychwstanie<\/span><br \/><span style=\"color: #333333; font-family: verdana, geneva, sans-serif;\"> Jak wczoraj zmartwienia te same<\/span><br \/><span style=\"color: #333333; font-family: verdana, geneva, sans-serif;\"> jak jutro zn\u00f3w b\u0119dzie zmartwychwstanie<\/span><\/p>\n<p>&nbsp;<\/p>\n<audio class=\"wp-audio-shortcode\" id=\"audio-741-1\" preload=\"none\" style=\"width: 100%;\" controls=\"controls\"><source type=\"audio\/mpeg\" src=\"http:\/\/magdaumer.pl\/home\/wp-content\/uploads\/2014\/12\/cozcienskiekladzie.mp3?_=1\" \/><a href=\"http:\/\/magdaumer.pl\/home\/wp-content\/uploads\/2014\/12\/cozcienskiekladzie.mp3\">http:\/\/magdaumer.pl\/home\/wp-content\/uploads\/2014\/12\/cozcienskiekladzie.mp3<\/a><\/audio>\n","protected":false},"excerpt":{"rendered":"<p>C\u00f3\u017c cie\u0144 si\u0119 k\u0142adzie (s\u0142. W. Chyli\u0144ski, muz. E. Adamiak) C\u00f3\u017c, cie\u0144 si\u0119 k\u0142adzie mi\u0119dzy zamo\u017cnymi d\u0142o\u0144mi i ubiera si\u0119 powieka w pi\u017cam\u0119 odmawiaj\u0105c pacierz wieczorny Jak wczoraj zmartwienia te same jak jutro zn\u00f3w b\u0119dzie zmartwychwstanie Jak wczoraj zmartwienia te same jak jutro zn\u00f3w b\u0119dzie zmartwychwstanie \u0141\u00f3\u017cko z nocy wychodzi By si\u0119 cokolwiek nacieszy\u0107 sztucznym &hellip; <a href=\"http:\/\/magdaumer.pl\/home\/spiewnik\/coz-cien-sie-kladzie\/\" class=\"more-link\">Czytaj dalej <span class=\"screen-reader-text\">C\u00f3\u017c cie\u0144 si\u0119 k\u0142adzie<\/span> <span class=\"meta-nav\">&rarr;<\/span><\/a><\/p>\n","protected":false},"author":1,"featured_media":0,"parent":29,"menu_order":13,"comment_status":"closed","ping_status":"closed","template":"","meta":{"footnotes":""},"class_list":["post-741","page","type-page","status-publish","hentry"],"_links":{"self":[{"href":"http:\/\/magdaumer.pl\/home\/wp-json\/wp\/v2\/pages\/741","targetHints":{"allow":["GET"]}}],"collection":[{"href":"http:\/\/magdaumer.pl\/home\/wp-json\/wp\/v2\/pages"}],"about":[{"href":"http:\/\/magdaumer.pl\/home\/wp-json\/wp\/v2\/types\/page"}],"author":[{"embeddable":true,"href":"http:\/\/magdaumer.pl\/home\/wp-json\/wp\/v2\/users\/1"}],"replies":[{"embeddable":true,"href":"http:\/\/magdaumer.pl\/home\/wp-json\/wp\/v2\/comments?post=741"}],"version-history":[{"count":4,"href":"http:\/\/magdaumer.pl\/home\/wp-json\/wp\/v2\/pages\/741\/revisions"}],"predecessor-version":[{"id":2649,"href":"http:\/\/magdaumer.pl\/home\/wp-json\/wp\/v2\/pages\/741\/revisions\/2649"}],"up":[{"embeddable":true,"href":"http:\/\/magdaumer.pl\/home\/wp-json\/wp\/v2\/pages\/29"}],"wp:attachment":[{"href":"http:\/\/magdaumer.pl\/home\/wp-json\/wp\/v2\/media?parent=741"}],"curies":[{"name":"wp","href":"https:\/\/api.w.org\/{rel}","templated":true}]}}