{"id":739,"date":"2014-12-18T10:06:16","date_gmt":"2014-12-18T10:06:16","guid":{"rendered":"http:\/\/magdaumer.pl\/home\/?page_id=739"},"modified":"2016-02-26T23:56:30","modified_gmt":"2016-02-26T23:56:30","slug":"co-to-jest-milosc","status":"publish","type":"page","link":"http:\/\/magdaumer.pl\/home\/spiewnik\/co-to-jest-milosc\/","title":{"rendered":"Co to jest mi\u0142o\u015b\u0107"},"content":{"rendered":"<p><span style=\"font-family: verdana, geneva, sans-serif;\"><b><span style=\"color: #000080; font-size: 14pt;\">Co to jest mi\u0142o\u015b\u0107<\/span><br \/> <span style=\"color: #6699ff; font-size: small;\">(s\u0142. J. Kofta, muz. K. Knittel)<\/span><span style=\"color: #3399ff; font-size: small;\"><br \/> <\/span><br \/> <span style=\"color: #666666;\"><br \/> <\/span><\/b><span style=\"color: #333333;\">Co to jest mi\u0142o\u015b\u0107<br \/> Nie wiem<br \/> Ale to mi\u0142e<br \/> \u017be chc\u0119 go mie\u0107<br \/> Dla siebie<br \/> Na nie wiem<br \/> Ile<\/span><\/span><\/p>\n<p><span style=\"color: #333333; font-family: verdana, geneva, sans-serif;\">Gdzie mieszka mi\u0142o\u015b\u0107<\/span><br \/><span style=\"color: #333333; font-family: verdana, geneva, sans-serif;\"> Nie wiem<\/span><br \/><span style=\"color: #333333; font-family: verdana, geneva, sans-serif;\"> Mo\u017ce w u\u015bmiechu<\/span><br \/><span style=\"color: #333333; font-family: verdana, geneva, sans-serif;\"> Czasem j\u0105 s\u0142ycha\u0107<\/span><br \/><span style=\"color: #333333; font-family: verdana, geneva, sans-serif;\"> W \u015bpiewie<\/span><br \/><span style=\"color: #333333; font-family: verdana, geneva, sans-serif;\"> A czasem<\/span><br \/><span style=\"color: #333333; font-family: verdana, geneva, sans-serif;\"> W echu<\/span><\/p>\n<p><span style=\"color: #333333; font-family: verdana, geneva, sans-serif;\">Co to jest mi\u0142o\u015b\u0107<\/span><br \/><span style=\"color: #333333; font-family: verdana, geneva, sans-serif;\"> Powiedz<\/span><br \/><span style=\"color: #333333; font-family: verdana, geneva, sans-serif;\"> Albo nic nie m\u00f3w<\/span><br \/><span style=\"color: #333333; font-family: verdana, geneva, sans-serif;\"> Ja chc\u0119 ci\u0119 mie\u0107<\/span><br \/><span style=\"color: #333333; font-family: verdana, geneva, sans-serif;\"> Przy sobie<\/span><br \/><span style=\"color: #333333; font-family: verdana, geneva, sans-serif;\"> I nie wiem<\/span><br \/><span style=\"color: #333333; font-family: verdana, geneva, sans-serif;\"> Czemu<\/span><\/p>\n<p>&nbsp;<\/p>\n<audio class=\"wp-audio-shortcode\" id=\"audio-739-1\" preload=\"none\" style=\"width: 100%;\" controls=\"controls\"><source type=\"audio\/mpeg\" src=\"http:\/\/magdaumer.pl\/home\/wp-content\/uploads\/2014\/12\/cotojestmilosc.mp3?_=1\" \/><a href=\"http:\/\/magdaumer.pl\/home\/wp-content\/uploads\/2014\/12\/cotojestmilosc.mp3\">http:\/\/magdaumer.pl\/home\/wp-content\/uploads\/2014\/12\/cotojestmilosc.mp3<\/a><\/audio>\n","protected":false},"excerpt":{"rendered":"<p>Co to jest mi\u0142o\u015b\u0107 (s\u0142. J. Kofta, muz. K. Knittel) Co to jest mi\u0142o\u015b\u0107 Nie wiem Ale to mi\u0142e \u017be chc\u0119 go mie\u0107 Dla siebie Na nie wiem Ile Gdzie mieszka mi\u0142o\u015b\u0107 Nie wiem Mo\u017ce w u\u015bmiechu Czasem j\u0105 s\u0142ycha\u0107 W \u015bpiewie A czasem W echu Co to jest mi\u0142o\u015b\u0107 Powiedz Albo nic nie m\u00f3w &hellip; <a href=\"http:\/\/magdaumer.pl\/home\/spiewnik\/co-to-jest-milosc\/\" class=\"more-link\">Czytaj dalej <span class=\"screen-reader-text\">Co to jest mi\u0142o\u015b\u0107<\/span> <span class=\"meta-nav\">&rarr;<\/span><\/a><\/p>\n","protected":false},"author":1,"featured_media":0,"parent":29,"menu_order":12,"comment_status":"closed","ping_status":"closed","template":"","meta":{"footnotes":""},"class_list":["post-739","page","type-page","status-publish","hentry"],"_links":{"self":[{"href":"http:\/\/magdaumer.pl\/home\/wp-json\/wp\/v2\/pages\/739","targetHints":{"allow":["GET"]}}],"collection":[{"href":"http:\/\/magdaumer.pl\/home\/wp-json\/wp\/v2\/pages"}],"about":[{"href":"http:\/\/magdaumer.pl\/home\/wp-json\/wp\/v2\/types\/page"}],"author":[{"embeddable":true,"href":"http:\/\/magdaumer.pl\/home\/wp-json\/wp\/v2\/users\/1"}],"replies":[{"embeddable":true,"href":"http:\/\/magdaumer.pl\/home\/wp-json\/wp\/v2\/comments?post=739"}],"version-history":[{"count":3,"href":"http:\/\/magdaumer.pl\/home\/wp-json\/wp\/v2\/pages\/739\/revisions"}],"predecessor-version":[{"id":1868,"href":"http:\/\/magdaumer.pl\/home\/wp-json\/wp\/v2\/pages\/739\/revisions\/1868"}],"up":[{"embeddable":true,"href":"http:\/\/magdaumer.pl\/home\/wp-json\/wp\/v2\/pages\/29"}],"wp:attachment":[{"href":"http:\/\/magdaumer.pl\/home\/wp-json\/wp\/v2\/media?parent=739"}],"curies":[{"name":"wp","href":"https:\/\/api.w.org\/{rel}","templated":true}]}}