{"id":733,"date":"2014-12-18T10:00:13","date_gmt":"2014-12-18T10:00:13","guid":{"rendered":"http:\/\/magdaumer.pl\/home\/?page_id=733"},"modified":"2016-02-26T23:51:14","modified_gmt":"2016-02-26T23:51:14","slug":"bessy-i-jej-kolowrotek","status":"publish","type":"page","link":"http:\/\/magdaumer.pl\/home\/spiewnik\/bessy-i-jej-kolowrotek\/","title":{"rendered":"Bessy i jej ko\u0142owrotek"},"content":{"rendered":"<p><span style=\"font-family: verdana, geneva, sans-serif;\"><b><span style=\"color: #000080; font-size: 14pt;\">Bessy i jej ko\u0142owrotek<\/span><br \/> <span style=\"color: #6699ff; font-size: small;\">(s\u0142. R. Bursa, muz. S. Syrewicz)<\/span><span style=\"color: #3399ff; font-size: small;\"><br \/> <\/span><br \/> <span style=\"color: #666666;\"><br \/> <\/span><\/b><span style=\"color: #333333;\">O, lubi\u0119 ko\u0142owrotka stuk<br \/> gdy k\u0105dziel sp\u0142ywa do mych n\u00f3g<br \/> od st\u00f3p do g\u0142\u00f3w ubierze mnie<br \/> cieplutko, mi\u0142o b\u0119dzie w niej<br \/> Lubi\u0119 tak o zachodzie si\u0105\u015b\u0107<br \/> w gasn\u0105cym s\u0142o\u0144cu \u015bpiewa\u0107, prz\u0105\u015b\u0107<br \/> tu\u017c po wieczerzy wyj\u015b\u0107 przed pr\u00f3g<br \/> i s\u0142ysze\u0107 ko\u0142owrotka stuk<\/span><\/span><\/p>\n<p><span style=\"color: #333333; font-family: verdana, geneva, sans-serif;\">Gdzie cie\u0144 s\u0142omianej strzechy leg\u0142<\/span><br \/><span style=\"color: #333333; font-family: verdana, geneva, sans-serif;\"> strumyki \u0142\u0105cz\u0105 chy\u017cy bieg<\/span><br \/><span style=\"color: #333333; font-family: verdana, geneva, sans-serif;\"> do wonnej brzozy bia\u0142y g\u0142\u00f3g<\/span><br \/><span style=\"color: #333333; font-family: verdana, geneva, sans-serif;\"> ponad sadzawk\u0105 szuka dr\u00f3g<\/span><br \/><span style=\"color: #333333; font-family: verdana, geneva, sans-serif;\"> jakby chcia\u0142 w upalny dzie\u0144<\/span><br \/><span style=\"color: #333333; font-family: verdana, geneva, sans-serif;\"> ptakom i rybom dawa\u0107 cie\u0144<\/span><br \/><span style=\"color: #333333; font-family: verdana, geneva, sans-serif;\"> s\u0142o\u0144ce k\u0142adzie si\u0119 u mych n\u00f3g<\/span><br \/><span style=\"color: #333333; font-family: verdana, geneva, sans-serif;\"> o, lubi\u0119 ko\u0142owrotka stuk<\/span><\/p>\n<p><span style=\"color: #333333; font-family: verdana, geneva, sans-serif;\">Na d\u0119bie dziki go\u0142\u0105b siad\u0142<\/span><br \/><span style=\"color: #333333; font-family: verdana, geneva, sans-serif;\"> grucha smutnemu echu rad<\/span><br \/><span style=\"color: #333333; font-family: verdana, geneva, sans-serif;\"> A makol\u0105gwy tworz\u0105 wt\u00f3r<\/span><br \/><span style=\"color: #333333; font-family: verdana, geneva, sans-serif;\"> w leszczynie wiod\u0105c gwarny sp\u00f3r<\/span><br \/><span style=\"color: #333333; font-family: verdana, geneva, sans-serif;\"> derkacz gdzie\u015b w koniczynie gra<\/span><br \/><span style=\"color: #333333; font-family: verdana, geneva, sans-serif;\"> i kuropatwa po\u015br\u00f3d traw<\/span><br \/><span style=\"color: #333333; font-family: verdana, geneva, sans-serif;\"> jask\u00f3\u0142ka w g\u00f3rze toczy \u0142uk<\/span><br \/><span style=\"color: #333333; font-family: verdana, geneva, sans-serif;\"> o, lubi\u0119 ko\u0142owrotka stuk<\/span><\/p>\n<p>&nbsp;<\/p>\n<audio class=\"wp-audio-shortcode\" id=\"audio-733-1\" preload=\"none\" style=\"width: 100%;\" controls=\"controls\"><source type=\"audio\/mpeg\" src=\"http:\/\/magdaumer.pl\/home\/wp-content\/uploads\/2014\/12\/bessyijejkolowrotek.mp3?_=1\" \/><a href=\"http:\/\/magdaumer.pl\/home\/wp-content\/uploads\/2014\/12\/bessyijejkolowrotek.mp3\">http:\/\/magdaumer.pl\/home\/wp-content\/uploads\/2014\/12\/bessyijejkolowrotek.mp3<\/a><\/audio>\n","protected":false},"excerpt":{"rendered":"<p>Bessy i jej ko\u0142owrotek (s\u0142. R. Bursa, muz. S. Syrewicz) O, lubi\u0119 ko\u0142owrotka stuk gdy k\u0105dziel sp\u0142ywa do mych n\u00f3g od st\u00f3p do g\u0142\u00f3w ubierze mnie cieplutko, mi\u0142o b\u0119dzie w niej Lubi\u0119 tak o zachodzie si\u0105\u015b\u0107 w gasn\u0105cym s\u0142o\u0144cu \u015bpiewa\u0107, prz\u0105\u015b\u0107 tu\u017c po wieczerzy wyj\u015b\u0107 przed pr\u00f3g i s\u0142ysze\u0107 ko\u0142owrotka stuk Gdzie cie\u0144 s\u0142omianej strzechy &hellip; <a href=\"http:\/\/magdaumer.pl\/home\/spiewnik\/bessy-i-jej-kolowrotek\/\" class=\"more-link\">Czytaj dalej <span class=\"screen-reader-text\">Bessy i jej ko\u0142owrotek<\/span> <span class=\"meta-nav\">&rarr;<\/span><\/a><\/p>\n","protected":false},"author":1,"featured_media":0,"parent":29,"menu_order":9,"comment_status":"closed","ping_status":"closed","template":"","meta":{"footnotes":""},"class_list":["post-733","page","type-page","status-publish","hentry"],"_links":{"self":[{"href":"http:\/\/magdaumer.pl\/home\/wp-json\/wp\/v2\/pages\/733","targetHints":{"allow":["GET"]}}],"collection":[{"href":"http:\/\/magdaumer.pl\/home\/wp-json\/wp\/v2\/pages"}],"about":[{"href":"http:\/\/magdaumer.pl\/home\/wp-json\/wp\/v2\/types\/page"}],"author":[{"embeddable":true,"href":"http:\/\/magdaumer.pl\/home\/wp-json\/wp\/v2\/users\/1"}],"replies":[{"embeddable":true,"href":"http:\/\/magdaumer.pl\/home\/wp-json\/wp\/v2\/comments?post=733"}],"version-history":[{"count":4,"href":"http:\/\/magdaumer.pl\/home\/wp-json\/wp\/v2\/pages\/733\/revisions"}],"predecessor-version":[{"id":1860,"href":"http:\/\/magdaumer.pl\/home\/wp-json\/wp\/v2\/pages\/733\/revisions\/1860"}],"up":[{"embeddable":true,"href":"http:\/\/magdaumer.pl\/home\/wp-json\/wp\/v2\/pages\/29"}],"wp:attachment":[{"href":"http:\/\/magdaumer.pl\/home\/wp-json\/wp\/v2\/media?parent=733"}],"curies":[{"name":"wp","href":"https:\/\/api.w.org\/{rel}","templated":true}]}}