{"id":728,"date":"2014-12-18T09:57:04","date_gmt":"2014-12-18T09:57:04","guid":{"rendered":"http:\/\/magdaumer.pl\/home\/?page_id=728"},"modified":"2016-02-26T23:48:54","modified_gmt":"2016-02-26T23:48:54","slug":"ballada-bezludna","status":"publish","type":"page","link":"http:\/\/magdaumer.pl\/home\/spiewnik\/ballada-bezludna\/","title":{"rendered":"Ballada bezludna"},"content":{"rendered":"<p><span style=\"font-family: verdana, geneva, sans-serif;\"><b><span style=\"color: #000080; font-size: 14pt;\">Ballada bezludna<\/span><br \/> <span style=\"color: #6699ff; font-size: small;\">(s\u0142. B. Le\u015bmian, muz. M. Krasicki)<\/span><span style=\"color: #3399ff; font-size: small;\"><br \/> <\/span><br \/> <span style=\"color: #666666;\"><br \/> <\/span><\/b><span style=\"color: #333333;\">Niedost\u0119pna ludzkim oczom, \u017ce nikt po niej si\u0119 nie b\u0142\u0105ka<br \/> W swym bezpieczu szmaragdowym rozkwita\u0142a w bezmiar \u0142\u0105ka<br \/> Strumie\u0144 skrzy\u0142 si\u0119 na zieleni nieustannie zmienn\u0105 \u0142at\u0105<br \/> A gwo\u017adziki spoza trawy wykrapia\u0142y si\u0119 wi\u015bniato<br \/> \u015awierszcz, od rosy nap\u0119cznia\u0142y, ciemni\u0142 pysk nadmiarem \u015bliny<br \/> I dmuchawiec kropl\u0105 mlecza b\u0142yska\u0142 w zadrach swej \u0142\u0119ciny<br \/> A dech \u0142\u0105ki wrza\u0142 od wrzawy, wrza\u0142 i \u017cywcem w s\u0142o\u0144cu dysza\u0142<br \/> I nie by\u0142o tu nikogo, kto by to widzia\u0142, kto by to s\u0142ysza\u0142<\/span><\/span><\/p>\n<p><span style=\"color: #333333; font-family: verdana, geneva, sans-serif;\">Gdzie\u017c me piersi czerwcami gor\u0105ce?<\/span><br \/><span style=\"color: #333333; font-family: verdana, geneva, sans-serif;\"> Czemu\u017c nie ma ust moich na \u0142\u0105ce?<\/span><br \/><span style=\"color: #333333; font-family: verdana, geneva, sans-serif;\"> Rwa\u0107 mi kwiaty r\u0119kami obiema!<\/span><br \/><span style=\"color: #333333; font-family: verdana, geneva, sans-serif;\"> Czemu\u017c r\u0105k mych tam na kwiatach nie ma?<\/span><\/p>\n<p><span style=\"color: #333333; font-family: verdana, geneva, sans-serif;\">Zab\u00f3stwi\u0142o si\u0119 cudacznie pod blekotem na uboczu<\/span><br \/><span style=\"color: #333333; font-family: verdana, geneva, sans-serif;\"> A to jaka\u015b mg\u0142a dziewcz\u0119ca chcia\u0142a dosta\u0107 warg i oczu<\/span><br \/><span style=\"color: #333333; font-family: verdana, geneva, sans-serif;\"> A czu\u0107 by\u0142o, jak bole\u015bnie chce si\u0119 stworzy\u0107, chce si\u0119 wcieli\u0107<\/span><br \/><span style=\"color: #333333; font-family: verdana, geneva, sans-serif;\"> Raz warkoczem si\u0119 zaz\u0142oci\u0107, raz piersiami si\u0119 zabieli\u0107<\/span><br \/><span style=\"color: #333333; font-family: verdana, geneva, sans-serif;\"> I czu\u0107 by\u0142o, jak si\u0119 zmaga zdyszanego m\u0119k\u0105 \u0142ona<\/span><br \/><span style=\"color: #333333; font-family: verdana, geneva, sans-serif;\"> A\u017c na wieki si\u0142 jej zbrak\u0142o &#8211; i spocz\u0119\u0142a niezjawiona!<\/span><br \/><span style=\"color: #333333; font-family: verdana, geneva, sans-serif;\"> Jeno miejsce, gdzie by\u0107 mog\u0142a, jeszcze trwa\u0142o i szumia\u0142o<\/span><br \/><span style=\"color: #333333; font-family: verdana, geneva, sans-serif;\"> Pr\u00f3\u017cne miejsce na te dusz\u0119, wonne miejsce na to cia\u0142o<\/span><\/p>\n<p><span style=\"color: #333333; font-family: verdana, geneva, sans-serif;\">Gdzie\u017c me piersi czerwcami gor\u0105ce?<\/span><br \/><span style=\"color: #333333; font-family: verdana, geneva, sans-serif;\"> Czemu\u017c nie ma ust moich na \u0142\u0105ce?<\/span><br \/><span style=\"color: #333333; font-family: verdana, geneva, sans-serif;\"> Rwa\u0107 mi kwiaty r\u0119kami obiema!<\/span><br \/><span style=\"color: #333333; font-family: verdana, geneva, sans-serif;\"> Czemu\u017c r\u0105k mych tam na kwiatach nie ma?<\/span><\/p>\n<p><span style=\"color: #333333; font-family: verdana, geneva, sans-serif;\">Przywabione obcym szmerem, wszystkie zio\u0142a i owady<\/span><br \/><span style=\"color: #333333; font-family: verdana, geneva, sans-serif;\"> Wrzawnie zbieg\u0142y si\u0119 w to miejsce, niebywa\u0142e w\u0119sz\u0105c \u015blady<\/span><br \/><span style=\"color: #333333; font-family: verdana, geneva, sans-serif;\"> Paj\u0105k w nico\u015b\u0107 si\u0119 nastawi\u0142, by pochwyci\u0107 cie\u0144 jej cienia<\/span><br \/><span style=\"color: #333333; font-family: verdana, geneva, sans-serif;\"> B\u0105k odtr\u0105bi\u0142 uroczysto\u015b\u0107 spe\u0142nionego nieistnienia<\/span><br \/><span style=\"color: #333333; font-family: verdana, geneva, sans-serif;\"> \u017buki gra\u0142y jej potrupne, \u015bwierszcze pie\u015bni powitalne<\/span><br \/><span style=\"color: #333333; font-family: verdana, geneva, sans-serif;\"> Kwiaty wi\u0142y si\u0119 we wie\u0144ce, ach, we wie\u0144ce po\u017cegnalne!<\/span><br \/><span style=\"color: #333333; font-family: verdana, geneva, sans-serif;\"> Wszyscy byli w owym miejscu na s\u0142onecznym, na obrz\u0119dzie<\/span><br \/><span style=\"color: #333333; font-family: verdana, geneva, sans-serif;\"> Pr\u00f3cz tej jednej, co by\u0107 mog\u0142a, a nie by\u0142a i nie b\u0119dzie!<\/span><\/p>\n<p><span style=\"color: #333333; font-family: verdana, geneva, sans-serif;\">Gdzie\u017c me piersi czerwcami gor\u0105ce?<\/span><br \/><span style=\"color: #333333; font-family: verdana, geneva, sans-serif;\"> Czemu\u017c nie ma ust moich na \u0142\u0105ce?<\/span><br \/><span style=\"color: #333333; font-family: verdana, geneva, sans-serif;\"> Rwa\u0107 mi kwiaty r\u0119kami obiema!<\/span><br \/><span style=\"color: #333333; font-family: verdana, geneva, sans-serif;\"> Czemu\u017c r\u0105k mych tam na kwiatach nie ma?<\/span><\/p>\n<p>&nbsp;<\/p>\n<audio class=\"wp-audio-shortcode\" id=\"audio-728-1\" preload=\"none\" style=\"width: 100%;\" controls=\"controls\"><source type=\"audio\/mpeg\" src=\"http:\/\/magdaumer.pl\/home\/wp-content\/uploads\/2014\/12\/balladabezludna.mp3?_=1\" \/><a href=\"http:\/\/magdaumer.pl\/home\/wp-content\/uploads\/2014\/12\/balladabezludna.mp3\">http:\/\/magdaumer.pl\/home\/wp-content\/uploads\/2014\/12\/balladabezludna.mp3<\/a><\/audio>\n","protected":false},"excerpt":{"rendered":"<p>Ballada bezludna (s\u0142. B. Le\u015bmian, muz. M. Krasicki) Niedost\u0119pna ludzkim oczom, \u017ce nikt po niej si\u0119 nie b\u0142\u0105ka W swym bezpieczu szmaragdowym rozkwita\u0142a w bezmiar \u0142\u0105ka Strumie\u0144 skrzy\u0142 si\u0119 na zieleni nieustannie zmienn\u0105 \u0142at\u0105 A gwo\u017adziki spoza trawy wykrapia\u0142y si\u0119 wi\u015bniato \u015awierszcz, od rosy nap\u0119cznia\u0142y, ciemni\u0142 pysk nadmiarem \u015bliny I dmuchawiec kropl\u0105 mlecza b\u0142yska\u0142 w &hellip; <a href=\"http:\/\/magdaumer.pl\/home\/spiewnik\/ballada-bezludna\/\" class=\"more-link\">Czytaj dalej <span class=\"screen-reader-text\">Ballada bezludna<\/span> <span class=\"meta-nav\">&rarr;<\/span><\/a><\/p>\n","protected":false},"author":1,"featured_media":0,"parent":29,"menu_order":7,"comment_status":"closed","ping_status":"closed","template":"","meta":{"footnotes":""},"class_list":["post-728","page","type-page","status-publish","hentry"],"_links":{"self":[{"href":"http:\/\/magdaumer.pl\/home\/wp-json\/wp\/v2\/pages\/728","targetHints":{"allow":["GET"]}}],"collection":[{"href":"http:\/\/magdaumer.pl\/home\/wp-json\/wp\/v2\/pages"}],"about":[{"href":"http:\/\/magdaumer.pl\/home\/wp-json\/wp\/v2\/types\/page"}],"author":[{"embeddable":true,"href":"http:\/\/magdaumer.pl\/home\/wp-json\/wp\/v2\/users\/1"}],"replies":[{"embeddable":true,"href":"http:\/\/magdaumer.pl\/home\/wp-json\/wp\/v2\/comments?post=728"}],"version-history":[{"count":4,"href":"http:\/\/magdaumer.pl\/home\/wp-json\/wp\/v2\/pages\/728\/revisions"}],"predecessor-version":[{"id":2327,"href":"http:\/\/magdaumer.pl\/home\/wp-json\/wp\/v2\/pages\/728\/revisions\/2327"}],"up":[{"embeddable":true,"href":"http:\/\/magdaumer.pl\/home\/wp-json\/wp\/v2\/pages\/29"}],"wp:attachment":[{"href":"http:\/\/magdaumer.pl\/home\/wp-json\/wp\/v2\/media?parent=728"}],"curies":[{"name":"wp","href":"https:\/\/api.w.org\/{rel}","templated":true}]}}