{"id":699,"date":"2014-12-18T09:04:32","date_gmt":"2014-12-18T09:04:32","guid":{"rendered":"http:\/\/magdaumer.pl\/home\/?page_id=699"},"modified":"2016-03-02T18:45:36","modified_gmt":"2016-03-02T18:45:36","slug":"ach-panie-panowie","status":"publish","type":"page","link":"http:\/\/magdaumer.pl\/home\/spiewnik\/ach-panie-panowie\/","title":{"rendered":"Ach Panie, Panowie"},"content":{"rendered":"<p><span style=\"font-family: verdana, geneva, sans-serif;\"><b><span style=\"font-size: 14pt;\"><span style=\"color: #000080;\">A<\/span><span style=\"color: #000080;\">ch Panie, Panowie<\/span><\/span><br \/> <span style=\"color: #6699ff; font-size: small;\">(s\u0142. A. Osiecka, muz. B. Okud\u017cawa)<\/span><\/b><\/span><\/p>\n<p><span style=\"font-family: verdana, geneva, sans-serif;\"><br \/><span style=\"color: #333333;\">Gasn\u0105 ognie w\u015br\u00f3d \u0142\u0105k, biegn\u0105 ch\u0142opcy znad rzek<\/span><\/span><br \/><span style=\"color: #333333;\"><span style=\"font-family: verdana, geneva, sans-serif; line-height: 1.5;\">ch\u0142odna noc, d\u0142uga noc zawita\u0142a na brzeg<br \/><\/span><span style=\"font-family: verdana, geneva, sans-serif; line-height: 1.5;\">\u015api\u0105 samotne ziemniaki w popiele<br \/><\/span><span style=\"font-family: verdana, geneva, sans-serif; line-height: 1.5;\">nie przyjedzie ju\u017c nikt na niedziel\u0119&#8230;<br \/><\/span><span style=\"font-family: verdana, geneva, sans-serif; line-height: 1.5;\">Jeszcze czynny GS, wi\u0119cej piwa ni\u017c \u0142ez<br \/><\/span><span style=\"font-family: verdana, geneva, sans-serif; line-height: 1.5;\">lecz nie taki ju\u017c t\u0142ok &#8211; przeszed\u0142 rok &#8211; min\u0105\u0142 rok<br \/><\/span><span style=\"font-family: verdana, geneva, sans-serif; line-height: 1.5;\">Sennie chwiej\u0105 si\u0119 \u0142any rzepaku<br \/><\/span><span style=\"font-family: verdana, geneva, sans-serif; line-height: 1.5;\">umieraj\u0105 co s\u0142absi w\u015br\u00f3d ptak\u00f3w&#8230;<\/span><\/span><\/p>\n<p><span style=\"font-family: verdana, geneva, sans-serif; color: #333333;\">Ach, panie, panowie<\/span><br \/><span style=\"font-family: verdana, geneva, sans-serif; color: #333333;\"> ach, panie, panowie<\/span><br \/><span style=\"font-family: verdana, geneva, sans-serif; color: #333333;\"> ach, panie, panowie<\/span><br \/><span style=\"font-family: verdana, geneva, sans-serif; color: #333333;\"> czemu ciep\u0142a nie ma w nas?<\/span><\/p>\n<p><span style=\"font-family: verdana, geneva, sans-serif; color: #333333;\">Co by\u0142o, to by\u0142o<\/span><br \/><span style=\"font-family: verdana, geneva, sans-serif; color: #333333;\"> co by\u0142o, to by\u0142o<\/span><br \/><span style=\"font-family: verdana, geneva, sans-serif; color: #333333;\"> co by\u0142o, to by\u0142o<\/span><br \/><span style=\"font-family: verdana, geneva, sans-serif; color: #333333;\"> nie wr\u00f3ci drugi raz<\/span><\/p>\n<p><span style=\"font-family: verdana, geneva, sans-serif; color: #333333;\">Ach, panie, panowie<\/span><br \/><span style=\"font-family: verdana, geneva, sans-serif; color: #333333;\"> ach, panie, panowie<\/span><br \/><span style=\"font-family: verdana, geneva, sans-serif; color: #333333;\"> ach, panie, panowie<\/span><br \/><span style=\"font-family: verdana, geneva, sans-serif; color: #333333;\"> ju\u017c ciep\u0142a nie ma w nas<\/span><\/p>\n<p><span style=\"font-family: verdana, geneva, sans-serif; color: #333333;\">Co by\u0142o, to by\u0142o<\/span><br \/><span style=\"font-family: verdana, geneva, sans-serif; color: #333333;\"> min\u0119\u0142o jak mi\u0142o\u015b\u0107<\/span><br \/><span style=\"font-family: verdana, geneva, sans-serif; color: #333333;\"> prze\u015bni\u0142o, przel\u015bni\u0142o<\/span><br \/><span style=\"font-family: verdana, geneva, sans-serif; color: #333333;\"> wy\u015bni\u0142o si\u0119 do dna<\/span><\/p>\n<p><span style=\"font-family: verdana, geneva, sans-serif; color: #333333;\">Poczernia\u0142y pnie drzew, li\u015bcie porwa\u0142 im wiatr<\/span><br \/><span style=\"font-family: verdana, geneva, sans-serif; color: #333333;\"> poznika\u0142y gdzie\u015b hen, jak nadziei mych \u015blad<\/span><br \/><span style=\"font-family: verdana, geneva, sans-serif; color: #333333;\"> Nie z\u0142owione figluj\u0105 szczupaki<\/span><br \/><span style=\"font-family: verdana, geneva, sans-serif; color: #333333;\"> min\u0105\u0142 rok, znowu rok &#8211; byle jaki&#8230;<\/span><br \/><span style=\"font-family: verdana, geneva, sans-serif; color: #333333;\"> Widzisz, ko\u0144czy si\u0119 bal, nie m\u00f3w mi, \u017ce ci \u017cal<\/span><br \/><span style=\"font-family: verdana, geneva, sans-serif; color: #333333;\"> przecie\u017c patrzysz nie tak, m\u00f3wisz &#8222;szcz\u0119\u015bcia nam brak&#8221;<\/span><br \/><span style=\"font-family: verdana, geneva, sans-serif; color: #333333;\"> zamarzaj\u0105 na \u015bmier\u0107 kartofliska<\/span><br \/><span style=\"font-family: verdana, geneva, sans-serif; color: #333333;\"> wiem, \u017ce pora rozstania ju\u017c bliska<\/span><\/p>\n<p><span style=\"font-family: verdana, geneva, sans-serif; color: #333333;\">Ach, panie, panowie<\/span><br \/><span style=\"font-family: verdana, geneva, sans-serif; color: #333333;\"> ach, panie, panowie<\/span><br \/><span style=\"font-family: verdana, geneva, sans-serif; color: #333333;\"> ach, panie, panowie<\/span><br \/><span style=\"font-family: verdana, geneva, sans-serif; color: #333333;\"> czemu ciep\u0142a nie ma w nas?<\/span><\/p>\n<p><span style=\"font-family: verdana, geneva, sans-serif; color: #333333;\">Co by\u0142o, to by\u0142o<\/span><br \/><span style=\"font-family: verdana, geneva, sans-serif; color: #333333;\"> co by\u0142o, to by\u0142o<\/span><br \/><span style=\"font-family: verdana, geneva, sans-serif; color: #333333;\"> co by\u0142o, to by\u0142o<\/span><br \/><span style=\"font-family: verdana, geneva, sans-serif; color: #333333;\"> nie wr\u00f3ci drugi raz<\/span><\/p>\n<p><span style=\"font-family: verdana, geneva, sans-serif; color: #333333;\">Ach, panie, panowie<\/span><br \/><span style=\"font-family: verdana, geneva, sans-serif; color: #333333;\"> ach, panie, panowie<\/span><br \/><span style=\"font-family: verdana, geneva, sans-serif; color: #333333;\"> ach, panie, panowie<\/span><br \/><span style=\"font-family: verdana, geneva, sans-serif; color: #333333;\"> ju\u017c ciep\u0142a nie ma w nas<\/span><\/p>\n<p><span style=\"font-family: verdana, geneva, sans-serif; color: #333333;\">Co by\u0142o, to by\u0142o<\/span><br \/><span style=\"font-family: verdana, geneva, sans-serif; color: #333333;\"> min\u0119\u0142o jak mi\u0142o\u015b\u0107<\/span><br \/><span style=\"font-family: verdana, geneva, sans-serif; color: #333333;\"> prze\u015bni\u0142o, przel\u015bni\u0142o<\/span><br \/><span style=\"font-family: verdana, geneva, sans-serif; color: #333333;\"> wy\u015bni\u0142o si\u0119 do dna<\/span><\/p>\n<p><span style=\"font-family: verdana, geneva, sans-serif; color: #333333;\">Umiem ceni\u0107 tw\u00f3j takt, elegancki tw\u00f3j styl<\/span><br \/><span style=\"font-family: verdana, geneva, sans-serif; color: #333333;\"> kto nauczy\u0142 ci\u0119 tak \u0142adnie patrze\u0107 na \u0142zy?<\/span><br \/><span style=\"font-family: verdana, geneva, sans-serif; color: #333333;\"> Jeszcze tulisz do ust moj\u0105 r\u0119k\u0119<\/span><br \/><span style=\"font-family: verdana, geneva, sans-serif; color: #333333;\"> lecz zapomnisz mnie jak t\u0119 piosenk\u0119<\/span><br \/><span style=\"font-family: verdana, geneva, sans-serif; color: #333333;\"> \u017begnaj mi\u0142y, no c\u00f3\u017c, jak si\u0119 \u017cegna\u0107 &#8211; to ju\u017c<\/span><br \/><span style=\"font-family: verdana, geneva, sans-serif; color: #333333;\"> pi\u0119knie by\u0142o nam z tym, lecz za du\u017co jest zim<\/span><br \/><span style=\"font-family: verdana, geneva, sans-serif; color: #333333;\"> ja ci\u0119 mo\u017ce za ma\u0142o kocha\u0142am<\/span><br \/><span style=\"font-family: verdana, geneva, sans-serif; color: #333333;\"> lecz zapomnie\u0107, to ju\u017c nie umia\u0142am<\/span><\/p>\n<p><span style=\"font-family: verdana, geneva, sans-serif; color: #333333;\">Ach, panie, panowie,<\/span><br \/><span style=\"font-family: verdana, geneva, sans-serif; color: #333333;\"> ach, panie, panowie,<\/span><br \/><span style=\"font-family: verdana, geneva, sans-serif; color: #333333;\"> ach, panie, panowie,<\/span><br \/><span style=\"font-family: verdana, geneva, sans-serif; color: #333333;\"> czemu ciep\u0142a nie ma w nas?<\/span><\/p>\n<p><span style=\"font-family: verdana, geneva, sans-serif; color: #333333;\">Co by\u0142o, to by\u0142o,<\/span><br \/><span style=\"font-family: verdana, geneva, sans-serif; color: #333333;\"> co by\u0142o, to by\u0142o,<\/span><br \/><span style=\"font-family: verdana, geneva, sans-serif; color: #333333;\"> co by\u0142o, to by\u0142o,<\/span><br \/><span style=\"font-family: verdana, geneva, sans-serif; color: #333333;\"> nie wr\u00f3ci drugi raz<\/span><\/p>\n<p><span style=\"font-family: verdana, geneva, sans-serif; color: #333333;\">Ach, panie, panowie,<\/span><br \/><span style=\"font-family: verdana, geneva, sans-serif; color: #333333;\"> ach, panie, panowie,<\/span><br \/><span style=\"font-family: verdana, geneva, sans-serif; color: #333333;\"> ach, panie, panowie,<\/span><br \/><span style=\"font-family: verdana, geneva, sans-serif; color: #333333;\"> ju\u017c ciep\u0142a nie ma w nas<\/span><\/p>\n<p><span style=\"font-family: verdana, geneva, sans-serif; color: #333333;\">Co by\u0142o, to by\u0142o,<\/span><br \/><span style=\"font-family: verdana, geneva, sans-serif; color: #333333;\"> min\u0119\u0142o jak mi\u0142o\u015b\u0107,<\/span><br \/><span style=\"font-family: verdana, geneva, sans-serif; color: #333333;\"> prze\u015bni\u0142o, przel\u015bni\u0142o &#8211;<\/span><br \/><span style=\"font-family: verdana, geneva, sans-serif; color: #333333;\"> wy\u015bni\u0142o si\u0119 do dna<\/span><\/p>\n<p>&nbsp;<\/p>\n<audio class=\"wp-audio-shortcode\" id=\"audio-699-1\" preload=\"none\" style=\"width: 100%;\" controls=\"controls\"><source type=\"audio\/mpeg\" src=\"http:\/\/magdaumer.pl\/home\/wp-content\/uploads\/2014\/12\/achpaniepanowie.mp3?_=1\" \/><a href=\"http:\/\/magdaumer.pl\/home\/wp-content\/uploads\/2014\/12\/achpaniepanowie.mp3\">http:\/\/magdaumer.pl\/home\/wp-content\/uploads\/2014\/12\/achpaniepanowie.mp3<\/a><\/audio>\n","protected":false},"excerpt":{"rendered":"<p>Ach Panie, Panowie (s\u0142. A. Osiecka, muz. B. Okud\u017cawa) Gasn\u0105 ognie w\u015br\u00f3d \u0142\u0105k, biegn\u0105 ch\u0142opcy znad rzekch\u0142odna noc, d\u0142uga noc zawita\u0142a na brzeg\u015api\u0105 samotne ziemniaki w popielenie przyjedzie ju\u017c nikt na niedziel\u0119&#8230;Jeszcze czynny GS, wi\u0119cej piwa ni\u017c \u0142ezlecz nie taki ju\u017c t\u0142ok &#8211; przeszed\u0142 rok &#8211; min\u0105\u0142 rokSennie chwiej\u0105 si\u0119 \u0142any rzepakuumieraj\u0105 co s\u0142absi w\u015br\u00f3d &hellip; <a href=\"http:\/\/magdaumer.pl\/home\/spiewnik\/ach-panie-panowie\/\" class=\"more-link\">Czytaj dalej <span class=\"screen-reader-text\">Ach Panie, Panowie<\/span> <span class=\"meta-nav\">&rarr;<\/span><\/a><\/p>\n","protected":false},"author":1,"featured_media":0,"parent":29,"menu_order":2,"comment_status":"closed","ping_status":"closed","template":"","meta":{"footnotes":""},"class_list":["post-699","page","type-page","status-publish","hentry"],"_links":{"self":[{"href":"http:\/\/magdaumer.pl\/home\/wp-json\/wp\/v2\/pages\/699","targetHints":{"allow":["GET"]}}],"collection":[{"href":"http:\/\/magdaumer.pl\/home\/wp-json\/wp\/v2\/pages"}],"about":[{"href":"http:\/\/magdaumer.pl\/home\/wp-json\/wp\/v2\/types\/page"}],"author":[{"embeddable":true,"href":"http:\/\/magdaumer.pl\/home\/wp-json\/wp\/v2\/users\/1"}],"replies":[{"embeddable":true,"href":"http:\/\/magdaumer.pl\/home\/wp-json\/wp\/v2\/comments?post=699"}],"version-history":[{"count":10,"href":"http:\/\/magdaumer.pl\/home\/wp-json\/wp\/v2\/pages\/699\/revisions"}],"predecessor-version":[{"id":2324,"href":"http:\/\/magdaumer.pl\/home\/wp-json\/wp\/v2\/pages\/699\/revisions\/2324"}],"up":[{"embeddable":true,"href":"http:\/\/magdaumer.pl\/home\/wp-json\/wp\/v2\/pages\/29"}],"wp:attachment":[{"href":"http:\/\/magdaumer.pl\/home\/wp-json\/wp\/v2\/media?parent=699"}],"curies":[{"name":"wp","href":"https:\/\/api.w.org\/{rel}","templated":true}]}}