{"id":524,"date":"2014-12-18T08:21:27","date_gmt":"2014-12-18T08:21:27","guid":{"rendered":"http:\/\/magdaumer.pl\/home\/?page_id=524"},"modified":"2016-02-26T23:53:35","modified_gmt":"2016-02-26T23:53:35","slug":"a-jednak-wrocil","status":"publish","type":"page","link":"http:\/\/magdaumer.pl\/home\/spiewnik\/a-jednak-wrocil\/","title":{"rendered":"A jednak wr\u00f3ci\u0142"},"content":{"rendered":"<p style=\"text-align: justify;\"><span style=\"font-family: verdana, geneva, sans-serif;\"><b style=\"text-align: justify;\"><span style=\"color: #333333;\"><span style=\"color: #000080; font-size: 14pt;\">A jednak wr\u00f3ci\u0142<\/span><br \/> <span style=\"color: #6699ff; font-size: small;\">(s\u0142. M. Szary, muz. \u201eGarden Roses\u201d)<br \/><\/span><span style=\"color: #3399ff; font-size: small;\"><br \/> <\/span><\/span><\/b><\/span><\/p>\n<p style=\"text-align: justify;\"><span style=\"font-family: verdana, geneva, sans-serif;\">A jednak wr\u00f3ci\u0142<\/span><br \/><span style=\"font-family: verdana, geneva, sans-serif;\"> cho\u0107 obiecywa\u0142, \u017ce mnie rzuci zim\u0105<\/span><br \/><span style=\"font-family: verdana, geneva, sans-serif;\"> a jednak wr\u00f3ci\u0142<\/span><br \/><span style=\"font-family: verdana, geneva, sans-serif;\"> gdy tylko \u015bnieg za rad\u0105 s\u0142o\u0144ca zgin\u0105\u0142<\/span><br \/><span style=\"font-family: verdana, geneva, sans-serif;\"> Chyba wiatr go przywia\u0142, aby cicho szepn\u0105\u0142 mi<\/span><br \/><span style=\"font-family: verdana, geneva, sans-serif;\"> przysz\u0142a wiosna, z ni\u0105 marzenia,<\/span><br \/><span style=\"font-family: verdana, geneva, sans-serif;\"> w mych marzeniach moja mi\u0142o\u015b\u0107<\/span><br \/><span style=\"font-family: verdana, geneva, sans-serif;\"> moja mi\u0142o\u015b\u0107 to Ty<\/span><br \/><span style=\"font-family: verdana, geneva, sans-serif;\"> bo przecie\u017c wiosn\u0105<\/span><br \/><span style=\"font-family: verdana, geneva, sans-serif;\"> moja mi\u0142o\u015b\u0107 to Ty<\/span><\/p>\n<p style=\"text-align: justify;\"><span style=\"font-family: verdana, geneva, sans-serif;\">\u017be powr\u00f3ci\u0142 to jeszcze za ma\u0142o<\/span><br \/><span style=\"font-family: verdana, geneva, sans-serif;\"> wszystkim drzewom zazieleni\u0142 sny<\/span><br \/><span style=\"font-family: verdana, geneva, sans-serif;\"> i \u015bcie\u017cki wydepta\u0142<\/span><br \/><span style=\"font-family: verdana, geneva, sans-serif;\"> w moim ogrodzie<\/span><br \/><span style=\"font-family: verdana, geneva, sans-serif;\"> Ale cicho to robi\u0142 jak z\u0142odziej<\/span><br \/><span style=\"font-family: verdana, geneva, sans-serif;\"> wypatruj\u0105c czy kwiaty ju\u017c rosn\u0105<\/span><br \/><span style=\"font-family: verdana, geneva, sans-serif;\"> bo przecie\u017c z nimi<\/span><br \/><span style=\"font-family: verdana, geneva, sans-serif;\"> przychodzi wiosna<\/span><\/p>\n<p style=\"text-align: justify;\"><span style=\"font-family: verdana, geneva, sans-serif;\">Bo on w\u0142a\u015bnie zostawia mnie sam\u0105<\/span><br \/><span style=\"font-family: verdana, geneva, sans-serif;\"> aby wraca\u0107 tak niespodzianie<\/span><br \/><span style=\"font-family: verdana, geneva, sans-serif;\"> abym mog\u0142a si\u0119 cieszy\u0107 nad ranem<\/span><br \/><span style=\"font-family: verdana, geneva, sans-serif;\"> \u017ce jednak wr\u00f3ci\u0142<\/span><br \/><span style=\"font-family: verdana, geneva, sans-serif;\"> I chocia\u017c rzuci<\/span><br \/><span style=\"font-family: verdana, geneva, sans-serif;\"> powr\u00f3ci\u0107 zawsze musi z ko\u0144cem zimy<\/span><br \/><span style=\"font-family: verdana, geneva, sans-serif;\"> i musi wr\u00f3ci\u0107<\/span><br \/><span style=\"font-family: verdana, geneva, sans-serif;\"> gdy tylko \u015bnieg za rad\u0105 s\u0142o\u0144ca zginie<\/span><br \/><span style=\"font-family: verdana, geneva, sans-serif;\"> A jednak wr\u00f3ci\u0142<\/span><br \/><span style=\"font-family: verdana, geneva, sans-serif;\"> cho\u0107 bardzo stara\u0142 si\u0119 pokocha\u0107 inn\u0105<\/span><\/p>\n<p style=\"text-align: justify;\"><span style=\"font-family: verdana, geneva, sans-serif;\">\u017be powr\u00f3ci\u0142 to jeszcze za ma\u0142o<\/span><br \/><span style=\"font-family: verdana, geneva, sans-serif;\"> wszystkim drzewom zazieleni\u0142 sny<\/span><br \/><span style=\"font-family: verdana, geneva, sans-serif;\"> i \u015bcie\u017cki wydepta\u0142<\/span><br \/><span style=\"font-family: verdana, geneva, sans-serif;\"> w moim ogrodzie<\/span><br \/><span style=\"font-family: verdana, geneva, sans-serif;\"> Cichute\u0144ko to robi\u0142 jak z\u0142odziej<div class='content-column one_fifth'><\/div><\/span><br \/><span style=\"font-family: verdana, geneva, sans-serif;\"> i zobaczy\u0142, \u017ce kwiaty ju\u017c rosn\u0105<\/span><br \/><span style=\"font-family: verdana, geneva, sans-serif;\"> a przecie\u017c z nimi<\/span><br \/><span style=\"font-family: verdana, geneva, sans-serif;\"> przychodzi wiosna<\/span><\/p>\n<p style=\"text-align: justify;\"><span style=\"font-family: verdana, geneva, sans-serif;\">Bo on w\u0142a\u015bnie zostawia mnie sam\u0105<\/span><br \/><span style=\"font-family: verdana, geneva, sans-serif;\"> aby wraca\u0107 tak niespodzianie<\/span><br \/><span style=\"font-family: verdana, geneva, sans-serif;\"> abym mog\u0142a si\u0119 cieszy\u0107 nad ranem<\/span><br \/><span style=\"font-family: verdana, geneva, sans-serif;\"> \u017ce jednak wr\u00f3ci\u0142<\/span><br \/><span style=\"font-family: verdana, geneva, sans-serif;\"> I jednak wr\u00f3ci\u0142<\/span><br \/><span style=\"font-family: verdana, geneva, sans-serif;\"> gdy tylko \u015bnieg za rad\u0105 s\u0142o\u0144ca zgin\u0105\u0142\u2026 i w\u0142a\u015bnie wr\u00f3ci\u0142<\/span><br \/><span style=\"font-family: verdana, geneva, sans-serif;\"> gdy tylko \u015bnieg za rad\u0105 s\u0142o\u0144ca zgin\u0105\u0142\u2026 i musia\u0142 wr\u00f3ci\u0107<\/span><br \/><span style=\"font-family: verdana, geneva, sans-serif;\"> gdy tylko \u015bnieg za rad\u0105 s\u0142o\u0144ca zgin\u0105\u0142\u2026 mmm\u2026 gdy tylko \u015bnieg za rad\u0105 s\u0142o\u0144ca zgin\u0105\u0142&#8230;<\/span><\/p>\n<p>&nbsp;<\/p>\n<audio class=\"wp-audio-shortcode\" id=\"audio-524-1\" preload=\"none\" style=\"width: 100%;\" controls=\"controls\"><source type=\"audio\/mpeg\" src=\"http:\/\/magdaumer.pl\/home\/wp-content\/uploads\/2014\/12\/ajednak.mp3?_=1\" \/><a href=\"http:\/\/magdaumer.pl\/home\/wp-content\/uploads\/2014\/12\/ajednak.mp3\">http:\/\/magdaumer.pl\/home\/wp-content\/uploads\/2014\/12\/ajednak.mp3<\/a><\/audio>\n","protected":false},"excerpt":{"rendered":"<p>A jednak wr\u00f3ci\u0142 (s\u0142. M. Szary, muz. \u201eGarden Roses\u201d) A jednak wr\u00f3ci\u0142 cho\u0107 obiecywa\u0142, \u017ce mnie rzuci zim\u0105 a jednak wr\u00f3ci\u0142 gdy tylko \u015bnieg za rad\u0105 s\u0142o\u0144ca zgin\u0105\u0142 Chyba wiatr go przywia\u0142, aby cicho szepn\u0105\u0142 mi przysz\u0142a wiosna, z ni\u0105 marzenia, w mych marzeniach moja mi\u0142o\u015b\u0107 moja mi\u0142o\u015b\u0107 to Ty bo przecie\u017c wiosn\u0105 moja mi\u0142o\u015b\u0107 &hellip; <a href=\"http:\/\/magdaumer.pl\/home\/spiewnik\/a-jednak-wrocil\/\" class=\"more-link\">Czytaj dalej <span class=\"screen-reader-text\">A jednak wr\u00f3ci\u0142<\/span> <span class=\"meta-nav\">&rarr;<\/span><\/a><\/p>\n","protected":false},"author":1,"featured_media":0,"parent":29,"menu_order":0,"comment_status":"closed","ping_status":"closed","template":"","meta":{"footnotes":""},"class_list":["post-524","page","type-page","status-publish","hentry"],"_links":{"self":[{"href":"http:\/\/magdaumer.pl\/home\/wp-json\/wp\/v2\/pages\/524","targetHints":{"allow":["GET"]}}],"collection":[{"href":"http:\/\/magdaumer.pl\/home\/wp-json\/wp\/v2\/pages"}],"about":[{"href":"http:\/\/magdaumer.pl\/home\/wp-json\/wp\/v2\/types\/page"}],"author":[{"embeddable":true,"href":"http:\/\/magdaumer.pl\/home\/wp-json\/wp\/v2\/users\/1"}],"replies":[{"embeddable":true,"href":"http:\/\/magdaumer.pl\/home\/wp-json\/wp\/v2\/comments?post=524"}],"version-history":[{"count":8,"href":"http:\/\/magdaumer.pl\/home\/wp-json\/wp\/v2\/pages\/524\/revisions"}],"predecessor-version":[{"id":1864,"href":"http:\/\/magdaumer.pl\/home\/wp-json\/wp\/v2\/pages\/524\/revisions\/1864"}],"up":[{"embeddable":true,"href":"http:\/\/magdaumer.pl\/home\/wp-json\/wp\/v2\/pages\/29"}],"wp:attachment":[{"href":"http:\/\/magdaumer.pl\/home\/wp-json\/wp\/v2\/media?parent=524"}],"curies":[{"name":"wp","href":"https:\/\/api.w.org\/{rel}","templated":true}]}}