{"id":475,"date":"2014-12-18T07:59:07","date_gmt":"2014-12-18T07:59:07","guid":{"rendered":"http:\/\/magdaumer.pl\/home\/?page_id=475"},"modified":"2016-03-02T18:57:01","modified_gmt":"2016-03-02T18:57:01","slug":"kontaktlinki","status":"publish","type":"page","link":"http:\/\/magdaumer.pl\/home\/kontaktlinki\/","title":{"rendered":"Kontakt i linki"},"content":{"rendered":"<p style=\"text-align: center;\" align=\"left\"><span style=\"font-size: 14pt;\"><b><span style=\"color: #000080;\">Impresariat Magdy Umer:<\/span><\/b><\/span><\/p>\n<p style=\"text-align: center;\"><span style=\"color: #000080; font-size: 14pt;\">Ma\u0142gorzata Borzym<\/span><br \/> <span style=\"font-size: 14pt; color: #000080;\"> <strong><a style=\"color: #000080;\" href=\"mailto:malgorzataborzym@eas.com.pl\"> malgorzataborzym@eas.com.pl<\/a><\/strong><\/span><br \/><span style=\"color: #000080; font-size: 14pt;\"> tel. kom. 504 020 431<\/span><\/p>\n<p style=\"text-align: center;\" align=\"left\"><span style=\"color: #000080; font-size: 14pt;\"><b><br \/> <span style=\"color: #000080;\">Strona internetowa:<\/span><\/b><\/span><\/p>\n<p style=\"text-align: center;\"><a href=\"mailto:snacky@vp.pl\"><span style=\"color: #000080; font-size: 14pt;\">\u0141ukasz Ma\u0142kowski (webmaster)<\/span><\/a><span style=\"font-size: 14pt;\"><strong><br \/><\/strong><\/span><\/p>\n<p style=\"text-align: center;\"><span style=\"color: #000080; font-size: 14pt;\"><a style=\"color: #000080;\" href=\"mailto:ania@magdaumer.pl\">Anna Karwat (aktualizacja strony)<\/a><\/span><\/p>\n<p style=\"text-align: center;\"><span style=\"font-size: 14pt; color: #000080;\"><a style=\"color: #000080;\" href=\"http:\/\/lukaszborkowski.com\" target=\"_blank\">\u0141ukasz Borkowski (projekt graficzny)<\/a><\/span><\/p>\n<p align=\"center\"><span style=\"font-size: 14pt;\"><br \/> ________________________________<\/span><\/p>\n<table style=\"width: 100%;\" border=\"0\">\n<tbody>\n<tr>\n<td><img loading=\"lazy\" decoding=\"async\" class=\" aligncenter\" src=\"http:\/\/magdaumer.pl\/zdjecia\/linki\/eas_300.jpg\" alt=\"\" width=\"300\" height=\"195\" border=\"0\" \/><\/td>\n<td style=\"text-align: left;\"><span style=\"font-size: 14pt;\"><strong><a href=\"http:\/\/www.eas.com.pl\" target=\"_blank\">www.eas.com.pl<\/a><\/strong><\/span><\/td>\n<\/tr>\n<tr>\n<td><img loading=\"lazy\" decoding=\"async\" class=\" aligncenter\" src=\"http:\/\/magdaumer.pl\/zdjecia\/linki\/chlip_300.jpg\" alt=\"\" width=\"300\" height=\"201\" border=\"0\" \/><\/td>\n<td class=\"mceSelected\" style=\"text-align: left;\"><span style=\"font-size: 14pt;\"><a href=\"http:\/\/www.chlip-hop.bloog.pl\" target=\"_blank\"><strong>www.chlip-hop.bloog.pl<\/strong><\/a><\/span><\/td>\n<\/tr>\n<tr>\n<td><img loading=\"lazy\" decoding=\"async\" class=\" aligncenter\" src=\"http:\/\/magdaumer.pl\/zdjecia\/linki\/franek_300.jpg\" alt=\"\" width=\"300\" height=\"177\" border=\"0\" \/><\/td>\n<td class=\"mceSelected\">\n<p style=\"text-align: left;\" align=\"left\"><span style=\"font-size: 14pt;\"><strong><a href=\"http:\/\/www.franztravel.blogspot.com\/\" target=\"_blank\">www.franztravel.blogspot.com<\/a><\/strong><\/span><\/p>\n<\/td>\n<\/tr>\n<tr>\n<td style=\"text-align: center;\"><a href=\"www.dorotaosinska.pl\"><img loading=\"lazy\" decoding=\"async\" class=\" aligncenter\" src=\"http:\/\/magdaumer.pl\/zdjecia\/linki\/dorota_300.jpg\" alt=\"\" width=\"300\" height=\"139\" border=\"0\" \/><\/a><\/td>\n<td class=\"mceSelected\" style=\"text-align: left;\"><span style=\"font-size: 14pt;\"><strong><a href=\"http:\/\/www.dorotaosinska.pl\/\" target=\"_blank\">www.dorotaosinska.pl<\/a><\/strong><\/span><\/td>\n<\/tr>\n<tr>\n<td><a href=\"http:\/\/www.krystynajanda.pl\"><img loading=\"lazy\" decoding=\"async\" class=\" aligncenter\" src=\"http:\/\/magdaumer.pl\/zdjecia\/linki\/kj_300.jpg\" alt=\"\" width=\"300\" height=\"200\" border=\"0\" \/><\/a><\/td>\n<td class=\"mceSelected\">\n<p style=\"text-align: left;\" align=\"left\"><span style=\"font-size: 14pt;\"><strong><a href=\"http:\/\/www.krystynajanda.pl\/\" target=\"_blank\">www.krystynajanda.pl<\/a><\/strong><\/span><\/p>\n<\/td>\n<\/tr>\n<tr>\n<td><img loading=\"lazy\" decoding=\"async\" class=\" aligncenter\" src=\"http:\/\/magdaumer.pl\/zdjecia\/linki\/ap_300.jpg\" alt=\"\" width=\"300\" height=\"201\" border=\"0\" \/><\/td>\n<td class=\"mceSelected\">\n<p style=\"text-align: left;\" align=\"left\"><span style=\"font-size: 14pt;\"><strong><a href=\"http:\/\/www.poniedzielski.art.pl\/\" target=\"_blank\">www.poniedzielski.art.pl<\/a><\/strong><\/span><\/p>\n<\/td>\n<\/tr>\n<tr>\n<td><img loading=\"lazy\" decoding=\"async\" class=\" aligncenter\" src=\"http:\/\/magdaumer.pl\/zdjecia\/linki\/soyka_300.jpg\" alt=\"\" width=\"300\" height=\"196\" border=\"0\" \/><\/td>\n<td class=\"mceSelected\">\n<p style=\"text-align: left;\" align=\"left\"><span style=\"font-size: 14pt;\"><strong><a href=\"http:\/\/www.soyka.pl\/\" target=\"_blank\">www.soyka.pl<\/a><\/strong><\/span><\/p>\n<\/td>\n<\/tr>\n<tr>\n<td><img loading=\"lazy\" decoding=\"async\" class=\" aligncenter\" src=\"http:\/\/magdaumer.pl\/zdjecia\/linki\/gt_300.jpg\" alt=\"\" width=\"300\" height=\"201\" border=\"0\" \/><\/td>\n<td class=\"mceSelected\">\n<p style=\"text-align: left;\" align=\"left\"><span style=\"font-size: 14pt;\"><strong><a href=\"http:\/\/www.grzegorzturnau.pl\/\" target=\"_blank\">www.grzegorzturnau.pl<\/a><\/strong><\/span><\/p>\n<\/td>\n<\/tr>\n<tr>\n<td><img loading=\"lazy\" decoding=\"async\" class=\" aligncenter\" src=\"http:\/\/magdaumer.pl\/zdjecia\/linki\/okularnicy_300.jpg\" alt=\"\" width=\"300\" height=\"197\" border=\"0\" \/><\/td>\n<td class=\"mceSelected\">\n<p style=\"text-align: left;\" align=\"left\"><span style=\"font-size: 14pt;\"><strong><a href=\"http:\/\/www.okularnicy.org.pl\" target=\"_blank\">www.okularnicy.org.pl<\/a><\/strong><\/span><\/p>\n<\/td>\n<\/tr>\n<tr>\n<td style=\"text-align: center;\"><img loading=\"lazy\" decoding=\"async\" class=\" aligncenter\" src=\"http:\/\/magdaumer.pl\/zdjecia\/linki\/strefa_300.jpg\" alt=\"\" width=\"300\" height=\"202\" border=\"0\" \/><\/td>\n<td class=\"mceSelected\">\n<p style=\"text-align: left;\" align=\"left\"><span style=\"font-size: 14pt;\"><strong><a href=\"http:\/\/www.strefapiosenki.pl\/\" target=\"_blank\">www.strefapiosenki.pl<\/a><\/strong><\/span><\/p>\n<\/td>\n<\/tr>\n<tr>\n<td style=\"text-align: center;\"><img loading=\"lazy\" decoding=\"async\" class=\" aligncenter\" src=\"http:\/\/magdaumer.pl\/zdjecia\/linki\/teatrpolonia_300.jpg\" alt=\"\" width=\"300\" height=\"200\" border=\"0\" \/><\/td>\n<td class=\"mceSelected\">\n<p style=\"text-align: left;\" align=\"left\"><span style=\"font-size: 14pt;\"><strong><a href=\"http:\/\/www.teatrpolonia.pl\/\" target=\"_blank\">www.teatrpolonia.pl<\/a><\/strong><\/span><\/p>\n<\/td>\n<\/tr>\n<tr>\n<td style=\"text-align: center;\"><span style=\"font-size: 14pt;\"><img loading=\"lazy\" decoding=\"async\" class=\" aligncenter\" src=\"http:\/\/magdaumer.pl\/zdjecia\/linki\/ateneum_300.jpg\" alt=\"\" width=\"300\" height=\"197\" border=\"0\" \/><\/span><\/td>\n<td class=\"mceSelected\" style=\"text-align: left;\"><span style=\"font-size: 14pt;\"><strong><a href=\"http:\/\/www.teatrateneum.pl\" target=\"_blank\">www.teatrateneum.pl<\/a><\/strong><\/span><\/td>\n<\/tr>\n<tr>\n<td><img loading=\"lazy\" decoding=\"async\" class=\" aligncenter\" src=\"http:\/\/magdaumer.pl\/zdjecia\/linki\/pracownia_small.jpg\" alt=\"\" width=\"300\" height=\"228\" border=\"0\" \/><\/td>\n<td class=\"mceSelected\" style=\"text-align: left;\"><span style=\"font-size: 14pt;\"><strong><a href=\"http:\/\/www.pracowniacoachingu.pl\" target=\"_blank\">www.pracowniacoachingu.pl<\/a><\/strong><\/span><\/td>\n<\/tr>\n<\/tbody>\n<\/table>\n","protected":false},"excerpt":{"rendered":"<p>Impresariat Magdy Umer: Ma\u0142gorzata Borzym malgorzataborzym@eas.com.pl tel. kom. 504 020 431 Strona internetowa: \u0141ukasz Ma\u0142kowski (webmaster) Anna Karwat (aktualizacja strony) \u0141ukasz Borkowski (projekt graficzny) ________________________________ www.eas.com.pl www.chlip-hop.bloog.pl www.franztravel.blogspot.com www.dorotaosinska.pl www.krystynajanda.pl www.poniedzielski.art.pl www.soyka.pl www.grzegorzturnau.pl www.okularnicy.org.pl www.strefapiosenki.pl www.teatrpolonia.pl www.teatrateneum.pl www.pracowniacoachingu.pl<\/p>\n","protected":false},"author":1,"featured_media":0,"parent":0,"menu_order":0,"comment_status":"closed","ping_status":"closed","template":"","meta":{"footnotes":""},"class_list":["post-475","page","type-page","status-publish","hentry"],"_links":{"self":[{"href":"http:\/\/magdaumer.pl\/home\/wp-json\/wp\/v2\/pages\/475","targetHints":{"allow":["GET"]}}],"collection":[{"href":"http:\/\/magdaumer.pl\/home\/wp-json\/wp\/v2\/pages"}],"about":[{"href":"http:\/\/magdaumer.pl\/home\/wp-json\/wp\/v2\/types\/page"}],"author":[{"embeddable":true,"href":"http:\/\/magdaumer.pl\/home\/wp-json\/wp\/v2\/users\/1"}],"replies":[{"embeddable":true,"href":"http:\/\/magdaumer.pl\/home\/wp-json\/wp\/v2\/comments?post=475"}],"version-history":[{"count":31,"href":"http:\/\/magdaumer.pl\/home\/wp-json\/wp\/v2\/pages\/475\/revisions"}],"predecessor-version":[{"id":2332,"href":"http:\/\/magdaumer.pl\/home\/wp-json\/wp\/v2\/pages\/475\/revisions\/2332"}],"wp:attachment":[{"href":"http:\/\/magdaumer.pl\/home\/wp-json\/wp\/v2\/media?parent=475"}],"curies":[{"name":"wp","href":"https:\/\/api.w.org\/{rel}","templated":true}]}}