{"id":27,"date":"2014-11-27T17:35:19","date_gmt":"2014-11-27T17:35:19","guid":{"rendered":"http:\/\/magdaumer.pl\/home\/?page_id=27"},"modified":"2018-09-17T09:28:26","modified_gmt":"2018-09-17T09:28:26","slug":"prasa","status":"publish","type":"page","link":"http:\/\/magdaumer.pl\/home\/prasa\/","title":{"rendered":"Prasa"},"content":{"rendered":"<p><a name=\"top\"><\/a><\/p>\n<div class='content-column one_half'><b><span style=\"color: #000080;\">WYWIADY, ANKIETY&#8230;<\/span><\/b><\/p>\n<p><a href=\"http:\/\/zwierciadlo.pl\/kultura\/magda-umer-aby-czas-zyczliwosci-trwal-nie-tylko-trzy-dni\" target=\"_blank\" rel=\"noopener\"><b style=\"text-decoration: none;\">&#8211;\u00a0<em>Aby czas \u017cyczliwo\u015bci trwa\u0142 nie tylko trzy dni&#8230;<\/em><\/b><\/a><br \/>Zwierciad\u0142o, \u00a012\/2017<\/p>\n<p><a href=\"http:\/\/magdaumer.pl\/home\/prasa\/lecz-skoro-tak-go-kochali\/\" target=\"_blank\" rel=\"noopener\"><b style=\"text-decoration: none;\">&#8211;\u00a0Lecz skoro tak go kochali&#8230;<\/b><\/a><br \/>Newsweek, Wydanie specjalne 2\/2017<\/p>\n<p><a href=\"http:\/\/magdaumer.pl\/home\/prasa\/moze-przyjdzie-czas-kopania-ziemianek\/\" target=\"_blank\" rel=\"noopener\"><b style=\"text-decoration: none;\">&#8211;\u00a0Mo\u017ce przyjdzie czas kopania ziemianek<\/b><\/a><br \/>Gazeta Wyborcza,\u00a026 marca 2016<br \/><a href=\"http:\/\/magdaumer.pl\/home\/wp-content\/uploads\/2014\/11\/c716_Zwierciadlo__12_15__11257_2.pdf\" target=\"_blank\" rel=\"noopener\"><b style=\"text-decoration: none;\"><br \/>&#8211;\u00a0Mam odrobione lekcje<\/b><\/a><br \/>Zwierciad\u0142o, grudzie\u0144 2015<\/p>\n<p><a href=\"http:\/\/magdaumer.pl\/home\/wp-content\/uploads\/2014\/11\/ATT00057.pdf\" target=\"_blank\" rel=\"noopener\"><b style=\"text-decoration: none;\">&#8211;\u00a0Nigdy w \u017cyciu nie chcia\u0142abym strzela\u0107 z &#8222;Auroty&#8221;, ale&#8230;<\/b><\/a><br \/>Wywiad dla Polska Times, 20-22 listopada 2015<\/p>\n<p><a href=\"http:\/\/magdaumer.pl\/home\/prasa\/o-braku-sily-na-milosc\/\"><b style=\"text-decoration: none;\">&#8211;\u00a0O\u00a0braku si\u0142y na mi\u0142o\u015b\u0107<\/b><\/a><a style=\"text-decoration: none;\" href=\"http:\/\/magdaumer.pl\/home\/?p=1743\"><br \/><\/a><span style=\"color: #000000;\">Wywiad\u00a0Beaty K\u0119czkowskiej na temat &#8222;Pod mocnym Anio\u0142em&#8221; J. Pilcha<br \/><\/span><a style=\"text-decoration: none;\" href=\"http:\/\/magdaumer.pl\/home\/?p=1743\"><br \/> <b>&#8211; Magda Umer odpowiada na pytania Oli Kwa\u015bniewskiej <\/b><\/a><br \/> Wywiad dla Vivy<br \/> <a style=\"text-decoration: none;\" href=\"http:\/\/magdaumer.pl\/home\/?p=1745\"><br \/> <b>&#8211; Nawet siwa mo\u017ce by\u0107 szcz\u0119\u015bliwa <\/b><\/a><br \/> Wywiad (Nowa Trybuna Opolska, czerwiec 2013)<br \/> <a style=\"text-decoration: none;\" href=\"http:\/\/magdaumer.pl\/home\/prasa\/momentami-ocieram-sie-o-szczescie\/\"><br \/> <b>&#8211; Momentami ocieram si\u0119 o szcz\u0119\u015bcie <\/b><\/a><br \/> Wywiad (Angora nr 10, marzec 2011)<br \/> <a style=\"text-decoration: none;\" href=\"http:\/\/magdaumer.pl\/home\/prasa\/jej-portret\/\"><br \/> <b>&#8211; Jej portret <\/b><\/a><br \/> Ankieta (Poradnik Domowy, 2\/2010)<br \/> <a style=\"text-decoration: none;\" href=\"http:\/\/magdaumer.pl\/home\/wszyscy-spiewaja-lepiej-ode-mnie\/\"><br \/> <b>&#8211; Wszyscy \u015bpiewaj\u0105 lepiej ode mnie <\/b><\/a><br \/> Wywiad (Gazeta Wyborcza, wrzesie\u0144 2009)<br \/> <a style=\"text-decoration: none;\" href=\"http:\/\/magdaumer.pl\/home\/samotnica-z-poczuciem-humoru\/\"><br \/> <b>&#8211; Samotnica z poczuciem humoru <\/b><\/a><br \/> Wywiad (Gala 47\/2009)<br \/> <a style=\"text-decoration: none;\" href=\"http:\/\/magdaumer.pl\/home\/prasa\/przytulic-sie-do-pana-boga\/\"><br \/> <b>&#8211; Przytuli\u0107 si\u0119 do Pana Boga <\/b><\/a><br \/> Wywiad(Portal Ludzi Warto\u015bciowych,2 II 2009)<br \/> <a style=\"text-decoration: none;\" href=\"http:\/\/magdaumer.pl\/home\/prasa\/magda-wywiad\/\"><br \/> <b>&#8211; Wywiad <\/b><\/a><br \/> (G\u0142os Komorowa)<br \/> <a style=\"text-decoration: none;\" href=\"http:\/\/magdaumer.pl\/home\/prasa\/magda-umer-o-bursztynie\/\"><br \/> <b>&#8211; Magda Umer o bursztynie <\/b><\/a><br \/> Wywiad (Mi\u0119dzynarodowe Targi Gda\u0144skie, 2008)<br \/> <a style=\"text-decoration: none;\" href=\"http:\/\/magdaumer.pl\/home\/prasa\/bo-w-nas-nadzieja\/\"><br \/> <b>&#8211; Bo w nas nadzieja <\/b><\/a><br \/> Wywiad (Sukces, grudzie\u0144 2005)<br \/> <a style=\"text-decoration: none;\" href=\"http:\/\/magdaumer.pl\/home\/prasa\/nadzwyczajna-wartosc-2\/\"><br \/> <b>&#8211; Nadzwyczajna warto\u015b\u0107 <\/b><\/a><br \/> Wywiad (M\u00f3j pies nr 11\/2004)<br \/> <a style=\"text-decoration: none;\" href=\"http:\/\/magdaumer.pl\/home\/prasa\/rozrzutna-i-oszczedny\/\"><br \/> <b>&#8211; Rozrzutna i oszcz\u0119dny <\/b><\/a><br \/> Wywiad (Gala, 16 grudnia 2002)<br \/> <a style=\"text-decoration: none;\" href=\"http:\/\/magdaumer.pl\/home\/prasa\/jestesmy-tu-na-chwile\/\"><br \/> <b>&#8211; Jeste\u015bmy tu na chwil\u0119 <\/b><\/a><br \/> Wywiad (Zwierciad\u0142o, luty 2002)<br \/> <a style=\"text-decoration: none;\" href=\"http:\/\/magdaumer.pl\/home\/prasa\/mieszkam-z-ksiazkami\/\"><br \/> <b>&#8211; Mieszkam z ksi\u0105\u017ckami <\/b><\/a><br \/> Wywiad (Rzeczpospolita)<br \/> <a style=\"text-decoration: none;\" href=\"http:\/\/magdaumer.pl\/home\/prasa\/zblizenie-magda-umer-jest-czy-sie-sni\/\"><br \/> <b>&#8211; ZBLI\u017bENIE:Magda Umer. Jest czy si\u0119 \u015bni <\/b><\/a><br \/> <a style=\"text-decoration: none;\" href=\"http:\/\/magdaumer.pl\/home\/prasa\/szukam-zeby-nie-znalezc\/\"><br \/> <b>&#8211; Szukam, \u017ceby nie znale\u017a\u0107 <\/b><\/a><br \/> Ankieta (Uroda, maj 1998)<br \/> <a style=\"text-decoration: none;\" href=\"http:\/\/magdaumer.pl\/home\/prasa\/mimo-ze\/\"><br \/> <b>&#8211; Mimo \u017ce&#8230; z Magd\u0105 Umer i Krystyn\u0105 <\/b><\/a><br \/> Jand\u0105 rozmawia Maria Bojarska<br \/> <a style=\"text-decoration: none;\" href=\"http:\/\/magdaumer.pl\/home\/prasa\/czekam-na-lato\/\"><br \/> <b>&#8211; Czekam na lato <\/b><\/a><br \/> Artyku\u0142 (Tw\u00f3j Styl, maj 1998)<br \/> <a style=\"text-decoration: none;\" href=\"http:\/\/magdaumer.pl\/home\/prasa\/wlosy-mokre-od-pocalunkow\/\"><br \/> <b>&#8211; W\u0142osy mokre od poca\u0142unk\u00f3w <\/b><\/a><br \/> Wywiad (Imperium, nr 1, stycze\u0144 1993)<\/p><\/div>\n<p><div class='content-column one_half last_column'><b><span style=\"color: #000080;\">FELIETONY, WYPOWIEDZI, ARTYKU\u0141Y&#8230;<\/span><\/b><\/p>\n<p><a style=\"text-decoration: none;\" href=\"http:\/\/magdaumer.pl\/home\/prasa\/pasjonujacy-seans-deliryczny-wedlug-jerzego-pilcha\/\"><br \/> <b>&#8211; Pasjonuj\u0105cy seans deliryczny wed\u0142ug J. Pilcha <\/b><\/a><br \/> Recenzja &#8222;Pod mocnym Anio\u0142em&#8221; (Rzeczpospolita)<br \/> <a style=\"text-decoration: none;\" href=\"http:\/\/magdaumer.pl\/home\/prasa\/lawenda\/\"><br \/> <b>&#8211; Lawenda <\/b><\/a><br \/> Felieton (KWIETNIK)<br \/> <a style=\"text-decoration: none;\" href=\"http:\/\/magdaumer.pl\/home\/prasa\/lza-na-rzesie-mi-sie-trzesie\/\"><br \/> <b>&#8211; \u0141za na rz\u0119sie mi si\u0119 trz\u0119sie <\/b><\/a><br \/> Felieton (STYLE I CHARAKTERY nr 3, 2011)<br \/> <a style=\"text-decoration: none;\" href=\"http:\/\/magdaumer.pl\/home\/prasa\/w-towarzystwie-zielonych-lisci\/\"><br \/> <b>&#8211; W towarzystwie zielonych li\u015bci czyli Wiosna<br \/> bez Paw\u0142a <\/b><\/a><br \/> Felieton (STYLE I CHARAKTERY nr 2, 2011)<br \/> <a style=\"text-decoration: none;\" href=\"http:\/\/magdaumer.pl\/home\/prasa\/maj-maj-i-juz-listopad\/\"><br \/> <b>&#8211; Maj&#8230; maj&#8230; i ju\u017c listopad <\/b><\/a><br \/> Felieton (STYLE I CHARAKTERY nr 1, 2011)<br \/> <a style=\"text-decoration: none;\" href=\"http:\/\/magdaumer.pl\/home\/prasa\/kulturalny-koszyk-100-zl-na-kulture\/\"><br \/> <b>&#8211; Kulturalny koszyk. 100 z\u0142 na kultur\u0119. <\/b><\/a><br \/> Wypowied\u017a (Gazeta Wyborcza, stycze\u0144 2011)<br \/> <a style=\"text-decoration: none;\" href=\"http:\/\/magdaumer.pl\/home\/prasa\/o-milosci-bez-pamieci\/\"><br \/> <b>&#8211; O mi\u0142o\u015bci bez pami\u0119ci <\/b><\/a><br \/> Felieton (STYLE I CHARAKTERY nr 3, 2010)<br \/> <a style=\"text-decoration: none;\" href=\"http:\/\/magdaumer.pl\/home\/prasa\/go-slow\/\"><br \/> <b>&#8211; GO SLOW <\/b><\/a><br \/> Felieton (STYLE I CHARAKTERY nr 2, 2010)<br \/> <a style=\"text-decoration: none;\" href=\"http:\/\/magdaumer.pl\/home\/prasa\/chce-sie-zyc-i-to-jak\/\"><br \/> <b>&#8211; Chce si\u0119 \u017cy\u0107 i to jak <\/b><\/a><br \/> Felieton (STYLE I CHARAKTERY nr 1, 2010)<br \/> <a style=\"text-decoration: none;\" href=\"http:\/\/magdaumer.pl\/home\/prasa\/alfabet-teatralny-k-jak-kurtyna\/\"><br \/> <b>&#8211; K jak Kurtyna <\/b><\/a><br \/> Felieton (Pani)<br \/> <a style=\"text-decoration: none;\" href=\"http:\/\/magdaumer.pl\/home\/prasa\/dziwny-pies-marysi-es\/\"><br \/> <b>&#8211; Dziwny pies Marysi Es <\/b><\/a><br \/> Felieton (Dog&amp;Sport, 2009)<br \/> <a style=\"text-decoration: none;\" href=\"http:\/\/magdaumer.pl\/home\/prasa\/moje-pieskie-zycie-cz-ii\/\"><br \/> <b>&#8211; Moje pieskie \u017cycie cz. II <\/b><\/a><br \/> Felieton (Dog&amp;Sport, 2009)<br \/> <a style=\"text-decoration: none;\" href=\"http:\/\/magdaumer.pl\/home\/prasa\/moje-pieskie-zycie-cz-i\/\"><br \/> <b>&#8211; Moje pieskie \u017cycie cz. I <\/b><\/a><br \/> Felieton (Dog&amp;Sport, 2008)<br \/> <a style=\"text-decoration: none;\" href=\"http:\/\/magdaumer.pl\/home\/prasa\/olsnienie\/\"><br \/> <b>&#8211; Ol\u015bnienie <\/b><\/a><br \/> Wypowied\u017a (Zwierciad\u0142o, marzec 2007)<br \/> <a style=\"text-decoration: none;\" href=\"http:\/\/magdaumer.pl\/home\/prasa\/szczescie\/\"><br \/> <b>&#8211; SZCZ\u0118\u015aCIE <\/b><\/a><br \/> Felieton (Sens, lipiec 2009)<br \/> <a style=\"text-decoration: none;\" href=\"http:\/\/magdaumer.pl\/home\/prasa\/pruderia\/\"><br \/> <b>&#8211; PRUDERIA <\/b><\/a><br \/> Felieton (Bluszcz, maj 2009)<br \/> <a style=\"text-decoration: none;\" href=\"http:\/\/magdaumer.pl\/home\/prasa\/o-snach\/\"><br \/> <b>&#8211; O SNACH <\/b><\/a><br \/> Felieton (Bluszcz)<br \/> <a style=\"text-decoration: none;\" href=\"http:\/\/magdaumer.pl\/home\/prasa\/jak-pani-sobie-radzi-z-chandra\/\"><br \/> <b>&#8211; Jak pani sobie radzi z chandr\u0105 ? <\/b><\/a><br \/> Felieton (Zwierciad\u0142o, grudzie\u0144 2005)<br \/> <a style=\"text-decoration: none;\" href=\"http:\/\/magdaumer.pl\/home\/prasa\/konstanty-ildefons-dezynwoltura-galczynski\/\"><br \/> <b>&#8211; Konstanty Ildefons Dezynwoltura Ga\u0142czy\u0144ski <\/b><\/a><br \/> Felieton<br \/> <a style=\"text-decoration: none;\" href=\"http:\/\/magdaumer.pl\/home\/prasa\/skad-pani-czerpie-radosc-zycia\/\"><br \/> <b>&#8211; Sk\u0105d pani czerpie rado\u015b\u0107 \u017cycia? <\/b><\/a><br \/> Felieton (Zwierciad\u0142o, lipiec 2004)<br \/> <a style=\"text-decoration: none;\" href=\"http:\/\/magdaumer.pl\/home\/prasa\/mistrz-proba-wspomnienia\/\"><br \/> <b>&#8211; Jeremi Przybora. MISTRZ. <\/b><\/a><br \/> (pr\u00f3ba wspomnienia)<br \/> <a style=\"text-decoration: none;\" href=\"http:\/\/magdaumer.pl\/home\/prasa\/zycie-to-pulapka-rozmowa-magdy-umer-z-jeremim-przybora\/\"><br \/> <b>&#8211; \u017bycie to pu\u0142apka &#8211; wywiad M. Umer z J. Przybor\u0105 <\/b><\/a><br \/> Wywiad (Rzeczpospolita, 12 grudnia 2000)<br \/> <a style=\"text-decoration: none;\" href=\"http:\/\/magdaumer.pl\/home\/prasa\/wspomnienie-o-kalinie\/\"><br \/> <b>&#8211; Wspomnienie o Kalinie <\/b><\/a><br \/> <a style=\"text-decoration: none;\" href=\"http:\/\/magdaumer.pl\/home\/prasa\/slonce-do-chleba-czyli-wspomnienie-o-agnieszce-osieckiej\/\"><br \/> <b>&#8211; S\u0142o\u0144ce do chleba- czyli wspomnienie<br \/> o Agnieszce Osieckiej <\/b><\/a><br \/> <a style=\"text-decoration: none;\" href=\"http:\/\/magdaumer.pl\/home\/prasa\/piosenki-pachnace-szczesciem\/\"><br \/> <b>&#8211; PIOSENKI PACHN\u0104CE SZCZ\u0118\u015aCIEM <\/b><\/a><br \/> <a style=\"text-decoration: none;\" href=\"http:\/\/magdaumer.pl\/home\/prasa\/co-to-jest-milosc\/\"><br \/> <b>&#8211; CO TO JEST MI\u0141O\u015a\u0106 <\/b><\/a><br \/> Felieton (Rzeczpospolita)<br \/> <a style=\"text-decoration: none;\" href=\"http:\/\/magdaumer.pl\/home\/prasa\/usmiech-na-wage-zlota-czyli-o-humorze-jeremiego-przybory\/\"><br \/> <b>&#8211; U\u015aMIECH NA WAG\u0118 Z\u0141OTA czyli o humorze Jeremiego Przybory <\/b><\/a><br \/> Felieton (Tygodnik Powszechny, 2001)<br \/> <a style=\"text-decoration: none;\" href=\"http:\/\/magdaumer.pl\/home\/prasa\/z-cyklu-pani-magdo-pani-pierwszej-to-powiem\/\"><br \/> <b>&#8211; PANI MAGDO, PANI PIERWSZEJ TO POWIEM <\/b><\/a><br \/> <a style=\"text-decoration: none;\" href=\"http:\/\/magdaumer.pl\/home\/prasa\/o-marku-grechucie\/\"><br \/> <b>&#8211; O MARKU GRECHUCIE <\/b><\/a><br \/> <a style=\"text-decoration: none;\" href=\"http:\/\/magdaumer.pl\/home\/prasa\/kobiety-boleslawa-lesmiana\/\"><br \/> <b>&#8211; KOBIETY BOLES\u0141AWA LE\u015aMIANA <\/b><\/a><br \/> <a style=\"text-decoration: none;\" href=\"http:\/\/magdaumer.pl\/home\/prasa\/poeta-marginesu\/\"><br \/> <b>&#8211; POETA MARGINESU &#8211; o W. M\u0142ynarskim <\/b><\/a><br \/> Ze wst\u0119pu programu teatralnego<br \/> &#8222;M\u0142ynarski czyli trzy elementy&#8221;<\/p><\/div><div class='clear_column'><\/div><br \/> <a name=\"olakwasniewska\"><\/a><br \/> \u00a0<\/p>\n<p>&nbsp;<\/p>\n<p>&nbsp;<\/p>\n<p>&nbsp;<\/p>\n<p>&nbsp;<\/p>\n<p align=\"center\">\u00a0<\/p>\n","protected":false},"excerpt":{"rendered":"<p>\u00a0 &nbsp; &nbsp; &nbsp; &nbsp; \u00a0<\/p>\n","protected":false},"author":1,"featured_media":0,"parent":0,"menu_order":0,"comment_status":"closed","ping_status":"closed","template":"","meta":{"footnotes":""},"class_list":["post-27","page","type-page","status-publish","hentry"],"_links":{"self":[{"href":"http:\/\/magdaumer.pl\/home\/wp-json\/wp\/v2\/pages\/27","targetHints":{"allow":["GET"]}}],"collection":[{"href":"http:\/\/magdaumer.pl\/home\/wp-json\/wp\/v2\/pages"}],"about":[{"href":"http:\/\/magdaumer.pl\/home\/wp-json\/wp\/v2\/types\/page"}],"author":[{"embeddable":true,"href":"http:\/\/magdaumer.pl\/home\/wp-json\/wp\/v2\/users\/1"}],"replies":[{"embeddable":true,"href":"http:\/\/magdaumer.pl\/home\/wp-json\/wp\/v2\/comments?post=27"}],"version-history":[{"count":49,"href":"http:\/\/magdaumer.pl\/home\/wp-json\/wp\/v2\/pages\/27\/revisions"}],"predecessor-version":[{"id":2647,"href":"http:\/\/magdaumer.pl\/home\/wp-json\/wp\/v2\/pages\/27\/revisions\/2647"}],"wp:attachment":[{"href":"http:\/\/magdaumer.pl\/home\/wp-json\/wp\/v2\/media?parent=27"}],"curies":[{"name":"wp","href":"https:\/\/api.w.org\/{rel}","templated":true}]}}