{"id":25,"date":"2014-11-27T17:35:10","date_gmt":"2014-11-27T17:35:10","guid":{"rendered":"http:\/\/magdaumer.pl\/home\/?page_id=25"},"modified":"2016-02-29T22:57:54","modified_gmt":"2016-02-29T22:57:54","slug":"plyty-ksiazki","status":"publish","type":"page","link":"http:\/\/magdaumer.pl\/home\/plyty-ksiazki\/","title":{"rendered":"P\u0142yty i ksi\u0105\u017cki"},"content":{"rendered":"<p><a href=\"http:\/\/magdaumer.pl\/home\/plyty-ksiazki\/plyty-solowe\/\"><img loading=\"lazy\" decoding=\"async\" class=\" size-large wp-image-2102 aligncenter\" src=\"http:\/\/magdaumer.pl\/home\/wp-content\/uploads\/2014\/11\/plyty_1-1024x171.jpg\" alt=\"plyty_1\" width=\"604\" height=\"101\" srcset=\"http:\/\/magdaumer.pl\/home\/wp-content\/uploads\/2014\/11\/plyty_1-1024x171.jpg 1024w, http:\/\/magdaumer.pl\/home\/wp-content\/uploads\/2014\/11\/plyty_1-300x50.jpg 300w, http:\/\/magdaumer.pl\/home\/wp-content\/uploads\/2014\/11\/plyty_1.jpg 1500w\" sizes=\"auto, (max-width: 604px) 100vw, 604px\" \/><\/a><a href=\"http:\/\/magdaumer.pl\/home\/plyty-ksiazki\/wybrane-plyty-zbiorowe\/\"><img loading=\"lazy\" decoding=\"async\" class=\" size-large wp-image-2101 aligncenter\" src=\"http:\/\/magdaumer.pl\/home\/wp-content\/uploads\/2014\/11\/plyty_2-1024x171.jpg\" alt=\"plyty_2\" width=\"604\" height=\"101\" srcset=\"http:\/\/magdaumer.pl\/home\/wp-content\/uploads\/2014\/11\/plyty_2-1024x171.jpg 1024w, http:\/\/magdaumer.pl\/home\/wp-content\/uploads\/2014\/11\/plyty_2-300x50.jpg 300w, http:\/\/magdaumer.pl\/home\/wp-content\/uploads\/2014\/11\/plyty_2.jpg 1500w\" sizes=\"auto, (max-width: 604px) 100vw, 604px\" \/><\/a><a href=\"http:\/\/magdaumer.pl\/home\/plyty-ksiazki\/dvd\/\"><img loading=\"lazy\" decoding=\"async\" class=\" size-large wp-image-2099 aligncenter\" src=\"http:\/\/magdaumer.pl\/home\/wp-content\/uploads\/2014\/11\/plyty_4-1024x171.jpg\" alt=\"plyty_4\" width=\"604\" height=\"101\" srcset=\"http:\/\/magdaumer.pl\/home\/wp-content\/uploads\/2014\/11\/plyty_4-1024x171.jpg 1024w, http:\/\/magdaumer.pl\/home\/wp-content\/uploads\/2014\/11\/plyty_4-300x50.jpg 300w, http:\/\/magdaumer.pl\/home\/wp-content\/uploads\/2014\/11\/plyty_4.jpg 1500w\" sizes=\"auto, (max-width: 604px) 100vw, 604px\" \/><\/a><a href=\"http:\/\/magdaumer.pl\/home\/plyty-ksiazki\/audiobooki\/\"><img loading=\"lazy\" decoding=\"async\" class=\" size-large wp-image-2100 aligncenter\" src=\"http:\/\/magdaumer.pl\/home\/wp-content\/uploads\/2014\/11\/plyty_3-1024x171.jpg\" alt=\"plyty_3\" width=\"604\" height=\"101\" srcset=\"http:\/\/magdaumer.pl\/home\/wp-content\/uploads\/2014\/11\/plyty_3-1024x171.jpg 1024w, http:\/\/magdaumer.pl\/home\/wp-content\/uploads\/2014\/11\/plyty_3-300x50.jpg 300w, http:\/\/magdaumer.pl\/home\/wp-content\/uploads\/2014\/11\/plyty_3.jpg 1500w\" sizes=\"auto, (max-width: 604px) 100vw, 604px\" \/><\/a><a href=\"http:\/\/magdaumer.pl\/home\/plyty-ksiazki\/ksiazki\/\"><img loading=\"lazy\" decoding=\"async\" class=\" size-large wp-image-2098 aligncenter\" src=\"http:\/\/magdaumer.pl\/home\/wp-content\/uploads\/2014\/11\/plyty_5-1024x171.jpg\" alt=\"plyty_5\" width=\"604\" height=\"101\" srcset=\"http:\/\/magdaumer.pl\/home\/wp-content\/uploads\/2014\/11\/plyty_5-1024x171.jpg 1024w, http:\/\/magdaumer.pl\/home\/wp-content\/uploads\/2014\/11\/plyty_5-300x50.jpg 300w, http:\/\/magdaumer.pl\/home\/wp-content\/uploads\/2014\/11\/plyty_5.jpg 1500w\" sizes=\"auto, (max-width: 604px) 100vw, 604px\" \/><\/a><\/p>\n<p>&nbsp;<\/p>\n","protected":false},"excerpt":{"rendered":"<p>&nbsp;<\/p>\n","protected":false},"author":1,"featured_media":0,"parent":0,"menu_order":0,"comment_status":"closed","ping_status":"closed","template":"","meta":{"footnotes":""},"class_list":["post-25","page","type-page","status-publish","hentry"],"_links":{"self":[{"href":"http:\/\/magdaumer.pl\/home\/wp-json\/wp\/v2\/pages\/25","targetHints":{"allow":["GET"]}}],"collection":[{"href":"http:\/\/magdaumer.pl\/home\/wp-json\/wp\/v2\/pages"}],"about":[{"href":"http:\/\/magdaumer.pl\/home\/wp-json\/wp\/v2\/types\/page"}],"author":[{"embeddable":true,"href":"http:\/\/magdaumer.pl\/home\/wp-json\/wp\/v2\/users\/1"}],"replies":[{"embeddable":true,"href":"http:\/\/magdaumer.pl\/home\/wp-json\/wp\/v2\/comments?post=25"}],"version-history":[{"count":38,"href":"http:\/\/magdaumer.pl\/home\/wp-json\/wp\/v2\/pages\/25\/revisions"}],"predecessor-version":[{"id":2415,"href":"http:\/\/magdaumer.pl\/home\/wp-json\/wp\/v2\/pages\/25\/revisions\/2415"}],"wp:attachment":[{"href":"http:\/\/magdaumer.pl\/home\/wp-json\/wp\/v2\/media?parent=25"}],"curies":[{"name":"wp","href":"https:\/\/api.w.org\/{rel}","templated":true}]}}