{"id":2028,"date":"2016-02-29T00:13:18","date_gmt":"2016-02-29T00:13:18","guid":{"rendered":"http:\/\/magdaumer.pl\/home\/?page_id=2028"},"modified":"2016-02-29T00:13:18","modified_gmt":"2016-02-29T00:13:18","slug":"moje-pieskie-zycie-cz-i","status":"publish","type":"page","link":"http:\/\/magdaumer.pl\/home\/prasa\/moje-pieskie-zycie-cz-i\/","title":{"rendered":"MOJE PIESKIE \u017bYCIE cz. I"},"content":{"rendered":"<p style=\"text-align: center;\"><span style=\"color: #008000;\"><strong>MOJE\u00a0PIESKIE \u017bYCIE<span class=\"Apple-converted-space\">\u00a0<\/span>cz.\u00a0I<\/strong><\/span><br \/><i>\u0179r\u00f3d\u0142o:Dog &amp; Sport, 2008<\/i><\/p>\n<p style=\"text-align: justify;\">Urodzi\u0142am si\u0119 i\u00a0przez 46 lat mieszka\u0142am w\u00a0Warszawie.<\/p>\n<p style=\"text-align: justify;\">W\u00a0dzieci\u0144stwie nie mia\u0142am \u017cadnego zwierz\u0105tka. Ca\u0142a rodzina alergik\u00f3w, chory na\u00a0zanik mi\u0119\u015bni m\u0142odszy brat, w\u00f3zek inwalidzki, sto tysi\u0119cy k\u0142opot\u00f3w z\u00a0organizacj\u0105 codziennego dnia.<\/p>\n<p style=\"text-align: justify;\">Dzisiaj my\u015bl\u0119, \u017ce\u00a0to \u017cadne usprawiedliwienie. \u017be gdyby\u015bmy mieli psa , nasze \u017cycie, a\u00a0ju\u017c na\u00a0pewno \u017cycie mojego\u00a0chorego brata by\u0142o by\u00a0po prostu lepsze. I\u00a0\u2013 mimo tych alergii- zdrowsze.<\/p>\n<p style=\"text-align: justify;\">Ale\u00a0o\u00a0tym mog\u0142am si\u0119 przekona\u0107 dopiero po\u00a0latach i\u00a0tylko dlatego, \u017ce\u00a0od 13 lat \u017cyj\u0119 na\u00a0wsi i\u00a0mam psy. Bez kt\u00f3rych\u00a0(\u0142ykaj\u0105c codziennie claritin\u0119, bo dalej jestem uczulona na\u00a0sier\u015b\u0107 ) ju\u017c nie wyobra\u017cam sobie \u017cycia.<\/p>\n<p style=\"text-align: justify;\">\u0141y\u017cwa( prawie wy\u017ce\u0142) -najstarsza, ma swoje lata. Nie wiemy dok\u0142adnie ile, bo m\u0105\u017c znalaz\u0142 j\u0105 pod\u00a0jak\u0105\u015b ci\u0119\u017car\u00f3wk\u0105. Dzisiaj jest schorowan\u0105 staruszk\u0105, m\u00f3wi\u0119 do\u00a0niej per\u201d pani profesor\u201d, bo jest najm\u0105drzejszym psem na\u00a0kuli ziemskiej. Po\u00a0jakim\u015b czasie w\u00a0\u0141y\u017cwie zakocha\u0142 si\u0119 bezdomny wilczur( no, prawie wilczur) i\u00a0zacz\u0105\u0142 pomieszkiwa\u0107 pod\u00a0naszymi oknami\u2026 By\u0142 ca\u0142y czarny; \u0142\u0105cznie z\u00a0czarn\u0105 rozpacz\u0105 w\u00a0oczach. M\u00f3wili\u015bmy na\u00a0niego Zyzol Bambus i\u00a0dokonywali\u015bmy cud\u00f3w, aby przesta\u0142 si\u0119 ba\u0107. Za\u00a0nic nie chcia\u0142 wej\u015b\u0107 do\u00a0\u015brodka. Piekielnie ba\u0142 si\u0119 ludzi, ale\u00a0mi\u0142o\u015b\u0107 do\u00a0\u0141y\u017cwy by\u0142a silniejsza od\u00a0strachu, wi\u0119c mieszka\u0142 pod\u00a0oknami ukochanej. S\u0105siedzi i\u00a0przyjaciele lubili obserwowa\u0107 to\u00a0uczucie. Byli jak Romeo i\u00a0Julia.<\/p>\n<p style=\"text-align: justify;\">Jeremi Przybora nazwa\u0142 go psem zewn\u0119trznym, w\u00a0przeciwie\u0144stwie do\u00a0\u0141y\u017cwy- psa wewn\u0119trznego. Obserwowanie mi\u0142o\u015bci tych dwojga by\u0142o ciekawsze od\u00a0najciekawszych program\u00f3w telewizyjnych. A\u00a0kiedy urodzi\u0142y im si\u0119 dzieci \u2013 ca\u0142y dom promienia\u0142 ze\u00a0szcz\u0119\u015bcia. I\u00a0wtedy Bambus, jako g\u0142owa rodziny , postanowi\u0142 zamieszka\u0107 z\u00a0nimi \u2013 w\u00a0\u015brodku. I\u00a0bywa\u0142 mniej smutny. I\u00a0zaczyna\u0142 nam ufa\u0107. Dosz\u0142o nawet do\u00a0pieszczot. Do\u00a0ko\u0144ca \u017cycia jednak chorowa\u0142 na\u00a0depresj\u0119 i\u00a0podkrada\u0142 wszystkim s\u0142odycze.<\/p>\n<p style=\"text-align: justify;\">Po\u00a0jego \u015bmierci nasta\u0142 niejaki Markotny. Prawie labrador. Pies z\u00a0hodowli Marka Kota\u0144skiego, ofiarowany przez jego c\u00f3rk\u0119 Joasi\u0119. Wylicytowa\u0142am go na\u00a0aukcji na\u00a0rzecz Markotu. Markotny jest prawie zawsze weso\u0142y. Jakby walczy\u0142 z\u00a0w\u0142asnym imieniem.<\/p>\n<p style=\"text-align: justify;\">Najpierw by\u0142 kim\u015b w\u00a0rodzaju synka \u0141y\u017cwy , potem jej m\u0142odszym bratem, a\u00a0potem to\u00a0ju\u017c rozpanoszy\u0142 si\u0119 i\u00a0zacz\u0105\u0142 Ni\u0105 rz\u0105dzi\u0107. Ni\u0105 i\u2026nami. Nie wiedzie\u0107 kiedy.<\/p>\n<p style=\"text-align: justify;\">Teraz mog\u0119 zaryzykowa\u0107 tez\u0119 ,\u017ce w\u00a0naszym domu mieszkaj\u0105 psy i\u00a0my \u201ena dok\u0142adk\u0119\u201d. Prawie wszystko jest im podporz\u0105dkowane. Jak w\u00a0domu \u201eFerdynanda Wspania\u0142ego\u201d Ludwika Jerzego Kerna. Ukochanej powie\u015bci mojej\u00a0i\u00a0moich\u00a0dzieci.<\/p>\n<p style=\"text-align: justify;\">Bo to\u00a0prawda, \u017ce\u00a0psy mog\u0105 skomplikowa\u0107 \u017cycie. Dla nich, nie raz i\u00a0nie dwa, trzeba zrezygnowa\u0107 z\u00a0czego\u015b dla siebie. Z\u00a0wygody i\u00a0\u015bwi\u0119tego spokoju.<\/p>\n<p style=\"text-align: justify;\">Ale\u00a0za to\u00a0nikt nie daje tyle ciep\u0142a i\u00a0czu\u0142o\u015bci. Kiedy wracamy do\u00a0domu najmilsze jest przytulanie si\u0119 czymkolwiek do\u00a0czegokolwiek. Przekazywanie sobie wzajemnie najlepszej energii, kt\u00f3ra\u00a0dodaje si\u0142y i\u00a0pozwala walczy\u0107 z\u00a0przeciwno\u015bciami Losu.<\/p>\n<p style=\"text-align: justify;\">A\u00a0tych niestety nie brakuje; chyba nikomu. Tak ju\u017c urz\u0105dzony jest ten \u015bwiat. O\u00a0kt\u00f3rym kto\u015b, maj\u0105c pewnie na\u00a0my\u015bli wy\u0142\u0105cznie opuszczone, g\u0142odne i\u00a0nieszcz\u0119\u015bliwe psy, powiedzia\u0142: \u201epieski\u201d. Pieski \u015bwiat.<\/p>\n<p style=\"text-align: justify;\">Tyle os\u00f3b samotnych w\u00a0mieszkaniach i\u00a0tyle samotnych ps\u00f3w w\u00a0schroniskach.<br \/>Wystarczy sobie to\u00a0u\u015bwiadomi\u0107, wzi\u0105\u0107 psiaka do\u00a0siebie i\u00a0zacznie si\u0119 zupe\u0142nie inne \u017cycie. O\u00a0niebo lepsze.<\/p>\n<p style=\"text-align: right;\" align=\"right\">Bez psa mo\u017cna nawet zej\u015b\u0107 na\u00a0psy\u2026<br \/>Czego nikomu nie \u017cycz\u0119<br \/>\u2013 Magda Umer<br \/>P\u0119cice Ma\u0142e, 11 grudnia 2008<\/p>\n<p style=\"text-align: right;\" align=\"right\"><a href=\"http:\/\/magdaumer.pl\/home\/prasa\/#top\"><b>Do\u00a0spisu artyku\u0142\u00f3w<\/b><\/a><\/p>\n","protected":false},"excerpt":{"rendered":"<p>MOJE\u00a0PIESKIE \u017bYCIE\u00a0cz.\u00a0I\u0179r\u00f3d\u0142o:Dog &amp; Sport, 2008 Urodzi\u0142am si\u0119 i\u00a0przez 46 lat mieszka\u0142am w\u00a0Warszawie. W\u00a0dzieci\u0144stwie nie mia\u0142am \u017cadnego zwierz\u0105tka. Ca\u0142a rodzina alergik\u00f3w, chory na\u00a0zanik mi\u0119\u015bni m\u0142odszy brat, w\u00f3zek inwalidzki, sto tysi\u0119cy k\u0142opot\u00f3w z\u00a0organizacj\u0105 codziennego dnia. Dzisiaj my\u015bl\u0119, \u017ce\u00a0to \u017cadne usprawiedliwienie. \u017be gdyby\u015bmy mieli psa , nasze \u017cycie, a\u00a0ju\u017c na\u00a0pewno \u017cycie mojego\u00a0chorego brata by\u0142o by\u00a0po prostu lepsze. I\u00a0\u2013 &hellip; <a href=\"http:\/\/magdaumer.pl\/home\/prasa\/moje-pieskie-zycie-cz-i\/\" class=\"more-link\">Czytaj dalej <span class=\"screen-reader-text\">MOJE PIESKIE \u017bYCIE cz. I<\/span> <span class=\"meta-nav\">&rarr;<\/span><\/a><\/p>\n","protected":false},"author":1,"featured_media":0,"parent":27,"menu_order":0,"comment_status":"closed","ping_status":"closed","template":"","meta":{"footnotes":""},"class_list":["post-2028","page","type-page","status-publish","hentry"],"_links":{"self":[{"href":"http:\/\/magdaumer.pl\/home\/wp-json\/wp\/v2\/pages\/2028","targetHints":{"allow":["GET"]}}],"collection":[{"href":"http:\/\/magdaumer.pl\/home\/wp-json\/wp\/v2\/pages"}],"about":[{"href":"http:\/\/magdaumer.pl\/home\/wp-json\/wp\/v2\/types\/page"}],"author":[{"embeddable":true,"href":"http:\/\/magdaumer.pl\/home\/wp-json\/wp\/v2\/users\/1"}],"replies":[{"embeddable":true,"href":"http:\/\/magdaumer.pl\/home\/wp-json\/wp\/v2\/comments?post=2028"}],"version-history":[{"count":1,"href":"http:\/\/magdaumer.pl\/home\/wp-json\/wp\/v2\/pages\/2028\/revisions"}],"predecessor-version":[{"id":2029,"href":"http:\/\/magdaumer.pl\/home\/wp-json\/wp\/v2\/pages\/2028\/revisions\/2029"}],"up":[{"embeddable":true,"href":"http:\/\/magdaumer.pl\/home\/wp-json\/wp\/v2\/pages\/27"}],"wp:attachment":[{"href":"http:\/\/magdaumer.pl\/home\/wp-json\/wp\/v2\/media?parent=2028"}],"curies":[{"name":"wp","href":"https:\/\/api.w.org\/{rel}","templated":true}]}}