{"id":2022,"date":"2016-02-29T00:11:10","date_gmt":"2016-02-29T00:11:10","guid":{"rendered":"http:\/\/magdaumer.pl\/home\/?page_id=2022"},"modified":"2016-02-29T00:11:10","modified_gmt":"2016-02-29T00:11:10","slug":"kulturalny-koszyk-100-zl-na-kulture","status":"publish","type":"page","link":"http:\/\/magdaumer.pl\/home\/prasa\/kulturalny-koszyk-100-zl-na-kulture\/","title":{"rendered":"Kulturalny koszyk. 100 z\u0142 na kultur\u0119."},"content":{"rendered":"<p style=\"text-align: center;\"><span style=\"color: #008000;\"><strong>Kulturalny koszyk. 100 z\u0142 na\u00a0kultur\u0119.<\/strong><\/span><br \/><span class=\"Apple-style-span\">N<\/span><span class=\"Apple-style-span\">otowa\u0142a: Izabela Szyma\u0144ska<\/span><span class=\"Apple-style-span\"><br \/><i>\u0179r\u00f3d\u0142o: Gazeta Wyborcza, stycze\u0144 2011<\/i><\/span><\/p>\n<p style=\"text-align: justify;\" align=\"justify\"><span class=\"Apple-style-span\">Kulturalny koszyk. Gdybym\u00a0dosta\u0142a 100 z\u0142 do\u00a0wydania na\u00a0kultur\u0119, kupi\u0142abym\u2026<br \/><\/span><span class=\"Apple-style-span\"><br \/>Kultura jest mi najbardziej potrzebna zim\u0105. Kiedy zawita wiosna \u2013 kultura przegrywa z\u00a0Natur\u0105. Ale\u00a0nie z\u00a0kretesem.<\/span><\/p>\n<p style=\"text-align: justify;\">Ostatnio czyta\u0142am ksi\u0105\u017ck\u0119\u00a0<span class=\"Apple-style-span\">Izy Kuny \u201eKlara\u201d<\/span><span class=\"Apple-style-span\">. Na\u00a0Iz\u0119 zwr\u00f3ci\u0142am uwag\u0119, kiedy jeszcze nie wiedzia\u0142am, \u017ce\u00a0jest aktork\u0105, tylko przyjaci\u00f3\u0142k\u0105 moich\u00a0s\u0105siad\u00f3w: Oli Justy i\u00a0Zbyszka Zamachowskiego. Opowiadali mi, \u017ce\u00a0na pytanie: \u201eCo s\u0142ycha\u0107?\u201d odpowiada: \u201eU mnie jak to\u00a0u\u00a0mnie: raz pod\u00a0wozem, raz pod\u00a0wozem\u201d. Bardzo mi si\u0119 to\u00a0spodoba\u0142o. P\u00f3\u017aniej dowiedzia\u0142am si\u0119, \u017ce\u00a0gra w\u00a0filmach offowych, staje si\u0119 s\u0142awna, pozna\u0142y\u015bmy si\u0119.<br \/>Jaki\u015b czas temu przys\u0142a\u0142a mi \u201eKlar\u0119\u201d. Co drugie s\u0142owo jest w\u00a0tej ksi\u0105\u017cce nieprzyzwoite, ale\u00a0osoba kryj\u0105ca si\u0119 za\u00a0tymi wszystkimi ch\u2026 i\u00a0k\u2026 jest mi bliska. To\u00a0przeklinanie jest zabijaniem nadwra\u017cliwo\u015bci, pokazuje prawdziwe cierpienia kobiety. Jest tam tak\u017ce du\u017co zabawy s\u0142owem, kt\u00f3r\u0105 bardzo lubi\u0119. To\u00a0si\u0119 dobrze czyta. (Cena: 34,90 z\u0142)<\/span><\/p>\n<p style=\"text-align: justify;\">Wzi\u0119\u0142abym wygodne krzes\u0142o i\u00a0kupi\u0142abym wej\u015bci\u00f3wk\u0119 na\u00a0spektakl\u00a0<span class=\"Apple-style-span\">\u201eKoniec\u201d Krzysztofa Warlikowskiego<\/span><span class=\"Apple-style-span\">. Widzia\u0142am \u201eAnio\u0142y w\u00a0Ameryce\u201d \u2013 bardzo ciekawi mnie wyobra\u017ania tego re\u017cysera. (Cena: 40 z\u0142)<\/span><\/p>\n<p style=\"text-align: justify;\">Posz\u0142abym r\u00f3wnie\u017c na\u00a0nowo otwart\u0105 wystaw\u0119\u00a0<span class=\"Apple-style-span\">w\u00a0warszawskiej Zach\u0119cie \u201eRyszard Kapu\u015bci\u0144ski. Z\u00a0imperium. Fotografie\u201d<\/span><span class=\"Apple-style-span\">. Od\u00a0dawna jestem zakochana w\u00a0panu Ryszardzie. To, co napisa\u0142, zrobi\u0142, towarzyszy\u0142o mojemu\u00a0\u017cyciu. To\u00a0mi\u0142o\u015b\u0107, kt\u00f3ra\u00a0odejdzie razem ze\u00a0mn\u0105. Interesuje mnie wszystko, co ukazuje si\u0119 na\u00a0Jego temat. W\u00a0czwartki wst\u0119p jest wolny. (Cena: 0 z\u0142)<\/span><\/p>\n<p style=\"text-align: justify;\">Za\u00a0zaoszcz\u0119dzone na\u00a0wystawie pieni\u0105dze kupi\u0142abym\u00a0<span class=\"Apple-style-span\">\u201eKobiety, kt\u00f3re igra\u0142y z\u00a0bogami\u201d \u2013 zbi\u00f3r reporta\u017cy z\u00a0\u201eWysokich Obcas\u00f3w\u201d<\/span><span class=\"Apple-style-span\">. Kluczem by\u0142y bohaterki, kt\u00f3re nie \u017cyj\u0105 tak jak Pan B\u00f3g przykaza\u0142, w\u00a0potocznym rozumieniu tego okre\u015blenia: nie poddaj\u0105 si\u0119 m\u0119\u017cczyznom, pracy, konwencjom. S\u0105 odwa\u017cne, ryzykuj\u0105, mieni\u0105 si\u0119, l\u015bni\u0105. \u015awietnie si\u0119 o\u00a0nich czyta, ale\u00a0chyba z\u00a0\u017cadn\u0105 z\u00a0nich nie chcia\u0142abym zamieni\u0107 si\u0119 na\u00a0\u017cycie. (Cena: 34 z\u0142)<\/span><\/p>\n<p style=\"text-align: justify;\">Suma: 108,90 z\u0142<\/p>\n<p>&nbsp;<\/p>\n<p align=\"right\"><b><a href=\"http:\/\/magdaumer.pl\/home\/prasa\/#top\">Do\u00a0spisu artyku\u0142\u00f3w<\/a><\/b><\/p>\n","protected":false},"excerpt":{"rendered":"<p>Kulturalny koszyk. 100 z\u0142 na\u00a0kultur\u0119.Notowa\u0142a: Izabela Szyma\u0144ska\u0179r\u00f3d\u0142o: Gazeta Wyborcza, stycze\u0144 2011 Kulturalny koszyk. Gdybym\u00a0dosta\u0142a 100 z\u0142 do\u00a0wydania na\u00a0kultur\u0119, kupi\u0142abym\u2026Kultura jest mi najbardziej potrzebna zim\u0105. Kiedy zawita wiosna \u2013 kultura przegrywa z\u00a0Natur\u0105. Ale\u00a0nie z\u00a0kretesem. Ostatnio czyta\u0142am ksi\u0105\u017ck\u0119\u00a0Izy Kuny \u201eKlara\u201d. Na\u00a0Iz\u0119 zwr\u00f3ci\u0142am uwag\u0119, kiedy jeszcze nie wiedzia\u0142am, \u017ce\u00a0jest aktork\u0105, tylko przyjaci\u00f3\u0142k\u0105 moich\u00a0s\u0105siad\u00f3w: Oli Justy i\u00a0Zbyszka Zamachowskiego. Opowiadali &hellip; <a href=\"http:\/\/magdaumer.pl\/home\/prasa\/kulturalny-koszyk-100-zl-na-kulture\/\" class=\"more-link\">Czytaj dalej <span class=\"screen-reader-text\">Kulturalny koszyk. 100 z\u0142 na kultur\u0119.<\/span> <span class=\"meta-nav\">&rarr;<\/span><\/a><\/p>\n","protected":false},"author":1,"featured_media":0,"parent":27,"menu_order":0,"comment_status":"closed","ping_status":"closed","template":"","meta":{"footnotes":""},"class_list":["post-2022","page","type-page","status-publish","hentry"],"_links":{"self":[{"href":"http:\/\/magdaumer.pl\/home\/wp-json\/wp\/v2\/pages\/2022","targetHints":{"allow":["GET"]}}],"collection":[{"href":"http:\/\/magdaumer.pl\/home\/wp-json\/wp\/v2\/pages"}],"about":[{"href":"http:\/\/magdaumer.pl\/home\/wp-json\/wp\/v2\/types\/page"}],"author":[{"embeddable":true,"href":"http:\/\/magdaumer.pl\/home\/wp-json\/wp\/v2\/users\/1"}],"replies":[{"embeddable":true,"href":"http:\/\/magdaumer.pl\/home\/wp-json\/wp\/v2\/comments?post=2022"}],"version-history":[{"count":1,"href":"http:\/\/magdaumer.pl\/home\/wp-json\/wp\/v2\/pages\/2022\/revisions"}],"predecessor-version":[{"id":2023,"href":"http:\/\/magdaumer.pl\/home\/wp-json\/wp\/v2\/pages\/2022\/revisions\/2023"}],"up":[{"embeddable":true,"href":"http:\/\/magdaumer.pl\/home\/wp-json\/wp\/v2\/pages\/27"}],"wp:attachment":[{"href":"http:\/\/magdaumer.pl\/home\/wp-json\/wp\/v2\/media?parent=2022"}],"curies":[{"name":"wp","href":"https:\/\/api.w.org\/{rel}","templated":true}]}}