{"id":20,"date":"2014-11-27T17:34:25","date_gmt":"2014-11-27T17:34:25","guid":{"rendered":"http:\/\/magdaumer.pl\/home\/?page_id=20"},"modified":"2016-03-25T00:38:30","modified_gmt":"2016-03-25T00:38:30","slug":"dokonania","status":"publish","type":"page","link":"http:\/\/magdaumer.pl\/home\/dokonania\/","title":{"rendered":"Dokonania"},"content":{"rendered":"<p><span style=\"color: #000080;\"><b>RECITALE<\/b><\/span><\/p>\n<p>&#8211;<b> WSZYSTKO JU\u017b BY\u0141O<\/b> &#8211; recital tv; 1975<\/p>\n<p>&#8211; <b>NA STRYCHU <\/b>&#8211; recital tv z piosenkami Agnieszki Osieckiej;1985<\/p>\n<p>&#8211; <b>CIENIE<\/b> &#8211; recital tv; 1988<\/p>\n<p>&nbsp;<\/p>\n<p><span style=\"color: #000080;\"><b>KABARETY<\/b><\/span><\/p>\n<p>&#8211; <b>wyst\u0119py z kabaretem ABACUS<\/b> za\u0142o\u017conym przez Andrzeja Woyciechowskiego, Janusza Weissa i Krzysztofa Knittla na scenie klubu Mospan; od 1968<\/p>\n<p>&#8211; <b>wyst\u0119py w kabarecie STODO\u0141A<\/b> z programem &#8222;O Jezu, jak mi dobrze w pomara\u0144czowym jest&#8221;; od 1969<br \/> <b>&#8211; wsp\u00f3\u0142praca z kabaretem DRESZCZOWISKO <\/b>Macieja Zembatego; od 1971<\/p>\n<p>&nbsp;<\/p>\n<p><span style=\"color: #000080;\"><b>KONCERTY<\/b><\/span><\/p>\n<p>&#8211; <b>SZALONA LOKOMOTYWA <\/b>&#8211; koncert prezentuj\u0105cy prapremierowe fragmenty musicalu M. Grechuty i J. K. Pawlu\u015bkiewicza na podstawie tekstu S. I. Witkiewicza w<span lang=\"en\">\u00a0<\/span>Teatrze im. J. Kochanowskiego w Opolu, podczas XIII Krajowego Festiwalu Piosenki Polskiej w Opolu ; 1975<\/p>\n<p>&#8211; <b>PSALMY TADEUSZA NOWAKA; <\/b> widowisko; re\u017c.: Krystyna i Micha\u0142 Bogus\u0142awscy;<br \/> wyst\u0119puj\u0105: Teresa Heremza, Magda Umer, Marek Grechuta, Marian Opania, Krzysztof Wakuli\u0144ski; Mi\u0119dzynarodowa Wiosna Estradowa w Poznaniu; 1977<\/p>\n<p>&#8211; <b>NASTROJE. NAS TROJE.<\/b> &#8211; koncert po\u015bwi\u0119cony piosenkom A. Osieckiej, J. Kofty<br \/> i W. M\u0142ynarskiego z udzia\u0142em m.in.\u00a0 Marka Grechuty, Maryli Rodowicz, Urszuli Sipi\u0144skiej, \u0141ucji Prus, Alibabek, Bogus\u0142awa Meca i Magdy Umer, podczas Festiwalu Piosenki Polskiej w Opolu; 1977<\/p>\n<p>&#8211; <b>ZACZYNAJCIE BEZE MNIE<\/b> &#8211; koncert po\u015bwi\u0119cony tw\u00f3rczo\u015bci Agnieszki Osieckiej podczas Przegl\u0105du Piosenki Aktorskiej; 1988<\/p>\n<p>&#8211; <b>WIECZ\u00d3R \u017bYDOWSKI W BUFFO<\/b> &#8211; widowisko w re\u017cyserii Janusza J\u00f3zefowicza z udzia\u0142em m.in. S\u0142awy Przybylskiej, Magdy Umer, Mariana Opani, Wiktora Zborowskiego, Anny Frankowskiej, Szymona Szurmieja; 2002<\/p>\n<p>&nbsp;<\/p>\n<p><span style=\"color: #000080;\"><b>SPEKTAKLE &#8211; RE\u017bYSERIA, SCENARIUSZ<\/b><\/span><\/p>\n<p align=\"justify\">&#8211;<b> HELOIZA I ABELARD<\/b> wed\u0142ug &#8222;List\u00f3w Abelarda i Heloizy&#8221; Ronalda Duncana;<span lang=\"en\"><br \/> <\/span>scenariusz i re\u017cyseria: Magda Umer;<br \/> wyst\u0105pili: Heloiza &#8211; Krystyna Janda, Abelard &#8211; Zygmunt Hubner; Teatr TV; 1985<\/p>\n<p align=\"justify\">&#8211; <b>BIA\u0141A BLUZKA <\/b>na podstawie tekstu Agnieszki Osieckiej; <span lang=\"en\"><br \/> <\/span>scenariusz i re\u017cyseria: Magda Umer; wyst\u0119puje: Krystyna Janda;<br \/> premiera 31 grudnia 1986 roku podczas inauguracji Sceny na Dole w warszawskim Teatrze Ateneum, druga prapremiera podczas wroc\u0142awskiego Przegl\u0105du Piosenki Aktorskiej w 1987 roku; spektakl wznowiony 4 czarwca 2010 roku na deskach warszawskiego OCH-TEATRU<\/p>\n<p align=\"justify\">&#8211; <b>ZIMY \u017bAL<\/b> &#8211; spektakl muzyczny z piosenkami Jeremiego Przybory i Jerzego Wasowskiego; scenariusz i re\u017cyseria: Magda Umer i Jeremi Przybora; Teatr Rampa w<span lang=\"en\">\u00a0<\/span>Warszawie; premiera podczas Przegl\u0105du Piosenki Aktorskiej we Wroc\u0142awiu; 1989<\/p>\n<p align=\"justify\">&#8211; <b>BIG ZBIG SHOW<\/b>; spektakl muzyczny; scenariusz i re\u017cyseria: Magda Umer;<br \/> Teatr<span lang=\"en\">\u00a0<\/span>Rampa; 1992<\/p>\n<p>&#8211; <b>KOBIETA ZAWIEDZIONA<\/b> spektakl wed\u0142ug Simone de Beauvoir; re\u017cyseria i adaptacja: Magda Umer; wyst\u0119puje: Krystyna Janda; Teatr Powszechny w Warszawie; 1994<\/p>\n<p align=\"justify\">&#8211; <b>ZBIGA \u017bA<\/b>L; spektakl muzyczny; scenariusz i re\u017cyseria: Magda Umer;<br \/> Studio Buffo; 1996<\/p>\n<p align=\"justify\">&#8211; <b>MARLENE<\/b>; spektakl wed\u0142ug Pam Gems; re\u017cyseria: Magda Umer;<br \/> w roli g\u0142\u00f3wnej Krystyna Janda; wroc\u0142awski Teatr Impart; 1999<\/p>\n<p align=\"justify\">&#8211; <b>M\u0141YNARSKI, CZYLI TRZY ELEMENTY<\/b>; spektakl muzyczny z okazji jubileuszu<br \/> 40-lecia pracy tw\u00f3rczej Wojciecha M\u0142ynarskiego;<br \/> scenariusz i re\u017cyseria Magda Umer; warszawski Teatr Ateneum; 2003<\/p>\n<p align=\"justify\">&#8211; <b>CHLIP HOP, CZYLI NASZA MGLISTA LAP TOP LISTA<\/b>;<br \/> scenariusz i re\u017cyseria: Magda Umer i Andrzej Poniedzielski;\u00a0 2006<\/p>\n<p align=\"justify\">&#8211; <b>POD MOCNYM ANIO\u0141EM; <\/b> spektakl wed\u0142ug Jerzego Pilcha;<br \/> re\u017cyseria i adaptacja: Magda Umer; Teatr Polonia w Warszawie;\u00a0 2012<\/p>\n<p>&nbsp;<\/p>\n<p><span style=\"color: #000080;\"> <b>KONCERTY\u00a0 &#8211;\u00a0 RE\u017bYSERIA, SCENARIUSZ<\/b><\/span><\/p>\n<p align=\"justify\"><b>&#8211; POLSKA POEZJA \u015aPIEWANA<\/b>; widowisko; scenariusz: Magda Umer;<br \/> re\u017cyseria: Krystyna i Micha\u0142 Bogus\u0142awscy; premiera odby\u0142a si\u0119 w czerwcu 1974 roku w<span lang=\"en\">\u00a0<\/span>Opolskiej Szkole Muzycznej jako impreza towarzysz\u0105ca opolskiemu festiwalowi; wyst\u0105pi\u0142a plejada najwybitniejszych polskich aktor\u00f3w i pie\u015bniarzy; widowisko zosta\u0142o okrzykni\u0119te najwi\u0119kszym wydarzeniem artystycznym tego festiwalu<\/p>\n<p align=\"justify\">&#8211; <b>WIDOWISKO PO\u015aWI\u0118CONE POETOM POLSKIM<\/b>;<br \/> scenariusz i re\u017cyseria: Magda Umer; Teatr im. Jana Kochanowskiego w Opolu; 1975<\/p>\n<p align=\"justify\">&#8211; <b>M\u0118\u017bCZY\u0179NI MOJEGO \u017bYCIA<\/b>; koncert;<br \/> re\u017cyseria, scenariusz i prowadzenie: Magda Umer; Radiowa Tr\u00f3jka; 21 kwietnia 1995<\/p>\n<p align=\"justify\">&#8211; <b>ZIELONO MI<\/b>; koncert; scenariusz, re\u017cyseria i prowadzenie: Magda Umer;<br \/> 24 Festiwal Piosenki Polskiej w Opolu; 29 czerwca 1997<\/p>\n<p align=\"justify\">&#8211; <b>TRZYMAJ SI\u0118 SWOICH CHMUR<\/b>; koncert piosenek Seweryna Krajewskiego z okazji 25-lecia Przegl\u0105du Piosenki Aktorskiej we Wroc\u0142awiu;<br \/> scenariusz i re\u017cyseria: Magda Umer; prowadzenie Magda Umer i Andrzej Poniedzielski; 1 maja 2004<\/p>\n<p align=\"justify\">&#8211; <b>KARAOKE W TEATRZE<\/b>; cykl spotka\u0144 z piosenk\u0105 polsk\u0105, zainicjowany i prowadzony przez Magd\u0119 Umer w Teatrze Polonia od kwietnia 2006 roku<\/p>\n<p align=\"justify\">&#8211; <strong>SCENKI I OBSCENKI CZYLI JEREMIEGO PRZYBORY PIOSENKI!<\/strong>; koncert piosenek Jeremiego Przybory z okazji 100 urodzin;<br \/> Scenariusz, prowadzenie i re\u017cyseria (wraz z Arturem Burchackim): Magda Umer; 12 czerwca 2015<\/p>\n<p align=\"justify\"><span style=\"color: #000080;\"><b>PROGRAMY TELEWIZYJNE I FILMY &#8211; RE\u017bYSERIA, SCENARIUSZ<\/b><\/span><\/p>\n<p align=\"justify\">&#8211; <b>ZWIERZENIA PRZY FORTEPIANIE<\/b>;<br \/> cykl program\u00f3w telewizyjnych z Jeremim Przybor\u0105; 1979 &#8211; 1981<\/p>\n<p align=\"justify\">&#8211; <b>DZIECKO SZCZ\u0118\u015aCIA, CZYLI WIOSNA, LATO, JESIE\u0143, ZIMA<\/b>; pi\u0119cioodcinkowy wywiad rzeka z Jeremim Przybor\u0105; scenariusz i prowadzenie: Magda Umer; 1988<\/p>\n<p align=\"justify\">&#8211; <b>JEREMI PRZYBORA<\/b>; film dokumentalny; scenariusz i re\u017cyseria: Magda Umer; 1990<\/p>\n<p align=\"justify\">&#8211; <b>WSPOMNIENIE O ANDRZEJU NARDELLIM<\/b>; film dokumentalny;<br \/> scenariusz i re\u017cyseria Magda Umer; 1993<\/p>\n<p align=\"justify\">&#8211; <b>ROZMOWY O ZMIERZCHU I \u015aWICIE<\/b>; dziewi\u0119cioodcinkowy wywiad rzeka z Agnieszk\u0105 Osieck\u0105; scenariusz i prowadzenie Magda Umer; 1996-1997<\/p>\n<p align=\"justify\">&#8211; <b>ICH PIERWSZE MI\u0141O\u015aCI<\/b>; cykl wywiad\u00f3w telewizyjnych, kt\u00f3rych bohaterami s\u0105 m.in: Jeremi Przybora, Wojciech Mann, Krystyna Janda, Grzegorz Turnau, Maryla Rodowicz, Urszula Dudziak, ks. Kazimierz Orzechowski, Martha Meszaros, Zbigniew Zamachowski i Janusz Gajos; 2000-2002<\/p>\n<p>&nbsp;<\/p>\n<p><span style=\"color: #000080;\"><b>FILMY &#8211; WYST\u0118PUJE MAGDA UMER<\/b><\/span><\/p>\n<p align=\"justify\">&#8211; <b>POECI WOJNY<\/b>; telewizyjny cykl po\u015bwi\u0119cony K.K. Baczy\u0144skiemu, t. Gajcemu,<br \/> A. Trzebi\u0144skiemu, Z.<span lang=\"en\">\u00a0<\/span>Stroi\u0144skiemu, T. Borowskiemu; re\u017c. Krystyna i Micha\u0142 Bogus\u0142awscy; wyst\u0119puj\u0105: Anna Chodakowska, Magda Umer, Piotr Fronczewski, Krzysztof Kolberger, Daniel Olbrychski, Andrzej Nardelli; 1972<\/p>\n<p align=\"justify\">&#8211; <b>JEST CZY SI\u0118 \u015aNI<\/b>; film muzyczny; re\u017c. Krystyna i Micha\u0142 Bogus\u0142awscy;<br \/> wyst\u0119puj\u0105: Magda Umer i Andrzej Nardelli; 1972<\/p>\n<p align=\"justify\">&#8211; <b>BRZEGIEM SZA\u0141U W NIEPOJ\u0118TO\u015a\u0106 ZIELONO\u015aCI<\/b>; re\u017c. Leszek Baron;<br \/> wiersze B.<span lang=\"en\">\u00a0<\/span>Le\u015bmiana czytaj\u0105: Magda Umer i Olgierd \u0141ukaszewicz; 1979<\/p>\n<p align=\"justify\">&#8211; <b>PA\u0141AC<\/b>; film wed\u0142ug powie\u015bci Wies\u0142awa My\u015bliwskiego; re\u017c. Tadeusz Junak;<br \/> Magda Umer w roli damy z pieskiem; 1980<\/p>\n<p align=\"justify\">&#8211; <b>WERYFIKACJA<\/b>; akcja filmu toczy si\u0119 podczas stanu wojennego;<br \/> re\u017c. Miros\u0142aw Gronowski; Magda Umer w roli Lilki, \u017cony Olgierda;1987<\/p>\n<p align=\"justify\">&#8211; <b>MAGDA<\/b>;\u00a0 film dokumentalny o Magdzie Umer; scen. i re\u017c.: Gra\u017cyna Pieczuro; 1993<\/p>\n<p>&nbsp;<\/p>\n<p><b><span style=\"color: #000080;\">TEATR &#8211; WYST\u0118PUJE MAGDA UMER<\/span><\/b><\/p>\n<p align=\"justify\">&#8211;\u00a0 <b>WESELE<\/b> S. Wyspia\u0144skiego; re\u017c. Adam Hanuszkiewicz; Magda Umer w roli Racheli; Teatr Narodowy; 1974-1978<\/p>\n<p align=\"justify\">&#8211; <b>O WINIE, KARZE I ZMARTWYCHWSTANIU<\/b> F. Dostojewskiego; re\u017c Stanis\u0142aw Brejdygant; wyst\u0119puj\u0105: Magda Umer (Sonia), Zbigniew Zapasiewicz (Porfiry), Stanis\u0142aw Brejdygant (Raskolnikow); Teatr Stara Prochownia w Warszawie; 1976<\/p>\n<p>&nbsp;<\/p>\n<p><span style=\"color: #000080;\"><b>WYDARZENIA<\/b><\/span><\/p>\n<p>&#8211; <b>BLISCY Z BLISKA<\/b> &#8211; autorska wystawa fotografii Magdy Umer<br \/> w &#8222;Studio Magic Media&#8221;; 1997 rok<\/p>\n<p>&nbsp;<\/p>\n<p align=\"justify\"><span style=\"color: #000080;\"><b>TEKSTY PIOSENEK <\/b><\/span><\/p>\n<p align=\"justify\"><b><span style=\"color: #008000;\">&#8211; <\/span>OSOBNO <\/b>(muz. S. Krajewski, wyk. M. Umer)<\/p>\n<p align=\"justify\"><b><span style=\"color: #008000;\">&#8211; <\/span>JA\u015aNIEJ <\/b>(muz. P. Stankiewicz, wyk. M. Umer)<\/p>\n<p align=\"justify\"><b><span style=\"color: #008000;\">&#8211; <\/span>TAK JAK W KINIE <\/b>(muz. S. Soyka, wyk. S. Soyka)<\/p>\n<p align=\"justify\"><b>&#8211; \u0141ZA NA RZ\u0118SIE MI SI\u0118 TRZ\u0118SIE <\/b>(muz. A. Korzy\u0144ski, wyk. M. Rodowicz)<\/p>\n<p align=\"justify\">&#8211; <b>JEST CUDNIE\u00a0 <\/b>(muz. S. Krajewski, wyk. M. Rodowicz)<\/p>\n<p align=\"justify\"><b>&#8211; NIE LICZY SI\u0118 NIC <\/b>(muz. A. Smolik, wyk. M. Rodowicz)<\/p>\n<p align=\"justify\">&#8211; <b>PANIE NASZ, PANIE ICH<\/b> (muz. A. Smolik, wyk. M. Rodowicz)<\/p>\n<p align=\"justify\">&#8211; <b>PORA DOBREJ NOCY<\/b> (muz. G. Turnau, wyk. M. Umer i G. Turnau)<br \/> <b><\/b><\/p>\n<p>&nbsp;<\/p>\n<p>&nbsp;<\/p>\n<p><span style=\"color: #000080;\"><strong>NAGRODY<\/strong><\/span><\/p>\n<p align=\"left\">&#8211; <b>Grand Prix festiwalu FAMA<\/b> za piosenk\u0119 &#8222;Jestem ca\u0142a w twoich r\u0119kach&#8221;<br \/> (s\u0142. I. Iredy\u0144ski, muz. A. Piechowska); 1969<br \/> &#8211; <b>III nagroda na Zimowej Gie\u0142dzie Piosenki Studenckiej<\/b> w Opolu za bossa nov\u0119<br \/> &#8222;Je\u015bli my\u015blisz, \u017ce ja ci\u0119 nie kocham&#8221; (s\u0142. A. Woyciechowski, muz. K. Knittel); 1969<br \/> &#8211; <b>Nagroda za debiut na festiwalu w Opolu <\/b>zdobyta piosenk\u0105 &#8222;Jed\u017a na urlop, Romeo&#8221;<br \/> (s\u0142. J. Gw\u00f3\u017ad\u017a, muz. J. Mart); 1969<br \/> <b>&#8211; Zwyci\u0119stwo festiwalu FAMA <\/b>w \u015awinouj\u015bciu piosenk\u0105 &#8222;Koncert jesienny<br \/> na dwa \u015bwierszcze&#8221; (s\u0142. W. Ni\u017cy\u0144ski, muz. K. Knittel); lipiec 1970<br \/> &#8211; <b>Nagroda na 9. festiwalu w Opolu<\/b> za &#8222;Koncert jesienny na dwa \u015bwierszcze&#8221;; 1971<br \/> &#8211; <b>Statuetka Mateusza<\/b> od radiowej Tr\u00f3jki; 1995<br \/> &#8211; <b>Nagroda Prezydenta m. st. Warszawy<\/b> za spektakl &#8222;Zimy \u017cal&#8221;; 1989<br \/> &#8211; <b>Krzy\u017c Kawalerski Orderu Odrodzenia Polski <\/b>za wybitne zas\u0142ugi w ruchu<br \/> studenckim, za osi\u0105gni\u0119cia w pracy zawodowej i spo\u0142ecznej; 2000<br \/> &#8211; <b>Statuetka &#8222;Przyjaciela Zaczarowanego Ptaszka&#8221;<\/b>,<b> <\/b> nagroda Fundacji<br \/> Anny Dymnej;\u00a0 2007<br \/> &#8211; <b>nagroda specjalna za &#8222;tw\u00f3rczo\u015b\u0107, kt\u00f3ra si\u0119 formatom nie k\u0142ania&#8221;<\/b>,<br \/> za realizowany wsp\u00f3lnie z Andrzejem Poniedzielskim program &#8222;\u015apiewa\u0107, jak to \u0142atwo<br \/> powiedzie\u0107&#8221;, wr\u0119czona podczas 9. Festiwalu Dobrego Humoru w Gda\u0144sku; 2008<br \/> &#8211; <b>Gloria Artis<\/b> za wybitne osi\u0105gni\u0119cia w dziedzinie kultury, wr\u0119czona 28 kwietnia 2008<br \/> roku przez MKiDN, pana Bogdana Zdrojewskiego, przed recitalem z okazji jubileuszu<br \/> 40-lecia dzia\u0142alno\u015bci artystycznej, na scenie Teatru Polonia w Warszawie<\/p>\n<p><span style=\"color: #000080;\"><br \/> <\/span><\/p>\n<p><span style=\"color: #000080;\"><b>ZDOBYTE TYTU\u0141Y<\/b><\/span><\/p>\n<p align=\"justify\">&#8211; Zdobycie <b> tytu\u0142u magistra filologii polskiej<\/b> Uniwersytetu Warszawskiego; 1973<br \/> &#8211; Praca w Telewizji Polskiej jako <b>m\u0142odszy redaktor<\/b>; 1974<br \/> &#8211; <b>Matka <\/b>&#8211; syn Mateusz &#8211; 22 grudnia 1977<br \/> &#8211; <b>Matka<\/b> &#8211; syn Franciszek &#8211; 25 lipca 1985<br \/> &#8211; tytu\u0142 <b>Mistrza Mowy Polskiej<\/b>, 2005<br \/>&#8211; <strong>Babcia<\/strong> &#8211; wnuczka Janka &#8211; 14 sierpnia 2012<br \/>&#8211; <strong>Babcia<\/strong> &#8211; wnuk Ludwik &#8211; 18 marca 2015<\/p>\n<p><select onchange=\"self.location.href = this.value\"><option value=\"adres1.html\">Opis1<\/option><option value=\"adres2.html\">Opis2<\/option><\/select><\/p>\n","protected":false},"excerpt":{"rendered":"<p>RECITALE &#8211; WSZYSTKO JU\u017b BY\u0141O &#8211; recital tv; 1975 &#8211; NA STRYCHU &#8211; recital tv z piosenkami Agnieszki Osieckiej;1985 &#8211; CIENIE &#8211; recital tv; 1988 &nbsp; KABARETY &#8211; wyst\u0119py z kabaretem ABACUS za\u0142o\u017conym przez Andrzeja Woyciechowskiego, Janusza Weissa i Krzysztofa Knittla na scenie klubu Mospan; od 1968 &#8211; wyst\u0119py w kabarecie STODO\u0141A z programem &#8222;O &hellip; <a href=\"http:\/\/magdaumer.pl\/home\/dokonania\/\" class=\"more-link\">Czytaj dalej <span class=\"screen-reader-text\">Dokonania<\/span> <span class=\"meta-nav\">&rarr;<\/span><\/a><\/p>\n","protected":false},"author":1,"featured_media":0,"parent":0,"menu_order":0,"comment_status":"closed","ping_status":"closed","template":"","meta":{"footnotes":""},"class_list":["post-20","page","type-page","status-publish","hentry"],"_links":{"self":[{"href":"http:\/\/magdaumer.pl\/home\/wp-json\/wp\/v2\/pages\/20","targetHints":{"allow":["GET"]}}],"collection":[{"href":"http:\/\/magdaumer.pl\/home\/wp-json\/wp\/v2\/pages"}],"about":[{"href":"http:\/\/magdaumer.pl\/home\/wp-json\/wp\/v2\/types\/page"}],"author":[{"embeddable":true,"href":"http:\/\/magdaumer.pl\/home\/wp-json\/wp\/v2\/users\/1"}],"replies":[{"embeddable":true,"href":"http:\/\/magdaumer.pl\/home\/wp-json\/wp\/v2\/comments?post=20"}],"version-history":[{"count":31,"href":"http:\/\/magdaumer.pl\/home\/wp-json\/wp\/v2\/pages\/20\/revisions"}],"predecessor-version":[{"id":2515,"href":"http:\/\/magdaumer.pl\/home\/wp-json\/wp\/v2\/pages\/20\/revisions\/2515"}],"wp:attachment":[{"href":"http:\/\/magdaumer.pl\/home\/wp-json\/wp\/v2\/media?parent=20"}],"curies":[{"name":"wp","href":"https:\/\/api.w.org\/{rel}","templated":true}]}}