{"id":1978,"date":"2016-02-28T23:49:29","date_gmt":"2016-02-28T23:49:29","guid":{"rendered":"http:\/\/magdaumer.pl\/home\/?page_id=1978"},"modified":"2016-02-28T23:49:29","modified_gmt":"2016-02-28T23:49:29","slug":"rozrzutna-i-oszczedny","status":"publish","type":"page","link":"http:\/\/magdaumer.pl\/home\/prasa\/rozrzutna-i-oszczedny\/","title":{"rendered":"ROZRZUTNA I OSZCZ\u0118DNY"},"content":{"rendered":"<p align=\"center\"><span style=\"color: #008000;\"><b>ROZRZUTNA I\u00a0OSZCZ\u0118DNY<\/b><\/span><br \/>Rozmawia\u0142a Monika Berkowska<i><br \/><\/i><i>\u0179r\u00f3d\u0142o:\u00a0<\/i><i>Gala, 16 grudnia 2002<br \/><\/i><\/p>\n<p style=\"text-align: justify;\" align=\"justify\"><b>R: Czym r\u00f3\u017cni si\u0119 Gwiazdka w\u00a0domu dzisiejszej Magdy Umer od\u00a0Gwiazdki w\u00a0domu ma\u0142ej Magdy \u2013 Ma\u0142gosi (bo takie podobno jest pani \u201eurz\u0119dowe\u201d imi\u0119?<br \/><\/b>MU\u0141 Wieloma rzeczami. \u015awi\u0119ta mojego\u00a0dzieci\u0144stwa zapami\u0119ta\u0142am jako dni, w\u00a0kt\u00f3re dostajemy czekolad\u0119 , pomara\u0144cze i\u00a0ksi\u0105\u017cki \u201epod choink\u0119\u201d. Nie chodzimy do\u00a0szko\u0142y, leniuchujemy i\u00a0to w\u0142a\u015bciwie wszystko \u2026<br \/><b><br \/>R: Jak to? A\u00a013 potraw, kol\u0119dy, Pasterka?<br \/><\/b>MU: Niczego takiego nie by\u0142o, bo rodzice nie wierzyli w\u00a0Boga i\u00a0nas tak wychowywali.<br \/><b><br \/>R: A\u00a0czy to\u00a0prawda, \u017ce\u00a0pani sama przyj\u0119\u0142a chrzest, ju\u017c jako doros\u0142a osoba?<br \/><\/b>MU: Nie sama, tylko z\u00a0malutkim synkiem Mateuszem, kt\u00f3ry\u00a0dzisiaj jest 25 letnim m\u0119\u017cczyzn\u0105.<br \/><b><br \/>R: Dlaczego to\u00a0pani zrobi\u0142a?<\/b><br \/>MU: Z\u00a0wielkiej potrzeby duchowej.<br \/><b><br \/>R: A\u00a0dzisiaj do\u00a0Wigilii siadacie z\u00a0ca\u0142\u0105 rodzin\u0105?<br \/><\/b>MU: M\u00f3j\u00a0tata nie \u017cyje ju\u017c od\u00a015 lat, rodzic\u00f3w mojego\u00a0m\u0119\u017ca te\u017c ju\u017c nie ma na\u00a0tym \u015bwiecie. Przywozimy na\u00a0wie\u015b moj\u0105 mam\u0119, w\u00a0Wigili\u0119 albo Bo\u017ce Narodzenie, przyje\u017cd\u017ca te\u017c brat z\u00a0rodzin\u0105\u2026<br \/><b><br \/>R: A\u00a0pani dzieci?<br \/><\/b>MU: W\u00a0tym roku po\u00a0raz pierwszy nie b\u0119dzie Mateusza , bo studiuje w\u00a0Nowej Zelandii<br \/>To\u00a0b\u0119dzie pierwsza Wigilia bez niego.<br \/><b><br \/>R: T\u0119skni Pani za\u00a0nim?<br \/><\/b>MU: Bardzo, ale\u00a0jeszcze bardziej ciesz\u0119 si\u0119, \u017ce\u00a0jest tam szcz\u0119\u015bliwy. Jeste\u015bmy w\u00a0codziennej mailowej \u0142\u0105czno\u015bci . Dawno nie by\u0142am z\u00a0nim w\u00a0tak intensywnym kontakcie, jak teraz.<br \/><b><br \/>R: Co on tam studiuje?<\/b><br \/>Lingwistyk\u0119 stosowan\u0105. To\u00a0jego drugi fakultet. Ma nieprawdopodobn\u0105 \u0142atwo\u015b\u0107 uczenia si\u0119 j\u0119zyk\u00f3w. Jego dziadek zna\u0142 ich pi\u0119\u0107! M\u0142odszy syn, Franek jest w\u00a0III klasie liceum. Im.\u00a0Staszica w\u00a0Warszawie. Moi synowie kochaj\u0105 si\u0119 bardzo, chocia\u017c ka\u017cdy z\u00a0nich ma innego ojca.<br \/><b><br \/>R: Wr\u00f3\u0107my do\u00a0Gwiazdki. Co robicie w\u00a0tym roku?<br \/><\/b>Na\u00a0gwiazdk\u0119 robimy te wszystkie \u201eg\u0142upoty\u201d, kt\u00f3re robi\u0105 ludzie. Kupujemy ryby , grzyby, lwyby, ciasta ,pierogi, prawie nic nie robimy sami (tzn. m\u0105\u017c robi bigos i\u00a0\u015bledzie , a\u00a0ja zup\u0119 grzybow\u0105) \u2026<br \/><b><br \/>R :Nie ma pani ambicji bycia wspania\u0142\u0105 gospodyni\u0105 i\u00a0przygotowania wszystkiego samej?<br \/><\/b>MU: Sama Gotuj\u0119 przez ca\u0142y rok i\u00a0bardzo bym\u00a0chcia\u0142a na\u00a0\u015bwi\u0119ta nie gotowa\u0107. To\u00a0wszystko, co kupimy potem bardzo \u0142adnie uk\u0142adamy na\u00a0bardzo \u0142adnych talerzach\u2026 Cieszymy si\u0119 ,\u017ce st\u00f3\u0142 wygl\u0105da pi\u0119knie i\u00a0od\u015bwi\u0119tnie, dzielimy op\u0142atkiem, \u015bpiewamy wsp\u00f3lnie kol\u0119dy. Poniewa\u017c wszyscy znaj\u0105 tylko jedn\u0105, dwie zwrotki, przepisa\u0142am najpi\u0119kniejsze kol\u0119dy i\u00a0\u015bpiewamy je razem.. d\u0142ugo, d\u0142ugo-no a\u00a0potem prezenty. Udajemy, \u017ce\u00a0nie wiedzieli\u015bmy co dostaniemy, chocia\u017c najcz\u0119\u015bciej ka\u017cdy sk\u0142ada wcze\u015bniej jakie\u015b zam\u00f3wienie.<br \/><b><br \/>R: Pani z\u0142o\u017cy\u0142a ju\u017c zam\u00f3wienie?<\/b><br \/>MU: Wymarzony prezent dla mnie to\u00a0ca\u0142a lista ksi\u0105\u017cek i\u00a0p\u0142yt. Zawsze m\u00f3wi\u0119 Frankowi o\u00a0czym marz\u0119 ,co maj\u0105 mi kupi\u0107. Ale\u00a0w\u00a0tym roku ju\u017c nie nale\u017cy mi si\u0119 prezent, bo kupi\u0142am sobie w\u00a0Toskanii lalk\u0119 -marzenie mojego\u00a0\u017cycia!<br \/><b><br \/>R: Doros\u0142a kobieta kupuje sobie lalk\u0119?!<\/b><br \/>MU: Nie mam nic na\u00a0swoje usprawiedliwienie. Mo\u017ce to\u00a0jest pod\u015bwiadome marzenie o\u00a0wnuczce\u2026 a\u00a0mo\u017ce niespe\u0142nione marzenie z\u00a0dzieci\u0144stwa\u2026<br \/><b><br \/>R: Jak\u0105 cen\u0119 si\u0119 p\u0142aci za\u00a0pokazywanie si\u0119 na\u00a0scenie?<br \/><\/b>MU: Spor\u0105. Na\u00a0szcz\u0119\u015bcie ja rzadko wychodz\u0119 na\u00a0scen\u0119.<\/p>\n<p style=\"text-align: justify;\"><b>R: Pewnie bliscy s\u0105 dla Pani wsparciem.<br \/><\/b>MU: S\u0105, ogromnym<\/p>\n<p style=\"text-align: justify;\"><b>R: Komentuj\u0105 jako\u015b Pani wyst\u0119py?<br \/><\/b>MU: Chyba tylko raz byli na\u00a0koncercie ze\u00a0mn\u0105 w\u00a0roli g\u0142\u00f3wnej\u2026 Ja nigdy nie zapraszam najbli\u017cszych, bo mnie to\u00a0kr\u0119puje.<\/p>\n<p style=\"text-align: justify;\"><b>R: Z\u00a0czego to\u00a0wynika?<\/b><br \/>MU: Ze\u00a0wstydu. Ja jestem potwornie za\u017cenowana tym, \u017ce\u00a0wychodz\u0119 na\u00a0scen\u0119. Rodzina to\u00a0jest \u015bwiat NORMALNY, w\u00a0przeciwie\u0144stwie do\u00a0nienormalnego \u015bwiata artystycznego, kt\u00f3ry\u00a0tak\u017ce kocham, ale\u00a0inaczej.<\/p>\n<p style=\"text-align: justify;\"><b>R: Dlaczego nie chcia\u0142a Pani wyst\u0119powa\u0107?<\/b><br \/>Do\u00a0dzisiaj nie chc\u0119. To\u00a0jest ci\u0105gle gwa\u0142t zadawany mojej\u00a0naturze. Ile razy wychodz\u0119 na\u00a0scen\u0119-tyle razy szczypi\u0119 si\u0119, czy to\u00a0jawa, czy to\u00a0naprawd\u0119 ja jestem t\u0105 kobiet\u0105, kt\u00f3ra\u00a0zdecydowa\u0142a si\u0119 na\u00a0spotkanie z\u00a0zupe\u0142nie obcymi lud\u017ami! Ale\u00a0po za\u015bpiewaniu, trzech piosenek czuj\u0119 takie fale ciep\u0142a od\u00a0ludzi, kt\u00f3re daj\u0105 mi si\u0142\u0119 i\u00a0ogromny zastrzyk energii. To\u00a0sprawia, \u017ce\u00a0ta godzina mija nie wiadomo kiedy, a\u00a0ja mam wra\u017cenie, \u017ce\u00a0zrobi\u0142am co\u015b potrzebnego i\u00a0wa\u017cnego.<\/p>\n<p style=\"text-align: justify;\"><b>R: Jest Pani osob\u0105 nieprawdopodobnie wra\u017cliw\u0105- jak si\u0119 z\u00a0tym \u017cyje w\u00a0niewra\u017cliwym \u015bwiecie?<\/b><br \/>Nie nazwa\u0142abym tego wra\u017cliwo\u015bci\u0105, tylko nadwra\u017cliwo\u015bci\u0105, bo jednak to\u00a0nie jest norma. W\u00a0\u017cyciu szukam ludzi, kt\u00f3rzy\u00a0podobnie patrz\u0105 na\u00a0\u015bwiat. Dlatego szukam tego w\u00a0poezji, w\u00a0literaturze, albo w\u00a0filmie, teatrze, obrazach, muzyce. Czuj\u0119 si\u0119 troch\u0119 odludkiem i\u00a0dziwakiem, ale\u00a0mi z\u00a0tym dobrze.<br \/><b><br \/>R: Jak to\u00a0mo\u017cliwe, \u017ce\u00a0u\u0142o\u017cy\u0142a sobie Pani \u017cycie z\u00a0m\u0119\u017cczyzn\u0105 , kt\u00f3ry\u00a0jest absolutnym Pani przeciwie\u0144stwem?<\/b><br \/>MU: Do\u00a0dzisiaj zadaj\u0119 sobie to\u00a0pytanie, a\u00a0jeste\u015bmy ju\u017c razem prawie dwadzie\u015bcia lat.<br \/>Mimo \u017ce\u00a0on jest biznesmenem (ju\u017c jego rodzice i\u00a0dziadkowie byli kapitalistami), ma natur\u0119 artysty i\u00a0my\u015bl\u0119, \u017ce\u00a0tylko dzi\u0119ki temu mog\u0119 z\u00a0nim by\u0107. Chocia\u017c jest realist\u0105, twardo st\u0105paj\u0105cym po\u00a0ziemi , jest tak\u017ce cz\u0142owiekiem bardzo czuj\u0105cym ten inny, artystyczny \u015bwiat.<\/p>\n<p style=\"text-align: justify;\"><b>R: Jakie ma wady?<br \/><\/b>MU: Jest na\u00a0przyk\u0142ad chorobliwym pedantem. I\u00a0tyranem. Ale\u00a0ma przy tym tyle wdzi\u0119ku ,\u017ce ja mu wszystko wybaczam. Nawet chorobliwe sk\u0105pstwo.<\/p>\n<p style=\"text-align: justify;\"><b>R: Jak to\u00a0sk\u0105pstwo? Przecie\u017c wybudowa\u0142 dla pani dom, kupi\u0142 samoch\u00f3d, otoczy\u0142 luksusem? To\u00a0nieprawda?<br \/><\/b>MU: To\u00a0prawda, ale\u00a0jednocze\u015bnie cierpi z\u00a0powodu ka\u017cdej niepotrzebnie (wed\u0142ug niego) wydanej z\u0142ot\u00f3wki we\u00a0wszech\u015bwiecie.<br \/><b><br \/>R: Na\u00a0jaki najromantyczniejszy prezent by\u0142o go sta\u0107?<br \/><\/b>MU: Na\u00a0dwutygodniow\u0105 wycieczk\u0119 na\u00a0Kub\u0119, dwana\u015bcie lat temu, ale\u00a0to by\u0142o w\u00a0ramach przeprosin.<br \/><b><br \/>R: Jak to\u00a0przeprosin, za\u00a0co?<br \/><\/b>MU: Kiedy\u015b kupi\u0142am sobie bardzo taniego walkmana, do\u00a0pracy. Kosztowa\u0142 35 dolar\u00f3w. Ma\u0142o mnie nie zabi\u0142, \u017ce\u00a0wydaj\u0119 pieni\u0105dze na\u00a0takie co\u015b, co rozpadnie si\u0119 za\u00a0kilka dni, bo jest za\u00a0tanie, a\u00a0ja kupi\u0142am co\u015b tak taniego specjalnie, \u017ceby\u00a0nie narzeka\u0142 ,\u017ce szastam pieni\u0119dzmi\u2026<br \/>Strasznie na\u00a0mnie krzycza\u0142, a\u00a0ja p\u0142aka\u0142am i\u00a0powiedzia\u0142am, \u017ce\u00a0od niego odchodz\u0119, bo ju\u017c nie mam si\u0142y uwa\u017ca\u0107 w\u00a0\u017cyciu na\u00a0te wszystkie g\u0142upoty, na\u00a0kt\u00f3re on mi ka\u017ce uwa\u017ca\u0107. (Na\u00a0przyk\u0142ad \u017ce\u00a0za grubo kroj\u0119 plasterki sera, albo zbyt rozrzutnie obieram ziemniaki\u2026)Musia\u0142 si\u0119 przestraszy\u0107, \u017ce\u00a0naprawd\u0119 odejd\u0119 i\u00a0pobieg\u0142 wykupi\u0107 Sylwestra na\u00a0Kubie. By\u0142o cudownie.<br \/><b><br \/>R: Nie zawsze jest wi\u0119c tak chorobliwie oszcz\u0119dny.<\/b><br \/>MU: Jest taka pi\u0119kna anegdota, kt\u00f3r\u0105 on sam pointuje. Kiedy nasz syn Franek by\u0142 malutki jak orzeszek i\u00a0sko\u0144czy\u0142 miesi\u0105c- ja postanowi\u0142am pokaza\u0107 moje\u00a0cudo kilku bliskim przyjacio\u0142om i\u00a0urz\u0105dzi\u0107 co\u015b w\u00a0rodzaju ma\u0142ego przyj\u0119cia. W\u00a0naszym domu by\u0142o wtedy wy\u0142\u0105cznie szare myd\u0142o typu \u201eJele\u0144\u201d. Po\u00a0pierwsze dlatego, \u017ce\u00a0dzieci by\u0142y alergikami i\u00a0lekarze zalecali u\u017cywanie takiego myd\u0142a, a\u00a0po drugie dlatego, \u017ce\u00a0bardzo si\u0119 to\u00a0podoba\u0142o mojemu\u00a0oszcz\u0119dnemu m\u0119\u017cowi. Tym szarym myd\u0142em Jele\u0144 pachnia\u0142a ca\u0142a \u0142azienka, je\u017celi mo\u017cna to\u00a0nazwa\u0107 zapachem \u2026I ja powiedzia\u0142am do\u00a0Andrzeja:- S\u0142uchaj, jak przyjd\u0105 go\u015bcie, to\u00a0mo\u017ce by\u015bmy wyj\u0119li jakie\u015b takie eleganckie myd\u0142o, zagraniczne (By\u0142 rok 1985 i\u00a0eleganckie zagraniczne myd\u0142o to\u00a0by\u0142o naprawd\u0119 co\u015b). Mam ich kilka w\u00a0bieli\u017aniarce. Dosta\u0142am je Za\u00a0Darmo, podkre\u015bli\u0142am trzy razy, od\u00a0pewnego dentysty z\u00a0Pary\u017ca, kt\u00f3ry\u00a0darzy\u0142 mnie sympati\u0105. Czy mogliby\u015bmy wyj\u0105\u0107 takie jedno, Paco Rabanne i\u00a0po\u0142o\u017cy\u0107 w\u00a0\u0142azience. On bardzo d\u0142ugo nad\u00a0tym my\u015bla\u0142, nie chcia\u0142 si\u0119 zgodzi\u0107. W\u00a0ko\u0144cu ust\u0105pi\u0142, ale\u00a0chodzi\u0142 w\u015bciek\u0142y. Ju\u017c za\u00a0pi\u0119\u0107 minut maj\u0105 przyj\u015b\u0107 go\u015bcie, a\u00a0myde\u0142ko le\u017cy nie zacz\u0119te. Umyj nim r\u0119ce, prosz\u0119, bo od\u00a0razu b\u0119dzie wida\u0107, \u017ce\u00a0to tylko dla go\u015bci. I\u00a0widz\u0119, przez uchylone drzwi, jak on z\u00a0przegran\u0105 min\u0105 myje r\u0119ce i\u00a0s\u0142ysz\u0119, jak m\u00f3wi pod\u00a0nosem \u201eno nie, ja z\u00a0t\u0105 kobieta do\u00a0niczego w\u00a0\u017cyciu nie dojd\u0119\u201d\u2026<br \/><b><br \/>R: I\u00a0jak sobie Pani z\u00a0tym radzi?<\/b><br \/>MU: Zawsze go oszukuj\u0119. Zawsze m\u00f3wi\u0119, \u017ce\u00a0wszystko by\u0142o za\u00a0darmo. 3\/4 rzeczy dosta\u0142am od\u00a0moich przyjaci\u00f3\u0142 w\u00a0prezencie. Krysia Janda twierdzi, \u017ce\u00a0on dok\u0142adnie wie i\u00a0chce by\u0107 oszukiwany, bo mu te du\u017ce sumy nie przechodz\u0105 przez gard\u0142o. Gdyby\u00a0on zna\u0142 prawdziw\u0105 cen\u0119 mojej\u00a0lalki z\u00a0Toskanii, musia\u0142abym si\u0119 do\u00a0pani przeprowadzi\u0107 na\u00a0jaki\u015b czas, a\u017c mu przejdzie\u2026<br \/><b><br \/>R: Jaka jest ta lalka?<\/b><br \/>MU: Niezwyk\u0142a Nazywa si\u0119 Buba Matylda.<\/p>\n<p style=\"text-align: justify;\"><b>R: A\u00a0czy on pozwala sobie robi\u0107 prezenty?<br \/><\/b>MU: Rzadko, bo nie znosi wydawania pieni\u0119dzy na\u00a0cokolwiek, nawet na\u00a0niego. Urodziny, imieniny , Gwiazdka, to\u00a0jedyne dni, kiedy mo\u017cna wydawa\u0107 pieni\u0105dze na\u00a0prezenty.<\/p>\n<p style=\"text-align: justify;\"><b>R: I\u00a0co mu pani kupi w\u00a0tym roku?<br \/><\/b>MU: Bardzo drogi i\u00a0pi\u0119kny sweter i\u00a0powiem, \u017ce\u00a0by\u0142a straszna przecena i\u00a0\u017ce w\u0142a\u015bciwie to\u00a0mi jeszcze zap\u0142acili par\u0119 groszy, \u017cebym go tylko wzi\u0119\u0142a.<\/p>\n<p style=\"text-align: justify;\"><b>R: Co teraz wybra\u0142aby Pani dla syn\u00f3w?<br \/><\/b>MU: Franek pewnie chcia\u0142by wszystko o\u00a0nurkowaniu i\u00a0o\u00a0jaskiniach. Nurkuje razem z\u00a0ojcem, a\u00a0po jaskiniach chodzi nie wiem po\u00a0jakich przodkach. Szlag mnie trafia. Jestem przera\u017cona tymi jego pasjami. Mateusz te\u017c ci\u0105gle uprawia jakie\u015b sporty, jest instruktorem narciarstwa, gra w\u00a0koszyk\u00f3wk\u0119, ostatnio w\u00a0jakiego\u015b podwodnego hokeja, czy co\u015b w\u00a0tym rodzaju!<br \/>Wola\u0142abym, \u017ceby\u00a0grali w\u00a0szachy, \u017cebym ja si\u0119 nie musia\u0142a tak bez przerwy o\u00a0nich ba\u0107 i\u00a0denerwowa\u0107 ale\u00a0na razie to\u00a0jest marzenie \u015bci\u0119tej g\u0142owy, bo m\u0142odo\u015b\u0107 podobno musi si\u0119 wyszumie\u0107<br \/><b><br \/>R: S\u0142ysza\u0142am, \u017ce\u00a0m\u00f3wi Pani na\u00a0m\u0119\u017ca \u201ep\u0142etwonurek\u201d?<br \/><\/b>MU: Tak i\u00a0on to\u00a0uwielbia. Nale\u017ca\u0142 do\u00a0tej pierwszej grupy p\u0142etwonurk\u00f3w w\u00a0Polsce. W\u00a0tej chwili jest to\u00a0modny sport, wtedy by\u0142o to\u00a0co\u015b niespotykanego.<\/p>\n<p style=\"text-align: justify;\"><b>R: A\u00a0m\u0105\u017c podobno zwraca si\u0119 do\u00a0Pani \u2013 Ma\u0142gosiu?<br \/><\/b>MU: Tak mam wpisane do\u00a0dowodu.. Czasem m\u00f3wi Magda, ale\u00a0chyba rzeczywi\u015bcie najcz\u0119\u015bciej Ma\u0142gosia. Mo\u017ce chce \u017cebym dla niego by\u0142a Ma\u0142gosi\u0105?<\/p>\n<p style=\"text-align: justify;\"><b>R: Oszcz\u0119dn\u0105 Ma\u0142gosi\u0105?<br \/><\/b>MU: Oszcz\u0119dn\u0105 Ma\u0142gosi\u0105 to\u00a0ja nigdy nie b\u0119d\u0119 ( \u015bmieje si\u0119), ale\u00a0Ma\u0142gosi\u0105 dla niego mog\u0119 by\u0107.<\/p>\n<p style=\"text-align: justify;\"><b>R: Jaki jest ten m\u0119\u017cczyzna w\u00a0Pani domu, boi si\u0119 Pani m\u0119\u017ca?<br \/><\/b>MU: Widocznie lubi\u0119 si\u0119 ba\u0107, bo nie ma innego wyt\u0142umaczenia dla tego zwi\u0105zku. Na\u00a0szcz\u0119\u015bcie on mnie kocha.<\/p>\n<p style=\"text-align: justify;\"><b>R: Ma Pani niezwyk\u0142e poczucie humoru.<br \/><\/b>MU: Bez poczucia humoru, z\u00a0takim smutkiem genetycznym, nie da\u0142abym rady na\u00a0tym \u015bwiecie.<\/p>\n<p style=\"text-align: justify;\"><b>R: Co pomaga na\u00a0smutki?<br \/><\/b>MU: Czekolada na\u00a0gor\u0105co! To\u00a0podstawa. A\u00a0poza tym Joga i\u00a0lampy imituj\u0105ce s\u0142o\u0144ce .Ca\u0142a Skandynawia si\u0119 nimi leczy, pewnie pomog\u0142yby mi przetrwa\u0107 zim\u0119. Na\u00a0razie takimi lampami dla mnie s\u0105 moi bliscy i\u00a0przyjaciele. I\u00a0jednak zaw\u00f3d, w\u00a0kt\u00f3rym tkwi\u0119. To, \u017ce\u00a0potrafi\u0119 si\u0119 co jaki\u015b czas zapala\u0107 do\u00a0tego, co chc\u0119 zrobi\u0107 .Tym \u017cyj\u0119. A\u00a0ju\u017c w\u00a0lutym, zaraz po\u00a0premierze przedstawienia, kt\u00f3re przygotowuj\u0119 w\u00a0teatrze \u201eAteneum\u201d wyje\u017cd\u017cam na\u00a0wakacje zimowe do\u00a0mojego syna , do\u00a0Nowej Zelandii- tam b\u0119dzie wtedy pe\u0142nia lata!<\/p>\n<p style=\"text-align: justify;\"><b>R: Strasznie pani zazdroszcz\u0119\u2026 A\u00a0co to\u00a0b\u0119dzie za\u00a0przedstawienie?<br \/><\/b>MU: Spektakl po\u015bwi\u0119cony tw\u00f3rczo\u015bci Wojtka M\u0142ynarskiego, z\u00a0okazji 40 lecia jego dzia\u0142alno\u015bci .Wyst\u0105pi\u0105 w\u00a0nim wybitni aktorzy: Stanis\u0142awa Celi\u0144ska ,Piotr Fronczewski, Piotr Machalica, Marian Opania, Maciej Sthur, Zbigniew Zamachowski i\u00a0Wiktor Zborowski.<\/p>\n<p style=\"text-align: justify;\"><b>R: Wspania\u0142a obsada! Trzymam kciuki i\u00a0dzi\u0119kuj\u0119 za\u00a0rozmow\u0119.<\/b><br \/>MU: A\u00a0ja dzi\u0119kuj\u0119 za\u00a0gor\u0105c\u0105 czekolad\u0119. Melancholicy wszystkich kraj\u00f3w \u2013 \u0142\u0105czmy si\u0119 w\u00a0walce ze\u00a0smutkiem i\u00a0rozja\u015bniajmy sobie \u017cycie wszystkimi dost\u0119pnymi \u015brodkami\u2026<\/p>\n<p align=\"right\"><b><a href=\"http:\/\/magdaumer.pl\/home\/prasa\/#top\">Do\u00a0spisu artyku\u0142\u00f3w<\/a><\/b><\/p>\n","protected":false},"excerpt":{"rendered":"<p>ROZRZUTNA I\u00a0OSZCZ\u0118DNYRozmawia\u0142a Monika Berkowska\u0179r\u00f3d\u0142o:\u00a0Gala, 16 grudnia 2002 R: Czym r\u00f3\u017cni si\u0119 Gwiazdka w\u00a0domu dzisiejszej Magdy Umer od\u00a0Gwiazdki w\u00a0domu ma\u0142ej Magdy \u2013 Ma\u0142gosi (bo takie podobno jest pani \u201eurz\u0119dowe\u201d imi\u0119?MU\u0141 Wieloma rzeczami. \u015awi\u0119ta mojego\u00a0dzieci\u0144stwa zapami\u0119ta\u0142am jako dni, w\u00a0kt\u00f3re dostajemy czekolad\u0119 , pomara\u0144cze i\u00a0ksi\u0105\u017cki \u201epod choink\u0119\u201d. Nie chodzimy do\u00a0szko\u0142y, leniuchujemy i\u00a0to w\u0142a\u015bciwie wszystko \u2026R: Jak to? A\u00a013 &hellip; <a href=\"http:\/\/magdaumer.pl\/home\/prasa\/rozrzutna-i-oszczedny\/\" class=\"more-link\">Czytaj dalej <span class=\"screen-reader-text\">ROZRZUTNA I OSZCZ\u0118DNY<\/span> <span class=\"meta-nav\">&rarr;<\/span><\/a><\/p>\n","protected":false},"author":1,"featured_media":0,"parent":27,"menu_order":0,"comment_status":"closed","ping_status":"closed","template":"","meta":{"footnotes":""},"class_list":["post-1978","page","type-page","status-publish","hentry"],"_links":{"self":[{"href":"http:\/\/magdaumer.pl\/home\/wp-json\/wp\/v2\/pages\/1978","targetHints":{"allow":["GET"]}}],"collection":[{"href":"http:\/\/magdaumer.pl\/home\/wp-json\/wp\/v2\/pages"}],"about":[{"href":"http:\/\/magdaumer.pl\/home\/wp-json\/wp\/v2\/types\/page"}],"author":[{"embeddable":true,"href":"http:\/\/magdaumer.pl\/home\/wp-json\/wp\/v2\/users\/1"}],"replies":[{"embeddable":true,"href":"http:\/\/magdaumer.pl\/home\/wp-json\/wp\/v2\/comments?post=1978"}],"version-history":[{"count":1,"href":"http:\/\/magdaumer.pl\/home\/wp-json\/wp\/v2\/pages\/1978\/revisions"}],"predecessor-version":[{"id":1979,"href":"http:\/\/magdaumer.pl\/home\/wp-json\/wp\/v2\/pages\/1978\/revisions\/1979"}],"up":[{"embeddable":true,"href":"http:\/\/magdaumer.pl\/home\/wp-json\/wp\/v2\/pages\/27"}],"wp:attachment":[{"href":"http:\/\/magdaumer.pl\/home\/wp-json\/wp\/v2\/media?parent=1978"}],"curies":[{"name":"wp","href":"https:\/\/api.w.org\/{rel}","templated":true}]}}