{"id":1781,"date":"2016-02-25T21:58:39","date_gmt":"2016-02-25T21:58:39","guid":{"rendered":"http:\/\/magdaumer.pl\/home\/?page_id=1781"},"modified":"2016-03-01T23:02:49","modified_gmt":"2016-03-01T23:02:49","slug":"zycie-to-nie-teatr","status":"publish","type":"page","link":"http:\/\/magdaumer.pl\/home\/spiewnik\/zycie-to-nie-teatr\/","title":{"rendered":"\u017bycie to nie teatr"},"content":{"rendered":"<p><span style=\"font-family: verdana, geneva, sans-serif;\"><b><span style=\"color: #000080; font-size: 14pt;\">\u017bycie to nie teatr<\/span><br \/><span style=\"color: #6699ff; font-size: small;\">(s\u0142. E. Stachura, muz. J. Satanowski)<\/span><span style=\"color: #3399ff; font-size: small;\"><br \/><\/span><br \/><span style=\"color: #333333;\"><br \/><\/span><\/b><span style=\"color: #333333;\">\u017bycie to nie teatr \u2013 m\u00f3wisz ci\u0105gle, opowiadasz<br \/>Maski coraz inne, coraz mylne si\u0119 zak\u0142ada<br \/>\u017bycie to zabawa, \u017cycie to jest taka gra<br \/>Przy otwartych i zamkni\u0119tych drzwiach \u2013 to jest gra<br \/>\u017bycie to nie teatr \u2013 ja ci na to odpowiadam<br \/>\u017bycie to nie tylko kolorowa maskarada<br \/>\u017bycie jest straszniejsze i pi\u0119kniejsze jeszcze jest<br \/>Blednie przy nim wszystko, blednie nawet sama \u015bmier\u0107<\/span><\/span><\/p>\n<p><span style=\"font-family: verdana, geneva, sans-serif; color: #333333;\">Ty i ja \u2013 teatry to s\u0105 dwa, ty i ja<\/span><br \/><span style=\"font-family: verdana, geneva, sans-serif; color: #333333;\">Ty, ty prawdziwej nie uronisz \u0142zy<\/span><br \/><span style=\"font-family: verdana, geneva, sans-serif; color: #333333;\">Ty najwy\u017cej w g\u00f3r\u0119 wznosisz brwi<\/span><br \/><span style=\"font-family: verdana, geneva, sans-serif; color: #333333;\">Lecz nie zara\u017aliwy jest tw\u00f3j \u015bmiech<\/span><br \/><span style=\"font-family: verdana, geneva, sans-serif; color: #333333;\">Bo ty grasz<\/span><br \/><span style=\"font-family: verdana, geneva, sans-serif; color: #333333;\">Ja ca\u0142a zbudowana jestem z ran<\/span><br \/><span style=\"font-family: verdana, geneva, sans-serif; color: #333333;\">Dusz\u0119 na ramieniu ci\u0105gle mam<\/span><br \/><span style=\"font-family: verdana, geneva, sans-serif; color: #333333;\">Lecz gdy \u015bmiej\u0119 si\u0119, to ze mn\u0105 te\u017c<\/span><br \/><span style=\"font-family: verdana, geneva, sans-serif; color: #333333;\">Ca\u0142y \u015bwiat<\/span><\/p>\n<p><span style=\"font-family: verdana, geneva, sans-serif; color: #333333;\">Dzisiaj bankiet u artyst\u00f3w, ty si\u0119 tam wybierasz<\/span><br \/><span style=\"font-family: verdana, geneva, sans-serif; color: #333333;\">Go\u015bci b\u0119dzie du\u017co, nieprzyst\u0119pna tyraliera<\/span><br \/><span style=\"font-family: verdana, geneva, sans-serif; color: #333333;\">Ta\u0144ce, alkohole, pewnie flirty b\u0119d\u0105 te\u017c<\/span><br \/><span style=\"font-family: verdana, geneva, sans-serif; color: #333333;\">Potem drzwi otwarte zamkn\u0105 si\u0119, no i cze\u015b\u0107<\/span><br \/><span style=\"font-family: verdana, geneva, sans-serif; color: #333333;\">Wpadn\u0119 tam na chwil\u0119 zanim spuchnie atmosfera<\/span><br \/><span style=\"font-family: verdana, geneva, sans-serif; color: #333333;\">W\u00f3dki dwie wypij\u0119, potem cicho si\u0119 pozbieram<\/span><br \/><span style=\"font-family: verdana, geneva, sans-serif; color: #333333;\">Wyjd\u0119 na ulic\u0119, przy fontannie zmocz\u0119 \u0142eb<\/span><br \/><span style=\"font-family: verdana, geneva, sans-serif; color: #333333;\">Wyjd\u0119 na przestworza, przecudowny stworz\u0119 wiersz<\/span><\/p>\n<p><span style=\"font-family: verdana, geneva, sans-serif; color: #333333;\">Ty i ja \u2013 teatry to s\u0105 dwa, ty i ja<\/span><br \/><span style=\"font-family: verdana, geneva, sans-serif; color: #333333;\">Ty, ty prawdziwej nie uronisz \u0142zy<\/span><br \/><span style=\"font-family: verdana, geneva, sans-serif; color: #333333;\">Ty najwy\u017cej w g\u00f3r\u0119 wznosisz brwi<\/span><br \/><span style=\"font-family: verdana, geneva, sans-serif; color: #333333;\">Nawet gdy ci \u017ale, to nie jest \u017ale<\/span><br \/><span style=\"font-family: verdana, geneva, sans-serif; color: #333333;\">Bo ty grasz<\/span><br \/><span style=\"font-family: verdana, geneva, sans-serif; color: #333333;\">Ja ca\u0142a zbudowana jestem z ran<\/span><br \/><span style=\"font-family: verdana, geneva, sans-serif; color: #333333;\">Dusz\u0119 na ramieniu ci\u0105gle mam<\/span><br \/><span style=\"font-family: verdana, geneva, sans-serif; color: #333333;\">Lecz kalek\u0105 nie ja jestem, tylko ty<\/span><br \/><span style=\"font-family: verdana, geneva, sans-serif; color: #333333;\">Bo ty grasz<\/span><\/p>\n<p>&nbsp;<\/p>\n<audio class=\"wp-audio-shortcode\" id=\"audio-1781-1\" preload=\"none\" style=\"width: 100%;\" controls=\"controls\"><source type=\"audio\/mpeg\" src=\"http:\/\/magdaumer.pl\/home\/wp-content\/uploads\/2014\/12\/zycietonieteatr.mp3?_=1\" \/><a href=\"http:\/\/magdaumer.pl\/home\/wp-content\/uploads\/2014\/12\/zycietonieteatr.mp3\">http:\/\/magdaumer.pl\/home\/wp-content\/uploads\/2014\/12\/zycietonieteatr.mp3<\/a><\/audio>\n","protected":false},"excerpt":{"rendered":"<p>\u017bycie to nie teatr(s\u0142. E. Stachura, muz. J. Satanowski)\u017bycie to nie teatr \u2013 m\u00f3wisz ci\u0105gle, opowiadaszMaski coraz inne, coraz mylne si\u0119 zak\u0142ada\u017bycie to zabawa, \u017cycie to jest taka graPrzy otwartych i zamkni\u0119tych drzwiach \u2013 to jest gra\u017bycie to nie teatr \u2013 ja ci na to odpowiadam\u017bycie to nie tylko kolorowa maskarada\u017bycie jest straszniejsze i pi\u0119kniejsze &hellip; <a href=\"http:\/\/magdaumer.pl\/home\/spiewnik\/zycie-to-nie-teatr\/\" class=\"more-link\">Czytaj dalej <span class=\"screen-reader-text\">\u017bycie to nie teatr<\/span> <span class=\"meta-nav\">&rarr;<\/span><\/a><\/p>\n","protected":false},"author":1,"featured_media":0,"parent":29,"menu_order":161,"comment_status":"closed","ping_status":"closed","template":"","meta":{"footnotes":""},"class_list":["post-1781","page","type-page","status-publish","hentry"],"_links":{"self":[{"href":"http:\/\/magdaumer.pl\/home\/wp-json\/wp\/v2\/pages\/1781","targetHints":{"allow":["GET"]}}],"collection":[{"href":"http:\/\/magdaumer.pl\/home\/wp-json\/wp\/v2\/pages"}],"about":[{"href":"http:\/\/magdaumer.pl\/home\/wp-json\/wp\/v2\/types\/page"}],"author":[{"embeddable":true,"href":"http:\/\/magdaumer.pl\/home\/wp-json\/wp\/v2\/users\/1"}],"replies":[{"embeddable":true,"href":"http:\/\/magdaumer.pl\/home\/wp-json\/wp\/v2\/comments?post=1781"}],"version-history":[{"count":2,"href":"http:\/\/magdaumer.pl\/home\/wp-json\/wp\/v2\/pages\/1781\/revisions"}],"predecessor-version":[{"id":2217,"href":"http:\/\/magdaumer.pl\/home\/wp-json\/wp\/v2\/pages\/1781\/revisions\/2217"}],"up":[{"embeddable":true,"href":"http:\/\/magdaumer.pl\/home\/wp-json\/wp\/v2\/pages\/29"}],"wp:attachment":[{"href":"http:\/\/magdaumer.pl\/home\/wp-json\/wp\/v2\/media?parent=1781"}],"curies":[{"name":"wp","href":"https:\/\/api.w.org\/{rel}","templated":true}]}}