{"id":1777,"date":"2016-02-25T21:54:35","date_gmt":"2016-02-25T21:54:35","guid":{"rendered":"http:\/\/magdaumer.pl\/home\/?page_id=1777"},"modified":"2016-03-01T23:00:36","modified_gmt":"2016-03-01T23:00:36","slug":"znaki","status":"publish","type":"page","link":"http:\/\/magdaumer.pl\/home\/spiewnik\/znaki\/","title":{"rendered":"Znaki"},"content":{"rendered":"<p><span style=\"font-family: verdana, geneva, sans-serif;\"><b><span style=\"color: #000080; font-size: 14pt;\">Znaki<\/span><br \/><span style=\"color: #6699ff; font-size: small;\">(s\u0142. I. Iredy\u0144ski, muz. J. Bogacki)<\/span><span style=\"color: #3399ff; font-size: small;\"><br \/><\/span><br \/><\/b><\/span><\/p>\n<p><span style=\"color: #333333; font-family: verdana, geneva, sans-serif;\">Wr\u00f3\u017cenie, moje wr\u00f3\u017cenie<br \/>Wypatrywanie przysz\u0142o\u015bci <br \/>Szukanie, moje szukanie<br \/>Moje szukanie mi\u0142o\u015bci<\/span><\/p>\n<p><span style=\"font-family: verdana, geneva, sans-serif; color: #333333;\">Znaki na mej drodze, te wr\u00f3\u017cebne znaki <\/span><br \/><span style=\"font-family: verdana, geneva, sans-serif; color: #333333;\">Spadaj\u0105ce gwiazdy, rozbielone noce<\/span><br \/><span style=\"font-family: verdana, geneva, sans-serif; color: #333333;\">Sp\u0119tane zwierz\u0119ta, gorej\u0105ce krzaki<\/span><br \/><span style=\"font-family: verdana, geneva, sans-serif; color: #333333;\">Serca spopiela\u0142e, zatrute owoce<\/span><br \/><span style=\"font-family: verdana, geneva, sans-serif; color: #333333;\">Znaki na mej drodze, te znaki wr\u00f3\u017cebne <\/span><br \/><span style=\"font-family: verdana, geneva, sans-serif; color: #333333;\">Kwiaty oszronione, l\u0119ki w\u015br\u00f3d ciemno\u015bci<\/span><br \/><span style=\"font-family: verdana, geneva, sans-serif; color: #333333;\">Pio\u0142unu napary i chmur lot podniebny<\/span><br \/><span style=\"font-family: verdana, geneva, sans-serif; color: #333333;\">Cisze wibruj\u0105ce i rzucone ko\u015bci<\/span><\/p>\n<p><span style=\"font-family: verdana, geneva, sans-serif; color: #333333;\">Wr\u00f3\u017cenie, moje wr\u00f3\u017cenie<\/span><br \/><span style=\"font-family: verdana, geneva, sans-serif; color: #333333;\">Wypatrywanie przysz\u0142o\u015bci <\/span><br \/><span style=\"font-family: verdana, geneva, sans-serif; color: #333333;\">Szukanie, moje szukanie<\/span><br \/><span style=\"font-family: verdana, geneva, sans-serif; color: #333333;\">Moje szukanie mi\u0142o\u015bci<\/span><\/p>\n<p><span style=\"font-family: verdana, geneva, sans-serif; color: #333333;\">Znaki na mej drodze, te wr\u00f3\u017cebne znaki <\/span><br \/><span style=\"font-family: verdana, geneva, sans-serif; color: #333333;\">Balsamiczne \u017ar\u00f3d\u0142a, odpr\u0119\u017cone d\u0142onie<\/span><br \/><span style=\"font-family: verdana, geneva, sans-serif; color: #333333;\">Zielone ga\u0142\u0105zki, melodyjne ptaki<\/span><br \/><span style=\"font-family: verdana, geneva, sans-serif; color: #333333;\">Serca op\u0119tanie, cwa\u0142uj\u0105ce konie<\/span><br \/><span style=\"font-family: verdana, geneva, sans-serif; color: #333333;\">Znaki na mej drodze, te znaki wr\u00f3\u017cebne <\/span><br \/><span style=\"font-family: verdana, geneva, sans-serif; color: #333333;\">Zorze wstawaj\u0105ce, usta pod palcami<\/span><br \/><span style=\"font-family: verdana, geneva, sans-serif; color: #333333;\">Z lubczyka likwory i mruczenie senne<\/span><br \/><span style=\"font-family: verdana, geneva, sans-serif; color: #333333;\">S\u0142owa fosforyczne i wreszcie my sami<\/span><\/p>\n<p><span style=\"font-family: verdana, geneva, sans-serif; color: #333333;\">Wr\u00f3\u017cenie, moje wr\u00f3\u017cenie<\/span><br \/><span style=\"font-family: verdana, geneva, sans-serif; color: #333333;\">Wypatrywanie przysz\u0142o\u015bci <\/span><br \/><span style=\"font-family: verdana, geneva, sans-serif; color: #333333;\">Szukanie, moje szukanie<\/span><br \/><span style=\"font-family: verdana, geneva, sans-serif; color: #333333;\">Moje szukanie mi\u0142o\u015bci<\/span><\/p>\n<p><span style=\"font-family: verdana, geneva, sans-serif; color: #333333;\">Wr\u00f3\u017cenie, moje wr\u00f3\u017cenie<\/span><br \/><span style=\"font-family: verdana, geneva, sans-serif; color: #333333;\">Wypatrywanie przysz\u0142o\u015bci <\/span><br \/><span style=\"font-family: verdana, geneva, sans-serif; color: #333333;\">Szukanie, moje szukanie<\/span><br \/><span style=\"font-family: verdana, geneva, sans-serif; color: #333333;\">Moje szukanie mi\u0142o\u015bci<\/span><\/p>\n<p>&nbsp;<\/p>\n<audio class=\"wp-audio-shortcode\" id=\"audio-1777-1\" preload=\"none\" style=\"width: 100%;\" controls=\"controls\"><source type=\"audio\/mpeg\" src=\"http:\/\/magdaumer.pl\/home\/wp-content\/uploads\/2014\/12\/znaki.mp3?_=1\" \/><a href=\"http:\/\/magdaumer.pl\/home\/wp-content\/uploads\/2014\/12\/znaki.mp3\">http:\/\/magdaumer.pl\/home\/wp-content\/uploads\/2014\/12\/znaki.mp3<\/a><\/audio>\n","protected":false},"excerpt":{"rendered":"<p>Znaki(s\u0142. I. Iredy\u0144ski, muz. J. Bogacki) Wr\u00f3\u017cenie, moje wr\u00f3\u017cenieWypatrywanie przysz\u0142o\u015bci Szukanie, moje szukanieMoje szukanie mi\u0142o\u015bci Znaki na mej drodze, te wr\u00f3\u017cebne znaki Spadaj\u0105ce gwiazdy, rozbielone noceSp\u0119tane zwierz\u0119ta, gorej\u0105ce krzakiSerca spopiela\u0142e, zatrute owoceZnaki na mej drodze, te znaki wr\u00f3\u017cebne Kwiaty oszronione, l\u0119ki w\u015br\u00f3d ciemno\u015bciPio\u0142unu napary i chmur lot podniebnyCisze wibruj\u0105ce i rzucone ko\u015bci Wr\u00f3\u017cenie, moje wr\u00f3\u017cenieWypatrywanie &hellip; <a href=\"http:\/\/magdaumer.pl\/home\/spiewnik\/znaki\/\" class=\"more-link\">Czytaj dalej <span class=\"screen-reader-text\">Znaki<\/span> <span class=\"meta-nav\">&rarr;<\/span><\/a><\/p>\n","protected":false},"author":1,"featured_media":0,"parent":29,"menu_order":159,"comment_status":"closed","ping_status":"closed","template":"","meta":{"footnotes":""},"class_list":["post-1777","page","type-page","status-publish","hentry"],"_links":{"self":[{"href":"http:\/\/magdaumer.pl\/home\/wp-json\/wp\/v2\/pages\/1777","targetHints":{"allow":["GET"]}}],"collection":[{"href":"http:\/\/magdaumer.pl\/home\/wp-json\/wp\/v2\/pages"}],"about":[{"href":"http:\/\/magdaumer.pl\/home\/wp-json\/wp\/v2\/types\/page"}],"author":[{"embeddable":true,"href":"http:\/\/magdaumer.pl\/home\/wp-json\/wp\/v2\/users\/1"}],"replies":[{"embeddable":true,"href":"http:\/\/magdaumer.pl\/home\/wp-json\/wp\/v2\/comments?post=1777"}],"version-history":[{"count":2,"href":"http:\/\/magdaumer.pl\/home\/wp-json\/wp\/v2\/pages\/1777\/revisions"}],"predecessor-version":[{"id":2215,"href":"http:\/\/magdaumer.pl\/home\/wp-json\/wp\/v2\/pages\/1777\/revisions\/2215"}],"up":[{"embeddable":true,"href":"http:\/\/magdaumer.pl\/home\/wp-json\/wp\/v2\/pages\/29"}],"wp:attachment":[{"href":"http:\/\/magdaumer.pl\/home\/wp-json\/wp\/v2\/media?parent=1777"}],"curies":[{"name":"wp","href":"https:\/\/api.w.org\/{rel}","templated":true}]}}