{"id":1775,"date":"2016-02-25T21:52:48","date_gmt":"2016-02-25T21:52:48","guid":{"rendered":"http:\/\/magdaumer.pl\/home\/?page_id=1775"},"modified":"2016-03-01T22:59:33","modified_gmt":"2016-03-01T22:59:33","slug":"zmierzch","status":"publish","type":"page","link":"http:\/\/magdaumer.pl\/home\/spiewnik\/zmierzch\/","title":{"rendered":"Zmierzch"},"content":{"rendered":"<p><span style=\"font-family: verdana, geneva, sans-serif;\"><b><span style=\"font-size: 14pt;\"><span style=\"color: #000080;\">Z<\/span><span style=\"color: #000080;\">mierzch<\/span><\/span><br \/><span style=\"color: #6699ff; font-size: small;\">(s\u0142. J. Przybora, muz. J. Wasowski)<\/span><span style=\"color: #3399ff; font-size: small;\"><br \/><\/span><\/b><\/span><\/p>\n<p><span style=\"font-family: verdana, geneva, sans-serif; color: #333333;\"><br \/>Zmierzch wszed\u0142 cicho przez sie\u0144 &#8211;<br \/>tw\u00f3j profil jak cie\u0144 rozp\u0142yn\u0105\u0142 si\u0119 w mroku.<br \/>Zmierzch, wi\u0119c &#8211; chyba ju\u017c czas &#8211;<br \/>tw\u00f3j u\u015bmiech mi zgas\u0142 i smutno jest wok\u00f3\u0142&#8230;<br \/>Na zmierzch otworz\u0119 cichutko drzwi<br \/>i nie zobaczysz, jak ci\u0119\u017cko mi,<br \/>jak bardzo ci\u0119\u017cko mi i\u015b\u0107,<br \/>gdy zmierzch tw\u0105 zakry\u0142 mi twarz<br \/>i nie wiem czy masz w oczach \u017cal<br \/>czy mo\u017ce &#8211; zmierzch?<\/span><\/p>\n<p><span style=\"font-family: verdana, geneva, sans-serif; color: #333333;\">Jest mi\u0119dzy nami du\u017co ciszy<\/span><br \/><span style=\"font-family: verdana, geneva, sans-serif; color: #333333;\">i bardzo ma\u0142o s\u0142\u00f3w.<\/span><br \/><span style=\"font-family: verdana, geneva, sans-serif; color: #333333;\">S\u0142\u00f3w wi\u0119cej l\u0119kam sie us\u0142ysze\u0107<\/span><br \/><span style=\"font-family: verdana, geneva, sans-serif; color: #333333;\">&#8211; powiedzie\u0107: &#8222;M\u00f3w&#8221;&#8230;<\/span><br \/><span style=\"font-family: verdana, geneva, sans-serif; color: #333333;\">Nie wiem, co si\u0119 za cisz\u0105 kryje &#8211;<\/span><br \/><span style=\"font-family: verdana, geneva, sans-serif; color: #333333;\">nie wiem, czy wiedzie\u0107 chcesz.<\/span><br \/><span style=\"font-family: verdana, geneva, sans-serif; color: #333333;\">Wi\u0119c mo\u017ce lepiej niech okryje<\/span><br \/><span style=\"font-family: verdana, geneva, sans-serif; color: #333333;\">s\u0142owa i cisz\u0119 zmierzch.<\/span><\/p>\n<p><span style=\"font-family: verdana, geneva, sans-serif; color: #333333;\">Zmierzch wszed\u0142 cicho przez sie\u0144 &#8211;<\/span><br \/><span style=\"font-family: verdana, geneva, sans-serif; color: #333333;\">tw\u00f3j profil jak cie\u0144 rozp\u0142yn\u0105\u0142 si\u0119 w mroku.<\/span><br \/><span style=\"font-family: verdana, geneva, sans-serif; color: #333333;\">Zmierzch, wi\u0119c &#8211; chyba ju\u017c czas &#8211;<\/span><br \/><span style=\"font-family: verdana, geneva, sans-serif; color: #333333;\">tw\u00f3j u\u015bmiech mi zgas\u0142 i smutno jest wok\u00f3\u0142&#8230;<\/span><br \/><span style=\"font-family: verdana, geneva, sans-serif; color: #333333;\">Na zmierzch otworz\u0119 cichutko drzwi<\/span><br \/><span style=\"font-family: verdana, geneva, sans-serif; color: #333333;\">i nie zobaczysz, jak ci\u0119\u017cko mi,<\/span><br \/><span style=\"font-family: verdana, geneva, sans-serif; color: #333333;\">jak bardzo ci\u0119\u017cko mi i\u015b\u0107,<\/span><br \/><span style=\"font-family: verdana, geneva, sans-serif; color: #333333;\">gdy zmierzch tw\u0105 zakry\u0142 mi twarz<\/span><br \/><span style=\"font-family: verdana, geneva, sans-serif; color: #333333;\">i nie wiem czy masz w oczach \u017cal<\/span><br \/><span style=\"font-family: verdana, geneva, sans-serif; color: #333333;\">czy mo\u017ce &#8211; zmierzch?<\/span><\/p>\n<p>&nbsp;<\/p>\n<audio class=\"wp-audio-shortcode\" id=\"audio-1775-1\" preload=\"none\" style=\"width: 100%;\" controls=\"controls\"><source type=\"audio\/mpeg\" src=\"http:\/\/magdaumer.pl\/home\/wp-content\/uploads\/2014\/12\/zmierzch.mp3?_=1\" \/><a href=\"http:\/\/magdaumer.pl\/home\/wp-content\/uploads\/2014\/12\/zmierzch.mp3\">http:\/\/magdaumer.pl\/home\/wp-content\/uploads\/2014\/12\/zmierzch.mp3<\/a><\/audio>\n","protected":false},"excerpt":{"rendered":"<p>Zmierzch(s\u0142. J. Przybora, muz. J. Wasowski) Zmierzch wszed\u0142 cicho przez sie\u0144 &#8211;tw\u00f3j profil jak cie\u0144 rozp\u0142yn\u0105\u0142 si\u0119 w mroku.Zmierzch, wi\u0119c &#8211; chyba ju\u017c czas &#8211;tw\u00f3j u\u015bmiech mi zgas\u0142 i smutno jest wok\u00f3\u0142&#8230;Na zmierzch otworz\u0119 cichutko drzwii nie zobaczysz, jak ci\u0119\u017cko mi,jak bardzo ci\u0119\u017cko mi i\u015b\u0107,gdy zmierzch tw\u0105 zakry\u0142 mi twarzi nie wiem czy masz w &hellip; <a href=\"http:\/\/magdaumer.pl\/home\/spiewnik\/zmierzch\/\" class=\"more-link\">Czytaj dalej <span class=\"screen-reader-text\">Zmierzch<\/span> <span class=\"meta-nav\">&rarr;<\/span><\/a><\/p>\n","protected":false},"author":1,"featured_media":0,"parent":29,"menu_order":158,"comment_status":"closed","ping_status":"closed","template":"","meta":{"footnotes":""},"class_list":["post-1775","page","type-page","status-publish","hentry"],"_links":{"self":[{"href":"http:\/\/magdaumer.pl\/home\/wp-json\/wp\/v2\/pages\/1775","targetHints":{"allow":["GET"]}}],"collection":[{"href":"http:\/\/magdaumer.pl\/home\/wp-json\/wp\/v2\/pages"}],"about":[{"href":"http:\/\/magdaumer.pl\/home\/wp-json\/wp\/v2\/types\/page"}],"author":[{"embeddable":true,"href":"http:\/\/magdaumer.pl\/home\/wp-json\/wp\/v2\/users\/1"}],"replies":[{"embeddable":true,"href":"http:\/\/magdaumer.pl\/home\/wp-json\/wp\/v2\/comments?post=1775"}],"version-history":[{"count":3,"href":"http:\/\/magdaumer.pl\/home\/wp-json\/wp\/v2\/pages\/1775\/revisions"}],"predecessor-version":[{"id":2214,"href":"http:\/\/magdaumer.pl\/home\/wp-json\/wp\/v2\/pages\/1775\/revisions\/2214"}],"up":[{"embeddable":true,"href":"http:\/\/magdaumer.pl\/home\/wp-json\/wp\/v2\/pages\/29"}],"wp:attachment":[{"href":"http:\/\/magdaumer.pl\/home\/wp-json\/wp\/v2\/media?parent=1775"}],"curies":[{"name":"wp","href":"https:\/\/api.w.org\/{rel}","templated":true}]}}