{"id":1768,"date":"2016-02-25T21:43:47","date_gmt":"2016-02-25T21:43:47","guid":{"rendered":"http:\/\/magdaumer.pl\/home\/?page_id=1768"},"modified":"2016-03-01T22:55:55","modified_gmt":"2016-03-01T22:55:55","slug":"za-kluczem-czapli","status":"publish","type":"page","link":"http:\/\/magdaumer.pl\/home\/spiewnik\/za-kluczem-czapli\/","title":{"rendered":"Za kluczem czapli"},"content":{"rendered":"<p><span style=\"font-family: verdana, geneva, sans-serif;\"><b><span style=\"color: #000080; font-size: 14pt;\">Za kluczem czapli<\/span><br \/><span style=\"color: #6699ff; font-size: small;\">(s\u0142. A. Osiecka, muz. S. Krajewski)<\/span><span style=\"color: #3399ff; font-size: small;\"><br \/><\/span><br \/><span style=\"color: #333333;\"><br \/><\/span><\/b><span style=\"color: #333333;\">Napisa\u0107 do ciebie ju\u017c dzisiaj nie zd\u0105\u017c\u0119<br \/>dopiero gdy zbudz\u0119 si\u0119 rano<br \/>dobranoc m\u00f3j Ksi\u0105\u017c\u0119, dobranoc m\u00f3j Ksi\u0105\u017c\u0119<br \/>dobranoc<br \/>dobranoc\u2026<\/span><\/span><\/p>\n<p><span style=\"font-family: verdana, geneva, sans-serif; color: #333333;\">Zn\u00f3w z niepokojem patrzysz w niebo<\/span><br \/><span style=\"font-family: verdana, geneva, sans-serif; color: #333333;\">szybuje wzrok za kluczem czapli <\/span><br \/><span style=\"font-family: verdana, geneva, sans-serif; color: #333333;\">powietrze ma przeciwny obr\u00f3t<\/span><br \/><span style=\"font-family: verdana, geneva, sans-serif; color: #333333;\">na s\u0142ojach chmur tajemne znaki<\/span><\/p>\n<p><span style=\"font-family: verdana, geneva, sans-serif; color: #333333;\">Wyczytam tam tw\u00f3j rych\u0142y powr\u00f3t<\/span><br \/><span style=\"font-family: verdana, geneva, sans-serif; color: #333333;\">Wyczytasz tam m\u00f3j rych\u0142y powr\u00f3t<\/span><\/p>\n<p><span style=\"font-family: verdana, geneva, sans-serif; color: #333333;\">Zakocha\u0107 si\u0119 w tobie ju\u017c dzisiaj nie zd\u0105\u017c\u0119<\/span><br \/><span style=\"font-family: verdana, geneva, sans-serif; color: #333333;\">dopiero gdy zbudz\u0119 si\u0119 rano<\/span><br \/><span style=\"font-family: verdana, geneva, sans-serif; color: #333333;\">dobranoc m\u00f3j Ksi\u0105\u017c\u0119, dobranoc m\u00f3j Ksi\u0105\u017c\u0119<\/span><br \/><span style=\"font-family: verdana, geneva, sans-serif; color: #333333;\">dobranoc<\/span><br \/><span style=\"font-family: verdana, geneva, sans-serif; color: #333333;\">dobranoc\u2026<\/span><\/p>\n<p><span style=\"font-family: verdana, geneva, sans-serif; color: #333333;\">Zn\u00f3w z niepokojem patrzysz w niebo<\/span><br \/><span style=\"font-family: verdana, geneva, sans-serif; color: #333333;\">szybuje wzrok za kluczem czapli <\/span><br \/><span style=\"font-family: verdana, geneva, sans-serif; color: #333333;\">powietrze ma przeciwny obr\u00f3t<\/span><br \/><span style=\"font-family: verdana, geneva, sans-serif; color: #333333;\">na s\u0142ojach chmur tajemne znaki<\/span><\/p>\n<p><span style=\"font-family: verdana, geneva, sans-serif; color: #333333;\">Wyczytam tam tw\u00f3j rych\u0142y powr\u00f3t<\/span><br \/><span style=\"font-family: verdana, geneva, sans-serif; color: #333333;\">Wyczytasz tam m\u00f3j rych\u0142y powr\u00f3t<\/span><\/p>\n<p><span style=\"font-family: verdana, geneva, sans-serif; color: #333333;\">Po\u017cegna\u0107 si\u0119 z tob\u0105 ju\u017c dzisiaj nie zd\u0105\u017c\u0119<\/span><br \/><span style=\"font-family: verdana, geneva, sans-serif; color: #333333;\">dopiero gdy zbudz\u0119 si\u0119 rano<\/span><br \/><span style=\"font-family: verdana, geneva, sans-serif; color: #333333;\">dobranoc m\u00f3j Ksi\u0105\u017c\u0119, dobranoc m\u00f3j Ksi\u0105\u017c\u0119<\/span><br \/><span style=\"font-family: verdana, geneva, sans-serif; color: #333333;\">dobranoc<\/span><br \/><span style=\"font-family: verdana, geneva, sans-serif; color: #333333;\">dobranoc<\/span><br \/><span style=\"font-family: verdana, geneva, sans-serif; color: #333333;\">dobranoc\u2026<\/span><\/p>\n<p>&nbsp;<\/p>\n<audio class=\"wp-audio-shortcode\" id=\"audio-1768-1\" preload=\"none\" style=\"width: 100%;\" controls=\"controls\"><source type=\"audio\/mpeg\" src=\"http:\/\/magdaumer.pl\/home\/wp-content\/uploads\/2014\/12\/zakluczemczapli.mp3?_=1\" \/><a href=\"http:\/\/magdaumer.pl\/home\/wp-content\/uploads\/2014\/12\/zakluczemczapli.mp3\">http:\/\/magdaumer.pl\/home\/wp-content\/uploads\/2014\/12\/zakluczemczapli.mp3<\/a><\/audio>\n","protected":false},"excerpt":{"rendered":"<p>Za kluczem czapli(s\u0142. A. Osiecka, muz. S. Krajewski)Napisa\u0107 do ciebie ju\u017c dzisiaj nie zd\u0105\u017c\u0119dopiero gdy zbudz\u0119 si\u0119 ranodobranoc m\u00f3j Ksi\u0105\u017c\u0119, dobranoc m\u00f3j Ksi\u0105\u017c\u0119dobranocdobranoc\u2026 Zn\u00f3w z niepokojem patrzysz w nieboszybuje wzrok za kluczem czapli powietrze ma przeciwny obr\u00f3tna s\u0142ojach chmur tajemne znaki Wyczytam tam tw\u00f3j rych\u0142y powr\u00f3tWyczytasz tam m\u00f3j rych\u0142y powr\u00f3t Zakocha\u0107 si\u0119 w tobie ju\u017c &hellip; <a href=\"http:\/\/magdaumer.pl\/home\/spiewnik\/za-kluczem-czapli\/\" class=\"more-link\">Czytaj dalej <span class=\"screen-reader-text\">Za kluczem czapli<\/span> <span class=\"meta-nav\">&rarr;<\/span><\/a><\/p>\n","protected":false},"author":1,"featured_media":0,"parent":29,"menu_order":155,"comment_status":"closed","ping_status":"closed","template":"","meta":{"footnotes":""},"class_list":["post-1768","page","type-page","status-publish","hentry"],"_links":{"self":[{"href":"http:\/\/magdaumer.pl\/home\/wp-json\/wp\/v2\/pages\/1768","targetHints":{"allow":["GET"]}}],"collection":[{"href":"http:\/\/magdaumer.pl\/home\/wp-json\/wp\/v2\/pages"}],"about":[{"href":"http:\/\/magdaumer.pl\/home\/wp-json\/wp\/v2\/types\/page"}],"author":[{"embeddable":true,"href":"http:\/\/magdaumer.pl\/home\/wp-json\/wp\/v2\/users\/1"}],"replies":[{"embeddable":true,"href":"http:\/\/magdaumer.pl\/home\/wp-json\/wp\/v2\/comments?post=1768"}],"version-history":[{"count":3,"href":"http:\/\/magdaumer.pl\/home\/wp-json\/wp\/v2\/pages\/1768\/revisions"}],"predecessor-version":[{"id":2210,"href":"http:\/\/magdaumer.pl\/home\/wp-json\/wp\/v2\/pages\/1768\/revisions\/2210"}],"up":[{"embeddable":true,"href":"http:\/\/magdaumer.pl\/home\/wp-json\/wp\/v2\/pages\/29"}],"wp:attachment":[{"href":"http:\/\/magdaumer.pl\/home\/wp-json\/wp\/v2\/media?parent=1768"}],"curies":[{"name":"wp","href":"https:\/\/api.w.org\/{rel}","templated":true}]}}