{"id":1745,"date":"2016-02-03T13:17:23","date_gmt":"2016-02-03T13:17:23","guid":{"rendered":"http:\/\/magdaumer.pl\/home\/?page_id=1745"},"modified":"2016-02-03T13:17:23","modified_gmt":"2016-02-03T13:17:23","slug":"nawet-i-siwa-moze-byc-szczesliwa","status":"publish","type":"page","link":"http:\/\/magdaumer.pl\/home\/prasa\/nawet-i-siwa-moze-byc-szczesliwa\/","title":{"rendered":"Nawet i siwa mo\u017ce by\u0107 szcz\u0119\u015bliwa"},"content":{"rendered":"<p align=\"center\"><span style=\"color: #008000;\"><b>Nawet i\u00a0siwa mo\u017ce by\u0107 szcz\u0119\u015bliwa<br \/><\/b>Rozmowa z\u00a0Magd\u0105 Umer<\/span><\/p>\n<p align=\"center\"><i>\u0179r\u00f3d\u0142o: Nowa Trybuna Opolska, czerwiec 2013<\/i><\/p>\n<p style=\"text-align: justify;\"><b>\u2013 \u201eJeszcze w\u00a0zielone gramy\/jeszcze nie umieramy\/jeszcze kt\u00f3rego\u015b rana odbijemy si\u0119 od\u00a0\u015bciany\u2026\u201d T\u0119 optymistycznie brzmi\u0105c\u0105, zw\u0142aszcza dla pokolenia 50+, piosenk\u0119 ze\u00a0s\u0142owami Wojciecha M\u0142ynarskiego ma pani w\u00a0repertuarze. A\u00a0sama Magda Umer wci\u0105\u017c gra w\u00a0zielone?<\/b><\/p>\n<p style=\"text-align: justify;\">\u2013 Gram. Ci\u0105gle jestem ciekawa \u015bwiata, ludzi, ciekawa tego, co zdarzy si\u0119 jutro i\u00a0mimo swojego wieku w\u00a0\u015brodku czuj\u0119 si\u0119 m\u0142oda. Uwa\u017cam nawet, \u017ce\u00a0m\u0142odsza ni\u017c wtedy, gdy\u00a0mia\u0142am lat 30. Na\u00a0w\u0142asny u\u017cytek wymy\u015bli\u0142am zreszt\u0105 taki rym, z\u00a0kt\u00f3rego jestem dumna: Nawet i\u00a0siwa mo\u017ce by\u0107 szcz\u0119\u015bliwa. W\u00a0pa\u017adzierniku sko\u0144cz\u0119 64 lata i\u00a0wcale nad\u00a0tym nie ubolewam. Przypomnia\u0142am sobie teraz tak\u0105 histori\u0119: Swego czasu Janusz Gajos zaprosi\u0142 mnie na\u00a0swoje 64 urodziny. Podczas tego przyj\u0119cia zadzwoni\u0142 do\u00a0mnie Jeremi Przybora, w\u00f3wczas ju\u017c pan ponad 80-letni. Kiedy mu powiedzia\u0142am, gdzie i\u00a0z\u00a0jakiej okazji jestem, westchn\u0105\u0142: \u201eM\u00f3j Bo\u017ce, \u017cebym ja mia\u0142 tylko 64 lata\u201d.<\/p>\n<p style=\"text-align: justify;\"><b>\u2013 Czuje si\u0119 pani m\u0142odo i\u00a0nie chce przyj\u0105\u0107 do\u00a0wiadomo\u015bci, \u017ce\u00a0\u015bwiat zmienia si\u0119 na\u00a0gorsze.<\/b><\/p>\n<p style=\"text-align: justify;\">\u2013 No, nie chc\u0119, cho\u0107 dok\u0142adnie wiem, \u017ce\u00a0w\u00a0wielu dziedzinach tak si\u0119 zmienia. Dlatego sama ratuj\u0119 si\u0119 uciekaj\u0105c w\u00a0inny \u015bwiat \u2013 ksi\u0105\u017cek , wierszy , przyrody i\u00a0bardzo malutkiej dziewczynki\u2026mojej wnuczki.<\/p>\n<p style=\"text-align: justify;\"><b>\u2013 A\u00a0co w\u00a0tym naszym \u015bwiecie tak pani\u0105 boli, dra\u017cni, przera\u017ca?\u00a0<\/b><\/p>\n<p style=\"text-align: justify;\">\u2013 \u017be jest powierzchowny, banalny i\u00a0taki\u2026 przeci\u0119tny. W\u00a0\u015brodkach masowego przekazu jedyne kryterium brane dzi\u015b pod\u00a0uwag\u0119 to\u00a0ogl\u0105dalno\u015b\u0107. Chodzi tylko o\u00a0zarabianie pieni\u0119dzy. Produkuj\u0105 to, co si\u0119 op\u0142aca, czyli co chce obejrze\u0107 najwi\u0119ksza liczba ludzi. I\u00a0jak si\u0119 okazuje ta wi\u0119kszo\u015b\u0107 chce \u2013 delikatnie m\u00f3wi\u0105c \u2013 \u015bwiata bez finezji, w\u00a0nim dzi\u015b, na\u00a0przyk\u0142ad , nie by\u0142oby miejsca na\u00a0taki fenomen jak Kabaret Starszych Pan\u00f3w. Zmieni\u0142 si\u0119 gust, ale\u00a0to, \u017ce\u00a0on si\u0119 zmieni\u0142, ma jak\u0105\u015b przyczyn\u0119. To\u00a0troch\u0119 wina rodzic\u00f3w, kt\u00f3rzy\u00a0nie interesuj\u0105 si\u0119 tym, co ogl\u0105daj\u0105 dzieci. I\u00a0te\u017c wina takiej pogoni za\u00a0wszystkim, co materialne. Dzi\u015b na\u00a0pytanie: mie\u0107 czy by\u0107, pewnie wi\u0119kszo\u015b\u0107 nie ma w\u0105tpliwo\u015bci, \u017ce\u00a0mie\u0107.<\/p>\n<p style=\"text-align: justify;\"><b>\u2013 Oby polityka nie kojarzy\u0142a si\u0119 wy\u0142\u0105cznie z\u00a0walk\u0105 na\u00a0jako\u015b\u0107 jadu wyplutej \u015bliny \u2013 takie noworoczne \u017cyczenie wyrazi\u0142a pani bodaj na\u00a0progu 2012 roku. I\u00a0co, nie sprawdzi\u0142o si\u0119.<\/b><\/p>\n<p style=\"text-align: justify;\">\u2013 Niestety. Je\u015bli chodzi o\u00a0tak zwan\u0105 sytuacj\u0119 polityczn\u0105 dra\u017cni mnie g\u0142upota i\u00a0interes w\u0142asny. Poniewa\u017c nie czuj\u0119 si\u0119 na\u00a0tyle silna, \u017cebym sama mog\u0142a w\u00a0tej sprawie co\u015b zmieni\u0107, ju\u017c od\u00a0lat nie ogl\u0105dam telewizji, staram si\u0119 po\u00a0prostu, jak radzi\u0142 Wojciech M\u0142ynarski, robi\u0107 swoje, otacza\u0107 si\u0119 tym, co m\u0105dre, pi\u0119kne i\u00a0przekazywa\u0107 to\u00a0ludziom.<\/p>\n<p style=\"text-align: justify;\"><b>\u2013 S\u0105dzi pani, \u017ce\u00a0w\u00a0tym naszym tu i\u00a0teraz, takim powierzchownym, jak pani m\u00f3wi, stawiaj\u0105cym na\u00a0przeci\u0119tno\u015b\u0107, odnale\u017aliby si\u0119 pani przyjaciele, wielkie indywidualno\u015bci \u2013 Agnieszka Osiecka i\u00a0Jeremi Przybora?<\/b><\/p>\n<p style=\"text-align: justify;\">\u2013 Agnieszka tak, ona by\u00a0si\u0119 w\u00a0ka\u017cdym \u015bwiecie odnalaz\u0142a, by\u0142aby takim osobnym domem kultury. A\u00a0Jeremi, nie. On m\u00f3g\u0142by si\u0119 za\u0142ama\u0107 i\u00a0jeszcze bardziej zaszy\u0107 w\u00a0swojej samotni. M\u00f3g\u0142by m\u00f3wi\u0107 ,\u017ce nie ma dla kogo pisa\u0107 .<\/p>\n<p style=\"text-align: justify;\"><b>\u2013 T\u0119skni pani za\u00a0nimi, za\u00a0rozmowami \u201eo zmierzchu i\u00a0\u015bwicie\u201d?<\/b><\/p>\n<p style=\"text-align: justify;\">\u2013 Bardzo mi Ich brakuje i\u00a0b\u0119dzie brakowa\u0142o ju\u017c do\u00a0ko\u0144ca \u017cycia. T\u0119skni\u0119 za\u00a0lud\u017ami, kt\u00f3rych\u00a0nie da si\u0119 zast\u0105pi\u0107. Nie da si\u0119! Jeremi Przybora by\u0142 moim guru. Wychowa\u0142am si\u0119 na\u00a0Kabarecie Starszych Pan\u00f3w, oni stwarzali tak\u0105 zast\u0119pcz\u0105 ojczyzn\u0119, w\u00a0kt\u00f3rej chcia\u0142o si\u0119 mieszka\u0107 . W\u00a0og\u00f3le mia\u0142am to\u00a0szcz\u0119\u015bcie, \u017ce\u00a0za mojej\u00a0m\u0142odo\u015bci tworzy\u0142 i\u00a0Jeremi, i\u00a0Agnieszka, zaczyna\u0142 Wojciech M\u0142ynarski i\u00a0\u015bpiewa\u0142 Bu\u0142at Okud\u017cawa. By\u0142o z\u00a0kogo bra\u0107 przyk\u0142ad.<\/p>\n<p style=\"text-align: justify;\"><b>\u2013 Gdy\u00a0wspomina pani Agnieszk\u0119 Osieck\u0105 to\u2026<\/b><\/p>\n<p style=\"text-align: justify;\">\u2013 W\u00a0co drugiej chwili mojego\u00a0\u017cycia my\u015bl\u0119 o\u00a0tym, co by\u00a0powiedzia\u0142a na\u00a0to, czy na\u00a0tamto, co by\u00a0napisa\u0142a. Agnieszka jako osoba piekielnie inteligentna, zna\u0142a swoj\u0105 warto\u015b\u0107, a\u00a0przy tym by\u0142a nieprawdopodobnie skromna, \u017cyczliwa ludziom, staraj\u0105ca si\u0119 zrozumie\u0107 ka\u017cdego.<\/p>\n<p style=\"text-align: justify;\"><b>\u2013 Agnieszka Osiecka zmar\u0142a 7 marca 1997 roku, a\u00a0kilka miesi\u0119cy p\u00f3\u017aniej podczas opolskiego festiwalu w\u00a0amfiteatrze odby\u0142 si\u0119 jej po\u015bwi\u0119cony koncert \u201eZielono mi\u201d. Dzi\u015b kultowy, albo raczej wyj\u0105tkowy, bo s\u0142owo \u201ekultowy\u201d chyba si\u0119 troch\u0119 zdewaluowa\u0142o.<\/b><\/p>\n<p style=\"text-align: justify;\">\u2013 No, tak, teraz ju\u017c co druga rzecz jest kultowa, cho\u0107 rzeczywi\u015bcie tamten koncert okaza\u0142 si\u0119 bardzo wa\u017cny, nie tylko dla mnie, ale\u00a0i\u00a0dla ludzi, kt\u00f3rzy\u00a0go obejrzeli. To\u00a0wielkie szcz\u0119\u015bcie, \u017ce\u00a0dane by\u0142o mi go zrobi\u0107. Chcia\u0142am, by\u00a0si\u0119 odby\u0142 w\u00a0Teatrze Kochanowskiego, a\u00a0nie w\u00a0amfiteatrze. L\u0119k mnie parali\u017cowa\u0142, ba\u0142am si\u0119 tzw. szerokiej publiczno\u015bci, przyzwyczajonej do\u00a0ko\u0142ysania i\u00a0tupania. Tymczasem ludzie fantastycznie mnie rozczarowali i\u00a0nadzwyczajnie nas przyj\u0119li. Po\u00a0koncercie nie skorzysta\u0142am z\u00a0\u017cadnego zaproszenia, tylko posz\u0142am do\u00a0pokoju hotelowego, gdzie czeka\u0142 na\u00a0mnie m\u00f3j\u00a0ma\u0142y syn Franek, dzi\u015b 28-letni m\u0119\u017cczyzna. Napi\u0119cie opad\u0142o i\u00a0ca\u0142\u0105 noc przep\u0142aka\u0142am. Z\u00a0rado\u015bci, i\u00a0z\u00a0cierpienia. Mo\u017ce to\u00a0dopiero wtedy u\u015bwiadomi\u0142am sobie, \u017ce\u00a0Agnieszki tak naprawd\u0119 ju\u017c nie ma.<\/p>\n<p style=\"text-align: justify;\"><b>\u2013 Dla pani w\u0142a\u015bciwie w\u00a0Opolu\u2026 wszystko si\u0119 zacz\u0119\u0142o?<\/b><\/p>\n<p style=\"text-align: justify;\">\u2013 Bardzo lubi\u0119 to\u00a0miasto, ono kojarzy mi si\u0119 ze\u00a0wspania\u0142ymi prze\u017cyciami. Pierwszy raz tu przyjecha\u0142am jako niespe\u0142na 20- letnia dziewczynka w\u00a0lutym 1969 roku. Dosta\u0142am nagrod\u0119 na\u00a0Zimowej Gie\u0142dzie Piosenki, pierwszy raz w\u00a0\u017cyciu wyst\u0105pi\u0142am w\u00a0telewizji i\u00a0od tego momentu licz\u0119 lata mojej\u00a0dzia\u0142alno\u015bci artystycznej. Potem, w\u00a01971 roku by\u0142 festiwal opolski i\u00a0\u201eKoncert jesienny\u201d, w\u00a01972 piosenka \u201eo niebieskim, pachn\u0105cym groszku\u201d. W\u00a0\u201974\u20135-7 robi\u0142am tutaj koncerty jako imprezy towarzysz\u0105ce. To\u00a0w\u00a01974roku wymy\u015bli\u0142am scenariusz, w\u00a0kt\u00f3rym wszyscy wykonawcy, najwybitniejsi aktorzy i\u00a0piosenkarze, przez ca\u0142y czas trwania spektaklu byli obecni na\u00a0scenie. Re\u017cyserowali ten koncert Krystyna i\u00a0Micha\u0142 Bogus\u0142awscy, otrzyma\u0142 entuzjastyczne recenzje i\u00a0do dzi\u015b nie mog\u0119 od\u017ca\u0142owa\u0107 tego, \u017ce\u00a0nie zosta\u0142 zarejestrowany. Podobnie zreszt\u0105 jak koncert w\u00a01975 roku, na\u00a0kt\u00f3rym m.in odby\u0142a sie prapremiera \u201eSzalonej lokomotywy\u201d Witkacego, Grechuty i\u00a0Kantego Pawlu\u015bkiewicza. Ale\u00a0mam nadziej\u0119, \u017ce\u00a0Opolanie , kt\u00f3rzy\u00a0na nich byli , pami\u0119taj\u0105 je do\u00a0dzi\u015b.<\/p>\n<p style=\"text-align: justify;\" align=\"justify\"><b>\u2013 W\u00a01997 by\u0142a pani w\u00a0amfiteatrze ostatni raz. Teraz na\u00a0jubileuszowym 50. Festiwalu Magda Umer zn\u00f3w za\u015bpiewa.<\/b><\/p>\n<p style=\"text-align: justify;\">\u2013 Przyjad\u0119 i\u00a0za\u015bpiewam \u201eOkularnik\u00f3w\u201d, piosenk\u0119, kt\u00f3ra\u00a0wygra\u0142a festiwal w\u00a0roku 1963. Tam jest taki tekst: \u201epotem wi\u0105\u017c\u0105 koniec ko\u0144cem za\u00a0te polskie 2 tysi\u0105ce\u201d. W\u00a0pierwotnej wersji by\u0142o: \u201e\u017cyj\u0105 w\u00a0jakim\u015b mie\u015bcie za\u00a0te polskie 1200\u201d. Cenzor stwierdzi\u0142 jednak, \u017ce\u00a0to niedobrze, za\u00a0ma\u0142o i\u00a0trzeba by\u0142o pensj\u0119 podwy\u017cszy\u0107.<\/p>\n<p style=\"text-align: justify;\"><b>\u2013 Dzi\u015b mo\u017cna by\u00a0wr\u00f3ci\u0107 do\u00a0pierwowzoru, bo kwota si\u0119 zgadza, cenzury ju\u017c nie ma. A\u00a0Agnieszka Osiecka zerka na\u00a0Opole z\u00a0uniwersyteckiego wzg\u00f3rza.<\/b><\/p>\n<p style=\"text-align: justify;\">\u2013 Ciesz\u0119 si\u0119, \u017ce\u00a0znowu j\u0105 odwiedz\u0119. Kiedy pan Molenda rze\u017abi\u0142 ten pomnik, je\u017adzi\u0142y\u015bmy do\u00a0niego z\u00a0Agat\u0105 Passent, dawa\u0142y\u015bmy mu zdj\u0119cia Agnieszki i\u00a0obserwowa\u0142y\u015bmy ka\u017cdy etap pracy. I\u00a0dzi\u015b uwa\u017cam, \u017ce\u00a0to najlepsza rze\u017aba Agnieszki, a\u00a0jest ich ju\u017c kilka.<\/p>\n<p style=\"text-align: justify;\"><b>\u2013 Ona \u015bpiewa dusz\u0105 \u2013 m\u00f3wi\u0142a o\u00a0pani w\u0142a\u015bnie Agnieszka Osiecka. Na\u00a0forach fani pisz\u0105: \u201eG\u0142os pani Magdy to\u00a0balsam dla duszy\u201d, \u201eSzkoda, \u017ce\u00a0takich jak ona jest teraz tak ma\u0142o\u201d. Podobno pewien nowozelandzki profesor te\u017c si\u0119 pani g\u0142osem zachwyci\u0142, cho\u0107 po\u00a0polsku nie rozumia\u0142 ani s\u0142owa. Czuje si\u0119 pani dotkni\u0119ta palcem Bo\u017cym?<\/b><\/p>\n<p style=\"text-align: justify;\">\u2013 To\u00a0jest taki rodzaj szcz\u0119\u015bcia, \u017ce\u00a0jestem potrzebna ludziom \u2013 od\u00a0tych najm\u0142odszych, kt\u00f3rzy\u00a0zasypiaj\u0105 przy \u201eKo\u0142ysankach utulankach\u201d, kt\u00f3re \u015bpiewam z\u00a0Grzesiem Turnauem i\u00a0s\u0142uchaj\u0105 bajek, kt\u00f3re czytam z\u00a0Wojtkiem Mannem, poprzez te wszystkie piosenki o\u00a0nieszcz\u0119\u015bliwych mi\u0142o\u015bciach dla m\u0142odych dziewczyn, czy o\u00a0rozmowach z\u00a0Panem Bogiem \u2013 dla ludzi starszych. Tak, czasami czuj\u0119, \u017ce\u00a0to moje\u00a0\u017cycie jest nie tylko przeze mnie napisane. Na\u00a0pewno nie. My- jak pisa\u0142a Agnieszka \u2013 jeste\u015bmy tylko zabawkami pana Boga.<\/p>\n<p style=\"text-align: justify;\" align=\"justify\"><b>\u2013 Czyli \u201enawet i\u00a0siwa mo\u017ce by\u0107 szcz\u0119\u015bliwa?\u201d<\/b><\/p>\n<p style=\"text-align: justify;\">\u2013 Tak. Nawet i\u00a0ona. Ale\u00a0nie musi. Wystarczy \u017ce\u00a0bywa szcz\u0119\u015bliwa. Albo bywa\u0142a. Nie lubi\u0119 narzekaj\u0105cych na\u00a0wszystko staruszek. Widzia\u0142am wczoraj cudowny film Doroty K\u0119dzierzawskiej pt: \u201eInny \u015bwiat\u201d. Z\u00a0wspania\u0142\u0105 Danut\u0105 Szaflarsk\u0105 w\u00a0roli Danuty Szaflarskiej. Emitowa\u0142abym go na\u00a0wszystkich kana\u0142ach telewizyjnych w\u00a0porach najwi\u0119kszej ogl\u0105dalno\u015bci. Pi\u0119kny cz\u0142owiek z\u00a0cudownym stosunkiem do\u00a0\u017cycia i\u00a0ludzi.<\/p>\n<p align=\"right\"><span class=\"Apple-style-span\"><b><a href=\"http:\/\/magdaumer.pl\/home\/prasa\">Do\u00a0spisu artyku\u0142\u00f3w<\/a><\/b><\/span><\/p>\n<p align=\"justify\"><a name=\"momentamiocieram\"><\/a><\/p>\n<p><a name=\"momentamiocieram\"><\/a><\/p>\n","protected":false},"excerpt":{"rendered":"<p>Nawet i\u00a0siwa mo\u017ce by\u0107 szcz\u0119\u015bliwaRozmowa z\u00a0Magd\u0105 Umer \u0179r\u00f3d\u0142o: Nowa Trybuna Opolska, czerwiec 2013 \u2013 \u201eJeszcze w\u00a0zielone gramy\/jeszcze nie umieramy\/jeszcze kt\u00f3rego\u015b rana odbijemy si\u0119 od\u00a0\u015bciany\u2026\u201d T\u0119 optymistycznie brzmi\u0105c\u0105, zw\u0142aszcza dla pokolenia 50+, piosenk\u0119 ze\u00a0s\u0142owami Wojciecha M\u0142ynarskiego ma pani w\u00a0repertuarze. A\u00a0sama Magda Umer wci\u0105\u017c gra w\u00a0zielone? \u2013 Gram. Ci\u0105gle jestem ciekawa \u015bwiata, ludzi, ciekawa tego, co zdarzy &hellip; <a href=\"http:\/\/magdaumer.pl\/home\/prasa\/nawet-i-siwa-moze-byc-szczesliwa\/\" class=\"more-link\">Czytaj dalej <span class=\"screen-reader-text\">Nawet i siwa mo\u017ce by\u0107 szcz\u0119\u015bliwa<\/span> <span class=\"meta-nav\">&rarr;<\/span><\/a><\/p>\n","protected":false},"author":1,"featured_media":0,"parent":27,"menu_order":9,"comment_status":"closed","ping_status":"closed","template":"","meta":{"footnotes":""},"class_list":["post-1745","page","type-page","status-publish","hentry"],"_links":{"self":[{"href":"http:\/\/magdaumer.pl\/home\/wp-json\/wp\/v2\/pages\/1745","targetHints":{"allow":["GET"]}}],"collection":[{"href":"http:\/\/magdaumer.pl\/home\/wp-json\/wp\/v2\/pages"}],"about":[{"href":"http:\/\/magdaumer.pl\/home\/wp-json\/wp\/v2\/types\/page"}],"author":[{"embeddable":true,"href":"http:\/\/magdaumer.pl\/home\/wp-json\/wp\/v2\/users\/1"}],"replies":[{"embeddable":true,"href":"http:\/\/magdaumer.pl\/home\/wp-json\/wp\/v2\/comments?post=1745"}],"version-history":[{"count":1,"href":"http:\/\/magdaumer.pl\/home\/wp-json\/wp\/v2\/pages\/1745\/revisions"}],"predecessor-version":[{"id":1746,"href":"http:\/\/magdaumer.pl\/home\/wp-json\/wp\/v2\/pages\/1745\/revisions\/1746"}],"up":[{"embeddable":true,"href":"http:\/\/magdaumer.pl\/home\/wp-json\/wp\/v2\/pages\/27"}],"wp:attachment":[{"href":"http:\/\/magdaumer.pl\/home\/wp-json\/wp\/v2\/media?parent=1745"}],"curies":[{"name":"wp","href":"https:\/\/api.w.org\/{rel}","templated":true}]}}