{"id":1677,"date":"2016-01-18T00:20:13","date_gmt":"2016-01-18T00:20:13","guid":{"rendered":"http:\/\/magdaumer.pl\/home\/?page_id=1677"},"modified":"2016-01-18T00:22:25","modified_gmt":"2016-01-18T00:22:25","slug":"voltaren","status":"publish","type":"page","link":"http:\/\/magdaumer.pl\/home\/spiewnik\/voltaren\/","title":{"rendered":"Voltaren"},"content":{"rendered":"<p><span style=\"font-family: verdana, geneva, sans-serif;\"><b><span style=\"color: #000080; font-size: 14pt;\">Voltaren<\/span><br \/>\n<span style=\"color: #6699ff; font-size: small;\">(s\u0142. A. Poniedzielski, muz. D. Modugno, F. Miglicci)<\/span><span style=\"color: #3399ff; font-size: small;\"><br \/>\n<\/span><br \/>\n<span style=\"color: #666666;\"><br \/>\n<\/span><\/b><span style=\"color: #333333;\">Kiedy usun\u0105 ci z diety i cukier, i s\u00f3l<br \/>\nA b\u00f3l istnienia po prostu zamieni si\u0119 w b\u00f3l<br \/>\nWolt\u0119 wykona\u0142 organizm, prowadzi do pointy<br \/>\nW apati\u0119 aptek voltaren i medikamenty<\/span><\/span><\/p>\n<p><span style=\"font-family: verdana, geneva, sans-serif; color: #333333;\">Voltaren, oo<\/span><br \/>\n<span style=\"font-family: verdana, geneva, sans-serif; color: #333333;\"> Za kar\u0119, ooo<\/span><br \/>\n<span style=\"font-family: verdana, geneva, sans-serif; color: #333333;\"> Oj, lub swe cia\u0142o, ty lub<\/span><br \/>\n<span style=\"font-family: verdana, geneva, sans-serif; color: #333333;\"> Niech plakat urody ma s\u0142up<\/span><br \/>\n<span style=\"font-family: verdana, geneva, sans-serif; color: #333333;\"> Nie bola\u0142o to cia\u0142o, gdy gna\u0142o, b\u0105d\u017a ono, gdzie sta\u0142o, lega\u0142o do snu<\/span><br \/>\n<span style=\"font-family: verdana, geneva, sans-serif; color: #333333;\"> Nie my\u015bla\u0142o, a mia\u0142o oto miast parasola ki\u015b\u0107 bzu<\/span><br \/>\n<span style=\"font-family: verdana, geneva, sans-serif; color: #333333;\"> \u0141una muzyki tutaj gorza\u0142a, od wiedzy bi\u0142 ch\u0142\u00f3d<\/span><br \/>\n<span style=\"font-family: verdana, geneva, sans-serif; color: #333333;\"> Voltaren, oo<\/span><br \/>\n<span style=\"font-family: verdana, geneva, sans-serif; color: #333333;\"> Za kar\u0119, ooo<\/span><br \/>\n<span style=\"font-family: verdana, geneva, sans-serif; color: #333333;\"> Oj, lub swe cia\u0142o, ty lub<\/span><br \/>\n<span style=\"font-family: verdana, geneva, sans-serif; color: #333333;\"> Niech plakat urody ma s\u0142up<\/span><\/p>\n<p><span style=\"font-family: verdana, geneva, sans-serif; color: #333333;\">Cud regeneracji m\u0142odziutkich umys\u0142\u00f3w i cia\u0142<\/span><br \/>\n<span style=\"font-family: verdana, geneva, sans-serif; color: #333333;\"> co to to kotunio babuni i nie jedynie on mia\u0142<\/span><br \/>\n<span style=\"font-family: verdana, geneva, sans-serif; color: #333333;\"> w parku, w altanie, a wr\u0119cz bezpo\u015brednio w konwaliach<\/span><br \/>\n<span style=\"font-family: verdana, geneva, sans-serif; color: #333333;\"> Brzmia\u0142o witalne: O viva biust, biodra i talia!<\/span><br \/>\n<span style=\"font-family: verdana, geneva, sans-serif; color: #333333;\"> Voltaren, oo<\/span><br \/>\n<span style=\"font-family: verdana, geneva, sans-serif; color: #333333;\"> Za kar\u0119, ooo<\/span><br \/>\n<span style=\"font-family: verdana, geneva, sans-serif; color: #333333;\"> Oj, lub swe cia\u0142o, ty lub<\/span><br \/>\n<span style=\"font-family: verdana, geneva, sans-serif; color: #333333;\"> Niech plakat urody ma s\u0142up<\/span><br \/>\n<span style=\"font-family: verdana, geneva, sans-serif; color: #333333;\"> Nie my\u015bla\u0142o to cia\u0142o, jak \u017arebi\u0119 lecia\u0142o, frun\u0119\u0142o po bez \u00f3w, przez deszcz<\/span><br \/>\n<span style=\"font-family: verdana, geneva, sans-serif; color: #333333;\"> I tak pi\u0119knie, w sukience tak cienkiej, \u017ce prawie \u017ce bez<\/span><br \/>\n<span style=\"font-family: verdana, geneva, sans-serif; color: #333333;\"> Nieba okapu ci noc\u0105 przychyli dzi\u015b tylko on<\/span><br \/>\n<span style=\"font-family: verdana, geneva, sans-serif; color: #333333;\"> Voltaren, oo<\/span><br \/>\n<span style=\"font-family: verdana, geneva, sans-serif; color: #333333;\"> Za kar\u0119, ooo<\/span><br \/>\n<span style=\"font-family: verdana, geneva, sans-serif; color: #333333;\"> Oj, lub swe cia\u0142o, ty lub<\/span><br \/>\n<span style=\"font-family: verdana, geneva, sans-serif; color: #333333;\"> Niech plakat urody ma s\u0142up<\/span><br \/>\n<span style=\"font-family: verdana, geneva, sans-serif; color: #333333;\"> Oj, lub swe cia\u0142o, ty lub<\/span><br \/>\n<span style=\"font-family: verdana, geneva, sans-serif; color: #333333;\"> Niech plakat urody ma s\u0142up<\/span><\/p>\n<p>&nbsp;<\/p>\n<audio class=\"wp-audio-shortcode\" id=\"audio-1677-1\" preload=\"none\" style=\"width: 100%;\" controls=\"controls\"><source type=\"audio\/mpeg\" src=\"http:\/\/magdaumer.pl\/home\/wp-content\/uploads\/2014\/12\/voltaren.mp3?_=1\" \/><a href=\"http:\/\/magdaumer.pl\/home\/wp-content\/uploads\/2014\/12\/voltaren.mp3\">http:\/\/magdaumer.pl\/home\/wp-content\/uploads\/2014\/12\/voltaren.mp3<\/a><\/audio>\n","protected":false},"excerpt":{"rendered":"<p>Voltaren (s\u0142. A. Poniedzielski, muz. D. Modugno, F. Miglicci) Kiedy usun\u0105 ci z diety i cukier, i s\u00f3l A b\u00f3l istnienia po prostu zamieni si\u0119 w b\u00f3l Wolt\u0119 wykona\u0142 organizm, prowadzi do pointy W apati\u0119 aptek voltaren i medikamenty Voltaren, oo Za kar\u0119, ooo Oj, lub swe cia\u0142o, ty lub Niech plakat urody ma s\u0142up &hellip; <a href=\"http:\/\/magdaumer.pl\/home\/spiewnik\/voltaren\/\" class=\"more-link\">Czytaj dalej <span class=\"screen-reader-text\">Voltaren<\/span> <span class=\"meta-nav\">&rarr;<\/span><\/a><\/p>\n","protected":false},"author":1,"featured_media":0,"parent":29,"menu_order":145,"comment_status":"closed","ping_status":"closed","template":"","meta":{"footnotes":""},"class_list":["post-1677","page","type-page","status-publish","hentry"],"_links":{"self":[{"href":"http:\/\/magdaumer.pl\/home\/wp-json\/wp\/v2\/pages\/1677","targetHints":{"allow":["GET"]}}],"collection":[{"href":"http:\/\/magdaumer.pl\/home\/wp-json\/wp\/v2\/pages"}],"about":[{"href":"http:\/\/magdaumer.pl\/home\/wp-json\/wp\/v2\/types\/page"}],"author":[{"embeddable":true,"href":"http:\/\/magdaumer.pl\/home\/wp-json\/wp\/v2\/users\/1"}],"replies":[{"embeddable":true,"href":"http:\/\/magdaumer.pl\/home\/wp-json\/wp\/v2\/comments?post=1677"}],"version-history":[{"count":3,"href":"http:\/\/magdaumer.pl\/home\/wp-json\/wp\/v2\/pages\/1677\/revisions"}],"predecessor-version":[{"id":1680,"href":"http:\/\/magdaumer.pl\/home\/wp-json\/wp\/v2\/pages\/1677\/revisions\/1680"}],"up":[{"embeddable":true,"href":"http:\/\/magdaumer.pl\/home\/wp-json\/wp\/v2\/pages\/29"}],"wp:attachment":[{"href":"http:\/\/magdaumer.pl\/home\/wp-json\/wp\/v2\/media?parent=1677"}],"curies":[{"name":"wp","href":"https:\/\/api.w.org\/{rel}","templated":true}]}}