{"id":1640,"date":"2016-01-17T23:49:22","date_gmt":"2016-01-17T23:49:22","guid":{"rendered":"http:\/\/magdaumer.pl\/home\/?page_id=1640"},"modified":"2016-01-18T00:24:48","modified_gmt":"2016-01-18T00:24:48","slug":"tesknij","status":"publish","type":"page","link":"http:\/\/magdaumer.pl\/home\/spiewnik\/tesknij\/","title":{"rendered":"T\u0119sknij"},"content":{"rendered":"<p><span style=\"font-family: verdana, geneva, sans-serif;\"><b><span style=\"color: #000080; font-size: 14pt;\">T\u0119sknij<\/span><br \/>\n<span style=\"color: #6699ff; font-size: small;\">(s\u0142. A. Poniedzielski, muz. L. Cohen)<\/span><span style=\"color: #3399ff; font-size: small;\"><br \/>\n<\/span><br \/>\n<\/b><span style=\"color: #333333;\"><br \/>\nTa\u0144czmy, jak zagraj\u0105 nuty losu, krople dni<br \/>\nSny tak pi\u0119knie t\u0119skni\u0105 do niedawnej szcz\u0119\u015bcia \u0142zy<br \/>\nTy, nim skrzyd\u0142o nocy czarnej rzuci szary cie\u0144<br \/>\nT\u0119sknij za kolejnym dniem<br \/>\nT\u0119sknij za kolejnym dniem<\/span><\/span><\/p>\n<p><span style=\"font-family: verdana, geneva, sans-serif; color: #333333;\">Niech zielony p\u0142omie\u0144 wiosny wiolinowo dr\u017cy<\/span><br \/>\n<span style=\"font-family: verdana, geneva, sans-serif; color: #333333;\"> W popielatym tangu tul\u0105 si\u0119 jesienne mg\u0142y<\/span><br \/>\n<span style=\"font-family: verdana, geneva, sans-serif; color: #333333;\"> P\u00f3ki serce tak taktownie s\u0142u\u017cy rytmom t\u0142em<\/span><br \/>\n<span style=\"font-family: verdana, geneva, sans-serif; color: #333333;\"> T\u0119sknij za kolejnym dniem<\/span><br \/>\n<span style=\"font-family: verdana, geneva, sans-serif; color: #333333;\"> T\u0119sknij za kolejnym dniem<\/span><\/p>\n<p><span style=\"font-family: verdana, geneva, sans-serif; color: #333333;\">P\u0142on\u0105 w nas zachodem wiecznym ca\u0142e stada s\u0142o\u0144c<\/span><br \/>\n<span style=\"font-family: verdana, geneva, sans-serif; color: #333333;\"> \u015api\u0105 \u0142awice gwiazd wygas\u0142ych ci\u0119\u017ckie chmury wron<\/span><br \/>\n<span style=\"font-family: verdana, geneva, sans-serif; color: #333333;\"> Dotknij nieba my\u015bl\u0105 senn\u0105 ale ka\u017cdym z tchnie\u0144<\/span><br \/>\n<span style=\"font-family: verdana, geneva, sans-serif; color: #333333;\"> T\u0119sknij za kolejnym dniem<\/span><br \/>\n<span style=\"font-family: verdana, geneva, sans-serif; color: #333333;\"> T\u0119sknij za kolejnym dniem<\/span><\/p>\n<p><span style=\"font-family: verdana, geneva, sans-serif; color: #333333;\">T\u0119sknij, tylko z tob\u0105 minie ca\u0142y \u015bwiat<\/span><br \/>\n<span style=\"font-family: verdana, geneva, sans-serif; color: #333333;\"> D\u017awi\u0119czmy strun\u0105 potr\u0105con\u0105 przez r\u00f3\u017caniec lat<\/span><br \/>\n<span style=\"font-family: verdana, geneva, sans-serif; color: #333333;\"> Podaj duszy \u0142yk nadziei a marzeniom tlen<\/span><br \/>\n<span style=\"font-family: verdana, geneva, sans-serif; color: #333333;\"> T\u0119sknij za kolejnym dniem<\/span><\/p>\n<p><span style=\"font-family: verdana, geneva, sans-serif; color: #333333;\">La, la, la, la\u2026<\/span><\/p>\n<p><span style=\"font-family: verdana, geneva, sans-serif; color: #333333;\">T\u0119sknij, tylko z tob\u0105 minie ca\u0142y \u015bwiat<\/span><br \/>\n<span style=\"font-family: verdana, geneva, sans-serif; color: #333333;\"> D\u017awi\u0119czmy strun\u0105 potr\u0105con\u0105 przez r\u00f3\u017caniec lat<\/span><br \/>\n<span style=\"font-family: verdana, geneva, sans-serif; color: #333333;\"> Dotknij nieba my\u015bl\u0105 senn\u0105 ale ka\u017cdym z tchnie\u0144<\/span><br \/>\n<span style=\"font-family: verdana, geneva, sans-serif; color: #333333;\"> T\u0119sknij za kolejnym dniem<\/span><\/p>\n<p>&nbsp;<\/p>\n<audio class=\"wp-audio-shortcode\" id=\"audio-1640-1\" preload=\"none\" style=\"width: 100%;\" controls=\"controls\"><source type=\"audio\/mpeg\" src=\"http:\/\/magdaumer.pl\/home\/wp-content\/uploads\/2014\/12\/tesknij.mp3?_=1\" \/><a href=\"http:\/\/magdaumer.pl\/home\/wp-content\/uploads\/2014\/12\/tesknij.mp3\">http:\/\/magdaumer.pl\/home\/wp-content\/uploads\/2014\/12\/tesknij.mp3<\/a><\/audio>\n","protected":false},"excerpt":{"rendered":"<p>T\u0119sknij (s\u0142. A. Poniedzielski, muz. L. Cohen) Ta\u0144czmy, jak zagraj\u0105 nuty losu, krople dni Sny tak pi\u0119knie t\u0119skni\u0105 do niedawnej szcz\u0119\u015bcia \u0142zy Ty, nim skrzyd\u0142o nocy czarnej rzuci szary cie\u0144 T\u0119sknij za kolejnym dniem T\u0119sknij za kolejnym dniem Niech zielony p\u0142omie\u0144 wiosny wiolinowo dr\u017cy W popielatym tangu tul\u0105 si\u0119 jesienne mg\u0142y P\u00f3ki serce tak taktownie &hellip; <a href=\"http:\/\/magdaumer.pl\/home\/spiewnik\/tesknij\/\" class=\"more-link\">Czytaj dalej <span class=\"screen-reader-text\">T\u0119sknij<\/span> <span class=\"meta-nav\">&rarr;<\/span><\/a><\/p>\n","protected":false},"author":1,"featured_media":0,"parent":29,"menu_order":136,"comment_status":"closed","ping_status":"closed","template":"","meta":{"footnotes":""},"class_list":["post-1640","page","type-page","status-publish","hentry"],"_links":{"self":[{"href":"http:\/\/magdaumer.pl\/home\/wp-json\/wp\/v2\/pages\/1640","targetHints":{"allow":["GET"]}}],"collection":[{"href":"http:\/\/magdaumer.pl\/home\/wp-json\/wp\/v2\/pages"}],"about":[{"href":"http:\/\/magdaumer.pl\/home\/wp-json\/wp\/v2\/types\/page"}],"author":[{"embeddable":true,"href":"http:\/\/magdaumer.pl\/home\/wp-json\/wp\/v2\/users\/1"}],"replies":[{"embeddable":true,"href":"http:\/\/magdaumer.pl\/home\/wp-json\/wp\/v2\/comments?post=1640"}],"version-history":[{"count":4,"href":"http:\/\/magdaumer.pl\/home\/wp-json\/wp\/v2\/pages\/1640\/revisions"}],"predecessor-version":[{"id":1681,"href":"http:\/\/magdaumer.pl\/home\/wp-json\/wp\/v2\/pages\/1640\/revisions\/1681"}],"up":[{"embeddable":true,"href":"http:\/\/magdaumer.pl\/home\/wp-json\/wp\/v2\/pages\/29"}],"wp:attachment":[{"href":"http:\/\/magdaumer.pl\/home\/wp-json\/wp\/v2\/media?parent=1640"}],"curies":[{"name":"wp","href":"https:\/\/api.w.org\/{rel}","templated":true}]}}