{"id":1529,"date":"2016-01-17T21:25:23","date_gmt":"2016-01-17T21:25:23","guid":{"rendered":"http:\/\/magdaumer.pl\/home\/?page_id=1529"},"modified":"2016-03-01T22:09:46","modified_gmt":"2016-03-01T22:09:46","slug":"psalm-sielankowy","status":"publish","type":"page","link":"http:\/\/magdaumer.pl\/home\/spiewnik\/psalm-sielankowy\/","title":{"rendered":"Psalm sielankowy"},"content":{"rendered":"<p><span style=\"font-family: verdana, geneva, sans-serif;\"><b><span style=\"color: #000080; font-size: 14pt;\">Psalm sielankowy<\/span><br \/> <span style=\"color: #6699ff; font-size: small;\">(s\u0142. T. Nowak, muz. M. Grechuta)<\/span><span style=\"color: #3399ff; font-size: small;\"><br \/> <\/span><br \/> <\/b><\/span><span style=\"color: #333333;\"><b><br \/> <\/b><span style=\"font-family: verdana, geneva, sans-serif;\">Gdzie Ty jeste\u015b?<\/span><br \/><span style=\"font-family: verdana, geneva, sans-serif;\"> za wod\u0105, za traw\u0105, za cisz\u0105<\/span><br \/><span style=\"font-family: verdana, geneva, sans-serif;\"> Gdzie si\u0119 listy na li\u015bciu same pisz\u0105 i pisz\u0105<\/span><br \/><span style=\"font-family: verdana, geneva, sans-serif;\"> Gdzie si\u0119 no\u017ca po trzonek nawet w chleby nie wbija<\/span><br \/><span style=\"font-family: verdana, geneva, sans-serif;\"> i jedynie p\u0142ot patrzy zza chabinki i kija<\/span><\/span><\/p>\n<p><span style=\"color: #333333; font-family: verdana, geneva, sans-serif;\">Gdzie Ty jeste\u015b?<\/span><br \/><span style=\"color: #333333; font-family: verdana, geneva, sans-serif;\"> za trwog\u0105, za paj\u0105kiem, za mysz\u0105<\/span><br \/><span style=\"color: #333333; font-family: verdana, geneva, sans-serif;\"> Gdzie mnie uszy \u0142opianu i radaru nie s\u0142ysz\u0105<\/span><br \/><span style=\"color: #333333; font-family: verdana, geneva, sans-serif;\"> Gdzie nie bije si\u0119 monet jakby\u015b m\u0142otkiem bi\u0142 w ciemi\u0119<\/span><br \/><span style=\"color: #333333; font-family: verdana, geneva, sans-serif;\"> a grom w k\u0142\u0119bek zwini\u0119ty przy kopczyku rdzy drzemie<\/span><\/p>\n<p><span style=\"color: #333333; font-family: verdana, geneva, sans-serif;\">Gdzie Ty jeste\u015b?<\/span><br \/><span style=\"color: #333333; font-family: verdana, geneva, sans-serif;\"> za tob\u0105, za snem twym, za pie\u015bni\u0105<\/span><br \/><span style=\"color: #333333; font-family: verdana, geneva, sans-serif;\"> Gdzie twe oczy, \u017ad\u017ab\u0142a trawy nie przy\u015blepi\u0105, nie prze\u015bpi\u0105<\/span><br \/><span style=\"color: #333333; font-family: verdana, geneva, sans-serif;\"> Gdzie tak m\u00f3wi si\u0119 JESTEM jakby nigdy nie by\u0142o<\/span><br \/><span style=\"color: #333333; font-family: verdana, geneva, sans-serif;\"> kurzej szyi pod no\u017cem, bia\u0142ej brzozy pod pi\u0142\u0105<\/span><\/p>\n<p>&nbsp;<\/p>\n<audio class=\"wp-audio-shortcode\" id=\"audio-1529-1\" preload=\"none\" style=\"width: 100%;\" controls=\"controls\"><source type=\"audio\/mpeg\" src=\"http:\/\/magdaumer.pl\/home\/wp-content\/uploads\/2014\/12\/psalmsielankowy.mp3?_=1\" \/><a href=\"http:\/\/magdaumer.pl\/home\/wp-content\/uploads\/2014\/12\/psalmsielankowy.mp3\">http:\/\/magdaumer.pl\/home\/wp-content\/uploads\/2014\/12\/psalmsielankowy.mp3<\/a><\/audio>\n","protected":false},"excerpt":{"rendered":"<p>Psalm sielankowy (s\u0142. T. Nowak, muz. M. Grechuta) Gdzie Ty jeste\u015b? za wod\u0105, za traw\u0105, za cisz\u0105 Gdzie si\u0119 listy na li\u015bciu same pisz\u0105 i pisz\u0105 Gdzie si\u0119 no\u017ca po trzonek nawet w chleby nie wbija i jedynie p\u0142ot patrzy zza chabinki i kija Gdzie Ty jeste\u015b? za trwog\u0105, za paj\u0105kiem, za mysz\u0105 Gdzie mnie &hellip; <a href=\"http:\/\/magdaumer.pl\/home\/spiewnik\/psalm-sielankowy\/\" class=\"more-link\">Czytaj dalej <span class=\"screen-reader-text\">Psalm sielankowy<\/span> <span class=\"meta-nav\">&rarr;<\/span><\/a><\/p>\n","protected":false},"author":1,"featured_media":0,"parent":29,"menu_order":108,"comment_status":"closed","ping_status":"closed","template":"","meta":{"footnotes":""},"class_list":["post-1529","page","type-page","status-publish","hentry"],"_links":{"self":[{"href":"http:\/\/magdaumer.pl\/home\/wp-json\/wp\/v2\/pages\/1529","targetHints":{"allow":["GET"]}}],"collection":[{"href":"http:\/\/magdaumer.pl\/home\/wp-json\/wp\/v2\/pages"}],"about":[{"href":"http:\/\/magdaumer.pl\/home\/wp-json\/wp\/v2\/types\/page"}],"author":[{"embeddable":true,"href":"http:\/\/magdaumer.pl\/home\/wp-json\/wp\/v2\/users\/1"}],"replies":[{"embeddable":true,"href":"http:\/\/magdaumer.pl\/home\/wp-json\/wp\/v2\/comments?post=1529"}],"version-history":[{"count":3,"href":"http:\/\/magdaumer.pl\/home\/wp-json\/wp\/v2\/pages\/1529\/revisions"}],"predecessor-version":[{"id":2185,"href":"http:\/\/magdaumer.pl\/home\/wp-json\/wp\/v2\/pages\/1529\/revisions\/2185"}],"up":[{"embeddable":true,"href":"http:\/\/magdaumer.pl\/home\/wp-json\/wp\/v2\/pages\/29"}],"wp:attachment":[{"href":"http:\/\/magdaumer.pl\/home\/wp-json\/wp\/v2\/media?parent=1529"}],"curies":[{"name":"wp","href":"https:\/\/api.w.org\/{rel}","templated":true}]}}