{"id":1415,"date":"2016-01-02T13:49:14","date_gmt":"2016-01-02T13:49:14","guid":{"rendered":"http:\/\/magdaumer.pl\/home\/?page_id=1415"},"modified":"2016-03-02T20:11:18","modified_gmt":"2016-03-02T20:11:18","slug":"plachta-nieba","status":"publish","type":"page","link":"http:\/\/magdaumer.pl\/home\/spiewnik\/plachta-nieba\/","title":{"rendered":"P\u0142achta nieba"},"content":{"rendered":"<p><span style=\"font-family: verdana, geneva, sans-serif;\"><b><span style=\"font-size: 14pt;\"><span style=\"color: #000080;\">P<\/span><span style=\"color: #000080;\">\u0142achta nieba<\/span><\/span><br \/><span style=\"color: #6699ff; font-size: small;\">(s\u0142. i muz. J. Kleyff)<\/span><span style=\"color: #3399ff; font-size: small;\"><br \/><\/span><\/b><\/span><\/p>\n<p><span style=\"font-family: verdana, geneva, sans-serif;\"><br \/>Rozpostarta p\u0142achta nieba<\/span><br \/><span style=\"color: #333333; font-family: verdana, geneva, sans-serif;\">zawsze daje to, co trzeba;<br \/>przed t\u0119 p\u0142acht\u0119, pod sam kr\u0119gos\u0142up,<br \/>prze\u015bwituje sama wiedza;<br \/>Kiedy zbieram z niej bez waha\u0144 &#8211;<br \/>&#8211; zwykle trafiam w to, co czuj\u0119<br \/>je\u015bli mniej premedytuj\u0119,<br \/>je\u015bli mniej kalkuluj\u0119&#8230; w \u017cyciu!<\/span><\/p>\n<p><span style=\"font-family: verdana, geneva, sans-serif;\">Nie musze tu by\u0107, lecz ciesz\u0119 si\u0119<\/span><br \/><span style=\"font-family: verdana, geneva, sans-serif;\">gdy czasem jestem,<\/span><br \/><span style=\"font-family: verdana, geneva, sans-serif;\">gdy czasem jestem&#8230;<\/span><br \/><span style=\"font-family: verdana, geneva, sans-serif;\">chocia\u017c nie musz\u0119 st\u0105d i\u015b\u0107 (p\u00f3ki co) &#8211;<\/span><br \/><span style=\"font-family: verdana, geneva, sans-serif;\">&#8211; te\u017c ciesz\u0119 si\u0119,<\/span><br \/><span style=\"font-family: verdana, geneva, sans-serif;\">Gdy czasem jestem&#8230; gdzie?&#8230; z dala!<\/span><\/p>\n<p><span style=\"font-family: verdana, geneva, sans-serif;\">Ja chc\u0119 nie musie\u0107 nic,<\/span><br \/><span style=\"font-family: verdana, geneva, sans-serif;\">bo tylko wtedy<\/span><br \/><span style=\"font-family: verdana, geneva, sans-serif;\">co\u015b potrafi\u0119, co\u015b potrafi\u0119&#8230;<\/span><br \/><span style=\"font-family: verdana, geneva, sans-serif;\">&#8230;kiedy nie musz\u0119 nic &#8211; potrafi\u0119 musie\u0107<\/span><br \/><span style=\"font-family: verdana, geneva, sans-serif;\">\u017cy\u0107 na jawie, \u017cy\u0107 na jawie &#8211;<\/span><br \/><span style=\"font-family: verdana, geneva, sans-serif;\">&#8211; i uczy\u0107 si\u0119 kocha\u0107&#8230;<\/span><\/p>\n<p><span style=\"font-family: verdana, geneva, sans-serif;\">t\u0119 p\u0142acht\u0119 nieba<\/span><br \/><span style=\"font-family: verdana, geneva, sans-serif;\">co zawsze daje to, co trzeba,<\/span><br \/><span style=\"font-family: verdana, geneva, sans-serif;\">przed t\u0119 p\u0142acht\u0119 pod sam kr\u0119gos\u0142up,<\/span><br \/><span style=\"font-family: verdana, geneva, sans-serif;\">prze\u015bwituje sama wiedza;<\/span><br \/><span style=\"font-family: verdana, geneva, sans-serif;\">kiedy zbieram z niej bez waha\u0144 &#8211;<\/span><br \/><span style=\"font-family: verdana, geneva, sans-serif;\">&#8211; zwykle trafiam w to, co czuj\u0119<\/span><br \/><span style=\"font-family: verdana, geneva, sans-serif;\">je\u015bli mniej premedytuj\u0119,<\/span><br \/><span style=\"font-family: verdana, geneva, sans-serif;\">je\u015bli mniej kalkuluj\u0119&#8230; w \u017cyciu.<\/span><\/p>\n<p><span style=\"font-family: verdana, geneva, sans-serif;\">A w przymusie \u017cy\u0107, to by\u0107 skazanym<\/span><br \/><span style=\"font-family: verdana, geneva, sans-serif;\">na marzenia, na marzenia<\/span><br \/><span style=\"font-family: verdana, geneva, sans-serif;\">gdy zmusza\u0107 chc\u0119 kogo\u015b do czego\u015b,<\/span><br \/><span style=\"font-family: verdana, geneva, sans-serif;\">to chyba w\u0142a\u015bnie chc\u0119<\/span><br \/><span style=\"font-family: verdana, geneva, sans-serif;\">przed w\u0142asnym l\u0119kiem uciec,<\/span><br \/><span style=\"font-family: verdana, geneva, sans-serif;\">ale gdzie tu zwiewa\u0107 , gdzie?<\/span><br \/><span style=\"font-family: verdana, geneva, sans-serif;\">No gdzie?<\/span><br \/><span style=\"font-family: verdana, geneva, sans-serif;\">Na tym \u015bwiecie i w tym ciele &#8211;<\/span><br \/><span style=\"font-family: verdana, geneva, sans-serif;\">Gdzie tu zwiewa\u0107, gdzie?!<\/span><br \/><span style=\"font-family: verdana, geneva, sans-serif;\">Na tym \u015bwiecie i w tym ciele&#8230;<\/span><\/p>\n<p><span style=\"font-family: verdana, geneva, sans-serif;\">Rozpostarta p\u0142achta nieba<\/span><br \/><span style=\"font-family: verdana, geneva, sans-serif;\">zawsze daje to, co trzeba;<\/span><br \/><span style=\"font-family: verdana, geneva, sans-serif;\">przed t\u0119 p\u0142acht\u0119, pod sam kr\u0119gos\u0142up,<\/span><br \/><span style=\"font-family: verdana, geneva, sans-serif;\">prze\u015bwituje sama wiedza;<\/span><br \/><span style=\"font-family: verdana, geneva, sans-serif;\">Kiedy zbieram z niej bez waha\u0144 &#8211;<\/span><br \/><span style=\"font-family: verdana, geneva, sans-serif;\">&#8211; zwykle trafiam w to, co czuj\u0119<\/span><br \/><span style=\"font-family: verdana, geneva, sans-serif;\">je\u015bli mniej premedytuj\u0119,<\/span><br \/><span style=\"font-family: verdana, geneva, sans-serif;\">je\u015bli mniej kalkuluj\u0119&#8230; w \u017cyciu!<\/span><\/p>\n<p><span style=\"font-family: verdana, geneva, sans-serif;\">A gdy musz\u0119 kpi\u0107, to chyba znak,<\/span><br \/><span style=\"font-family: verdana, geneva, sans-serif;\">\u017ce na to, z czego kpi\u0119 &#8211;<\/span><br \/><span style=\"font-family: verdana, geneva, sans-serif;\">si\u0142 ju\u017c nie mam, si\u0142 ju\u017c mi brak;<\/span><br \/><span style=\"font-family: verdana, geneva, sans-serif;\">ja chyba musz\u0119, nie musie\u0107 nic &#8211;<\/span><br \/><span style=\"font-family: verdana, geneva, sans-serif;\">&#8211; i wtedy wiem,<\/span><br \/><span style=\"font-family: verdana, geneva, sans-serif;\">co naprawd\u0119 musz\u0119, co naprawd\u0119 musz\u0119,<\/span><br \/><span style=\"font-family: verdana, geneva, sans-serif;\">a czego nie&#8230;<\/span><\/p>\n<p>&nbsp;<\/p>\n<audio class=\"wp-audio-shortcode\" id=\"audio-1415-1\" preload=\"none\" style=\"width: 100%;\" controls=\"controls\"><source type=\"audio\/mpeg\" src=\"http:\/\/magdaumer.pl\/home\/wp-content\/uploads\/2014\/12\/plachtanieba.mp3?_=1\" \/><a href=\"http:\/\/magdaumer.pl\/home\/wp-content\/uploads\/2014\/12\/plachtanieba.mp3\">http:\/\/magdaumer.pl\/home\/wp-content\/uploads\/2014\/12\/plachtanieba.mp3<\/a><\/audio>\n","protected":false},"excerpt":{"rendered":"<p>P\u0142achta nieba(s\u0142. i muz. J. Kleyff) Rozpostarta p\u0142achta niebazawsze daje to, co trzeba;przed t\u0119 p\u0142acht\u0119, pod sam kr\u0119gos\u0142up,prze\u015bwituje sama wiedza;Kiedy zbieram z niej bez waha\u0144 &#8211;&#8211; zwykle trafiam w to, co czuj\u0119je\u015bli mniej premedytuj\u0119,je\u015bli mniej kalkuluj\u0119&#8230; w \u017cyciu! Nie musze tu by\u0107, lecz ciesz\u0119 si\u0119gdy czasem jestem,gdy czasem jestem&#8230;chocia\u017c nie musz\u0119 st\u0105d i\u015b\u0107 (p\u00f3ki co) &hellip; <a href=\"http:\/\/magdaumer.pl\/home\/spiewnik\/plachta-nieba\/\" class=\"more-link\">Czytaj dalej <span class=\"screen-reader-text\">P\u0142achta nieba<\/span> <span class=\"meta-nav\">&rarr;<\/span><\/a><\/p>\n","protected":false},"author":1,"featured_media":0,"parent":29,"menu_order":94,"comment_status":"closed","ping_status":"closed","template":"","meta":{"footnotes":""},"class_list":["post-1415","page","type-page","status-publish","hentry"],"_links":{"self":[{"href":"http:\/\/magdaumer.pl\/home\/wp-json\/wp\/v2\/pages\/1415","targetHints":{"allow":["GET"]}}],"collection":[{"href":"http:\/\/magdaumer.pl\/home\/wp-json\/wp\/v2\/pages"}],"about":[{"href":"http:\/\/magdaumer.pl\/home\/wp-json\/wp\/v2\/types\/page"}],"author":[{"embeddable":true,"href":"http:\/\/magdaumer.pl\/home\/wp-json\/wp\/v2\/users\/1"}],"replies":[{"embeddable":true,"href":"http:\/\/magdaumer.pl\/home\/wp-json\/wp\/v2\/comments?post=1415"}],"version-history":[{"count":7,"href":"http:\/\/magdaumer.pl\/home\/wp-json\/wp\/v2\/pages\/1415\/revisions"}],"predecessor-version":[{"id":2360,"href":"http:\/\/magdaumer.pl\/home\/wp-json\/wp\/v2\/pages\/1415\/revisions\/2360"}],"up":[{"embeddable":true,"href":"http:\/\/magdaumer.pl\/home\/wp-json\/wp\/v2\/pages\/29"}],"wp:attachment":[{"href":"http:\/\/magdaumer.pl\/home\/wp-json\/wp\/v2\/media?parent=1415"}],"curies":[{"name":"wp","href":"https:\/\/api.w.org\/{rel}","templated":true}]}}