{"id":1399,"date":"2016-01-02T13:39:33","date_gmt":"2016-01-02T13:39:33","guid":{"rendered":"http:\/\/magdaumer.pl\/home\/?page_id=1399"},"modified":"2016-02-29T23:01:15","modified_gmt":"2016-02-29T23:01:15","slug":"oczy-tej-malej","status":"publish","type":"page","link":"http:\/\/magdaumer.pl\/home\/spiewnik\/oczy-tej-malej\/","title":{"rendered":"Oczy tej ma\u0142ej"},"content":{"rendered":"<p><b><span style=\"font-family: Arial;\"><span style=\"color: #000080; font-family: verdana, geneva, sans-serif; font-size: 14pt;\">Oczy tej ma\u0142ej<\/span><br \/><span style=\"font-family: verdana, geneva, sans-serif;\"><span style=\"color: #6699ff; font-size: small;\">(s\u0142. A. Osiecka, muz. Z. Konieczny)<\/span><span style=\"color: #3399ff; font-size: small;\"><br \/><\/span><\/span><br \/><\/span><\/b><span style=\"font-family: Arial;\"><span style=\"color: #666666;\"><br \/><span style=\"font-family: verdana, geneva, sans-serif; color: #333333;\">Pos\u0142uchaj Pan Panie podr\u00f3\u017cny co si\u0119 zdarzy\u0142o na Pr\u00f3\u017cnej<\/span><br \/><span style=\"font-family: verdana, geneva, sans-serif; color: #333333;\">\u017by\u0142a tam Jagna dobra i czysta i chodzi\u0142 do niej Jan Kancelista<\/span><br \/><span style=\"font-family: verdana, geneva, sans-serif; color: #333333;\">Akurat to by\u0142a niedziela kr\u0119ci\u0142a si\u0119 karuzela<\/span><br \/><span style=\"font-family: verdana, geneva, sans-serif; color: #333333;\">Zabra\u0142 tam Jagn\u0119 kochanek czu\u0142y i ca\u0142kiem zm\u0105ci\u0142 jej mi\u0142y umys\u0142<\/span><\/p>\n<p><span style=\"font-family: verdana, geneva, sans-serif; color: #333333;\">Oczy tej ma\u0142ej jak dwa b\u0142\u0119kity<\/span><br \/><span style=\"font-family: verdana, geneva, sans-serif; color: #333333;\">My\u015bli tej ma\u0142ej bia\u0142e zeszyty<\/span><br \/><span style=\"font-family: verdana, geneva, sans-serif; color: #333333;\">A On by\u0142 dla niej jak m\u0142ody B\u00f3g<\/span><br \/><span style=\"font-family: verdana, geneva, sans-serif; color: #333333;\">\u017beby\u017c on jeszcze kocha\u0107 m\u00f3g\u0142<\/span><\/p>\n<p><span style=\"font-family: verdana, geneva, sans-serif; color: #333333;\">A lato jak bywa w Warszawie m\u0142odym s\u0142u\u017cy\u0142o \u0142askawie<\/span><br \/><span style=\"font-family: verdana, geneva, sans-serif; color: #333333;\">On j\u0105 zabiera\u0142 nieraz na \u0142\u00f3dki a ona jego leczy\u0142a smutki<\/span><br \/><span style=\"font-family: verdana, geneva, sans-serif; color: #333333;\">Pos\u0142uchaj Pan Panie w\u0119drowny nasta\u0142 ten dzie\u0144 niewymowny<\/span><br \/><span style=\"font-family: verdana, geneva, sans-serif; color: #333333;\">Odszed\u0142 bez s\u0142owa kochanek pod\u0142y, na nic si\u0119 zda\u0142y p\u0142acz jej i mod\u0142y<\/span><\/p>\n<p><span style=\"font-family: verdana, geneva, sans-serif; color: #333333;\">Oczy tej ma\u0142ej jak dwa b\u0142\u0119kity<\/span><br \/><span style=\"font-family: verdana, geneva, sans-serif; color: #333333;\">My\u015bli tej ma\u0142ej bia\u0142e zeszyty<\/span><br \/><span style=\"font-family: verdana, geneva, sans-serif; color: #333333;\">A On by\u0142 dla niej jak m\u0142ody B\u00f3g<\/span><br \/><span style=\"font-family: verdana, geneva, sans-serif; color: #333333;\">\u017beby\u017c on jeszcze kocha\u0107 m\u00f3g\u0142<\/span><\/p>\n<p><span style=\"font-family: verdana, geneva, sans-serif; color: #333333;\">Poci\u0105gi odchodz\u0105 i statki, ona nie wr\u00f3ci do matki<\/span><br \/><span style=\"font-family: verdana, geneva, sans-serif; color: #333333;\">Kto by uwierzy\u0142 w ca\u0142ym Makowie, \u017ce dla niej \u015bwiatem by\u0142 jeden cz\u0142owiek<\/span><br \/><span style=\"font-family: verdana, geneva, sans-serif; color: #333333;\">Przez niego wi\u0119c siebie zabi\u0142a ta co z mi\u0142o\u015bci ta\u0144czy\u0142a<\/span><br \/><span style=\"font-family: verdana, geneva, sans-serif; color: #333333;\">B\u00f3g jej wybaczy\u0142 czyny sercowe i lody poda\u0142 jej malinowe<\/span><\/p>\n<p><span style=\"font-family: verdana, geneva, sans-serif; color: #333333;\">Oczy tej ma\u0142ej jak dwa b\u0142\u0119kity<\/span><br \/><span style=\"font-family: verdana, geneva, sans-serif; color: #333333;\">My\u015bli tej ma\u0142ej bia\u0142e zeszyty<\/span><br \/><span style=\"font-family: verdana, geneva, sans-serif; color: #333333;\">A On by\u0142 dla niej jak m\u0142ody B\u00f3g<\/span><br \/><span style=\"font-family: verdana, geneva, sans-serif; color: #333333;\">\u017beby\u017c on jeszcze kocha\u0107 m\u00f3g\u0142<\/span><\/p>\n<p><span style=\"font-family: verdana, geneva, sans-serif; color: #333333;\">Pos\u0142uchaj niewierny kochanku, co nienawidzisz porank\u00f3w<\/span><br \/><span style=\"font-family: verdana, geneva, sans-serif; color: #333333;\">Wr\u00f3ci do ciebie jeszcze ta trumna gdzie le\u017cy twoja kochanka dumna<\/span><br \/><span style=\"font-family: verdana, geneva, sans-serif; color: #333333;\">Bo taki co kocha\u0107 nie umie przegra cho\u0107 wszystko rozumie<\/span><br \/><span style=\"font-family: verdana, geneva, sans-serif; color: #333333;\">B\u00f3g ci\u0119 pokarze sw\u0105 nieczu\u0142o\u015bci\u0105 za to \u017ce\u015b gardzi\u0142 ludzk\u0105 mi\u0142o\u015bci\u0105<\/span><\/p>\n<p><span style=\"font-family: verdana, geneva, sans-serif; color: #333333;\">Oczy tej ma\u0142ej jak dwa b\u0142\u0119kity<\/span><br \/><span style=\"font-family: verdana, geneva, sans-serif; color: #333333;\">My\u015bli tej ma\u0142ej bia\u0142e zeszyty<\/span><br \/><span style=\"font-family: verdana, geneva, sans-serif; color: #333333;\">A ty\u015b by\u0142 dla niej wi\u0119cej ni\u017c B\u00f3g<\/span><br \/><span style=\"font-family: verdana, geneva, sans-serif; color: #333333;\">Pok\u0142o\u0144 si\u0119 do jej martwych n\u00f3g<\/span><br \/><\/span><\/span><\/p>\n<p>&nbsp;<\/p>\n<audio class=\"wp-audio-shortcode\" id=\"audio-1399-1\" preload=\"none\" style=\"width: 100%;\" controls=\"controls\"><source type=\"audio\/mpeg\" src=\"http:\/\/magdaumer.pl\/home\/wp-content\/uploads\/2014\/12\/oczytejmalej.mp3?_=1\" \/><a href=\"http:\/\/magdaumer.pl\/home\/wp-content\/uploads\/2014\/12\/oczytejmalej.mp3\">http:\/\/magdaumer.pl\/home\/wp-content\/uploads\/2014\/12\/oczytejmalej.mp3<\/a><\/audio>\n","protected":false},"excerpt":{"rendered":"<p>Oczy tej ma\u0142ej(s\u0142. A. Osiecka, muz. Z. Konieczny)Pos\u0142uchaj Pan Panie podr\u00f3\u017cny co si\u0119 zdarzy\u0142o na Pr\u00f3\u017cnej\u017by\u0142a tam Jagna dobra i czysta i chodzi\u0142 do niej Jan KancelistaAkurat to by\u0142a niedziela kr\u0119ci\u0142a si\u0119 karuzelaZabra\u0142 tam Jagn\u0119 kochanek czu\u0142y i ca\u0142kiem zm\u0105ci\u0142 jej mi\u0142y umys\u0142 Oczy tej ma\u0142ej jak dwa b\u0142\u0119kityMy\u015bli tej ma\u0142ej bia\u0142e zeszytyA On by\u0142 &hellip; <a href=\"http:\/\/magdaumer.pl\/home\/spiewnik\/oczy-tej-malej\/\" class=\"more-link\">Czytaj dalej <span class=\"screen-reader-text\">Oczy tej ma\u0142ej<\/span> <span class=\"meta-nav\">&rarr;<\/span><\/a><\/p>\n","protected":false},"author":1,"featured_media":0,"parent":29,"menu_order":86,"comment_status":"closed","ping_status":"closed","template":"","meta":{"footnotes":""},"class_list":["post-1399","page","type-page","status-publish","hentry"],"_links":{"self":[{"href":"http:\/\/magdaumer.pl\/home\/wp-json\/wp\/v2\/pages\/1399","targetHints":{"allow":["GET"]}}],"collection":[{"href":"http:\/\/magdaumer.pl\/home\/wp-json\/wp\/v2\/pages"}],"about":[{"href":"http:\/\/magdaumer.pl\/home\/wp-json\/wp\/v2\/types\/page"}],"author":[{"embeddable":true,"href":"http:\/\/magdaumer.pl\/home\/wp-json\/wp\/v2\/users\/1"}],"replies":[{"embeddable":true,"href":"http:\/\/magdaumer.pl\/home\/wp-json\/wp\/v2\/comments?post=1399"}],"version-history":[{"count":3,"href":"http:\/\/magdaumer.pl\/home\/wp-json\/wp\/v2\/pages\/1399\/revisions"}],"predecessor-version":[{"id":2114,"href":"http:\/\/magdaumer.pl\/home\/wp-json\/wp\/v2\/pages\/1399\/revisions\/2114"}],"up":[{"embeddable":true,"href":"http:\/\/magdaumer.pl\/home\/wp-json\/wp\/v2\/pages\/29"}],"wp:attachment":[{"href":"http:\/\/magdaumer.pl\/home\/wp-json\/wp\/v2\/media?parent=1399"}],"curies":[{"name":"wp","href":"https:\/\/api.w.org\/{rel}","templated":true}]}}