{"id":1389,"date":"2016-01-02T13:37:33","date_gmt":"2016-01-02T13:37:33","guid":{"rendered":"http:\/\/magdaumer.pl\/home\/?page_id=1389"},"modified":"2016-03-02T20:00:29","modified_gmt":"2016-03-02T20:00:29","slug":"o-starych-pannach-lagodnie","status":"publish","type":"page","link":"http:\/\/magdaumer.pl\/home\/spiewnik\/o-starych-pannach-lagodnie\/","title":{"rendered":"O starych pannach \u0142agodnie"},"content":{"rendered":"<p><b><span style=\"font-family: Arial;\"><span style=\"color: #000080; font-family: verdana, geneva, sans-serif; font-size: 14pt;\">O starych panna \u0142agodnie<\/span><br \/><span style=\"font-family: verdana, geneva, sans-serif;\"><span style=\"color: #6699ff; font-size: small;\">(s\u0142. K. Zaj\u0105czkowska-Poikoleinen, muz. K. Knittel)<\/span><span style=\"color: #3399ff; font-size: small;\"><br \/><\/span><\/span><br \/><\/span><\/b><span style=\"font-family: Arial;\"><span style=\"color: #666666;\"><br \/><span style=\"font-family: verdana, geneva, sans-serif; color: #333333;\">Fioletowe bywa niebo nad grzbietami dom\u00f3w<\/span><br \/><span style=\"font-family: verdana, geneva, sans-serif; color: #333333;\">Gdzie w balkonach koronkowych na tle okien szczeroz\u0142otych<\/span><br \/><span style=\"font-family: verdana, geneva, sans-serif; color: #333333;\">P\u00f3\u017ane panny karmi\u0105 kwiaty z blaszanych czajnik\u00f3w<\/span><br \/><span style=\"font-family: verdana, geneva, sans-serif; color: #333333;\">Zaklinaj\u0105 na fiolet niebieski <\/span><br \/><span style=\"font-family: verdana, geneva, sans-serif; color: #333333;\">Wielk\u0105 mi\u0142o\u015b\u0107, by przysz\u0142a nareszcie<\/span><br \/><span style=\"font-family: verdana, geneva, sans-serif; color: #333333;\">Mi\u0142o\u015b\u0107 wielk\u0105, by przysz\u0142a nareszcie<\/span><br \/><span style=\"font-family: verdana, geneva, sans-serif; color: #333333;\">Zaklinaj\u0105 na fiolet niebieski<\/span><br \/><span style=\"font-family: verdana, geneva, sans-serif; color: #333333;\">Zaklinaj\u0105 na fiolet\u2026<\/span><\/span><\/span><\/p>\n<p><span style=\"font-family: verdana, geneva, sans-serif; color: #333333;\">Granatowe bywa niebo nad grzbietami dom\u00f3w<\/span><br \/><span style=\"font-family: verdana, geneva, sans-serif; color: #333333;\">Za oknami gdzie zazdrostki smutnie strzeg\u0105 sn\u00f3w mi\u0142osnych<\/span><br \/><span style=\"font-family: verdana, geneva, sans-serif; color: #333333;\">P\u00f3\u017ane panny pod jedwabiem marz\u0105 po kryjomu<\/span><br \/><span style=\"font-family: verdana, geneva, sans-serif; color: #333333;\">Zaklinaj\u0105 na granat niebieski<\/span><br \/><span style=\"font-family: verdana, geneva, sans-serif; color: #333333;\">Wielk\u0105 mi\u0142o\u015b\u0107, by przysz\u0142a nareszcie<\/span><br \/><span style=\"font-family: verdana, geneva, sans-serif; color: #333333;\">Mi\u0142o\u015b\u0107 wielk\u0105, by przysz\u0142a nareszcie<\/span><br \/><span style=\"font-family: verdana, geneva, sans-serif; color: #333333;\">Zaklinaj\u0105 na granat niebieski<\/span><br \/><span style=\"font-family: verdana, geneva, sans-serif; color: #333333;\">Zaklinaj\u0105 na granat\u2026 <\/span><\/p>\n<p><span style=\"font-family: verdana, geneva, sans-serif; color: #333333;\">I czerwone bywa niebo nad grzbietami dom\u00f3w<\/span><br \/><span style=\"font-family: verdana, geneva, sans-serif; color: #333333;\">Palce g\u0142aszcz\u0105 pelargonie, ciep\u0142ych p\u0142atk\u00f3w pe\u0142ne d\u0142onie<\/span><br \/><span style=\"font-family: verdana, geneva, sans-serif; color: #333333;\">P\u00f3\u017ane panny na dobranoc kwiatom zostawione<\/span><br \/><span style=\"font-family: verdana, geneva, sans-serif; color: #333333;\">Zaklinaj\u0105 na czerwie\u0144 niebiesk\u0105<\/span><br \/><span style=\"font-family: verdana, geneva, sans-serif; color: #333333;\">Wielkie szcz\u0119\u015bcie, by wreszcie nadesz\u0142o<\/span><br \/><span style=\"font-family: verdana, geneva, sans-serif; color: #333333;\">Byle szcz\u0119\u015bcie, by wreszcie nadesz\u0142o<\/span><br \/><span style=\"font-family: verdana, geneva, sans-serif; color: #333333;\">Zaklinaj\u0105 na czerwie\u0144 niebiesk\u0105\u2026<\/span><br \/><span style=\"font-family: verdana, geneva, sans-serif; color: #333333;\">Zaklinaj\u0105 na czerwie\u0144\u2026<\/span><\/p>\n<p>&nbsp;<\/p>\n<audio class=\"wp-audio-shortcode\" id=\"audio-1389-1\" preload=\"none\" style=\"width: 100%;\" controls=\"controls\"><source type=\"audio\/mpeg\" src=\"http:\/\/magdaumer.pl\/home\/wp-content\/uploads\/2014\/12\/ostarychpannachlagodnie.mp3?_=1\" \/><a href=\"http:\/\/magdaumer.pl\/home\/wp-content\/uploads\/2014\/12\/ostarychpannachlagodnie.mp3\">http:\/\/magdaumer.pl\/home\/wp-content\/uploads\/2014\/12\/ostarychpannachlagodnie.mp3<\/a><\/audio>\n","protected":false},"excerpt":{"rendered":"<p>O starych panna \u0142agodnie(s\u0142. K. Zaj\u0105czkowska-Poikoleinen, muz. K. Knittel)Fioletowe bywa niebo nad grzbietami dom\u00f3wGdzie w balkonach koronkowych na tle okien szczeroz\u0142otychP\u00f3\u017ane panny karmi\u0105 kwiaty z blaszanych czajnik\u00f3wZaklinaj\u0105 na fiolet niebieski Wielk\u0105 mi\u0142o\u015b\u0107, by przysz\u0142a nareszcieMi\u0142o\u015b\u0107 wielk\u0105, by przysz\u0142a nareszcieZaklinaj\u0105 na fiolet niebieskiZaklinaj\u0105 na fiolet\u2026 Granatowe bywa niebo nad grzbietami dom\u00f3wZa oknami gdzie zazdrostki smutnie strzeg\u0105 &hellip; <a href=\"http:\/\/magdaumer.pl\/home\/spiewnik\/o-starych-pannach-lagodnie\/\" class=\"more-link\">Czytaj dalej <span class=\"screen-reader-text\">O starych pannach \u0142agodnie<\/span> <span class=\"meta-nav\">&rarr;<\/span><\/a><\/p>\n","protected":false},"author":1,"featured_media":0,"parent":29,"menu_order":81,"comment_status":"closed","ping_status":"closed","template":"","meta":{"footnotes":""},"class_list":["post-1389","page","type-page","status-publish","hentry"],"_links":{"self":[{"href":"http:\/\/magdaumer.pl\/home\/wp-json\/wp\/v2\/pages\/1389","targetHints":{"allow":["GET"]}}],"collection":[{"href":"http:\/\/magdaumer.pl\/home\/wp-json\/wp\/v2\/pages"}],"about":[{"href":"http:\/\/magdaumer.pl\/home\/wp-json\/wp\/v2\/types\/page"}],"author":[{"embeddable":true,"href":"http:\/\/magdaumer.pl\/home\/wp-json\/wp\/v2\/users\/1"}],"replies":[{"embeddable":true,"href":"http:\/\/magdaumer.pl\/home\/wp-json\/wp\/v2\/comments?post=1389"}],"version-history":[{"count":4,"href":"http:\/\/magdaumer.pl\/home\/wp-json\/wp\/v2\/pages\/1389\/revisions"}],"predecessor-version":[{"id":2354,"href":"http:\/\/magdaumer.pl\/home\/wp-json\/wp\/v2\/pages\/1389\/revisions\/2354"}],"up":[{"embeddable":true,"href":"http:\/\/magdaumer.pl\/home\/wp-json\/wp\/v2\/pages\/29"}],"wp:attachment":[{"href":"http:\/\/magdaumer.pl\/home\/wp-json\/wp\/v2\/media?parent=1389"}],"curies":[{"name":"wp","href":"https:\/\/api.w.org\/{rel}","templated":true}]}}