{"id":1372,"date":"2016-01-02T12:44:04","date_gmt":"2016-01-02T12:44:04","guid":{"rendered":"http:\/\/magdaumer.pl\/home\/?page_id=1372"},"modified":"2016-03-02T19:41:33","modified_gmt":"2016-03-02T19:41:33","slug":"nie-wejdziemy-juz-w-ogrody","status":"publish","type":"page","link":"http:\/\/magdaumer.pl\/home\/spiewnik\/nie-wejdziemy-juz-w-ogrody\/","title":{"rendered":"Nie wejdziemy ju\u017c w ogrody"},"content":{"rendered":"<p><span style=\"font-family: verdana, geneva, sans-serif;\"><b><span style=\"color: #000080; font-size: 14pt;\">Nie wejdziemy ju\u017c w ogrody<\/span><br \/> <span style=\"color: #6699ff; font-size: small;\">(s\u0142. I. Iredy\u0144ski, muz. A. Piechowski)<\/span><\/b><\/span><\/p>\n<p><span style=\"font-family: verdana, geneva, sans-serif;\"><br \/>Nie wejdziemy ju\u017c w ogrody<\/span><br \/><span style=\"color: #333333; font-family: verdana, geneva, sans-serif; line-height: 1.5;\">ze s\u0142\u00f3w naszych utworzone<br \/><\/span><span style=\"color: #333333; font-family: verdana, geneva, sans-serif; line-height: 1.5;\">Bo przez wartkie gniewu wody<br \/><\/span><span style=\"color: #333333; font-family: verdana, geneva, sans-serif; line-height: 1.5;\">ju\u017c ogrody rozw\u0142\u00f3czone<br \/><\/span><span style=\"color: #333333; font-family: verdana, geneva, sans-serif; line-height: 1.5;\">Nie wejdziemy ju\u017c w ogrody<br \/><\/span><span style=\"color: #333333; font-family: verdana, geneva, sans-serif; line-height: 1.5;\">kt\u00f3re tkliwo\u015b\u0107 budowa\u0142a<br \/><\/span><span style=\"color: #333333; font-family: verdana, geneva, sans-serif; line-height: 1.5;\">Ju\u017c w nich nie ma mieszka\u0107 komu<br \/><\/span><span style=\"color: #333333; font-family: verdana, geneva, sans-serif; line-height: 1.5;\">tkliwo\u015b\u0107 nam si\u0119 rozsypa\u0142a<\/span><\/p>\n<p><span style=\"font-family: verdana, geneva, sans-serif; color: #333333;\">Patrz\u0119 na ogie\u0144, dwa p\u0142omienie<\/span><br \/><span style=\"font-family: verdana, geneva, sans-serif; color: #333333;\"> Rozb\u0142yski, sploty, przytulenie<\/span><br \/><span style=\"font-family: verdana, geneva, sans-serif; color: #333333;\"> Patrz\u0119 na ogie\u0144, dwa p\u0142omienie<\/span><br \/><span style=\"font-family: verdana, geneva, sans-serif; color: #333333;\"> Rozb\u0142yski, sploty, zapomnienie<\/span><\/p>\n<p><span style=\"font-family: verdana, geneva, sans-serif; color: #333333;\">Nie wejdziemy ju\u017c na drog\u0119<\/span><br \/><span style=\"font-family: verdana, geneva, sans-serif; color: #333333;\"> kt\u00f3ra z marze\u0144 si\u0119 uwi\u0142a<\/span><br \/><span style=\"font-family: verdana, geneva, sans-serif; color: #333333;\"> Ju\u017c j\u0105 wi\u0119cej i\u015b\u0107 nie mog\u0119<\/span><br \/><span style=\"font-family: verdana, geneva, sans-serif; color: #333333;\"> droga nam si\u0119 rozwidli\u0142a<\/span><br \/><span style=\"font-family: verdana, geneva, sans-serif; color: #333333;\"> Nie wejdziemy ju\u017c w noc ciemn\u0105<\/span><br \/><span style=\"font-family: verdana, geneva, sans-serif; color: #333333;\"> ani w \u015bwiat\u0142a ranka bujne<\/span><br \/><span style=\"font-family: verdana, geneva, sans-serif; color: #333333;\"> Ty nie p\u00f3jdziesz wi\u0119cej ze mn\u0105<\/span><br \/><span style=\"font-family: verdana, geneva, sans-serif; color: #333333;\"> ani z tob\u0105 ja nie p\u00f3jd\u0119<\/span><\/p>\n<p><span style=\"font-family: verdana, geneva, sans-serif; color: #333333;\">Patrz\u0119 na ogie\u0144, dwa p\u0142omienie<\/span><br \/><span style=\"font-family: verdana, geneva, sans-serif; color: #333333;\"> Rozb\u0142yski, sploty, przytulenie<\/span><br \/><span style=\"font-family: verdana, geneva, sans-serif; color: #333333;\"> Patrz\u0119 na ogie\u0144, dwa p\u0142omienie<\/span><br \/><span style=\"font-family: verdana, geneva, sans-serif; color: #333333;\"> Rozb\u0142yski, sploty, zapomnienie<\/span><\/p>\n<p>&nbsp;<\/p>\n<audio class=\"wp-audio-shortcode\" id=\"audio-1372-1\" preload=\"none\" style=\"width: 100%;\" controls=\"controls\"><source type=\"audio\/mpeg\" src=\"http:\/\/magdaumer.pl\/home\/wp-content\/uploads\/2014\/12\/niewejdziemyjuzwogrody.mp3?_=1\" \/><a href=\"http:\/\/magdaumer.pl\/home\/wp-content\/uploads\/2014\/12\/niewejdziemyjuzwogrody.mp3\">http:\/\/magdaumer.pl\/home\/wp-content\/uploads\/2014\/12\/niewejdziemyjuzwogrody.mp3<\/a><\/audio>\n","protected":false},"excerpt":{"rendered":"<p>Nie wejdziemy ju\u017c w ogrody (s\u0142. I. Iredy\u0144ski, muz. A. Piechowski) Nie wejdziemy ju\u017c w ogrodyze s\u0142\u00f3w naszych utworzoneBo przez wartkie gniewu wodyju\u017c ogrody rozw\u0142\u00f3czoneNie wejdziemy ju\u017c w ogrodykt\u00f3re tkliwo\u015b\u0107 budowa\u0142aJu\u017c w nich nie ma mieszka\u0107 komutkliwo\u015b\u0107 nam si\u0119 rozsypa\u0142a Patrz\u0119 na ogie\u0144, dwa p\u0142omienie Rozb\u0142yski, sploty, przytulenie Patrz\u0119 na ogie\u0144, dwa p\u0142omienie Rozb\u0142yski, sploty, &hellip; <a href=\"http:\/\/magdaumer.pl\/home\/spiewnik\/nie-wejdziemy-juz-w-ogrody\/\" class=\"more-link\">Czytaj dalej <span class=\"screen-reader-text\">Nie wejdziemy ju\u017c w ogrody<\/span> <span class=\"meta-nav\">&rarr;<\/span><\/a><\/p>\n","protected":false},"author":1,"featured_media":0,"parent":29,"menu_order":75,"comment_status":"closed","ping_status":"closed","template":"","meta":{"footnotes":""},"class_list":["post-1372","page","type-page","status-publish","hentry"],"_links":{"self":[{"href":"http:\/\/magdaumer.pl\/home\/wp-json\/wp\/v2\/pages\/1372","targetHints":{"allow":["GET"]}}],"collection":[{"href":"http:\/\/magdaumer.pl\/home\/wp-json\/wp\/v2\/pages"}],"about":[{"href":"http:\/\/magdaumer.pl\/home\/wp-json\/wp\/v2\/types\/page"}],"author":[{"embeddable":true,"href":"http:\/\/magdaumer.pl\/home\/wp-json\/wp\/v2\/users\/1"}],"replies":[{"embeddable":true,"href":"http:\/\/magdaumer.pl\/home\/wp-json\/wp\/v2\/comments?post=1372"}],"version-history":[{"count":5,"href":"http:\/\/magdaumer.pl\/home\/wp-json\/wp\/v2\/pages\/1372\/revisions"}],"predecessor-version":[{"id":2348,"href":"http:\/\/magdaumer.pl\/home\/wp-json\/wp\/v2\/pages\/1372\/revisions\/2348"}],"up":[{"embeddable":true,"href":"http:\/\/magdaumer.pl\/home\/wp-json\/wp\/v2\/pages\/29"}],"wp:attachment":[{"href":"http:\/\/magdaumer.pl\/home\/wp-json\/wp\/v2\/media?parent=1372"}],"curies":[{"name":"wp","href":"https:\/\/api.w.org\/{rel}","templated":true}]}}