{"id":1367,"date":"2016-01-02T12:27:38","date_gmt":"2016-01-02T12:27:38","guid":{"rendered":"http:\/\/magdaumer.pl\/home\/?page_id=1367"},"modified":"2016-03-02T19:38:07","modified_gmt":"2016-03-02T19:38:07","slug":"1367-2","status":"publish","type":"page","link":"http:\/\/magdaumer.pl\/home\/spiewnik\/1367-2\/","title":{"rendered":"Nie oczekuj\u0119 dzi\u015b nikogo"},"content":{"rendered":"<p><span style=\"font-family: verdana, geneva, sans-serif;\"><b><span style=\"font-size: 14pt;\"><span style=\"color: #000080;\">N<\/span><span style=\"color: #000080;\">ie oczekuj\u0119 dzi\u015b nikogo<\/span><\/span><br \/> <span style=\"color: #6699ff; font-size: small;\">(s\u0142. Z. Zapert, Z. Kaszkur, muz. W. Lutos\u0142awski)<\/span><\/b><\/span><\/p>\n<p><span style=\"font-family: verdana, geneva, sans-serif;\"><br \/>W rozgwarze kawiarnianym,<\/span><br \/><span style=\"color: #333333; font-family: verdana, geneva, sans-serif; line-height: 1.5;\">w przy\u0107mionym \u015bwietle lamp,<br \/><\/span><span style=\"color: #333333; font-family: verdana, geneva, sans-serif; line-height: 1.5;\">zn\u00f3w siedz\u0119 zas\u0142uchana<br \/><\/span><span style=\"color: #333333; font-family: verdana, geneva, sans-serif; line-height: 1.5;\">w melodie blisk\u0105 nam.<br \/><\/span><span style=\"color: #333333; font-family: verdana, geneva, sans-serif; line-height: 1.5;\">Codziennie zmierzchu pora<br \/><\/span><span style=\"color: #333333; font-family: verdana, geneva, sans-serif; line-height: 1.5;\">tu do mnie wiod\u0142a Ci\u0119,<br \/><\/span><span style=\"color: #333333; font-family: verdana, geneva, sans-serif; line-height: 1.5;\">i by\u0142o tak do wczoraj &#8211;<br \/><\/span><span style=\"color: #333333; font-family: verdana, geneva, sans-serif; line-height: 1.5;\">a dzi\u015b wiem, \u017ce&#8230;<\/span><\/p>\n<p><span style=\"font-family: verdana, geneva, sans-serif; color: #333333;\">Nie oczekuj\u0119 dzi\u015b nikogo,<\/span><br \/><span style=\"font-family: verdana, geneva, sans-serif; color: #333333;\"> &#8222;Dzie\u0144 dobry&#8221; ju\u017c nie powiesz mi.<\/span><br \/><span style=\"font-family: verdana, geneva, sans-serif; color: #333333;\"> Jednak powstrzyma\u0107 si\u0119 nie mog\u0119,<\/span><br \/><span style=\"font-family: verdana, geneva, sans-serif; color: #333333;\"> by nie spoglada\u0107 w stron\u0119 drzwi.<\/span><br \/><span style=\"font-family: verdana, geneva, sans-serif; color: #333333;\"> I ka\u017cdy przykrym jest natr\u0119tem,<\/span><br \/><span style=\"font-family: verdana, geneva, sans-serif; color: #333333;\"> kto chce twe miejsce zaj\u0105\u0107 dzi\u015b,<\/span><br \/><span style=\"font-family: verdana, geneva, sans-serif; color: #333333;\"> ka\u017cdemu m\u00f3wi\u0119, \u017ce zaj\u0119te,<\/span><br \/><span style=\"font-family: verdana, geneva, sans-serif; color: #333333;\"> jakby\u015b za chwil\u0119 mia\u0142 tu przyj\u015b\u0107.<\/span><\/p>\n<p><span style=\"font-family: verdana, geneva, sans-serif; color: #333333;\">Ja dobrze wiem, \u017ce d\u0142onie me<\/span><br \/><span style=\"font-family: verdana, geneva, sans-serif; color: #333333;\"> ju\u017c nie czuj\u0105 r\u0105k twych dr\u017cenia,<\/span><br \/><span style=\"font-family: verdana, geneva, sans-serif; color: #333333;\"> lecz ka\u017cdy zmierzch tu znajdzie mnie,<\/span><br \/><span style=\"font-family: verdana, geneva, sans-serif; color: #333333;\"> tu wyra\u017aniejsze s\u0105 wspomnienia.<\/span><\/p>\n<p><span style=\"font-family: verdana, geneva, sans-serif; color: #333333;\">Nie oczekuj\u0119 dzi\u015b nikogo<\/span><br \/><span style=\"font-family: verdana, geneva, sans-serif; color: #333333;\"> i nic nie zmieni\u0105 przysz\u0142e dni,<\/span><br \/><span style=\"font-family: verdana, geneva, sans-serif; color: #333333;\"> lecz nie przychodzi\u0107 tu nie mog\u0119,<\/span><br \/><span style=\"font-family: verdana, geneva, sans-serif; color: #333333;\"> gdzie wszystko Ci\u0119 przybli\u017ca mi.<\/span><\/p>\n<p><span style=\"font-family: verdana, geneva, sans-serif; color: #333333;\">W pami\u0119ci wci\u0105\u017c odtwarzam<\/span><br \/><span style=\"font-family: verdana, geneva, sans-serif; color: #333333;\"> tw\u00f3j ka\u017cdy czu\u0142y gest.<\/span><br \/><span style=\"font-family: verdana, geneva, sans-serif; color: #333333;\"> Przez mg\u0142\u0119 widziane twarze<\/span><br \/><span style=\"font-family: verdana, geneva, sans-serif; color: #333333;\"> powoli nikn\u0105 gdzie\u015b,<\/span><br \/><span style=\"font-family: verdana, geneva, sans-serif; color: #333333;\"> lecz d\u017awi\u0119ki fortepianu<\/span><br \/><span style=\"font-family: verdana, geneva, sans-serif; color: #333333;\"> z ob\u0142ok\u00f3w znosz\u0105 mnie,<\/span><br \/><span style=\"font-family: verdana, geneva, sans-serif; color: #333333;\"> i obraz przywo\u0142any<\/span><br \/><span style=\"font-family: verdana, geneva, sans-serif; color: #333333;\"> rozp\u0142ywa si\u0119&#8230;<\/span><\/p>\n<p><span style=\"font-family: verdana, geneva, sans-serif; color: #333333;\">Nie oczekuj\u0119 dzi\u015b nikogo,<\/span><br \/><span style=\"font-family: verdana, geneva, sans-serif; color: #333333;\"> &#8222;Dzie\u0144 dobry&#8221; ju\u017c nie powiesz mi.<\/span><br \/><span style=\"font-family: verdana, geneva, sans-serif; color: #333333;\"> Jednak powstrzyma\u0107 si\u0119 nie mog\u0119,<\/span><br \/><span style=\"font-family: verdana, geneva, sans-serif; color: #333333;\"> by nie spoglada\u0107 w stron\u0119 drzwi.<\/span><br \/><span style=\"font-family: verdana, geneva, sans-serif; color: #333333;\"> I ka\u017cdy przykrym jest natr\u0119tem,<\/span><br \/><span style=\"font-family: verdana, geneva, sans-serif; color: #333333;\"> kto chce twe miejsce zaj\u0105\u0107 dzi\u015b,<\/span><br \/><span style=\"font-family: verdana, geneva, sans-serif; color: #333333;\"> ka\u017cdemu m\u00f3wi\u0119, \u017ce zaj\u0119te,<\/span><br \/><span style=\"font-family: verdana, geneva, sans-serif; color: #333333;\"> jakby\u015b za chwil\u0119 mia\u0142 tu przyj\u015b\u0107.<\/span><\/p>\n<p><span style=\"font-family: verdana, geneva, sans-serif; color: #333333;\">Ja dobrze wiem, \u017ce d\u0142onie me<\/span><br \/><span style=\"font-family: verdana, geneva, sans-serif; color: #333333;\"> ju\u017c nie czuj\u0105 r\u0105k twych dr\u017cenia,<\/span><br \/><span style=\"font-family: verdana, geneva, sans-serif; color: #333333;\"> lecz ka\u017cdy zmierzch tu znajdzie mnie,<\/span><br \/><span style=\"font-family: verdana, geneva, sans-serif; color: #333333;\"> tu wyra\u017aniejsze s\u0105 wspomnienia.<\/span><\/p>\n<p><span style=\"font-family: verdana, geneva, sans-serif; color: #333333;\">Nie oczekuj\u0119 dzi\u015b nikogo<\/span><br \/><span style=\"font-family: verdana, geneva, sans-serif; color: #333333;\"> i nic nie zmieni\u0105 przysz\u0142e dni,<\/span><br \/><span style=\"font-family: verdana, geneva, sans-serif; color: #333333;\"> lecz nie przychodzi\u0107 tu nie mog\u0119,<\/span><br \/><span style=\"font-family: verdana, geneva, sans-serif; color: #333333;\"> gdzie wszystko Ci\u0119 przybli\u017ca mi.<\/span><\/p>\n<p>&nbsp;<\/p>\n<audio class=\"wp-audio-shortcode\" id=\"audio-1367-1\" preload=\"none\" style=\"width: 100%;\" controls=\"controls\"><source type=\"audio\/mpeg\" src=\"http:\/\/magdaumer.pl\/home\/wp-content\/uploads\/2014\/12\/nieoczekujedzisnikogo.mp3?_=1\" \/><a href=\"http:\/\/magdaumer.pl\/home\/wp-content\/uploads\/2014\/12\/nieoczekujedzisnikogo.mp3\">http:\/\/magdaumer.pl\/home\/wp-content\/uploads\/2014\/12\/nieoczekujedzisnikogo.mp3<\/a><\/audio>\n","protected":false},"excerpt":{"rendered":"<p>Nie oczekuj\u0119 dzi\u015b nikogo (s\u0142. Z. Zapert, Z. Kaszkur, muz. W. Lutos\u0142awski) W rozgwarze kawiarnianym,w przy\u0107mionym \u015bwietle lamp,zn\u00f3w siedz\u0119 zas\u0142uchanaw melodie blisk\u0105 nam.Codziennie zmierzchu poratu do mnie wiod\u0142a Ci\u0119,i by\u0142o tak do wczoraj &#8211;a dzi\u015b wiem, \u017ce&#8230; Nie oczekuj\u0119 dzi\u015b nikogo, &#8222;Dzie\u0144 dobry&#8221; ju\u017c nie powiesz mi. Jednak powstrzyma\u0107 si\u0119 nie mog\u0119, by nie spoglada\u0107 &hellip; <a href=\"http:\/\/magdaumer.pl\/home\/spiewnik\/1367-2\/\" class=\"more-link\">Czytaj dalej <span class=\"screen-reader-text\">Nie oczekuj\u0119 dzi\u015b nikogo<\/span> <span class=\"meta-nav\">&rarr;<\/span><\/a><\/p>\n","protected":false},"author":1,"featured_media":0,"parent":29,"menu_order":73,"comment_status":"closed","ping_status":"closed","template":"","meta":{"footnotes":""},"class_list":["post-1367","page","type-page","status-publish","hentry"],"_links":{"self":[{"href":"http:\/\/magdaumer.pl\/home\/wp-json\/wp\/v2\/pages\/1367","targetHints":{"allow":["GET"]}}],"collection":[{"href":"http:\/\/magdaumer.pl\/home\/wp-json\/wp\/v2\/pages"}],"about":[{"href":"http:\/\/magdaumer.pl\/home\/wp-json\/wp\/v2\/types\/page"}],"author":[{"embeddable":true,"href":"http:\/\/magdaumer.pl\/home\/wp-json\/wp\/v2\/users\/1"}],"replies":[{"embeddable":true,"href":"http:\/\/magdaumer.pl\/home\/wp-json\/wp\/v2\/comments?post=1367"}],"version-history":[{"count":5,"href":"http:\/\/magdaumer.pl\/home\/wp-json\/wp\/v2\/pages\/1367\/revisions"}],"predecessor-version":[{"id":2345,"href":"http:\/\/magdaumer.pl\/home\/wp-json\/wp\/v2\/pages\/1367\/revisions\/2345"}],"up":[{"embeddable":true,"href":"http:\/\/magdaumer.pl\/home\/wp-json\/wp\/v2\/pages\/29"}],"wp:attachment":[{"href":"http:\/\/magdaumer.pl\/home\/wp-json\/wp\/v2\/media?parent=1367"}],"curies":[{"name":"wp","href":"https:\/\/api.w.org\/{rel}","templated":true}]}}