{"id":1323,"date":"2016-01-02T11:29:18","date_gmt":"2016-01-02T11:29:18","guid":{"rendered":"http:\/\/magdaumer.pl\/home\/?page_id=1323"},"modified":"2016-02-28T22:30:56","modified_gmt":"2016-02-28T22:30:56","slug":"luna-srebrnooka","status":"publish","type":"page","link":"http:\/\/magdaumer.pl\/home\/spiewnik\/luna-srebrnooka\/","title":{"rendered":"Luna srebrnooka"},"content":{"rendered":"<p><span style=\"font-family: verdana, geneva, sans-serif;\"><b><span style=\"color: #000080; font-size: 14pt;\">Luna srebrnooka<\/span><br \/> <span style=\"color: #6699ff; font-size: small;\">(s\u0142. A. Osiecka, muz. S. Krajewski)<\/span><span style=\"color: #3399ff; font-size: small;\"><br \/> <\/span><br \/> <span style=\"color: #666666;\"><br \/> <\/span><\/b><span style=\"color: #333333;\">Lunatycznie si\u0119 przechadza luna srebrnooka<br \/> i ogl\u0105da w czarnym stawie swoj\u0105 drug\u0105 twarz<br \/> Karolina ma kokard\u0119 w kolorowych lokach<br \/> i ubierze si\u0119 na randk\u0119 w ca\u0142kiem nowy p\u0142aszcz<\/span><\/span><\/p>\n<p><span style=\"font-family: verdana, geneva, sans-serif; color: #333333;\">Jakie\u015b dziwne \u015bmiechy s\u0142ycha\u0107<\/span><br \/><span style=\"font-family: verdana, geneva, sans-serif; color: #333333;\"> w mrokach i p\u00f3\u0142mrokach<\/span><br \/><span style=\"font-family: verdana, geneva, sans-serif; color: #333333;\"> pachnie mi\u0119ta, majeranek, pachnie bia\u0142y bez<\/span><br \/><span style=\"font-family: verdana, geneva, sans-serif; color: #333333;\"> W taki wiecz\u00f3r ka\u017cdy kogo\u015b chocia\u017c troch\u0119 kocha<\/span><br \/><span style=\"font-family: verdana, geneva, sans-serif; color: #333333;\"> a przynajmniej mu si\u0119 zdaje, \u017ce tak w\u0142a\u015bnie jest<\/span><\/p>\n<p><span style=\"font-family: verdana, geneva, sans-serif; color: #333333;\">Te dziewczyny, kt\u00f3re w oknach stoj\u0105 bardzo same<\/span><br \/><span style=\"font-family: verdana, geneva, sans-serif; color: #333333;\"> i ta pani co przegl\u0105da album starych zdj\u0119\u0107<\/span><br \/><span style=\"font-family: verdana, geneva, sans-serif; color: #333333;\"> one pisz\u0105 do ksi\u0119\u017cyca listy niekochane<\/span><br \/><span style=\"font-family: verdana, geneva, sans-serif; color: #333333;\"> i wrzucaj\u0105 w czarne morze oboj\u0119tnych serc<\/span><\/p>\n<p><span style=\"font-family: verdana, geneva, sans-serif; color: #333333;\">Bardzo prosz\u0119 zgasi\u0107 ksi\u0119\u017cyc, wyci\u0105\u0107 majeranek<\/span><br \/><span style=\"font-family: verdana, geneva, sans-serif; color: #333333;\"> bo to dra\u017cni takich ludzi, kt\u00f3rym smutno jest<\/span><br \/><span style=\"font-family: verdana, geneva, sans-serif; color: #333333;\"> Bardzo prosz\u0119 zgasi\u0107 ksi\u0119\u017cyc, pisz\u0105 niekochane<\/span><br \/><span style=\"font-family: verdana, geneva, sans-serif; color: #333333;\"> albo zrobi\u0107 co\u015b dla ludzi, kt\u00f3rym smutno jest<\/span><\/p>\n<p>&nbsp;<\/p>\n<audio class=\"wp-audio-shortcode\" id=\"audio-1323-1\" preload=\"none\" style=\"width: 100%;\" controls=\"controls\"><source type=\"audio\/mpeg\" src=\"http:\/\/magdaumer.pl\/home\/wp-content\/uploads\/2014\/12\/lunasrebrnooka.mp3?_=1\" \/><a href=\"http:\/\/magdaumer.pl\/home\/wp-content\/uploads\/2014\/12\/lunasrebrnooka.mp3\">http:\/\/magdaumer.pl\/home\/wp-content\/uploads\/2014\/12\/lunasrebrnooka.mp3<\/a><\/audio>\n<p>&nbsp;<\/p>\n","protected":false},"excerpt":{"rendered":"<p>Luna srebrnooka (s\u0142. A. Osiecka, muz. S. Krajewski) Lunatycznie si\u0119 przechadza luna srebrnooka i ogl\u0105da w czarnym stawie swoj\u0105 drug\u0105 twarz Karolina ma kokard\u0119 w kolorowych lokach i ubierze si\u0119 na randk\u0119 w ca\u0142kiem nowy p\u0142aszcz Jakie\u015b dziwne \u015bmiechy s\u0142ycha\u0107 w mrokach i p\u00f3\u0142mrokach pachnie mi\u0119ta, majeranek, pachnie bia\u0142y bez W taki wiecz\u00f3r ka\u017cdy kogo\u015b &hellip; <a href=\"http:\/\/magdaumer.pl\/home\/spiewnik\/luna-srebrnooka\/\" class=\"more-link\">Czytaj dalej <span class=\"screen-reader-text\">Luna srebrnooka<\/span> <span class=\"meta-nav\">&rarr;<\/span><\/a><\/p>\n","protected":false},"author":1,"featured_media":0,"parent":29,"menu_order":57,"comment_status":"closed","ping_status":"closed","template":"","meta":{"footnotes":""},"class_list":["post-1323","page","type-page","status-publish","hentry"],"_links":{"self":[{"href":"http:\/\/magdaumer.pl\/home\/wp-json\/wp\/v2\/pages\/1323","targetHints":{"allow":["GET"]}}],"collection":[{"href":"http:\/\/magdaumer.pl\/home\/wp-json\/wp\/v2\/pages"}],"about":[{"href":"http:\/\/magdaumer.pl\/home\/wp-json\/wp\/v2\/types\/page"}],"author":[{"embeddable":true,"href":"http:\/\/magdaumer.pl\/home\/wp-json\/wp\/v2\/users\/1"}],"replies":[{"embeddable":true,"href":"http:\/\/magdaumer.pl\/home\/wp-json\/wp\/v2\/comments?post=1323"}],"version-history":[{"count":3,"href":"http:\/\/magdaumer.pl\/home\/wp-json\/wp\/v2\/pages\/1323\/revisions"}],"predecessor-version":[{"id":1943,"href":"http:\/\/magdaumer.pl\/home\/wp-json\/wp\/v2\/pages\/1323\/revisions\/1943"}],"up":[{"embeddable":true,"href":"http:\/\/magdaumer.pl\/home\/wp-json\/wp\/v2\/pages\/29"}],"wp:attachment":[{"href":"http:\/\/magdaumer.pl\/home\/wp-json\/wp\/v2\/media?parent=1323"}],"curies":[{"name":"wp","href":"https:\/\/api.w.org\/{rel}","templated":true}]}}