{"id":1318,"date":"2016-01-02T11:28:16","date_gmt":"2016-01-02T11:28:16","guid":{"rendered":"http:\/\/magdaumer.pl\/home\/?page_id=1318"},"modified":"2016-02-28T22:28:08","modified_gmt":"2016-02-28T22:28:08","slug":"la-valse-du-mal","status":"publish","type":"page","link":"http:\/\/magdaumer.pl\/home\/spiewnik\/la-valse-du-mal\/","title":{"rendered":"La valse du mal"},"content":{"rendered":"<p><span style=\"font-family: verdana, geneva, sans-serif;\"><b><span style=\"color: #000080; font-size: 14pt;\">La valse du mal<\/span><br \/> <span style=\"color: #6699ff; font-size: small;\">(s\u0142. W. M\u0142ynarski, muz. J. Matuszkiewicz)<\/span><span style=\"color: #3399ff; font-size: small;\"><br \/> <\/span><br \/> <span style=\"color: #666666;\"><br \/> <\/span><\/b><span style=\"color: #333333;\">La la la la, tak si\u0119 co dnia wci\u0105\u017c za mn\u0105 snuje<br \/> La valse du mal, ten walczyk, co mnie zniszczy\u0107 chce<br \/> Jest na mnie z\u0142y, nie ufa mi, bo wie co knuj\u0119<br \/> I nikt i nic, i nawet on nie zdo\u0142a wstrzyma\u0107 mnie<\/span><\/span><\/p>\n<p><span style=\"font-family: verdana, geneva, sans-serif; color: #333333;\">Przekwit\u0142y georginie i na pi\u0119ciolinii moich dni<\/span><br \/><span style=\"font-family: verdana, geneva, sans-serif; color: #333333;\"> Powoli p\u0142ynie za mn\u0105 w dal la valse du mal<\/span><br \/><span style=\"font-family: verdana, geneva, sans-serif; color: #333333;\"> I dr\u0119czy mnie i tak si\u0119 \u017ale mn\u0105 opiekuje<\/span><br \/><span style=\"font-family: verdana, geneva, sans-serif; color: #333333;\"> La valse du mal, weso\u0142y walczyk, co mnie zniszczy\u0107 chce<\/span><\/p>\n<p><span style=\"font-family: verdana, geneva, sans-serif; color: #333333;\">Zdo\u0142a\u0142am ju\u017c polubi\u0107 go w mych w\u0119dr\u00f3wkach a\u017c na dno<\/span><br \/><span style=\"font-family: verdana, geneva, sans-serif; color: #333333;\"> Powoli grzej\u0105c w palcach cienkie szk\u0142o<\/span><br \/><span style=\"font-family: verdana, geneva, sans-serif; color: #333333;\"> Naiwno\u015b\u0107 melancholii tej potrafi\u0142a krzepi\u0107 mnie<\/span><br \/><span style=\"font-family: verdana, geneva, sans-serif; color: #333333;\"> Gdy w\u0105tpi\u0142am, gdy szans wok\u00f3\u0142 by\u0142o coraz mniej<\/span><\/p>\n<p><span style=\"font-family: verdana, geneva, sans-serif; color: #333333;\">La la la la, tak si\u0119 co dnia wci\u0105\u017c za mn\u0105 snuje<\/span><br \/><span style=\"font-family: verdana, geneva, sans-serif; color: #333333;\"> La valse du mal, ten walczyk, co mnie zniszczy\u0107 chce<\/span><br \/><span style=\"font-family: verdana, geneva, sans-serif; color: #333333;\"> \u0141udzi si\u0119, \u017ce walizki swej ju\u017c nie spakuj\u0119<\/span><br \/><span style=\"font-family: verdana, geneva, sans-serif; color: #333333;\"> Zostan\u0119 z nim w tym mie\u015bcie, gdzie nikt nie pokocha mnie<\/span><\/p>\n<p><span style=\"font-family: verdana, geneva, sans-serif; color: #333333;\">Nie skusisz mnie walczyku i na pi\u0119ciolinii moich dni<\/span><br \/><span style=\"font-family: verdana, geneva, sans-serif; color: #333333;\"> By\u0107 nutk\u0105 nik\u0142\u0105, nutk\u0105 zwyk\u0142\u0105 nie ka\u017c mi<\/span><br \/><span style=\"font-family: verdana, geneva, sans-serif; color: #333333;\"> La la la la, \u017cadnego dnia nie po\u017ca\u0142uj\u0119<\/span><br \/><span style=\"font-family: verdana, geneva, sans-serif; color: #333333;\"> W\u0119druj\u0105c przez ogrody \u017cycia pe\u0142ne kwiat\u00f3w z\u0142a&#8230;<\/span><\/p>\n<p>&nbsp;<\/p>\n<audio class=\"wp-audio-shortcode\" id=\"audio-1318-1\" preload=\"none\" style=\"width: 100%;\" controls=\"controls\"><source type=\"audio\/mpeg\" src=\"http:\/\/magdaumer.pl\/home\/wp-content\/uploads\/2014\/12\/lavalsedumal.mp3?_=1\" \/><a href=\"http:\/\/magdaumer.pl\/home\/wp-content\/uploads\/2014\/12\/lavalsedumal.mp3\">http:\/\/magdaumer.pl\/home\/wp-content\/uploads\/2014\/12\/lavalsedumal.mp3<\/a><\/audio>\n","protected":false},"excerpt":{"rendered":"<p>La valse du mal (s\u0142. W. M\u0142ynarski, muz. J. Matuszkiewicz) La la la la, tak si\u0119 co dnia wci\u0105\u017c za mn\u0105 snuje La valse du mal, ten walczyk, co mnie zniszczy\u0107 chce Jest na mnie z\u0142y, nie ufa mi, bo wie co knuj\u0119 I nikt i nic, i nawet on nie zdo\u0142a wstrzyma\u0107 mnie Przekwit\u0142y &hellip; <a href=\"http:\/\/magdaumer.pl\/home\/spiewnik\/la-valse-du-mal\/\" class=\"more-link\">Czytaj dalej <span class=\"screen-reader-text\">La valse du mal<\/span> <span class=\"meta-nav\">&rarr;<\/span><\/a><\/p>\n","protected":false},"author":1,"featured_media":0,"parent":29,"menu_order":55,"comment_status":"closed","ping_status":"closed","template":"","meta":{"footnotes":""},"class_list":["post-1318","page","type-page","status-publish","hentry"],"_links":{"self":[{"href":"http:\/\/magdaumer.pl\/home\/wp-json\/wp\/v2\/pages\/1318","targetHints":{"allow":["GET"]}}],"collection":[{"href":"http:\/\/magdaumer.pl\/home\/wp-json\/wp\/v2\/pages"}],"about":[{"href":"http:\/\/magdaumer.pl\/home\/wp-json\/wp\/v2\/types\/page"}],"author":[{"embeddable":true,"href":"http:\/\/magdaumer.pl\/home\/wp-json\/wp\/v2\/users\/1"}],"replies":[{"embeddable":true,"href":"http:\/\/magdaumer.pl\/home\/wp-json\/wp\/v2\/comments?post=1318"}],"version-history":[{"count":3,"href":"http:\/\/magdaumer.pl\/home\/wp-json\/wp\/v2\/pages\/1318\/revisions"}],"predecessor-version":[{"id":1939,"href":"http:\/\/magdaumer.pl\/home\/wp-json\/wp\/v2\/pages\/1318\/revisions\/1939"}],"up":[{"embeddable":true,"href":"http:\/\/magdaumer.pl\/home\/wp-json\/wp\/v2\/pages\/29"}],"wp:attachment":[{"href":"http:\/\/magdaumer.pl\/home\/wp-json\/wp\/v2\/media?parent=1318"}],"curies":[{"name":"wp","href":"https:\/\/api.w.org\/{rel}","templated":true}]}}