{"id":1316,"date":"2016-01-02T11:27:40","date_gmt":"2016-01-02T11:27:40","guid":{"rendered":"http:\/\/magdaumer.pl\/home\/?page_id=1316"},"modified":"2016-02-28T22:25:56","modified_gmt":"2016-02-28T22:25:56","slug":"koniugacja","status":"publish","type":"page","link":"http:\/\/magdaumer.pl\/home\/spiewnik\/koniugacja\/","title":{"rendered":"Koniugacja"},"content":{"rendered":"<p><span style=\"font-family: verdana, geneva, sans-serif;\"><strong><b><span style=\"color: #000080; font-size: 14pt;\">Koniugacja<\/span><br \/> <span style=\"color: #6699ff; font-size: small;\">(s\u0142. H. Po\u015bwiatowska, muz. A. Kurylewicz)<\/span><span style=\"color: #3399ff; font-size: small;\"><br \/> <\/span><br \/> <span style=\"color: #666666;\"><br \/> <\/span><\/b><\/strong><span style=\"color: #333333;\">Ja min\u0119\u2026<br \/> Ty miniesz\u2026<br \/> On minie\u2026<br \/> Mijamy\u2026 mijamy\u2026<br \/> Woda li\u015bcie umy\u0142a olszynie\u2026<br \/> Olszyna czerwona nad wod\u0105<br \/> Zmarz\u0142a, moknie<br \/> Mijasz\u2026<br \/> Mijam\u2026<br \/> Mija\u2026<br \/> A ka\u017cdy tak samotnie\u2026<\/span><\/span><\/p>\n<p><span style=\"font-family: verdana, geneva, sans-serif; color: #333333;\">Min\u0105\u0142e\u015b\u2026<\/span><br \/><span style=\"font-family: verdana, geneva, sans-serif; color: #333333;\"> Min\u0119\u0142am\u2026<\/span><br \/><span style=\"font-family: verdana, geneva, sans-serif; color: #333333;\"> Ju\u017c nas nie ma\u2026<\/span><br \/><span style=\"font-family: verdana, geneva, sans-serif; color: #333333;\"> A ten szum wy\u017cej \u2013 to wiatr\u2026<\/span><br \/><span style=\"font-family: verdana, geneva, sans-serif; color: #333333;\"> On tak b\u0119dzie jeszcze wieczno\u015b\u0107 wia\u0142\u2026<\/span><br \/><span style=\"font-family: verdana, geneva, sans-serif; color: #333333;\"> Nad wod\u0105\u2026<\/span><br \/><span style=\"font-family: verdana, geneva, sans-serif; color: #333333;\"> Nad nami\u2026<\/span><br \/><span style=\"font-family: verdana, geneva, sans-serif; color: #333333;\"> Nad ziemi\u0105\u2026<\/span><\/p>\n<p><span style=\"font-family: verdana, geneva, sans-serif; color: #333333;\">A ten szum wy\u017cej to wiatr\u2026<\/span><br \/><span style=\"font-family: verdana, geneva, sans-serif; color: #333333;\"> On tak b\u0119dzie jeszcze wieczno\u015b\u0107 wia\u0142\u2026<\/span><\/p>\n<p>&nbsp;<\/p>\n<audio class=\"wp-audio-shortcode\" id=\"audio-1316-1\" preload=\"none\" style=\"width: 100%;\" controls=\"controls\"><source type=\"audio\/mpeg\" src=\"http:\/\/magdaumer.pl\/home\/wp-content\/uploads\/2014\/12\/koniugacja.mp3?_=1\" \/><a href=\"http:\/\/magdaumer.pl\/home\/wp-content\/uploads\/2014\/12\/koniugacja.mp3\">http:\/\/magdaumer.pl\/home\/wp-content\/uploads\/2014\/12\/koniugacja.mp3<\/a><\/audio>\n","protected":false},"excerpt":{"rendered":"<p>Koniugacja (s\u0142. H. Po\u015bwiatowska, muz. A. Kurylewicz) Ja min\u0119\u2026 Ty miniesz\u2026 On minie\u2026 Mijamy\u2026 mijamy\u2026 Woda li\u015bcie umy\u0142a olszynie\u2026 Olszyna czerwona nad wod\u0105 Zmarz\u0142a, moknie Mijasz\u2026 Mijam\u2026 Mija\u2026 A ka\u017cdy tak samotnie\u2026 Min\u0105\u0142e\u015b\u2026 Min\u0119\u0142am\u2026 Ju\u017c nas nie ma\u2026 A ten szum wy\u017cej \u2013 to wiatr\u2026 On tak b\u0119dzie jeszcze wieczno\u015b\u0107 wia\u0142\u2026 Nad wod\u0105\u2026 Nad nami\u2026 &hellip; <a href=\"http:\/\/magdaumer.pl\/home\/spiewnik\/koniugacja\/\" class=\"more-link\">Czytaj dalej <span class=\"screen-reader-text\">Koniugacja<\/span> <span class=\"meta-nav\">&rarr;<\/span><\/a><\/p>\n","protected":false},"author":1,"featured_media":0,"parent":29,"menu_order":54,"comment_status":"closed","ping_status":"closed","template":"","meta":{"footnotes":""},"class_list":["post-1316","page","type-page","status-publish","hentry"],"_links":{"self":[{"href":"http:\/\/magdaumer.pl\/home\/wp-json\/wp\/v2\/pages\/1316","targetHints":{"allow":["GET"]}}],"collection":[{"href":"http:\/\/magdaumer.pl\/home\/wp-json\/wp\/v2\/pages"}],"about":[{"href":"http:\/\/magdaumer.pl\/home\/wp-json\/wp\/v2\/types\/page"}],"author":[{"embeddable":true,"href":"http:\/\/magdaumer.pl\/home\/wp-json\/wp\/v2\/users\/1"}],"replies":[{"embeddable":true,"href":"http:\/\/magdaumer.pl\/home\/wp-json\/wp\/v2\/comments?post=1316"}],"version-history":[{"count":3,"href":"http:\/\/magdaumer.pl\/home\/wp-json\/wp\/v2\/pages\/1316\/revisions"}],"predecessor-version":[{"id":1937,"href":"http:\/\/magdaumer.pl\/home\/wp-json\/wp\/v2\/pages\/1316\/revisions\/1937"}],"up":[{"embeddable":true,"href":"http:\/\/magdaumer.pl\/home\/wp-json\/wp\/v2\/pages\/29"}],"wp:attachment":[{"href":"http:\/\/magdaumer.pl\/home\/wp-json\/wp\/v2\/media?parent=1316"}],"curies":[{"name":"wp","href":"https:\/\/api.w.org\/{rel}","templated":true}]}}