{"id":1309,"date":"2016-01-02T11:23:40","date_gmt":"2016-01-02T11:23:40","guid":{"rendered":"http:\/\/magdaumer.pl\/home\/?page_id=1309"},"modified":"2016-02-28T22:21:00","modified_gmt":"2016-02-28T22:21:00","slug":"kolysanka-dla-babci","status":"publish","type":"page","link":"http:\/\/magdaumer.pl\/home\/spiewnik\/kolysanka-dla-babci\/","title":{"rendered":"Ko\u0142ysanka dla babci"},"content":{"rendered":"<p><b><span style=\"font-family: Arial;\"><span style=\"color: #000080; font-size: 14pt; font-family: verdana, geneva, sans-serif;\">Ko\u0142ysanka dla babci<\/span><br \/><span style=\"color: #6699ff; font-size: small; font-family: verdana, geneva, sans-serif;\"> (s\u0142. A. Osiecka, muz. E. Kornecka)<\/span><span style=\"color: #3399ff; font-size: small;\"><br \/> <\/span><br \/> <span style=\"color: #666666;\"><br \/> <\/span><\/span><\/b><span style=\"color: #333333;\"><span style=\"font-family: Arial;\"><span style=\"font-family: verdana, geneva, sans-serif;\">Ach \u015bpij, kochanie, \u015bpij<\/span><\/span><span style=\"font-family: Arial;\"><br \/><span style=\"font-family: verdana, geneva, sans-serif;\"> Na weselsze jedziesz gwiazdy<\/span><br \/><span style=\"font-family: verdana, geneva, sans-serif;\"> po \u0142atwiejsze prawo jazdy<\/span><br \/><span style=\"font-family: verdana, geneva, sans-serif;\"> Znikn\u0105 w dali pod\u0142e pyski<\/span><br \/><span style=\"font-family: verdana, geneva, sans-serif;\"> A w tych pyskach pod\u0142e b\u0142yski<\/span><br \/><span style=\"font-family: verdana, geneva, sans-serif;\"> Szef ci poda szklank\u0119 whisky<\/span><br \/><span style=\"font-family: verdana, geneva, sans-serif;\"> Ju\u017c niebytu ciep\u0142y plusz<\/span><br \/><span style=\"font-family: verdana, geneva, sans-serif;\"> Jest tu\u017c<\/span><br \/><span style=\"font-family: verdana, geneva, sans-serif;\"> Ach \u015bpij, kochanie<\/span><br \/><span style=\"font-family: verdana, geneva, sans-serif;\"> Przemijasz- to wszystko<\/span><br \/><span style=\"font-family: verdana, geneva, sans-serif;\"> Ju\u017c blisko<\/span><br \/><span style=\"font-family: verdana, geneva, sans-serif;\"> Ach \u015bpij, kochanie<\/span><br \/><span style=\"font-family: verdana, geneva, sans-serif;\"> Przemijasz- to wszystko<\/span><br \/><span style=\"font-family: verdana, geneva, sans-serif;\"> Wystarczy za wydm\u0119, wystarczy za morze\u2026<\/span><br \/><span style=\"font-family: verdana, geneva, sans-serif;\"> Wystarczy za wydm\u0119, wystarczy za morze\u2026<\/span><br \/><span style=\"font-family: verdana, geneva, sans-serif;\"> Ach \u015bpij, kochanie ,\u015bpij<\/span><br \/><span style=\"font-family: verdana, geneva, sans-serif;\"> Do\u015b\u0107 ju\u017c si\u0119 nako\u0142ysa\u0142a\u015b<\/span><br \/><span style=\"font-family: verdana, geneva, sans-serif;\"> Teraz znowu b\u0119dziesz ma\u0142a<\/span><br \/><span style=\"font-family: verdana, geneva, sans-serif;\"> Pan B\u00f3g kupi ci kokard\u0119<\/span><br \/><span style=\"font-family: verdana, geneva, sans-serif;\"> Uszykuje ci mansard\u0119<\/span><br \/><span style=\"font-family: verdana, geneva, sans-serif;\"> W kalendarzu grzechy zma\u017ce<\/span><br \/><span style=\"font-family: verdana, geneva, sans-serif;\"> Poda ci ostatni\u0105 pla\u017c\u0119, jutro ju\u017c\u2026<\/span><br \/><span style=\"font-family: verdana, geneva, sans-serif;\"> Ach \u015bpij kochanie<\/span><br \/><span style=\"font-family: verdana, geneva, sans-serif;\"> Przemijasz- to wszystko<\/span><br \/><span style=\"font-family: verdana, geneva, sans-serif;\"> Ju\u017c blisko\u2026<\/span><br \/><span style=\"font-family: verdana, geneva, sans-serif;\"> Ach \u015bpij, kochanie<\/span><br \/><span style=\"font-family: verdana, geneva, sans-serif;\"> Przemijasz- to wszystko<\/span><br \/><span style=\"font-family: verdana, geneva, sans-serif;\"> Wystarczy za wydm\u0119, wystarczy za morze\u2026<\/span><br \/><span style=\"font-family: verdana, geneva, sans-serif;\"> Wystarczy za wydm\u0119, wystarczy za morze\u2026<\/span><br \/><span style=\"font-family: verdana, geneva, sans-serif;\"> Ach \u015bpij kochanie, \u015bpij<\/span><br \/><span style=\"font-family: verdana, geneva, sans-serif;\"> Czas mija, to wszystko<\/span><br \/><span style=\"font-family: verdana, geneva, sans-serif;\"> Niech pojmie kto mo\u017ce<\/span><br \/><span style=\"font-family: verdana, geneva, sans-serif;\"> kto mo\u017ce niech pojmie<\/span><br \/><span style=\"font-family: verdana, geneva, sans-serif;\"> Ach \u015bpijcie, ach \u015bpijmy<\/span><br \/><span style=\"font-family: verdana, geneva, sans-serif;\"> Ach \u015bpijcie, ach \u015bpijmy<\/span><br \/><\/span><span style=\"font-family: Arial;\"><span style=\"font-family: verdana, geneva, sans-serif;\"> Gasimy\u2026<\/span><\/span><\/span><b><span style=\"font-family: Arial;\"><span style=\"color: #666666;\"><br \/> <\/span><\/span><\/b><\/p>\n<p>&nbsp;<\/p>\n<audio class=\"wp-audio-shortcode\" id=\"audio-1309-1\" preload=\"none\" style=\"width: 100%;\" controls=\"controls\"><source type=\"audio\/mpeg\" src=\"http:\/\/magdaumer.pl\/home\/wp-content\/uploads\/2014\/12\/kolysankadlababci.mp3?_=1\" \/><a href=\"http:\/\/magdaumer.pl\/home\/wp-content\/uploads\/2014\/12\/kolysankadlababci.mp3\">http:\/\/magdaumer.pl\/home\/wp-content\/uploads\/2014\/12\/kolysankadlababci.mp3<\/a><\/audio>\n","protected":false},"excerpt":{"rendered":"<p>Ko\u0142ysanka dla babci (s\u0142. A. Osiecka, muz. E. Kornecka) Ach \u015bpij, kochanie, \u015bpij Na weselsze jedziesz gwiazdy po \u0142atwiejsze prawo jazdy Znikn\u0105 w dali pod\u0142e pyski A w tych pyskach pod\u0142e b\u0142yski Szef ci poda szklank\u0119 whisky Ju\u017c niebytu ciep\u0142y plusz Jest tu\u017c Ach \u015bpij, kochanie Przemijasz- to wszystko Ju\u017c blisko Ach \u015bpij, kochanie Przemijasz- &hellip; <a href=\"http:\/\/magdaumer.pl\/home\/spiewnik\/kolysanka-dla-babci\/\" class=\"more-link\">Czytaj dalej <span class=\"screen-reader-text\">Ko\u0142ysanka dla babci<\/span> <span class=\"meta-nav\">&rarr;<\/span><\/a><\/p>\n","protected":false},"author":1,"featured_media":0,"parent":29,"menu_order":51,"comment_status":"closed","ping_status":"closed","template":"","meta":{"footnotes":""},"class_list":["post-1309","page","type-page","status-publish","hentry"],"_links":{"self":[{"href":"http:\/\/magdaumer.pl\/home\/wp-json\/wp\/v2\/pages\/1309","targetHints":{"allow":["GET"]}}],"collection":[{"href":"http:\/\/magdaumer.pl\/home\/wp-json\/wp\/v2\/pages"}],"about":[{"href":"http:\/\/magdaumer.pl\/home\/wp-json\/wp\/v2\/types\/page"}],"author":[{"embeddable":true,"href":"http:\/\/magdaumer.pl\/home\/wp-json\/wp\/v2\/users\/1"}],"replies":[{"embeddable":true,"href":"http:\/\/magdaumer.pl\/home\/wp-json\/wp\/v2\/comments?post=1309"}],"version-history":[{"count":3,"href":"http:\/\/magdaumer.pl\/home\/wp-json\/wp\/v2\/pages\/1309\/revisions"}],"predecessor-version":[{"id":1932,"href":"http:\/\/magdaumer.pl\/home\/wp-json\/wp\/v2\/pages\/1309\/revisions\/1932"}],"up":[{"embeddable":true,"href":"http:\/\/magdaumer.pl\/home\/wp-json\/wp\/v2\/pages\/29"}],"wp:attachment":[{"href":"http:\/\/magdaumer.pl\/home\/wp-json\/wp\/v2\/media?parent=1309"}],"curies":[{"name":"wp","href":"https:\/\/api.w.org\/{rel}","templated":true}]}}