{"id":1303,"date":"2016-01-01T22:39:46","date_gmt":"2016-01-01T22:39:46","guid":{"rendered":"http:\/\/magdaumer.pl\/home\/?page_id=1303"},"modified":"2016-02-28T22:16:46","modified_gmt":"2016-02-28T22:16:46","slug":"kiedy-mnie-juz-nie-bedzie","status":"publish","type":"page","link":"http:\/\/magdaumer.pl\/home\/spiewnik\/kiedy-mnie-juz-nie-bedzie\/","title":{"rendered":"Kiedy mnie ju\u017c nie b\u0119dzie"},"content":{"rendered":"<p><span style=\"font-family: verdana, geneva, sans-serif;\"><b><span style=\"color: #000080; font-size: 14pt;\">Kiedy mnie ju\u017c nie b\u0119dzie<\/span><br \/> <span style=\"color: #6699ff; font-size: small;\">(s\u0142. A. Osiecka, muz. S. Krajewski)<\/span><span style=\"color: #3399ff; font-size: small;\"><br \/> <\/span><br \/> <\/b><span style=\"color: #333333;\"><br \/> Si\u0105d\u017a z tamt\u0105 kobiet\u0105 twarz\u0105 w twarz<br \/> Kiedy mnie ju\u017c nie b\u0119dzie<br \/> Spalcie w kominie moje buty i p\u0142aszcz<br \/> Zr\u00f3bcie sobie miejsce&#8230;<\/span><\/span><\/p>\n<p><span style=\"font-family: verdana, geneva, sans-serif; color: #333333;\">A mnie oszukuj mile<\/span><br \/><span style=\"font-family: verdana, geneva, sans-serif; color: #333333;\"> U\u015bmiechem, s\u0142owem, gestem<\/span><br \/><span style=\"font-family: verdana, geneva, sans-serif; color: #333333;\"> Dop\u00f3ki jestem, dop\u00f3ki jestem\u2026<\/span><br \/><span style=\"font-family: verdana, geneva, sans-serif; color: #333333;\"> A mnie oszukuj mile<\/span><br \/><span style=\"font-family: verdana, geneva, sans-serif; color: #333333;\"> U\u015bmiechem, s\u0142owem, gestem<\/span><br \/><span style=\"font-family: verdana, geneva, sans-serif; color: #333333;\"> Dop\u00f3ki jestem, dop\u00f3ki jestem.<\/span><\/p>\n<p><span style=\"font-family: verdana, geneva, sans-serif; color: #333333;\">Dziel z tamt\u0105 kobiet\u0105 chleb na p\u00f3\u0142<\/span><br \/><span style=\"font-family: verdana, geneva, sans-serif; color: #333333;\"> Kiedy mnie ju\u017c nie b\u0119dzie<\/span><br \/><span style=\"font-family: verdana, geneva, sans-serif; color: #333333;\"> Kupcie firanki, jak\u0105\u015b lamp\u0119 i st\u00f3\u0142<\/span><br \/><span style=\"font-family: verdana, geneva, sans-serif; color: #333333;\"> Zr\u00f3bcie sobie miejsce&#8230;<\/span><br \/><span style=\"font-family: verdana, geneva, sans-serif; color: #333333;\"> A mnie zabawiaj smutnie<\/span><br \/><span style=\"font-family: verdana, geneva, sans-serif; color: #333333;\"> U\u015bmiechem, s\u0142owem, gestem<\/span><br \/><span style=\"font-family: verdana, geneva, sans-serif; color: #333333;\"> Dop\u00f3ki jestem, dop\u00f3ki jestem\u2026<\/span><br \/><span style=\"font-family: verdana, geneva, sans-serif; color: #333333;\"> A mnie zabawiaj smutnie<\/span><br \/><span style=\"font-family: verdana, geneva, sans-serif; color: #333333;\"> U\u015bmiechem, s\u0142owem, gestem<\/span><br \/><span style=\"font-family: verdana, geneva, sans-serif; color: #333333;\"> Dop\u00f3ki jestem, dop\u00f3ki jestem.<\/span><\/p>\n<p><span style=\"font-family: verdana, geneva, sans-serif; color: #333333;\">P\u0142y\u0144 z tamt\u0105 kobiet\u0105 w g\u00f3r\u0119 rzek<\/span><br \/><span style=\"font-family: verdana, geneva, sans-serif; color: #333333;\"> Kiedy mnie ju\u017c nie b\u0119dzie<\/span><br \/><span style=\"font-family: verdana, geneva, sans-serif; color: #333333;\"> Znajd\u017acie polan\u0119, smuk\u0142\u0105 sosn\u0119 i brzeg<\/span><br \/><span style=\"font-family: verdana, geneva, sans-serif; color: #333333;\"> Zr\u00f3bcie sobie miejsce&#8230;<\/span><br \/><span style=\"font-family: verdana, geneva, sans-serif; color: #333333;\"> A mnie wspominaj wdzi\u0119cznie<\/span><br \/><span style=\"font-family: verdana, geneva, sans-serif; color: #333333;\"> \u017be ma\u0142o tak si\u0119 \u015bni\u0142am<\/span><br \/><span style=\"font-family: verdana, geneva, sans-serif; color: #333333;\"> A przecie\u017c by\u0142am\u2026 a przecie\u017c by\u0142am<\/span><br \/><span style=\"font-family: verdana, geneva, sans-serif; color: #333333;\"> A mnie wspominaj wdzi\u0119cznie<\/span><br \/><span style=\"font-family: verdana, geneva, sans-serif; color: #333333;\"> \u017be ma\u0142o tak si\u0119 \u015bni\u0142am<\/span><br \/><span style=\"font-family: verdana, geneva, sans-serif; color: #333333;\"> A przecie\u017c by\u0142am\u2026 no\u2026 przecie\u017c<\/span><\/p>\n<p>&nbsp;<\/p>\n<audio class=\"wp-audio-shortcode\" id=\"audio-1303-1\" preload=\"none\" style=\"width: 100%;\" controls=\"controls\"><source type=\"audio\/mpeg\" src=\"http:\/\/magdaumer.pl\/home\/wp-content\/uploads\/2014\/12\/kiedymniejuzniebedzie.mp3?_=1\" \/><a href=\"http:\/\/magdaumer.pl\/home\/wp-content\/uploads\/2014\/12\/kiedymniejuzniebedzie.mp3\">http:\/\/magdaumer.pl\/home\/wp-content\/uploads\/2014\/12\/kiedymniejuzniebedzie.mp3<\/a><\/audio>\n","protected":false},"excerpt":{"rendered":"<p>Kiedy mnie ju\u017c nie b\u0119dzie (s\u0142. A. Osiecka, muz. S. Krajewski) Si\u0105d\u017a z tamt\u0105 kobiet\u0105 twarz\u0105 w twarz Kiedy mnie ju\u017c nie b\u0119dzie Spalcie w kominie moje buty i p\u0142aszcz Zr\u00f3bcie sobie miejsce&#8230; A mnie oszukuj mile U\u015bmiechem, s\u0142owem, gestem Dop\u00f3ki jestem, dop\u00f3ki jestem\u2026 A mnie oszukuj mile U\u015bmiechem, s\u0142owem, gestem Dop\u00f3ki jestem, dop\u00f3ki jestem. &hellip; <a href=\"http:\/\/magdaumer.pl\/home\/spiewnik\/kiedy-mnie-juz-nie-bedzie\/\" class=\"more-link\">Czytaj dalej <span class=\"screen-reader-text\">Kiedy mnie ju\u017c nie b\u0119dzie<\/span> <span class=\"meta-nav\">&rarr;<\/span><\/a><\/p>\n","protected":false},"author":1,"featured_media":0,"parent":29,"menu_order":49,"comment_status":"closed","ping_status":"closed","template":"","meta":{"footnotes":""},"class_list":["post-1303","page","type-page","status-publish","hentry"],"_links":{"self":[{"href":"http:\/\/magdaumer.pl\/home\/wp-json\/wp\/v2\/pages\/1303","targetHints":{"allow":["GET"]}}],"collection":[{"href":"http:\/\/magdaumer.pl\/home\/wp-json\/wp\/v2\/pages"}],"about":[{"href":"http:\/\/magdaumer.pl\/home\/wp-json\/wp\/v2\/types\/page"}],"author":[{"embeddable":true,"href":"http:\/\/magdaumer.pl\/home\/wp-json\/wp\/v2\/users\/1"}],"replies":[{"embeddable":true,"href":"http:\/\/magdaumer.pl\/home\/wp-json\/wp\/v2\/comments?post=1303"}],"version-history":[{"count":4,"href":"http:\/\/magdaumer.pl\/home\/wp-json\/wp\/v2\/pages\/1303\/revisions"}],"predecessor-version":[{"id":1928,"href":"http:\/\/magdaumer.pl\/home\/wp-json\/wp\/v2\/pages\/1303\/revisions\/1928"}],"up":[{"embeddable":true,"href":"http:\/\/magdaumer.pl\/home\/wp-json\/wp\/v2\/pages\/29"}],"wp:attachment":[{"href":"http:\/\/magdaumer.pl\/home\/wp-json\/wp\/v2\/media?parent=1303"}],"curies":[{"name":"wp","href":"https:\/\/api.w.org\/{rel}","templated":true}]}}